{"id":7029,"date":"2025-07-02T23:03:56","date_gmt":"2025-07-02T23:03:56","guid":{"rendered":"https:\/\/freeazawad.com\/?page_id=7029"},"modified":"2025-07-03T13:06:46","modified_gmt":"2025-07-03T13:06:46","slug":"list-of-victims-killed-by-wagner-and-fama","status":"publish","type":"page","link":"https:\/\/freeazawad.com\/en_gb\/list-of-victims-killed-by-wagner-and-fama\/","title":{"rendered":"LIST OF VICTIMS KILLED BY WAGNER AND FAMA."},"content":{"rendered":"\n<figure class=\"wp-block-image size-large\"><img data-recalc-dims=\"1\" loading=\"lazy\" decoding=\"async\" width=\"567\" height=\"1024\" src=\"https:\/\/i0.wp.com\/freeazawad.com\/wp-content\/uploads\/2025\/03\/IMG_1915.jpg?resize=567%2C1024&#038;ssl=1\" alt=\"\" class=\"wp-image-4242\" srcset=\"https:\/\/i0.wp.com\/freeazawad.com\/wp-content\/uploads\/2025\/03\/IMG_1915.jpg?resize=567%2C1024&amp;ssl=1 567w, https:\/\/i0.wp.com\/freeazawad.com\/wp-content\/uploads\/2025\/03\/IMG_1915.jpg?resize=166%2C300&amp;ssl=1 166w, https:\/\/i0.wp.com\/freeazawad.com\/wp-content\/uploads\/2025\/03\/IMG_1915.jpg?resize=768%2C1386&amp;ssl=1 768w, https:\/\/i0.wp.com\/freeazawad.com\/wp-content\/uploads\/2025\/03\/IMG_1915.jpg?resize=851%2C1536&amp;ssl=1 851w, https:\/\/i0.wp.com\/freeazawad.com\/wp-content\/uploads\/2025\/03\/IMG_1915.jpg?resize=7%2C12&amp;ssl=1 7w, https:\/\/i0.wp.com\/freeazawad.com\/wp-content\/uploads\/2025\/03\/IMG_1915.jpg?w=1104&amp;ssl=1 1104w\" sizes=\"auto, (max-width: 567px) 100vw, 567px\" \/><\/figure>\n\n\n\n<p class=\"has-superbfont-large-font-size\">We owe it to these victims not to be forgotten and to bear witness to the world. May God have mercy on them, Amin. These are some of the many civilian victims of brutal violence and racism in Azawad. <\/p>\n\n\n\n<hr class=\"is-style-wide wp-block-separator has-alpha-channel-opacity\"\/>\n\n\n\n<p class=\"\">On June 25, 2025, a patrol of FAMa and Russians from Africa Corps visited the Ounder well located in the Eghachar Sadidane Valley, 18 km north of Kidal, where they carried out the summary execution of seven civilians, including an eight-year-old child. <\/p>\n\n\n\n<p class=\"\">The body of one of the victims was booby-trapped, and the child&#8217;s body was thrown down a well. <\/p>\n\n\n\n<p class=\"\">All the other bodies were burned. Furthermore, more than a dozen of the people allegedly abducted by the said mission remain unaccounted for.<\/p>\n\n\n\n<p class=\"\"><strong>Those killed are:<\/strong><br>1) Ahmad AG Adass, leader of the Ifarkassan faction,<br>2) Mossa AG Inhaye<br>3) Sika AG Langache<br>4) Ibrahim AG Tizoghala<br>5) Alkasme AG Mossa<br>6) Akli AG Anjou<br>7) AG Tohama<\/p>\n\n\n\n<p class=\"\">On June 30, 2025, a FAMa\/Africa Corps convoy opened fire on a camp near Imboguitane (Anefif), Kidal region, before physically assaulting several elderly people. <\/p>\n\n\n\n<p class=\"\"><strong>The following injuries were recorded:<\/strong><br>1) Idrissa AG Ibrahim, 4 years old, wounded in the hand,<br>2) Fadimata Walette Mohamed, 4 years old, wounded and shot in the chest. <\/p>\n\n\n\n<p class=\"\">3) Warjissame Walette Mohamed, 8 years old, injured in the head near the eye.<br>4) Ibrahim AG Rabidine, suffered physical violence<br>5) Alamine AG Ahmed, suffered physical violence<br>6) IDWAL AG Agali, suffered physical violence;<br>7) Dawad AG Agali, suffered physical violence;<\/p>\n\n\n\n<p class=\"\">8) Rabidine AG Alhanossi, suffered physical violence<br>9) Marou Walette Oulamine, suffered physical violence;<br>10) Amaye AG Wanane, and two other people whose names have not yet been identified, were seriously injured by rifle butts.<\/p>\n\n\n\n<p class=\"\"><br>Two motorcycles were burned and several other damages were caused. This mission ordered the camp to leave before the next visit.<\/p>\n\n\n\n<hr class=\"is-style-wide wp-block-separator has-alpha-channel-opacity\"\/>\n\n\n\n<p class=\"\"><br><strong>The victims of the Malian army and Wagner.<\/strong><\/p>\n\n\n\n<p class=\"\">\u25cf Inakarot and Intafirkit, from 01\/10\/ to 14\/10\/2024:<\/p>\n\n\n\n<ol class=\"wp-block-list\">\n<li class=\"has-mono-2-color has-text-color has-link-color wp-elements-ab0e74dc1189740d8a4da0ac53f1a9a2\">Bilal Ag Adass<\/li>\n\n\n\n<li class=\"has-mono-2-color has-text-color has-link-color wp-elements-ec7f917e1ea6233ac63f98e7caf7d9fd\">Alla Ag Astane (mentally ill)<\/li>\n\n\n\n<li class=\"has-mono-2-color has-text-color has-link-color wp-elements-d4852c9b7a95e13a145ddc681673af73\">Mohamed Ag Ibrahima<\/li>\n\n\n\n<li class=\"has-mono-2-color has-text-color has-link-color wp-elements-0dc24cdc309c7f8a60bef8febd4a5349\">Abdollah Ag Ibrahima<\/li>\n\n\n\n<li class=\"has-mono-2-color has-text-color has-link-color wp-elements-c8148ee6834d7527edcd65862cd021b4\">Rhissa Ag Alladi<\/li>\n\n\n\n<li class=\"has-mono-2-color has-text-color has-link-color wp-elements-e707635c435ec154d0882808467b2060\">Efanaw Ag Ibrahim<\/li>\n\n\n\n<li class=\"has-mono-2-color has-text-color has-link-color wp-elements-c275ecd7a26fd197ba1e8209e280bb30\">Ibrahim Ag Afoni<\/li>\n\n\n\n<li class=\"has-mono-2-color has-text-color has-link-color wp-elements-d7b587a60b211375fe29c9841c52b3f4\">Rhissa Ag Sidibarka<br>More two missing.<\/li>\n<\/ol>\n\n\n\n<p class=\"\">\u25cf in Fdjadjan on 10\/16\/2024 &#8211; Aghaly Ag Baba<\/p>\n\n\n\n<p class=\"\">\u25cf Intachdayt August 26, 2024<br>Ousman ag sidalamin<br>Ekoub ag hana<br>Habib ag habo<br>Ehat ag naka<br>Touwa ag libat<br>Imah ag akili<br>Intakasou ag Ahmed<\/p>\n\n\n\n<p class=\"\">\u25cfTinzaout\u00e8ne (Ihariban) August 25, 2024<br>30 dead (including 11 children and 6 Chadian gold miners)<\/p>\n\n\n\n<p class=\"\">\u25cf Tamassahart (Tinzaout\u00e8ne) July 20, 2024 they killed Intisniyaken Ag Hamady fraction leader<br>his shepherd Menakois two doussahak displaced from Talata\u00eft two young people.<br>Tagalo ag Moukandar<br>Atnazi Ag Egandawri<\/p>\n\n\n\n<p class=\"\">Ag Wanan and son of a certain Bounani.<br>They arrested the shepherd&#8217;s wife but released her.<\/p>\n\n\n\n<p class=\"\">Kidal Region\u2026<br>The atrocities committed by Wagner terrorists and the FAMA that took place in the Abe\u00efbara circle (Edjarer, Intawak\u00e9, Tihadjawen), in Inafarak, and in the Aguelhok circle on July 21, 22, and 23, 2024.<br>Four people were found dead: near<br>Aguelhok.<\/p>\n\n\n\n<p class=\"\">\u25cf Elewadj<br>1- Mossa Ag Oumar,<br>2- Rhissa Ag Alhassan,<br>3- Damy Ag Biniss, and<br>4- Billa Ag Alhassan. Two other people were also found dead.<\/p>\n\n\n\n<p class=\"\">\u25cf Intiwike<br>1- Mossa Ag Mohamed (Inakambou)<br>2- Telakak Ag Khamatissi<br>All the gardeners.<\/p>\n\n\n\n<p class=\"\">\u25cf Tihadjawen<br>1- Ibrim Ag Ahandagoz, 70 years old<br>2- Otane Ag Akli<\/p>\n\n\n\n<p class=\"\">\u25cf Inafarak<br>The Wagner\/Famas terrorists killed two Arabs from the Letwaber community, a young man from Kel Inagozmi, owner of the water tower\u2026 and they ransacked all the shops\u2026<\/p>\n\n\n\n<p class=\"\">\u25cf Tamata\u00eflalt<br>In Tamata\u00eflalt in the Aguelhok district, the Wagner\/Famas couples burned all the engines.<\/p>\n\n\n\n<p class=\"\">\u25cf Tin-Essako<br>1- Ebagraz Ag mahamad 69 ans<br>2- Mohamed Ag Attiyoub 23 ans<br>3- Mossa Ag attiyoub 12 ans<br>4- Mossa Ag bakila 40 ans<br>5- Mahmoud ag zaydoune 35 ans<\/p>\n\n\n\n<p class=\"\">\u25cf Takalot<br>1-Aji ag mounaknak<br>2-Magna Ag antakan<br>3-Bakay ag mouhamadin<br>4-Mini Ag Ahmayad<br>5-Rhissa Ag Azigay<br>6-Amoudack Ag Asweylim<\/p>\n\n\n\n<p class=\"\">\u25cf Abe\u00efbara June 2024 (the Tana\u00efna\u00eft Hadjous Ouzen- sectors<br>Tassissat Akomas)<br>1- Assafakh Ag Mayaghis<br>2- Bilal Ag Loumaka<br>3- Alhousse\u00efni Ag Ahmed<br>4- Rhissa Ag Mohamed<br>5- Sally Ag Alhousse\u00efni<br>6- Alhassan Ag Mossa<br>7- Sidi Ag Bouta (abducted in Aghar-ghar<br>8- Mossa Ag Samoghine<br>9 &#8211; Khamadine Ag Alhousse\u00efni<br>10- Acharif Ag Mohamed ag Qassy<br>11-Intaloten Ag Rhissa<br>12- Abdallah Ag Mbaha<br>13- Iyadan Ag Loumak<br>14- Sidelmokhtar Ag<br>Magdi<br>15 &#8211; Alhousse\u00efni Ag Hamadalamin<br>16- Ismaghil Ag Oyanitt<br>17- Mohamed Ag Hamad Lahsan<br>18- Rhissa Ag Mohamed<br>19- Ahmadaba Ag Ahmed Ishaq (with his son aged 11 years old doussahak from Talatayt)<br>20 &#8211; Akka Ag Tanatt<br>21 &#8211; two Doussahak men disappeared in Akomas<br>22- Abdallah Ag Temagaya<br>23- Ahataka Ag Hadah Ag Amad<br>24- Mohamed Ag Qawatt<br>25- Sidi kham Ag Lalla<br>26- Ahmed Assalekh<br>27- Mohamed wan Menaka<br>28- Salah Ag Hamad Iknan<br>29- Albaka Ag Almouner Ag Alhassan<br>30- Adam Ag Akmouner Ag Chaghatman<br>31- Attaher Ag Alla Ag Aboubacren<br>32- Ag Ayamin<\/p>\n\n\n\n<p class=\"\">\u25cf Amassine May 19, 2024<br>Massacre victims<br>1 Ahbal Ag Badi<br>2 Antakane Ag Mdeya<br>3 Inataba Ag Mdeya<br>4 Sidi Med Ag Sarid<br>5 Illias Ag Med<br>6 Mossa Ag Agaly<br>7 Baye Ag Inawelane<br>8 Badi Ag Rhissa<br>9 Ahmed Ag Hamzatta<br>10 Lamine Ag Bissada<br>11 Fakni Ag Oubeyba<br>12 Mossa Ag Alady<br>13 Mohamed Ag Sidi Mohamed<br>14 Ayad Ag Sidi Mohamed<br>15 Khaki Ag Takanda<br>16 Mohamed Ag Bousneyna<br>17 Adahossi<br>18 a worker<br>19 a breeder.<\/p>\n\n\n\n<p class=\"\">\u25cfTassik May 16, 2024<br>1: Tani Ag Abdi<br>2: Mahamad Ag Billal known as Tahamada<br>3: Erzagh Ag Ibrahim<br>4: Mohamed Ag Saghid<\/p>\n\n\n\n<p class=\"\"><strong>It is these 4 people who are identified and confirmed, the other corpses are completely charred.<\/strong><\/p>\n\n\n\n<p class=\"\">\u25cf Amasrakad The 17th March 2024<\/p>\n\n\n\n<p class=\"\"><strong>List of Drone Strike Deaths<\/strong><br>1 Agaly ag Oumar 14 years old<br>2 Jidata wlt Batto 22 years old<br>3 Habda wlt Ibrahim 35 years old<br>4 Mariama wlt Oumar 17 years old<br>5 Nane wlt Halba 22 years old<br>6 doggie wlt aklinin 15 years old<br>7 Aminata wlt gissa 23 years old<br>8 Ismagil ag Oumar 10 years<br>9 chonata wlt Oumar 8 years<br>10 Mossa Ag Oumar 6 years<br>11 Fadimata Wlt Oumar 2 years<\/p>\n\n\n\n<p class=\"\"><strong>List of Serious Injuries:<\/strong><\/p>\n\n\n\n<p class=\"\">1Agaly ag abnkaloch 24 years old<br>2ahoniya ag atou 20 years old<br>3Maka wlt Dagay 46 years old<br>4Manina wlt Ibrahim 20 years<br>5Ahiyadwal ag Batto 20 years<br>6dinana wlt chabni 24 years old<br>7 Halima wlt aklinin 22 years old<br>8 Isouf ag Ibrahim 24 years old<\/p>\n\n\n\n<p class=\"\">\u25cf Tabankort March 14, 2024<br>Lamine Ould mehdi<br>Dah Ould Ahmed Twaberi<br>Salim Ould Alghayich twaberi<br>Rhissa Twaberi<br>Mbagu Ould Ehia twaberi<br>Zeid Twaberi<br>All from the Arab Twaber fraction<\/p>\n\n\n\n<p class=\"\">\u25cfAbe\u00efbara (Tadaloq) March 1, 2024<br>Akanid Ag Soumeytta<br>Momina Ag Rhissa<br>Alhousse\u00efni Ag Salim<\/p>\n\n\n\n<p class=\"\">\u25cfKidal February 18, 2024<br>Ibrahim Ag Hamad&#8217;Iknan<br>Souleymane Ag Ataw<\/p>\n\n\n\n<p class=\"\">\u25cf Tessalit February 9, 2024<br>Alhamiss AG Mahmoud known as Gomiss<br>Loute AG Amakdaya<br>Daoud AG Alhassan says dawka<br>Alhousseini AG Sidi Mohamed<\/p>\n\n\n\n<p class=\"\">\u25cf ERSAN October 5, 2023<br>1- Bagha Ag Ahmed 79 years old<br>2- Bouna Ag Dakhmane 75 years old<br>3- Ifadahit Ag Abanet 38 years old<br>4- Mossa Ag Abdullah 28 years old<br>5- Amidi Ag Abdullah 62 years old<br>6- Hassoune Ag Arwaibakh 33 years old<br>6- Acherif Ag Rhissa 37 years old<br>7- Alkassime Ag Rhissa 35 years old<br>8- Mohamed Ag Kabba 30 years old<br>9- Alghabide Ould Khamdane 56 years old<br>10- Mostafa Ag Alhadu 48 years old<br>11- Almahmoud Ma\u00eega<br>12- Siliya Maiga 34 years old<br>13- Abdullah Ag Akilinallah 47 years old<br>14- Akilinyallah Ag Abdullah 32 years old<br>15- Attaher Ag Warinedh 42 years old<\/p>\n\n\n\n<p class=\"\">\u25cf TARKINT<\/p>\n\n\n\n<ol start=\"16\" class=\"wp-block-list\">\n<li class=\"has-mono-2-color has-text-color has-link-color wp-elements-7cec403243a200927a3e9a371eeef02b\">Assanete AG Oumar<\/li>\n\n\n\n<li class=\"has-mono-2-color has-text-color has-link-color wp-elements-d8d541d2789ae832e28ec44b9da20700\">Ismaghil AG Ahmed<\/li>\n<\/ol>\n\n\n\n<p class=\"\">\u25cf Tekankante<br>18.Ogeunat Ag Ahmadou<br>19.Awinan Ag Achkounin<\/p>\n\n\n\n<ol start=\"20\" class=\"wp-block-list\">\n<li class=\"has-mono-2-color has-text-color has-link-color wp-elements-eed01036e71fad8469c2ff7c24bd3922\">Aysha wlt Baye<\/li>\n<\/ol>\n\n\n\n<p class=\"\">\u25cf Kidal<br>21 Atakara Ag Atlagh<br>22 Titta Ag Bacrene<br>23 Nassi Ag Doula<br>24 Amghar Ag Baye<br>25 Talga Ag Badi<br>26 Askiw Ag Wanine<br>27 Badine Ag Sidi<br>28 Tana Ag Ibrahim<br>29 Mamou<\/p>\n\n\n\n<hr class=\"is-style-wide wp-block-separator has-alpha-channel-opacity\"\/>\n\n\n\n<p class=\"\">\u25cf&nbsp;Tadayite<\/p>\n\n\n\n<p class=\"\">30 Bakla Ag Otane<\/p>\n\n\n\n<p class=\"\">31 le vieux Naka et son fils<\/p>\n\n\n\n<p class=\"\">32 Baguya Ag Oumar<\/p>\n\n\n\n<p class=\"\">33 Hamadi Ag Amoumen<\/p>\n\n\n\n<p class=\"\">34 Ibrahim Ag Alkassim<\/p>\n\n\n\n<p class=\"\">35 Sina Ag Baysa<\/p>\n\n\n\n<p class=\"\">\u25cf&nbsp; Anefif<\/p>\n\n\n\n<p class=\"\">36 Barka dit Kant\u00e9 ould M&#8217;bayarak<\/p>\n\n\n\n<p class=\"\">37 Nayji Ould Merer\u00e9<\/p>\n\n\n\n<p class=\"\">&#8230;&#8230;&#8230;&#8230;&#8230;&#8230;.<\/p>\n\n\n\n<p class=\"\">Liste des Harratines ( Ihardanane ) de la r\u00e9gion de Kidal execut\u00e9s par le couple Famas \/ Wagner.<\/p>\n\n\n\n<p class=\"\">&nbsp;Que Dieu leur fasse mis\u00e9ricorde Amin.<\/p>\n\n\n\n<p class=\"\">&nbsp;\ud83d\udc47\ud83c\udffb<\/p>\n\n\n\n<p class=\"\">&nbsp;Mohamed Ould Asalik<\/p>\n\n\n\n<p class=\"\">Omar Ould Asalik<\/p>\n\n\n\n<p class=\"\">Lamine Ould Mbagu<\/p>\n\n\n\n<p class=\"\">Ehia Ould Najim<\/p>\n\n\n\n<p class=\"\">Mohamed Ould Beytarou<\/p>\n\n\n\n<p class=\"\">Najim Ould Faraji<\/p>\n\n\n\n<p class=\"\">Ousmane Ciss\u00e9<\/p>\n\n\n\n<p class=\"\">Lamine Ould Beydalla<\/p>\n\n\n\n<p class=\"\">Farkous Ould Lamine<\/p>\n\n\n\n<p class=\"\">Najim Ould Laghwayf<\/p>\n\n\n\n<p class=\"\">Alghatfa Ould Haroun<\/p>\n\n\n\n<p class=\"\">Ismaghil Yattara<\/p>\n\n\n\n<p class=\"\">Lalli Ould Mattala<\/p>\n\n\n\n<p class=\"\">Faraji Ehia&nbsp;<\/p>\n\n\n\n<p class=\"\">Sadam Ciss\u00e9<\/p>\n\n\n\n<p class=\"\">Agali Oud Wanas<\/p>\n\n\n\n<p class=\"\">Alghid Ag Infa Ag B\u00e2<\/p>\n\n\n\n<hr class=\"is-style-wide wp-block-separator has-alpha-channel-opacity\"\/>\n\n\n\n<p class=\"\"><strong>Wood sellers kidnapped in Aghilh\u00e9ck on February 12, 2024<\/strong><\/p>\n\n\n\n<p class=\"\">11 personnes<\/p>\n\n\n\n<p class=\"\">Najim Ould Ghali<\/p>\n\n\n\n<p class=\"\">Beytarou Ould Sidi<\/p>\n\n\n\n<p class=\"\">Najim Ould Minika<\/p>\n\n\n\n<p class=\"\">Seyhia Ould Faraji<\/p>\n\n\n\n<p class=\"\">Lamin Ould B\u00e3<\/p>\n\n\n\n<p class=\"\">Dalla Ould Tahani<\/p>\n\n\n\n<p class=\"\">Lilli Ould Barick<\/p>\n\n\n\n<p class=\"\">Hemi Ould Taghni<\/p>\n\n\n\n<p class=\"\">Alhamdou Yattara<\/p>\n\n\n\n<p class=\"\">deux Doussahak-noirs<\/p>\n\n\n\n<p class=\"\">Mossa Ag Ghali et Madi Ag Tadarfit<\/p>\n\n\n\n<p class=\"\">( les habitants d&#8217;Alkit et d\u00e9plac\u00e9s du Menaka )<\/p>\n\n\n\n<p class=\"\">Kidal Edjarer &#8211; Klahine<\/p>\n\n\n\n<p class=\"\">Mars 2024<\/p>\n\n\n\n<p class=\"\">Alhamdou Ould Kinan<\/p>\n\n\n\n<p class=\"\">Mossa Ould Yehia<\/p>\n\n\n\n<p class=\"\">Heyralla Ould Mossa<\/p>\n\n\n\n<p class=\"\">Rhissa Ould<\/p>\n\n\n\n<p class=\"\">Sima Ould Najim il a \u00e9t\u00e9 assassin\u00e9&nbsp; avec son p\u00e9tit fr\u00e8re et 6 Touaregs.<\/p>\n\n\n\n<hr class=\"is-style-wide wp-block-separator has-alpha-channel-opacity\"\/>\n\n\n\n<p class=\"\">\u25cf Amassine 19 mai 2024<\/p>\n\n\n\n<p class=\"\"><strong>Lists of missing Harratines:<\/strong><\/p>\n\n\n\n<p class=\"\">Mbagu Ould Hey<\/p>\n\n\n\n<p class=\"\">Mossa Ould Ghaliou<\/p>\n\n\n\n<p class=\"\">Lilla Ould Farkousa<\/p>\n\n\n\n<p class=\"\">Lamine Ould<\/p>\n\n\n\n<p class=\"\">Idamou Ould Hamdi<\/p>\n\n\n\n<p class=\"\">Yehia Kounta<\/p>\n\n\n\n<p class=\"\">Bayti Ould<\/p>\n\n\n\n<p class=\"\">Najim Kounta<\/p>\n\n\n\n<p class=\"\">Okba Ould Sidaty<\/p>\n\n\n\n<p class=\"\">Mohamed Kounta<\/p>\n\n\n\n<p class=\"\">Ahmed Ould Kassim<\/p>\n\n\n\n<p class=\"\">Alarbi Ould B\u00e2<\/p>\n\n\n\n<p class=\"\">Sigada Ould<\/p>\n\n\n\n<p class=\"\">Mossa Ould Baba<\/p>\n\n\n\n<p class=\"\">Sidalamine Ould<\/p>\n\n\n\n<p class=\"\">Plus 20 harratines ressortissants de Menaka<\/p>\n\n\n\n<p class=\"\">Alkit ( D\u00e9cembre 2023 )<\/p>\n\n\n\n<p class=\"\">Ex\u00e9cution du Idoumou Ould Beydi<\/p>\n\n\n\n<p class=\"\">Ghabdi Ould Hamdy<\/p>\n\n\n\n<p class=\"\">Badi Ould Wafi<\/p>\n\n\n\n<p class=\"\">Silla Ould<\/p>\n\n\n\n<p class=\"\">Mohamed Ould Beydi<\/p>\n\n\n\n<p class=\"\">Almarsso Ould Mossa<\/p>\n\n\n\n<p class=\"\">Sissa Ould<\/p>\n\n\n\n<p class=\"\">Lamine Oud Gheynina<\/p>\n\n\n\n<p class=\"\">Source ( Birama Ould Kheyrou Ould Matalla )<\/p>\n\n\n\n<p class=\"\">Voici les villes et les endroits :<\/p>\n\n\n\n<p class=\"\">Tous des civils tu\u00e9s par Wagner.<\/p>\n\n\n\n<p class=\"\">Total des victimes r\u00e9parties :<\/p>\n\n\n\n<p class=\"\"><strong>L\u00e9r\u00e9 : <\/strong>200 victimes<\/p>\n\n\n\n<p class=\"\"><strong>Goundam<\/strong> : 167 victimes<\/p>\n\n\n\n<p class=\"\"><strong>Tombouctou<\/strong> : 533 victimes<\/p>\n\n\n\n<p class=\"\"><strong>M\u00e9ma<\/strong> : 33 victimes<\/p>\n\n\n\n<p class=\"\"><strong>Gao<\/strong> : 600 victimes<\/p>\n\n\n\n<p class=\"\"><strong>Taoud\u00e9ni<\/strong> : 467 victimes<\/p>\n\n\n\n<p class=\"\"><strong>Total <\/strong>: 2000 victimes r\u00e9parties entre les diff\u00e9rentes r\u00e9gions.<\/p>\n\n\n\n<hr class=\"is-style-wide wp-block-separator has-alpha-channel-opacity\"\/>\n\n\n\n<p class=\"\">Azawad Support Group<\/p>\n\n\n\n<figure class=\"wp-block-image aligncenter size-large is-resized\"><img data-recalc-dims=\"1\" loading=\"lazy\" decoding=\"async\" width=\"789\" height=\"1024\" src=\"https:\/\/i0.wp.com\/freeazawad.com\/wp-content\/uploads\/2025\/07\/IMG_3494.jpg?resize=789%2C1024&#038;ssl=1\" alt=\"\" class=\"wp-image-7050\" style=\"width:546px;height:auto\" srcset=\"https:\/\/i0.wp.com\/freeazawad.com\/wp-content\/uploads\/2025\/07\/IMG_3494.jpg?resize=789%2C1024&amp;ssl=1 789w, https:\/\/i0.wp.com\/freeazawad.com\/wp-content\/uploads\/2025\/07\/IMG_3494.jpg?resize=231%2C300&amp;ssl=1 231w, https:\/\/i0.wp.com\/freeazawad.com\/wp-content\/uploads\/2025\/07\/IMG_3494.jpg?resize=768%2C996&amp;ssl=1 768w, https:\/\/i0.wp.com\/freeazawad.com\/wp-content\/uploads\/2025\/07\/IMG_3494.jpg?resize=9%2C12&amp;ssl=1 9w, https:\/\/i0.wp.com\/freeazawad.com\/wp-content\/uploads\/2025\/07\/IMG_3494.jpg?w=1077&amp;ssl=1 1077w\" sizes=\"auto, (max-width: 789px) 100vw, 789px\" \/><\/figure>\n\n\n\n<p class=\"\"><\/p>\n\n\n\n<p class=\"has-text-align-center has-link-color wp-elements-bbc451ac11c6172b04f7e896fe0623f8\"><a href=\"https:\/\/freeazawad.com\/\">H  O  M  E<\/a><\/p>\n","protected":false},"excerpt":{"rendered":"<p>We owe it to these victims not to be forgotten and to bear witness to the world. May God have mercy on them, Amin. These are some of the many civilian victims of brutal violence and racism in Azawad. On June 25, 2025, a patrol of FAMa and Russians from Africa Corps visited the Ounder [&hellip;]<\/p>\n","protected":false},"author":1,"featured_media":0,"parent":0,"menu_order":0,"comment_status":"closed","ping_status":"closed","template":"","meta":{"nf_dc_page":"","_monsterinsights_skip_tracking":false,"_monsterinsights_sitenote_active":false,"_monsterinsights_sitenote_note":"","_monsterinsights_sitenote_category":0,"advanced_seo_description":"","jetpack_seo_html_title":"","jetpack_seo_noindex":false,"footnotes":""},"class_list":["post-7029","page","type-page","status-publish","hentry"],"jetpack_sharing_enabled":true,"_links":{"self":[{"href":"https:\/\/freeazawad.com\/en_gb\/wp-json\/wp\/v2\/pages\/7029","targetHints":{"allow":["GET"]}}],"collection":[{"href":"https:\/\/freeazawad.com\/en_gb\/wp-json\/wp\/v2\/pages"}],"about":[{"href":"https:\/\/freeazawad.com\/en_gb\/wp-json\/wp\/v2\/types\/page"}],"author":[{"embeddable":true,"href":"https:\/\/freeazawad.com\/en_gb\/wp-json\/wp\/v2\/users\/1"}],"replies":[{"embeddable":true,"href":"https:\/\/freeazawad.com\/en_gb\/wp-json\/wp\/v2\/comments?post=7029"}],"version-history":[{"count":16,"href":"https:\/\/freeazawad.com\/en_gb\/wp-json\/wp\/v2\/pages\/7029\/revisions"}],"predecessor-version":[{"id":7052,"href":"https:\/\/freeazawad.com\/en_gb\/wp-json\/wp\/v2\/pages\/7029\/revisions\/7052"}],"wp:attachment":[{"href":"https:\/\/freeazawad.com\/en_gb\/wp-json\/wp\/v2\/media?parent=7029"}],"curies":[{"name":"wp","href":"https:\/\/api.w.org\/{rel}","templated":true}]}}