{"id":1024,"date":"2024-01-26T22:37:24","date_gmt":"2024-01-26T22:37:24","guid":{"rendered":"https:\/\/freeazawad.com\/?page_id=1024"},"modified":"2025-05-23T18:33:10","modified_gmt":"2025-05-23T18:33:10","slug":"la-difference-entre-un-separatiste-independantiste-et-un-terroriste","status":"publish","type":"page","link":"https:\/\/freeazawad.com\/fr\/la-difference-entre-un-separatiste-independantiste-et-un-terroriste\/","title":{"rendered":"LA DIFF\u00c9RENCE ENTRE UN IND\u00c9PENDANTISTE\/S\u00c9PARATISTE ET UN TERRORISTE"},"content":{"rendered":"<div style=\"height:4px\" aria-hidden=\"true\" class=\"wp-block-spacer\"><\/div>\n\n\n\n<figure class=\"wp-block-image alignfull size-large\"><img data-recalc-dims=\"1\" loading=\"lazy\" decoding=\"async\" width=\"1024\" height=\"478\" src=\"https:\/\/i0.wp.com\/freeazawad.com\/wp-content\/uploads\/2025\/01\/469486228_122180959586062992_6045171680116244832_n.jpg?resize=1024%2C478&#038;ssl=1\" alt=\"\" class=\"wp-image-1026\" srcset=\"https:\/\/i0.wp.com\/freeazawad.com\/wp-content\/uploads\/2025\/01\/469486228_122180959586062992_6045171680116244832_n.jpg?resize=1024%2C478&amp;ssl=1 1024w, https:\/\/i0.wp.com\/freeazawad.com\/wp-content\/uploads\/2025\/01\/469486228_122180959586062992_6045171680116244832_n.jpg?resize=300%2C140&amp;ssl=1 300w, https:\/\/i0.wp.com\/freeazawad.com\/wp-content\/uploads\/2025\/01\/469486228_122180959586062992_6045171680116244832_n.jpg?resize=768%2C359&amp;ssl=1 768w, https:\/\/i0.wp.com\/freeazawad.com\/wp-content\/uploads\/2025\/01\/469486228_122180959586062992_6045171680116244832_n.jpg?resize=1536%2C717&amp;ssl=1 1536w, https:\/\/i0.wp.com\/freeazawad.com\/wp-content\/uploads\/2025\/01\/469486228_122180959586062992_6045171680116244832_n.jpg?w=2048&amp;ssl=1 2048w\" sizes=\"auto, (max-width: 1000px) 100vw, 1000px\" \/><\/figure>\n\n\n\n<h2 class=\"wp-block-heading has-mono-2-color has-text-color has-link-color has-alata-font-family wp-elements-09c1e62ab01c1d64784e407cb2665411\" style=\"font-size:clamp(20px, 1.25rem + ((1vw - 3.2px) * 1.364), 32px);\">Ind\u00e9pendants, s\u00e9paratistes, r\u00e9volutionnaires, mais pas terroristes !<\/h2>\n\n\n\n<p class=\"has-alata-font-family\">Ce sont des combattants de la libert\u00e9 pour un peuple opprim\u00e9 qui subit un g\u00e9nocide en raison de son appartenance ethnique et parce qu'il existe sur la terre de l'Azawad, sa terre ancestrale depuis des g\u00e9n\u00e9rations, depuis que le Tifinagh a \u00e9t\u00e9 grav\u00e9 pour la premi\u00e8re fois sur les rochers de la r\u00e9gion o\u00f9 il est n\u00e9. Ce sont leurs anc\u00eatres qui ont sculpt\u00e9 le tifinagh \u00e0 l'\u00e9poque pr\u00e9historique.<\/p>\n\n\n\n<p class=\"has-alata-font-family\"><strong>LA DIFF\u00c9RENCE EXPLIQU\u00c9E<\/strong><\/p>\n\n\n\n<p class=\"has-alata-font-family\">Depuis que le Mali a commenc\u00e9 le g\u00e9nocide contre le peuple Azawadien, apr\u00e8s la colonisation, quand la France a donn\u00e9 la partie de l'Azawad au Mali et l'a rattach\u00e9 au Mali CONTRE leur consentement, le Mali a commenc\u00e9 \u00e0 les appeler \"terroristes\" parce qu'il est plus facile d'aller tuer un terroriste qu'un civil, n'est-ce pas ? Cela donne l'impression de faire quelque chose d'utile et cela cache le v\u00e9ritable objectif qui est le g\u00e9nocide d'un peuple innocent qui \u00e9tait l\u00e0 avant vous... et maintenant ils veulent prendre le contr\u00f4le du pays et que tous les Azawadiens partent. Il y a aussi un objectif raciste, c'est le nettoyage ethnique des Arabo-Tuaregs. <\/p>\n\n\n\n<p class=\"has-alata-font-family\">Ils pratiquent donc la politique de la terre br\u00fbl\u00e9e et tuent au nom de la \"lutte contre les terroristes\". Mais les vrais terroristes peuvent agir plus ou moins tranquillement dans la r\u00e9gion et aussi, semble-t-il, malgr\u00e9 des combats fr\u00e9quents, souvent en collaboration avec les autorit\u00e9s maliennes o\u00f9 il y a de l'argent mutuel \u00e0 gagner. Car le Mali a besoin d'argent pour payer Wagner qui co\u00fbte cher.<\/p>\n\n\n\n<p class=\"has-alata-font-family\"><strong>Ind\u00e9pendantiste<\/strong> - partisan de l'ind\u00e9pendance, de l'autonomie politique. L'ind\u00e9pendance est l'aspiration \u00e0 l'ind\u00e9pendance, est utilis\u00e9e dans le contexte politique pour d\u00e9signer la revendication d'une communaut\u00e9 de ne pas \u00eatre \"soumise \u00e0 l'autorit\u00e9 d'un autre corps ou d'une autre communaut\u00e9\".<\/p>\n\n\n\n<p class=\"has-alata-font-family\"><strong>S\u00e9paratisme<\/strong> - Le s\u00e9paratisme est le d\u00e9sir d'ind\u00e9pendance et d'autod\u00e9termination de groupes nationaux ou ethniques ; il implique g\u00e9n\u00e9ralement la revendication d'un territoire sp\u00e9cifique et l'intention de se s\u00e9parer d'un \u00c9tat plus vaste. Il existe plusieurs exemples bien connus de mouvements s\u00e9paratistes dans le monde, notamment le s\u00e9paratisme kurde en Turquie, en Irak, en Iran et en Syrie, le s\u00e9paratisme tamoul au Sri Lanka, le s\u00e9paratisme touareg au Mali et au Niger, le s\u00e9paratisme qu\u00e9b\u00e9cois au Canada, le s\u00e9paratisme basque en Espagne, etc.<\/p>\n\n\n\n<p class=\"has-alata-font-family\"><strong>Le terrorisme<\/strong> - Le terrorisme est \"une violence organis\u00e9e qui prend d\u00e9lib\u00e9r\u00e9ment pour cible des civils et vise \u00e0 semer la peur au sein d'une population \u00e0 des fins politiques ou autres, id\u00e9ologiques, religieuses ou autres\". Apparemment, le terrorisme peut, par d\u00e9finition, \u00eatre perp\u00e9tr\u00e9 \u00e0 la fois par des acteurs non \u00e9tatiques et par des \u00c9tats qui se livrent au terrorisme.<\/p>\n\n\n\n<p class=\"has-alata-font-family\">Parmi eux, aucun membre de l'arm\u00e9e de l'Azawad n'a encore \u00e9t\u00e9 vu en train de cibler et de tuer des civils (contrairement aux Fama et Wagner). Ainsi, qualifier la population azawadienne de \"terroristes\" est une invention des putschistes maliens. C'est juste une fa\u00e7on de tromper l'opinion publique et la communaut\u00e9 internationale. Pour qu'ils puissent continuer leur g\u00e9nocide ethnique.<\/p>\n\n\n\n<p class=\"has-alata-font-family\">Les autorit\u00e9s maliennes et Wagner ciblent et tuent les civils, les terrorisent en les br\u00fblant et en les pillant, en les violant, en tuant leurs animaux, en empoisonnant l'eau, en br\u00fblant les arbres... en tuant les enfants, les femmes, les personnes \u00e2g\u00e9es et les malades. <\/p>\n\n\n\n<p class=\"has-alata-font-family\">Ils placent des explosifs sur les civils tu\u00e9s pour que d'autres civils soient tu\u00e9s, ils cachent des explosifs dans le sable, dans les puits d'eau, ils coupent la t\u00eate des gens et les br\u00fblent vivants \u00e9galement. N'est-ce pas l\u00e0 la d\u00e9finition parfaite d'un terroriste ? et d'un \u00c9tat terroriste ?<\/p>\n\n\n\n<p class=\"\">Groupe de soutien \u00e0 l'Azawad 2024<\/p>\n\n\n\n<hr class=\"is-style-wide wp-block-separator has-alpha-channel-opacity\"\/>\n\n\n\n<p class=\"has-text-align-center has-link-color wp-elements-bbc451ac11c6172b04f7e896fe0623f8\"><a href=\"https:\/\/freeazawad.com\/fr\/\">PAGE  D\u00b4ACCUEIL<\/a><\/p>\n\n\n\n<p class=\"\"><\/p>","protected":false},"excerpt":{"rendered":"<p>Independentists, separatists, revolutionaries, but not terrorists! They are freedom fighters for an oppressed people who are suffering genocide because of their ethnicity and because they exist on the land of Azawad, their ancestral land for generations, since the Tifinagh was first carved on the rocks of the region where they were born. It was their ancestors who carved the Tifinagh dating back to prehistoric times.<\/p>","protected":false},"author":1,"featured_media":0,"parent":0,"menu_order":0,"comment_status":"closed","ping_status":"closed","template":"","meta":{"nf_dc_page":"","_monsterinsights_skip_tracking":false,"_monsterinsights_sitenote_active":false,"_monsterinsights_sitenote_note":"","_monsterinsights_sitenote_category":0,"advanced_seo_description":"","jetpack_seo_html_title":"","jetpack_seo_noindex":false,"footnotes":""},"class_list":["post-1024","page","type-page","status-publish","hentry"],"jetpack_sharing_enabled":true,"_links":{"self":[{"href":"https:\/\/freeazawad.com\/fr\/wp-json\/wp\/v2\/pages\/1024","targetHints":{"allow":["GET"]}}],"collection":[{"href":"https:\/\/freeazawad.com\/fr\/wp-json\/wp\/v2\/pages"}],"about":[{"href":"https:\/\/freeazawad.com\/fr\/wp-json\/wp\/v2\/types\/page"}],"author":[{"embeddable":true,"href":"https:\/\/freeazawad.com\/fr\/wp-json\/wp\/v2\/users\/1"}],"replies":[{"embeddable":true,"href":"https:\/\/freeazawad.com\/fr\/wp-json\/wp\/v2\/comments?post=1024"}],"version-history":[{"count":20,"href":"https:\/\/freeazawad.com\/fr\/wp-json\/wp\/v2\/pages\/1024\/revisions"}],"predecessor-version":[{"id":6034,"href":"https:\/\/freeazawad.com\/fr\/wp-json\/wp\/v2\/pages\/1024\/revisions\/6034"}],"wp:attachment":[{"href":"https:\/\/freeazawad.com\/fr\/wp-json\/wp\/v2\/media?parent=1024"}],"curies":[{"name":"wp","href":"https:\/\/api.w.org\/{rel}","templated":true}]}}