{"id":10359,"date":"2026-03-26T14:28:56","date_gmt":"2026-03-26T14:28:56","guid":{"rendered":"https:\/\/freeazawad.com\/?page_id=10359"},"modified":"2026-03-27T21:28:26","modified_gmt":"2026-03-27T21:28:26","slug":"man-of-the-sahara-by-akli-shkka-is-now-available-in-a-french-pdf-version","status":"publish","type":"page","link":"https:\/\/freeazawad.com\/fr\/man-of-the-sahara-by-akli-shkka-is-now-available-in-a-french-pdf-version\/","title":{"rendered":"L'HOMME DU SAHARA D'AKLI SH'KKA EST MAINTENANT DISPONIBLE EN VERSION PDF FRAN\u00c7AISE"},"content":{"rendered":"<figure class=\"wp-block-image size-large is-resized\"><img data-recalc-dims=\"1\" loading=\"lazy\" decoding=\"async\" width=\"673\" height=\"1024\" src=\"https:\/\/i0.wp.com\/freeazawad.com\/wp-content\/uploads\/2026\/03\/NEW-COVER-FRONT.png?resize=673%2C1024&#038;ssl=1\" alt=\"NEW COVER FRONT\" class=\"wp-image-10391\" style=\"aspect-ratio:0.6572280178837556;width:917px;height:auto\" srcset=\"https:\/\/i0.wp.com\/freeazawad.com\/wp-content\/uploads\/2026\/03\/NEW-COVER-FRONT.png?resize=673%2C1024&amp;ssl=1 673w, https:\/\/i0.wp.com\/freeazawad.com\/wp-content\/uploads\/2026\/03\/NEW-COVER-FRONT.png?resize=197%2C300&amp;ssl=1 197w, https:\/\/i0.wp.com\/freeazawad.com\/wp-content\/uploads\/2026\/03\/NEW-COVER-FRONT.png?resize=768%2C1169&amp;ssl=1 768w, https:\/\/i0.wp.com\/freeazawad.com\/wp-content\/uploads\/2026\/03\/NEW-COVER-FRONT.png?resize=1009%2C1536&amp;ssl=1 1009w, https:\/\/i0.wp.com\/freeazawad.com\/wp-content\/uploads\/2026\/03\/NEW-COVER-FRONT.png?resize=8%2C12&amp;ssl=1 8w, https:\/\/i0.wp.com\/freeazawad.com\/wp-content\/uploads\/2026\/03\/NEW-COVER-FRONT.png?w=1156&amp;ssl=1 1156w\" sizes=\"auto, (max-width: 673px) 100vw, 673px\" \/><\/figure>\n\n\n\n<p class=\"has-link-color wp-elements-a8b72a2c98c545d6e840412800f450d6\">Le livre<a href=\"https:\/\/www.amazon.com\/Man-Sahara-Long-Tuareg-Statehood\/dp\/1800314671#:~:text=Book%20overview%20%C2%B7%20This%20book%20explores%20the,of%20French%20colonisation%20on%20these%20indigenous%20people.\">\"L`homme du Sahara\"<\/a>\u00e9crit par le bien connu militant <a href=\"https:\/\/www.facebook.com\/amacharoudj.akli\">Akli Sh`kka<\/a> publi\u00e9 en anglais en 2020, a depuis \u00e9t\u00e9 traduit en fran\u00e7ais. Nous remercions Akli pour sa permission de diffuser gratuitement la version PDF fran\u00e7aise ici, pr\u00eate \u00e0 \u00eatre lue et t\u00e9l\u00e9charg\u00e9e\u00a0:<\/p>\n\n\n\n<p class=\"\">En 2012, le peuple touareg a proclam\u00e9 l'ind\u00e9pendance de l'Azawad, une r\u00e9gion d'Afrique de l'Ouest qui faisait partie de son territoire ancestral depuis des mill\u00e9naires. Cette proclamation s'est heurt\u00e9e \u00e0 l'opposition de la communaut\u00e9 internationale, notamment des Nations Unies, de groupes ethniques et d'autres acteurs.<\/p>\n\n\n\n<p class=\"\">Cet ouvrage explore les cons\u00e9quences historiques et actuelles de la colonisation fran\u00e7aise sur les populations autochtones, notamment les violations des droits humains et les exactions dont elles sont victimes. Il examine l'absence de d\u00e9mocratie r\u00e9gionale, la corruption des gouvernements successifs et le terrorisme qui en d\u00e9coule. Autant de facteurs qui ont contribu\u00e9 \u00e0 l'\u00e9chec de l'Azawad, \u00e0 la fragmentation de la nation et \u00e0 la destruction de sa culture.<\/p>\n\n\n\n<p class=\"\">Malgr\u00e9 l'espoir de paix qui demeure dans \u00ab\u00a0L'Homme du Sahara\u00a0\u00bb, aux c\u00f4t\u00e9s du peuple touareg vivant aujourd'hui dans diff\u00e9rentes r\u00e9gions d'Afrique et \u00e0 travers le monde, ce livre inspirant est un appel \u00e0 mettre fin au conflit qui dure depuis plus de 60 ans dans le nord du Mali et ses r\u00e9gions avoisinantes.<\/p>\n\n\n\n<p class=\"\">Akli Sh\u2019kka est connu dans toute l\u2019Afrique et \u00e0 l\u2019international comme l\u2019Homme du Sahara. R\u00e9sidant au Royaume-Uni, il a consacr\u00e9 sa vie \u00e0 la d\u00e9fense des droits du peuple touareg. Il est le fondateur de la cha\u00eene de t\u00e9l\u00e9vision Toumast, de l\u2019organisation pacifiste Imouhagh Org, et est \u00e9galement animateur et r\u00e9alisateur.<\/p>\n\n\n\n<div data-wp-interactive=\"core\/file\" class=\"wp-block-file\"><object data-wp-bind--hidden=\"!state.hasPdfPreview\" hidden class=\"wp-block-file__embed\" data=\"https:\/\/freeazawad.com\/wp-content\/uploads\/2026\/03\/LHOMME-DE-SAHARA-1-1.pdf\" type=\"application\/pdf\" style=\"width:100%;height:600px\" aria-label=\"Contenu embarqu\u00e9 L`HOMME DE SAHARA.\"><\/object><a id=\"wp-block-file--media-46a11ddf-145b-4110-bc1a-8c0a2786be55\" href=\"https:\/\/freeazawad.com\/wp-content\/uploads\/2026\/03\/LHOMME-DE-SAHARA-1-1.pdf\">L`HOMME DE SAHARA<\/a><a href=\"https:\/\/freeazawad.com\/wp-content\/uploads\/2026\/03\/LHOMME-DE-SAHARA-1-1.pdf\" class=\"wp-block-file__button wp-element-button\" download aria-describedby=\"wp-block-file--media-46a11ddf-145b-4110-bc1a-8c0a2786be55\">T\u00e9l\u00e9charger<\/a><\/div>\n\n\n\n<p class=\"\">Groupe de Soutien l`Azawad<\/p>\n\n\n\n<p class=\"\">26-03-26<\/p>\n\n\n\n<p class=\"has-text-align-center has-link-color wp-elements-bbc451ac11c6172b04f7e896fe0623f8\"><a href=\"https:\/\/freeazawad.com\/fr\/\">PAGE  D\u00b4ACCUEIL<\/a><\/p>","protected":false},"excerpt":{"rendered":"<p>The book &#8220;Man of the Sahara&#8221; written by well known activist Akli Sh`kka in 2020 was published in english. It has now been translated to french and we thank Akli for for his gracious permission to let the french PDF version be shared for free here, ready to read and download: In 2012 the Tuareg [&hellip;]<\/p>\n","protected":false},"author":1,"featured_media":0,"parent":0,"menu_order":0,"comment_status":"closed","ping_status":"closed","template":"","meta":{"nf_dc_page":"","_monsterinsights_skip_tracking":false,"_monsterinsights_sitenote_active":false,"_monsterinsights_sitenote_note":"","_monsterinsights_sitenote_category":0,"advanced_seo_description":"","jetpack_seo_html_title":"","jetpack_seo_noindex":false,"footnotes":""},"class_list":["post-10359","page","type-page","status-publish","hentry"],"jetpack_sharing_enabled":true,"_links":{"self":[{"href":"https:\/\/freeazawad.com\/fr\/wp-json\/wp\/v2\/pages\/10359","targetHints":{"allow":["GET"]}}],"collection":[{"href":"https:\/\/freeazawad.com\/fr\/wp-json\/wp\/v2\/pages"}],"about":[{"href":"https:\/\/freeazawad.com\/fr\/wp-json\/wp\/v2\/types\/page"}],"author":[{"embeddable":true,"href":"https:\/\/freeazawad.com\/fr\/wp-json\/wp\/v2\/users\/1"}],"replies":[{"embeddable":true,"href":"https:\/\/freeazawad.com\/fr\/wp-json\/wp\/v2\/comments?post=10359"}],"version-history":[{"count":13,"href":"https:\/\/freeazawad.com\/fr\/wp-json\/wp\/v2\/pages\/10359\/revisions"}],"predecessor-version":[{"id":10397,"href":"https:\/\/freeazawad.com\/fr\/wp-json\/wp\/v2\/pages\/10359\/revisions\/10397"}],"wp:attachment":[{"href":"https:\/\/freeazawad.com\/fr\/wp-json\/wp\/v2\/media?parent=10359"}],"curies":[{"name":"wp","href":"https:\/\/api.w.org\/{rel}","templated":true}]}}