{"id":1374,"date":"2025-01-26T23:00:12","date_gmt":"2025-01-26T23:00:12","guid":{"rendered":"https:\/\/freeazawad.com\/?page_id=1374"},"modified":"2026-04-09T00:14:15","modified_gmt":"2026-04-09T00:14:15","slug":"les-tinariwen-sont-originaires-de-lazawad","status":"publish","type":"page","link":"https:\/\/freeazawad.com\/fr\/les-tinariwen-sont-originaires-de-lazawad\/","title":{"rendered":"TINARIWEN D\u00c9FEND L'AZAWAD"},"content":{"rendered":"<figure class=\"wp-block-video\"><video height=\"1024\" style=\"aspect-ratio: 576 \/ 1024;\" width=\"576\" controls src=\"https:\/\/freeazawad.com\/wp-content\/uploads\/2025\/06\/snaptik_7515121097034042646.mp4\"><\/video><\/figure>\n\n\n\n<p class=\"\">Les Tinariwen ont toujours jou\u00e9 leur r\u00f4le de responsabilit\u00e9 dans le conflit Azawado-Mali ! Ils ont toujours port\u00e9 leur peuple Azawadi \u00e0 travers leur musique et leur code vestimentaire. Ici, \u00e0 Ferrera Sotto Le Setelle en Italie, vous pouvez les voir arborer le nouveau drapeau con\u00e7u avec l'arriv\u00e9e de la FLA.<\/p>\n\n\n\n<p class=\"\">Il appartient maintenant \u00e0 nos dirigeants de mettre en place les m\u00e9canismes qui leur permettront de d\u00e9passer les politiques sectaires qui ont toujours \u00e9t\u00e9 \u00e0 la base de nos \u00e9checs, et de se consacrer sinc\u00e8rement et pleinement \u00e0 la cause.<\/p>\n\n\n\n<p class=\"\">Rhissa Ag <\/p>\n\n\n\n<p class=\"\">12-06-25<\/p>\n\n\n\n<hr class=\"is-style-wide wp-block-separator has-alpha-channel-opacity\"\/>\n\n\n\n<p class=\"\">Si je pouvais commenter cette vid\u00e9o avec un million de c\u0153urs, je le ferais !<br>\u2764\ufe0f\ud83d\udc9b\ud83d\udc99\ud83e\udd0d <\/p>\n\n\n\n<p class=\"\">Tiaree \u2d5c\u2d62\u2d54<\/p>\n\n\n\n<p class=\"\">12-06-25<\/p>\n\n\n\n<hr class=\"is-style-wide wp-block-separator has-alpha-channel-opacity\"\/>\n\n\n\n<p class=\"\">Le groupe Tinariwen soutient fondamentalement la lutte des Touaregs pour l'autod\u00e9termination et l'ind\u00e9pendance \u00e0 travers leur musique, exprimant les aspirations et les demandes de leur peuple pour une plus grande autonomie et la reconnaissance de leurs droits.<\/p>\n\n\n\n<p class=\"\">Dans le cadre de leur lutte permanente, ils ont \u00e9t\u00e9 les premiers \u00e0 d\u00e9voiler le nouveau drapeau de l'Azawad devant un public aussi nombreux.<\/p>\n\n\n\n<p class=\"\">Une vision partag\u00e9e, port\u00e9e par une \u00e9quipe unie, est ce qui construit les grandes nations\/civilisations\/\u0153uvres\/projets. La r\u00e9ussite ne repose pas sur un seul individu, mais sur la force du collectif.<\/p>\n\n\n\n<p class=\"\">Tinariwen\/ Leadership.<br>Imidiwans Itous Ohars.<\/p>\n\n\n\n<p class=\"\">Tohima Ag Liblina<\/p>\n\n\n\n<hr class=\"is-style-wide wp-block-separator has-alpha-channel-opacity\"\/>\n\n\n\n<p class=\"\">Le groupe Tinariwen ne joue pas pour distraire les foules\u2026 ils \u00e9crasent les mensonges \u00e0 chaque note. Pendant que certains vendent leur dignit\u00e9 pour plaire \u00e0 Bamako, eux font r\u00e9sonner la v\u00e9rit\u00e9 jusqu\u2019au c\u0153ur du d\u00e9sert.<\/p>\n\n\n\n<p class=\"\">Corbeau Sah\u00e8lien<\/p>\n\n\n\n<hr class=\"is-style-wide wp-block-separator has-alpha-channel-opacity\"\/>\n\n\n\n<figure class=\"wp-block-image alignfull size-large\"><img data-recalc-dims=\"1\" loading=\"lazy\" decoding=\"async\" width=\"1024\" height=\"515\" src=\"https:\/\/i0.wp.com\/freeazawad.com\/wp-content\/uploads\/2025\/01\/TINARIWEN-1.jpg?resize=1024%2C515&#038;ssl=1\" alt=\"\" class=\"wp-image-1371\" srcset=\"https:\/\/i0.wp.com\/freeazawad.com\/wp-content\/uploads\/2025\/01\/TINARIWEN-1.jpg?resize=1024%2C515&amp;ssl=1 1024w, https:\/\/i0.wp.com\/freeazawad.com\/wp-content\/uploads\/2025\/01\/TINARIWEN-1.jpg?resize=300%2C151&amp;ssl=1 300w, https:\/\/i0.wp.com\/freeazawad.com\/wp-content\/uploads\/2025\/01\/TINARIWEN-1.jpg?resize=768%2C387&amp;ssl=1 768w, https:\/\/i0.wp.com\/freeazawad.com\/wp-content\/uploads\/2025\/01\/TINARIWEN-1.jpg?w=1182&amp;ssl=1 1182w\" sizes=\"auto, (max-width: 1000px) 100vw, 1000px\" \/><\/figure>\n\n\n\n<p class=\"has-link-color wp-elements-efc0b2d51df4dd00f5b050e511343481\"><a href=\"https:\/\/www.tiktok.com\/@zeine.ag\/video\/7129584964055731462\">Regardez la vid\u00e9o avec Tinariwen chantant \u00ab Arawan \u00bb sur TikTok.<\/a><\/p>\n\n\n\n<p class=\"\">Il arrive souvent que le groupe TINARIWEN soit pr\u00e9sent\u00e9 \u00e0 tort comme un groupe musical touareg du Mali, sans \u00e9voquer les circonstances complexes de sa cr\u00e9ation. En r\u00e9alit\u00e9, le groupe a \u00e9t\u00e9 fond\u00e9 par Ibrahim Ag Alhabib (Abaraybone) en r\u00e9action \u00e0 l'ex\u00e9cution de son p\u00e8re \u00e0 Tessalit par l'arm\u00e9e malienne.<\/p>\n\n\n\n<p class=\"\">C\u2019est \u00e0 travers leur musique que Tinariwen rend hommage \u00e0 son p\u00e8re et d\u00e9nonce les injustices subies par les Touaregs de l\u2019Azawad. Il est essentiel de souligner que le groupe n\u2019a jamais b\u00e9n\u00e9fici\u00e9 du soutien de l\u2019\u00c9tat malien, contrairement \u00e0 ce que l\u2019on pourrait croire. <\/p>\n\n\n\n<p class=\"\">Il est donc regrettable de r\u00e9duire Tinariwen \u00e0 une simple \u00e9tiquette g\u00e9ographique et d\u2019ignorer les enjeux politiques et sociaux qui ont fa\u00e7onn\u00e9 leur musique.<\/p>\n\n\n\n<p class=\"\"><em>Rhissa Ag<\/em> <\/p>\n\n\n\n<p class=\"\">26-01-25<\/p>\n\n\n\n<hr class=\"is-style-wide wp-block-separator has-alpha-channel-opacity\"\/>\n\n\n\n<p class=\"\">Ce noble groupe ne m\u00e9rite pas tous ces mensonges pr\u00e9tendant qu'il est \"malien\". Parfois, c'est par pure ignorance, mais pas toujours. C'est aussi une tentative malveillante d'effacer la culture touareg de l'Azawad. Il n'y a pas que des Touaregs dans l'Azawad, nous le savons, mais dans ce cas nous parlons des Touaregs ou de leur vrai nom, Kel Tamasheq, les gens qui parlent le Tamasheq.<\/p>\n\n\n\n<p class=\"\">Le drapeau de l'Azawad qu'ils brandissent est leur identit\u00e9. Ce n'est pas le drapeau du Mali. Vous ne verrez jamais les Tinariwen brandir le drapeau du Mali. Ils ne sont pas maliens et ne le seront jamais. Peut-\u00eatre devrions-nous simplement dire que les Tinariwen viennent du d\u00e9sert... sans fronti\u00e8res.<\/p>\n\n\n\n<p class=\"\">Quelle est cette chanson qu'ils chantent tout au long de leurs tourn\u00e9es mondiales o\u00f9 l'on voit le groupe ainsi que le public arborer et brandir fi\u00e8rement le drapeau de l'Azawad ?<\/p>\n\n\n\n<p class=\"\">Oh oui... la chanson s'appelle Azawad. Et elle a \u00e9t\u00e9 enregistr\u00e9e r\u00e9cemment dans une nouvelle version.<\/p>\n\n\n\n<p class=\"\">La musique de Tinariwen est comme un prolongement du d\u00e9sert, et une nostalgie \u00e0 la fois triste et douce.<\/p>\n\n\n\n<p class=\"\"><em>\u2d5c\u2d62\u2d54<\/em> <\/p>\n\n\n\n<p class=\"\">26-01-25<\/p>\n\n\n\n<hr class=\"is-style-wide wp-block-separator has-alpha-channel-opacity\"\/>\n\n\n\n<p class=\"has-superbfont-xlarge-font-size\">TINARIWEN AZAWAD<\/p>\n\n\n\n<p class=\"has-superbfont-xlarge-font-size\">Paroles :<br>L'Azawad et ses enfants voient na\u00eetre la r\u00e9bellion.<br>Les forces de l'Azawad prot\u00e8gent ses dirigeants et son territoire.<br>Une r\u00e9volution que tous les fils de l'Azawad saluent et dont les martyrs sont les victimes.<\/p>\n\n\n\n<figure class=\"wp-embed-aspect-4-3 wp-has-aspect-ratio wp-block-embed is-type-video is-provider-youtube wp-block-embed-youtube\"><div class=\"wp-block-embed__wrapper\">\n<iframe loading=\"lazy\" title=\"Azawad:\" width=\"500\" height=\"375\" src=\"https:\/\/www.youtube.com\/embed\/rsyqiVU00Jk?feature=oembed\" frameborder=\"0\" allow=\"accelerometer; autoplay; clipboard-write; encrypted-media; gyroscope; picture-in-picture; web-share\" referrerpolicy=\"strict-origin-when-cross-origin\" allowfullscreen><\/iframe>\n<\/div><\/figure>\n\n\n\n<figure class=\"wp-embed-aspect-16-9 wp-has-aspect-ratio wp-block-embed is-type-video is-provider-youtube wp-block-embed-youtube\"><div class=\"wp-block-embed__wrapper\">\n<iframe loading=\"lazy\" title=\"Tinariwen - Azawad (Lyric Video)\" width=\"500\" height=\"281\" src=\"https:\/\/www.youtube.com\/embed\/haOruC-j5_c?feature=oembed\" frameborder=\"0\" allow=\"accelerometer; autoplay; clipboard-write; encrypted-media; gyroscope; picture-in-picture; web-share\" referrerpolicy=\"strict-origin-when-cross-origin\" allowfullscreen><\/iframe>\n<\/div><\/figure>\n\n\n\n<figure class=\"wp-embed-aspect-4-3 wp-has-aspect-ratio wp-block-embed is-type-video is-provider-youtube wp-block-embed-youtube\"><div class=\"wp-block-embed__wrapper\">\n<iframe loading=\"lazy\" title=\"Tinariwen : Azawad\" width=\"500\" height=\"375\" src=\"https:\/\/www.youtube.com\/embed\/lV-nMTC0NQs?feature=oembed\" frameborder=\"0\" allow=\"accelerometer; autoplay; clipboard-write; encrypted-media; gyroscope; picture-in-picture; web-share\" referrerpolicy=\"strict-origin-when-cross-origin\" allowfullscreen><\/iframe>\n<\/div><\/figure>\n\n\n\n<figure class=\"wp-embed-aspect-16-9 wp-has-aspect-ratio wp-block-embed is-type-video is-provider-youtube wp-block-embed-youtube\"><div class=\"wp-block-embed__wrapper\">\n<iframe loading=\"lazy\" title=\"Tinariwen azawad \ud83e\udd29\ud83e\udd29\ud83e\udd29\ud83e\udd29\ud83d\udd25\ud83d\udd25\ud83d\udd25\ud83d\udd25\ud83d\ude0d\ud83d\ude0d\ud83d\ude0d\ud83d\ude0d\" width=\"500\" height=\"281\" src=\"https:\/\/www.youtube.com\/embed\/BbdA-THSYc8?feature=oembed\" frameborder=\"0\" allow=\"accelerometer; autoplay; clipboard-write; encrypted-media; gyroscope; picture-in-picture; web-share\" referrerpolicy=\"strict-origin-when-cross-origin\" allowfullscreen><\/iframe>\n<\/div><\/figure>\n\n\n\n<p class=\"\">\u00ab Les nomades de la brousse souffrent terriblement de la soif, bien plus que les citadins. Ils manquent de tout : v\u00eatements, soins m\u00e9dicaux. D\u00e9sesp\u00e9r\u00e9s, ils se demandent quoi faire, qui aider. Ils attendent les secours. D\u2019Arawan \u00e0 Kidal en passant par Adar_inboukar. Egadez, Kidal, Tamanrasset, Ingal, terres des Imouhag, avec lesquels ils ont des liens profonds. Ces terres sont riches en gazelles, dromadaires et belles femmes \u00bb<\/p>\n\n\n\n<p class=\"has-link-color wp-elements-48f481704b5192f3dcc70692743e7f46\">Album \u00ab Arawan \u00bb de Tinariwen <a href=\"https:\/\/store.tinariwen.com\/\">Amassakoul<\/a><\/p>\n\n\n\n<figure class=\"wp-block-image alignfull size-full\"><img data-recalc-dims=\"1\" loading=\"lazy\" decoding=\"async\" width=\"947\" height=\"916\" src=\"https:\/\/i0.wp.com\/freeazawad.com\/wp-content\/uploads\/2025\/01\/Tinariwen-Amassakoul-kop.jpg?resize=947%2C916&#038;ssl=1\" alt=\"\" class=\"wp-image-1405\" srcset=\"https:\/\/i0.wp.com\/freeazawad.com\/wp-content\/uploads\/2025\/01\/Tinariwen-Amassakoul-kop.jpg?w=947&amp;ssl=1 947w, https:\/\/i0.wp.com\/freeazawad.com\/wp-content\/uploads\/2025\/01\/Tinariwen-Amassakoul-kop.jpg?resize=300%2C290&amp;ssl=1 300w, https:\/\/i0.wp.com\/freeazawad.com\/wp-content\/uploads\/2025\/01\/Tinariwen-Amassakoul-kop.jpg?resize=768%2C743&amp;ssl=1 768w\" sizes=\"auto, (max-width: 947px) 100vw, 947px\" \/><\/figure>\n\n\n\n<p class=\"\">Ibrahim Ag Alhabib, (Abraybon) fondateur et leader de Tinariwen a \u00e9t\u00e9 t\u00e9moin de l'assassinat de son p\u00e8re par l'\u00c9tat malien \u00e0 Tessalit. Il n'avait que 5 \u00e0 8 ans. Un crime horrible, et qui l'a conduit \u00e0 cr\u00e9er une musique r\u00e9volutionnaire qui accompagnera la lutte jusqu'\u00e0 l'ind\u00e9pendance de l'Azawad.<\/p>\n\n\n\n<p class=\"has-link-color wp-elements-0f7157bda9c5614d256f1bdbc0bfbd5f\">Voici 63 clips qui racontent les massacres, les d\u00e9placements et les souffrances du peuple Azawadi. Tinariwen - Idrache (Traces du pass\u00e9) | <a href=\"https:\/\/youtu.be\/rBFABc8DaD0?si=8Qpyon_6ghw9SDfh\">Album complet en streaming<\/a><\/p>\n\n\n\n<p class=\"\"><strong>MISE \u00c0 JOUR 27 JUILLET 2025 : <\/strong><\/p>\n\n\n\n<p class=\"has-superbfont-large-font-size\">C\u00e9l\u00e9bration de la victoire de l'Azawad et r\u00e9affirmation de son identit\u00e9<img loading=\"lazy\" decoding=\"async\" height=\"16\" width=\"16\" src=\"https:\/\/static.xx.fbcdn.net\/images\/emoji.php\/v9\/t2\/1\/16\/1f60d.png\" alt=\"\ud83d\ude0d\"><img loading=\"lazy\" decoding=\"async\" height=\"16\" width=\"16\" src=\"https:\/\/static.xx.fbcdn.net\/images\/emoji.php\/v9\/t1c\/1\/16\/270c_1f3fb.png\" alt=\"\u270c\ud83c\udffb\"><\/p>\n\n\n\n<blockquote class=\"wp-block-quote is-layout-flow wp-block-quote-is-layout-flow\">\n<p class=\"\">Le groupe Tinariwen comm\u00e9more la victoire de l'Azawad sur les forces militaires maliennes et leurs suppl\u00e9tifs, les mercenaires russes d'Africa Corps (anciennement connu sous le nom de Wagner), \u00e0 travers une chanson sp\u00e9ciale. Cette comm\u00e9moration intervient \u00e0 l'occasion de l'anniversaire de leur d\u00e9faite la plus retentissante en Afrique, qui s'est produite pr\u00e9cis\u00e9ment \u00e0 Tinzawaten, dans la r\u00e9gion de l'Azawad.<\/p>\n\n\n\n<p class=\"\">Le message fort et unique de Tinariwen en faveur de l'Azawad devrait, nous l'esp\u00e9rons, lever le voile sur l'appartenance culturelle, territoriale et historique du groupe. Il devrait \u00e9galement encourager les partis maliens qui, sans aucun scrupule, n'h\u00e9sitent pas \u00e0 les pr\u00e9senter comme s'identifiant au Mali, alors que ce groupe doit sa naissance \u00e0 la fusillade et \u00e0 l'ex\u00e9cution \u00e0 bout portant du p\u00e8re d'Ibrahim Ag Alhabib (le chef du groupe) par l'arm\u00e9e malienne dans les ann\u00e9es 1960-1963.<\/p>\n\n\n\n<p class=\"\">Rhissa Ag<\/p>\n<\/blockquote>\n\n\n\n<p class=\"\"><strong>Les paroles de la chanson sont les suivantes :<\/strong><\/p>\n\n\n\n<p class=\"\">Oh Azawad, tes fiers guerriers, depuis des temps imm\u00e9moriaux, tra\u00eenent leurs nuits remplies d'une douleur indescriptible.<\/p>\n\n\n\n<p class=\"\">Chaque cr\u00e9puscule, drap\u00e9 de myst\u00e8re, voit leur c\u0153ur se serrer d'une nostalgie poignante \u00e0 l'approche de la nuit, quand le soleil \u00e9puis\u00e9 s'abandonne aux sommets des plus jeunes acacias.<\/p>\n\n\n\n<p class=\"\">Puis, les Wagner, ces ombres russes de la mort, tomb\u00e8rent et se perdirent, engloutis dans les lits de pierre des grands oueds azawadiens.<\/p>\n\n\n\n<p class=\"\">L'un d'eux a \u00e9t\u00e9 encha\u00een\u00e9, un autre a rendu son dernier soupir et a \u00e9t\u00e9 enterr\u00e9 dans le sable br\u00fblant, sans honneur ni larmes. De cette cohorte, aucun n'a r\u00e9ussi, pas m\u00eame un souffle pour murmurer l'\u00e9cho de leur chute.<\/p>\n\n\n\n<p class=\"\">Quant \u00e0 leur m\u00e9moire, elle s'effacera, emport\u00e9e par le vent sombre et rouge\u00e2tre du d\u00e9sert, ne laissant derri\u00e8re elle qu'un silence assourdissant.<\/p>\n\n\n\n<p class=\"\">(Tinariwen)<\/p>\n\n\n\n<figure class=\"wp-block-video\"><video height=\"576\" style=\"aspect-ratio: 1020 \/ 576;\" width=\"1020\" controls src=\"https:\/\/freeazawad.com\/wp-content\/uploads\/2025\/07\/snaptik_7529969200970910998-TNRWN-1.mp4\"><\/video><\/figure>\n\n\n\n<hr class=\"is-style-wide wp-block-separator has-alpha-channel-opacity\"\/>\n\n\n\n<p class=\"has-superbfont-large-font-size\">MISE \u00c0 JOUR \u2013 2026\u00a0: <\/p>\n\n\n\n<p class=\"has-link-color wp-elements-e1788be09a416ee524cba12727fe569c\">Il s'est pass\u00e9 beaucoup de choses ces derniers temps. Sur leur dixi\u00e8me album<a href=\"https:\/\/www.tinariwen.com\/hoggar\">\"Hoggar\"<\/a>Tinariwen est plus fort que jamais. Fid\u00e8les \u00e0 leurs racines musicales et \u00e0 leur message, ils d\u00e9fendent depuis plus de trente-cinq ans l'autonomie de l'Azawad (nord du Mali), r\u00e9gion o\u00f9 les populations fuient les combattants de l'organisation paramilitaire Wagner et de l'arm\u00e9e malienne. Hoggar r\u00e9unit les membres fondateurs Ibrahim Ag Alhabib, Abdallah Ag Alhousseyni et Touhami Ag Alhassane avec de jeunes talents issus de la communaut\u00e9 du d\u00e9sert.<\/p>\n\n\n\n<p class=\"\">Hoggar est magnifiquement pr\u00e9sent\u00e9 gr\u00e2ce \u00e0 de superbes illustrations anim\u00e9es d'Axel Digoix, racontant leur histoire et celle de leur peuple.<\/p>\n\n\n\n<p class=\"has-link-color wp-elements-e166393db1233e924bee74b6b1ad7890\">La chanson <a href=\"https:\/\/youtu.be\/adh68TKh4ws?si=bjWOWNXsD-2O1nTH\">Aba Malik<\/a><strong>:<\/strong> \u00ab Bamalik, bamak Wagner, ce que tu fais, les Maliens l\u2019ont fait avant toi \u00bb :<\/p>\n\n\n\n<blockquote class=\"wp-block-quote is-layout-flow wp-block-quote-is-layout-flow\">\n<p class=\"\">Un message fort et clair du groupe Tinariwen aux terroristes et mercenaires de Wagner : la junte criminelle malienne s'est livr\u00e9e \u00e0 l'extermination des Azawadiens. Dans cette chanson, Abdallah rappelle aux Wagner que d'autres forces militaires ont d\u00e9j\u00e0 tent\u00e9 de faire la m\u00eame chose, mais que les Azawadiens continuent de d\u00e9fendre leur territoire.<\/p>\n<\/blockquote>\n\n\n\n<p class=\"has-link-color wp-elements-9f7b2d37dd4a2e80fea4396df115e1cd\"><a href=\"https:\/\/youtu.be\/Snu2cGohYC4?si=E-EBcwJndzKnavkD\">Voici un lien vers le clip officiel de l'album Hoggar.<\/a><\/p>\n\n\n\n<p class=\"\">6 avril 2026\u00a0: Voici une vid\u00e9o o\u00f9 Tinariwen comm\u00e9more le Jour de l\u2019Ind\u00e9pendance de l\u2019Azawad, le 6 avril. Bien plus qu\u2019une simple comm\u00e9moration, cette journ\u00e9e est un symbole fort pour le peuple de l\u2019Azawad, mais aussi pour tous ses amis, militants et sympathisants \u00e0 travers le monde. C\u2019est un jour de recueillement en m\u00e9moire de tous les martyrs courageux qui ont vers\u00e9 leur sang pour la libert\u00e9 de leur peuple, contre un oppresseur d\u00e9pourvu d\u2019humanit\u00e9, de dignit\u00e9 et de bravoure.<\/p>\n\n\n\n<figure class=\"wp-block-video\"><video height=\"576\" style=\"aspect-ratio: 1030 \/ 576;\" width=\"1030\" controls src=\"https:\/\/freeazawad.com\/wp-content\/uploads\/2026\/04\/snaptik_7625773215045995798_v3.mp4\"><\/video><\/figure>\n\n\n\n<p class=\"\">\u00ab Honneur et respect au groupe Tinariwen qui n'a jamais manqu\u00e9 de d\u00e9montrer son appartenance \u00e0 l'Azawad. Depuis l'Ouest, Tinariwen comm\u00e9more cette date et souhaite aux Azawadiens un joyeux 6 avril, jour de comm\u00e9moration de l'ind\u00e9pendance de l'Azawad. Les laquais maliens, ainsi que ceux qui pr\u00e9sentent le groupe comme malien, ont d\u00e9sormais leur r\u00e9ponse. \u00bb<\/p>\n\n\n\n<p class=\"\">Rhissa Ag<\/p>\n\n\n\n<hr class=\"is-style-wide wp-block-separator has-alpha-channel-opacity\"\/>\n\n\n\n<p class=\"\">Groupe de Soutien l`Azawad<\/p>\n\n\n\n<p class=\"\">Updated 09-04-26<\/p>\n\n\n\n<p class=\"\"><\/p>\n\n\n\n<p class=\"has-text-align-center\"><a href=\"https:\/\/freeazawad.com\/fr\/\">PAGE  D\u00b4ACCUEIL<\/a><\/p>","protected":false},"excerpt":{"rendered":"<p>It often happens that the group TINARIWEN is incorrectly presented as a Tuareg musical group from Mali, without mentioning the complex circumstances of their creation. In reality, the group was founded by Ibrahim Ag Alhabib (Abaraybone) in reaction to the execution of his father in Tessalit by the Malian army. It is through their music that Tinariwen pays tribute to his father and denounces the injustices suffered by the Tuaregs in Azawad.<\/p>","protected":false},"author":1,"featured_media":0,"parent":0,"menu_order":0,"comment_status":"closed","ping_status":"closed","template":"","meta":{"nf_dc_page":"","_monsterinsights_skip_tracking":false,"_monsterinsights_sitenote_active":false,"_monsterinsights_sitenote_note":"","_monsterinsights_sitenote_category":0,"advanced_seo_description":"","jetpack_seo_html_title":"","jetpack_seo_noindex":false,"footnotes":""},"class_list":["post-1374","page","type-page","status-publish","hentry"],"jetpack_sharing_enabled":true,"_links":{"self":[{"href":"https:\/\/freeazawad.com\/fr\/wp-json\/wp\/v2\/pages\/1374","targetHints":{"allow":["GET"]}}],"collection":[{"href":"https:\/\/freeazawad.com\/fr\/wp-json\/wp\/v2\/pages"}],"about":[{"href":"https:\/\/freeazawad.com\/fr\/wp-json\/wp\/v2\/types\/page"}],"author":[{"embeddable":true,"href":"https:\/\/freeazawad.com\/fr\/wp-json\/wp\/v2\/users\/1"}],"replies":[{"embeddable":true,"href":"https:\/\/freeazawad.com\/fr\/wp-json\/wp\/v2\/comments?post=1374"}],"version-history":[{"count":20,"href":"https:\/\/freeazawad.com\/fr\/wp-json\/wp\/v2\/pages\/1374\/revisions"}],"predecessor-version":[{"id":10491,"href":"https:\/\/freeazawad.com\/fr\/wp-json\/wp\/v2\/pages\/1374\/revisions\/10491"}],"wp:attachment":[{"href":"https:\/\/freeazawad.com\/fr\/wp-json\/wp\/v2\/media?parent=1374"}],"curies":[{"name":"wp","href":"https:\/\/api.w.org\/{rel}","templated":true}]}}