{"id":1427,"date":"2025-01-26T23:17:11","date_gmt":"2025-01-26T23:17:11","guid":{"rendered":"https:\/\/freeazawad.com\/?page_id=1427"},"modified":"2025-06-21T19:53:54","modified_gmt":"2025-06-21T19:53:54","slug":"les-droits-de-lhomme-un-obstacle-pour-le-mali","status":"publish","type":"page","link":"https:\/\/freeazawad.com\/fr\/les-droits-de-lhomme-un-obstacle-pour-le-mali\/","title":{"rendered":"LES DROITS DE L\u2019HOMME, UN OBSTACLE POUR LE MALI ?"},"content":{"rendered":"<figure class=\"wp-block-image alignfull size-large\"><img data-recalc-dims=\"1\" loading=\"lazy\" decoding=\"async\" width=\"981\" height=\"1024\" src=\"https:\/\/i0.wp.com\/freeazawad.com\/wp-content\/uploads\/2025\/01\/IMG_5541.jpg?resize=981%2C1024&#038;ssl=1\" alt=\"\" class=\"wp-image-1432\" srcset=\"https:\/\/i0.wp.com\/freeazawad.com\/wp-content\/uploads\/2025\/01\/IMG_5541.jpg?resize=981%2C1024&amp;ssl=1 981w, https:\/\/i0.wp.com\/freeazawad.com\/wp-content\/uploads\/2025\/01\/IMG_5541.jpg?resize=287%2C300&amp;ssl=1 287w, https:\/\/i0.wp.com\/freeazawad.com\/wp-content\/uploads\/2025\/01\/IMG_5541.jpg?resize=768%2C802&amp;ssl=1 768w, https:\/\/i0.wp.com\/freeazawad.com\/wp-content\/uploads\/2025\/01\/IMG_5541.jpg?w=1163&amp;ssl=1 1163w\" sizes=\"auto, (max-width: 981px) 100vw, 981px\" \/><\/figure>\n\n\n\n<p class=\"\"><em>Un vieux nomade pauvre et sans d\u00e9fense quelque part dans l'Azawad. L'humanit\u00e9 et les droits de l'homme sont inexistants.<\/em><\/p>\n\n\n\n<h2 class=\"wp-block-heading\">Relisez cela\u2026 \u00ab Les autorit\u00e9s de transition au Mali consid\u00e8rent les droits de l\u2019homme comme des cha\u00eenes qui emp\u00eachent le pays d\u2019avancer\u2026<\/h2>\n\n\n\n<p class=\"\">En r\u00e9alit\u00e9, ils n'autoriseront JAMAIS les organisations de d\u00e9fense des droits de l'homme \u00e0 mener des enqu\u00eates au Mali, surtout pas des enqu\u00eates ind\u00e9pendantes dont les dirigeants de Bamako n'ont aucun contr\u00f4le sur les r\u00e9sultats.<\/p>\n\n\n\n<p class=\"\">Depuis que la France a c\u00e9d\u00e9 l'Azawad au Mali (injustement et contre le consentement de la population azawadienne), ce pays est sous le joug d'un r\u00e9gime qui consid\u00e8re les droits de l'homme comme une pierre d'achoppement. Ceci n'est pas nouveau pour le peuple de l'Azawad, opprim\u00e9 depuis tant d'ann\u00e9es. Tous les droits de l'homme possibles ont \u00e9t\u00e9 et continuent d'\u00eatre gravement viol\u00e9s.<\/p>\n\n\n\n<p class=\"\">Le probl\u00e8me que le Mali voit dans les pays occidentaux est qu'ils respectent \"trop\" les droits de l'homme et deviennent ainsi une pierre d'achoppement pour le Mali. C'est aussi la raison pour laquelle les autorit\u00e9s maliennes se sont tourn\u00e9es vers Wagner, car ces r\u00e9gimes ont besoin d'une force militaire qui ne respecte aucune des r\u00e8gles des droits de l'homme.<\/p>\n\n\n\n<p class=\"\">Lorsque Wagner arrive par exemple dans un village de l'Azawad, ils ne se soucient pas le moins du monde de la population locale, ils ne leur parlent m\u00eame pas, selon un rapport. Ils sont l\u00e0 pour chasser les \"terroristes\" et de n'importe quelle mani\u00e8re, sans que la partie malienne ne pose de questions.<\/p>\n\n\n\n<p class=\"\">Et dans le terme \"terroriste\" sont inclus des civils azawadiens innocents, qu'il s'agisse de femmes, d'enfants, de personnes \u00e2g\u00e9es ou m\u00eame de malades mentaux qui n'ont jamais quitt\u00e9 leur village et n'ont aucune id\u00e9e du monde ext\u00e9rieur. Tuer un malade mental est un crime particuli\u00e8rement grave et un grand p\u00e9ch\u00e9.<\/p>\n\n\n\n<p class=\"has-link-color wp-elements-e55fe861dec148c59aaaa3a6ec002266\">Selon la <a href=\"https:\/\/static.rusi.org\/wagner-in-africa-and-middle-east.pdf\" target=\"_blank\" rel=\"noreferrer noopener\">Rapport de Whitehall<\/a>:<\/p>\n\n\n\n<blockquote class=\"wp-block-quote is-layout-flow wp-block-quote-is-layout-flow\">\n<p class=\"\">Le Mali avait besoin d'une force militaire qui ne respecte aucun des principes de l'Union europ\u00e9enne.<br>les r\u00e8gles en mati\u00e8re de droits de l'homme que les autorit\u00e9s de transition consid\u00e8rent comme<br>\u00eatre des cha\u00eenes qui emp\u00eachent le pays d'aller de l'avant ... Les<br>les probl\u00e8mes que les autorit\u00e9s gouvernementales maliennes rencontrent avec<br>Les Occidentaux estiment que ces derniers respectent trop les droits de l'homme<br>et n'acceptent pas que des forces attaquent des civils sous pr\u00e9texte de<br>la lutte contre le terrorisme ou l'attaque de groupes arm\u00e9s qui ont sign\u00e9 des accords de paix.<br>l'accord d'Alger.<\/p>\n<\/blockquote>\n\n\n\n<figure class=\"wp-block-image size-large\"><img data-recalc-dims=\"1\" loading=\"lazy\" decoding=\"async\" width=\"560\" height=\"1024\" src=\"https:\/\/i0.wp.com\/freeazawad.com\/wp-content\/uploads\/2025\/01\/IMG_4608.jpg?resize=560%2C1024&#038;ssl=1\" alt=\"\" class=\"wp-image-1459\" srcset=\"https:\/\/i0.wp.com\/freeazawad.com\/wp-content\/uploads\/2025\/01\/IMG_4608.jpg?resize=560%2C1024&amp;ssl=1 560w, https:\/\/i0.wp.com\/freeazawad.com\/wp-content\/uploads\/2025\/01\/IMG_4608.jpg?resize=164%2C300&amp;ssl=1 164w, https:\/\/i0.wp.com\/freeazawad.com\/wp-content\/uploads\/2025\/01\/IMG_4608.jpg?resize=768%2C1403&amp;ssl=1 768w, https:\/\/i0.wp.com\/freeazawad.com\/wp-content\/uploads\/2025\/01\/IMG_4608.jpg?resize=841%2C1536&amp;ssl=1 841w, https:\/\/i0.wp.com\/freeazawad.com\/wp-content\/uploads\/2025\/01\/IMG_4608.jpg?resize=1121%2C2048&amp;ssl=1 1121w, https:\/\/i0.wp.com\/freeazawad.com\/wp-content\/uploads\/2025\/01\/IMG_4608.jpg?w=1175&amp;ssl=1 1175w\" sizes=\"auto, (max-width: 560px) 100vw, 560px\" \/><\/figure>\n\n\n\n<p class=\"\"><em>Un malade mental qui n'a jamais fait de mal \u00e0 personne a \u00e9t\u00e9 brutalement tu\u00e9 \u00e0 Kidal par Fama\/Wagner au cours d'un de leurs raids. Ils n`\u00e9pargnent m\u00eame pas les malades<\/em>.<\/p>\n\n\n\n<p class=\"\">Mais ils s\u2019en moquent, ils continuent \u00e0 tuer tout ce qui bouge et tout ce qui ne bouge pas.<\/p>\n\n\n\n<p class=\"\">Il s'agit d'un #ethnic_genocide et ils sont la cible des autorit\u00e9s maliennes, et Wagner s'en moque, ils veulent juste l'argent et sont devenus un exemple pour Fama qui est apparemment devenu plus cruel envers les civils depuis l'arriv\u00e9e de Wagner m\u00eame s'il y a des cas et des vid\u00e9os bien connus sur leur comportement cannibale. Le manque d'humanit\u00e9 et de respect des droits de l'homme d\u00e9chire l'Azawad et l'Azawad saigne.<\/p>\n\n\n\n<p class=\"\">Cr\u00e9dit et source : Informations partiellement tir\u00e9es du Whitehall International Report.<\/p>\n\n\n\n<hr class=\"is-style-wide wp-block-separator has-alpha-channel-opacity\"\/>\n\n\n\n<p class=\"\">Est-il possible de respecter les droits de l'homme tout en massacrant des civils innocents, y compris des malades mentaux qui ne sont m\u00eame pas conscients du monde ext\u00e9rieur ? ainsi que des b\u00e9b\u00e9s, des animaux, etc. et comment se fait-il que leur \"lutte contre le terrorisme\" se concentre sur les civils azawadiens et leurs animaux dans le nord (Azawad) alors que les vrais terroristes terrorisent le centre et le sud du pays ? pourquoi seuls les civils, y compris les femmes et les enfants, sont-ils tu\u00e9s par leurs drones turcs alors que les groupes terroristes peuvent se r\u00e9unir en masse en plein air sans probl\u00e8me pour faire la f\u00eate et manger, pas un seul drone en vue ?<\/p>\n\n\n\n<figure class=\"wp-block-image size-full\"><img data-recalc-dims=\"1\" loading=\"lazy\" decoding=\"async\" width=\"624\" height=\"867\" src=\"https:\/\/i0.wp.com\/freeazawad.com\/wp-content\/uploads\/2025\/05\/GrFdOGtWgAA-cor.jpeg?resize=624%2C867&#038;ssl=1\" alt=\"\" class=\"wp-image-5940\" srcset=\"https:\/\/i0.wp.com\/freeazawad.com\/wp-content\/uploads\/2025\/05\/GrFdOGtWgAA-cor.jpeg?w=624&amp;ssl=1 624w, https:\/\/i0.wp.com\/freeazawad.com\/wp-content\/uploads\/2025\/05\/GrFdOGtWgAA-cor.jpeg?resize=216%2C300&amp;ssl=1 216w, https:\/\/i0.wp.com\/freeazawad.com\/wp-content\/uploads\/2025\/05\/GrFdOGtWgAA-cor.jpeg?resize=9%2C12&amp;ssl=1 9w\" sizes=\"auto, (max-width: 624px) 100vw, 624px\" \/><\/figure>\n\n\n\n<blockquote class=\"wp-block-quote is-layout-flow wp-block-quote-is-layout-flow\">\n<p class=\"\">Le respect des droits de l'homme et du droit international humanitaire n'est pas compatible avec le partenariat des mercenaires du groupe #Wagner. <\/p>\n\n\n\n<p class=\"\">\u00c0 Diafarab\u00e9, les gens ont document\u00e9 les atrocit\u00e9s commises contre les civils.<\/p>\n<\/blockquote>\n\n\n\n<p class=\"\">(Source : de X) 16-05-25<\/p>\n\n\n\n<p class=\"has-link-color wp-elements-fba2e1e7548a586ce3b7a441f3b39a71\">Il n'y a pas qu'\u00e0 Diafarab\u00e9 que les gens ont document\u00e9 les atrocit\u00e9s commises contre les civils, il y a de nombreux rapports provenant de nombreuses localit\u00e9s de l'Azawad (et du Mali). Sur <a href=\"https:\/\/freeazawad.com\/fr\/liens-vers-des-articles-sur-les-violations-des-droits-de-lhomme-dans-lazawad\/\">cette page<\/a> Il existe des liens vers, par exemple, les rapports de Kal Akal, Tanakra et Imouhagh, ainsi que de nombreux autres. Les violations des droits de l'homme dans l'Azawad sont \u00e9galement document\u00e9es. <a href=\"https:\/\/freeazawad.com\/fr\/violations-des-droits-de-lhomme-dans-lazawad\/\">ici<\/a>.<\/p>\n\n\n\n<p class=\"\">Les communiqu\u00e9s de presse de la Fama contredisent les t\u00e9moignages, les rapports, les photos et les vid\u00e9os qui sont accablants, et ne sont donc que des mensonges et de la propagande pour tenter de couvrir leurs crimes contre l'humanit\u00e9.<\/p>\n\n\n\n<p class=\"\">Si beaucoup ferment les yeux...., il n'y a rien de cach\u00e9 qui ne sera pas r\u00e9v\u00e9l\u00e9. T\u00f4t ou tard, la justice les rattrapera.<\/p>\n\n\n\n<figure class=\"wp-block-image size-large\"><img data-recalc-dims=\"1\" loading=\"lazy\" decoding=\"async\" width=\"991\" height=\"1024\" src=\"https:\/\/i0.wp.com\/freeazawad.com\/wp-content\/uploads\/2025\/01\/IMG_4609-1.jpg?resize=991%2C1024&#038;ssl=1\" alt=\"\" class=\"wp-image-1328\" srcset=\"https:\/\/i0.wp.com\/freeazawad.com\/wp-content\/uploads\/2025\/01\/IMG_4609-1.jpg?resize=991%2C1024&amp;ssl=1 991w, https:\/\/i0.wp.com\/freeazawad.com\/wp-content\/uploads\/2025\/01\/IMG_4609-1.jpg?resize=290%2C300&amp;ssl=1 290w, https:\/\/i0.wp.com\/freeazawad.com\/wp-content\/uploads\/2025\/01\/IMG_4609-1.jpg?resize=768%2C793&amp;ssl=1 768w, https:\/\/i0.wp.com\/freeazawad.com\/wp-content\/uploads\/2025\/01\/IMG_4609-1.jpg?w=1242&amp;ssl=1 1242w\" sizes=\"auto, (max-width: 991px) 100vw, 991px\" \/><\/figure>\n\n\n\n<p class=\"\">Mais malgr\u00e9 cette triste situation, le peuple azawadien et les combattants r\u00e9volutionnaires sont r\u00e9silients et forts, et jusqu\u2019\u00e0 pr\u00e9sent, ils n\u2019ont c\u00e9d\u00e9 \u00e0 aucune oppression en 64 ans. Ils ont beaucoup souffert, et ils souffrent tous les jours, mais ils ne baissent pas les bras. Ils se battent. Le Mali ne pourrait rien faire sans l\u2019aide de forces ext\u00e9rieures car il n\u2019a jamais pu vaincre l\u2019arm\u00e9e azawadienne.<\/p>\n\n\n\n<p class=\"\">Aujourd'hui, les groupes r\u00e9volutionnaires se sont rassembl\u00e9s en une seule unit\u00e9, avec un seul objectif et un seul drapeau, le Front de lib\u00e9ration de l'Azawad (FLA), et ils sont plus d\u00e9termin\u00e9s que jamais \u00e0 r\u00e9sister et \u00e0 lutter pour l'ind\u00e9pendance qui leur revient de droit. Alors, le Mali \"pourra aller au sud\", l\u00e0 o\u00f9 il doit \u00eatre.<\/p>\n\n\n\n<p class=\"\">Seul Dieu sait ce qui nous attend dans l\u2019avenir. Mais nous esp\u00e9rons et prions pour la lib\u00e9ration du peuple tourment\u00e9 de l\u2019Azawad.<\/p>\n\n\n\n<figure class=\"wp-block-image alignfull size-large\"><img data-recalc-dims=\"1\" loading=\"lazy\" decoding=\"async\" width=\"1024\" height=\"435\" src=\"https:\/\/i0.wp.com\/freeazawad.com\/wp-content\/uploads\/2025\/01\/le-Front-pour-la-Liberation-de-lAzawad-2-kopiera-1.jpg?resize=1024%2C435&#038;ssl=1\" alt=\"\" class=\"wp-image-1431\" srcset=\"https:\/\/i0.wp.com\/freeazawad.com\/wp-content\/uploads\/2025\/01\/le-Front-pour-la-Liberation-de-lAzawad-2-kopiera-1.jpg?resize=1024%2C435&amp;ssl=1 1024w, https:\/\/i0.wp.com\/freeazawad.com\/wp-content\/uploads\/2025\/01\/le-Front-pour-la-Liberation-de-lAzawad-2-kopiera-1.jpg?resize=300%2C128&amp;ssl=1 300w, https:\/\/i0.wp.com\/freeazawad.com\/wp-content\/uploads\/2025\/01\/le-Front-pour-la-Liberation-de-lAzawad-2-kopiera-1.jpg?resize=768%2C326&amp;ssl=1 768w, https:\/\/i0.wp.com\/freeazawad.com\/wp-content\/uploads\/2025\/01\/le-Front-pour-la-Liberation-de-lAzawad-2-kopiera-1.jpg?w=1080&amp;ssl=1 1080w\" sizes=\"auto, (max-width: 1000px) 100vw, 1000px\" \/><\/figure>\n\n\n\n<p class=\"\">FRONT DE LIB\u00c9RATION DE L'AZAWAD - AZAWAD LIBERATION FRONT.<\/p>\n\n\n\n<figure class=\"wp-block-image alignfull size-large\"><img data-recalc-dims=\"1\" loading=\"lazy\" decoding=\"async\" width=\"609\" height=\"1024\" src=\"https:\/\/i0.wp.com\/freeazawad.com\/wp-content\/uploads\/2025\/01\/IMG_6633.jpg?resize=609%2C1024&#038;ssl=1\" alt=\"\" class=\"wp-image-1433\" srcset=\"https:\/\/i0.wp.com\/freeazawad.com\/wp-content\/uploads\/2025\/01\/IMG_6633.jpg?resize=609%2C1024&amp;ssl=1 609w, https:\/\/i0.wp.com\/freeazawad.com\/wp-content\/uploads\/2025\/01\/IMG_6633.jpg?resize=179%2C300&amp;ssl=1 179w, https:\/\/i0.wp.com\/freeazawad.com\/wp-content\/uploads\/2025\/01\/IMG_6633.jpg?resize=768%2C1291&amp;ssl=1 768w, https:\/\/i0.wp.com\/freeazawad.com\/wp-content\/uploads\/2025\/01\/IMG_6633.jpg?resize=914%2C1536&amp;ssl=1 914w, https:\/\/i0.wp.com\/freeazawad.com\/wp-content\/uploads\/2025\/01\/IMG_6633.jpg?resize=1219%2C2048&amp;ssl=1 1219w, https:\/\/i0.wp.com\/freeazawad.com\/wp-content\/uploads\/2025\/01\/IMG_6633.jpg?w=1242&amp;ssl=1 1242w\" sizes=\"auto, (max-width: 609px) 100vw, 609px\" \/><\/figure>\n\n\n\n<p class=\"\">LES COURAGEUX LIONS DU D\u00c9SERT... ENTOUR\u00c9S DE COCHONS SALES ET BRUTAUX, D'\u00c2NES ET DE HY\u00c8NES HURLANTS, ET DE SERPENTS TROMPEURS.... <\/p>\n\n\n\n<div style=\"height:25px\" aria-hidden=\"true\" class=\"wp-block-spacer\"><\/div>\n\n\n\n<p class=\"has-text-align-center has-link-color wp-elements-bbc451ac11c6172b04f7e896fe0623f8\"><a href=\"https:\/\/freeazawad.com\/fr\/\">PAGE  D\u00b4ACCUEIL<\/a><\/p>\n\n\n\n<p class=\"\"><\/p>","protected":false},"excerpt":{"rendered":"<p>Read that again\u2026 &#8220;The transitional authorities in Mali consider human rights as chains that prevent the country from moving forward\u2026The problem that Mali sees with Western countries is that they respect human rights &#8220;too much&#8221; and thus also become a stumbling block for Mali. This is also the reason why the Malian authorities,have turned to Wagner, because these regimes need a military force that does not respect any of the rules of human rights.<\/p>","protected":false},"author":1,"featured_media":0,"parent":0,"menu_order":0,"comment_status":"closed","ping_status":"closed","template":"","meta":{"nf_dc_page":"","_monsterinsights_skip_tracking":false,"_monsterinsights_sitenote_active":false,"_monsterinsights_sitenote_note":"","_monsterinsights_sitenote_category":0,"advanced_seo_description":"","jetpack_seo_html_title":"","jetpack_seo_noindex":false,"footnotes":""},"class_list":["post-1427","page","type-page","status-publish","hentry"],"jetpack_sharing_enabled":true,"_links":{"self":[{"href":"https:\/\/freeazawad.com\/fr\/wp-json\/wp\/v2\/pages\/1427","targetHints":{"allow":["GET"]}}],"collection":[{"href":"https:\/\/freeazawad.com\/fr\/wp-json\/wp\/v2\/pages"}],"about":[{"href":"https:\/\/freeazawad.com\/fr\/wp-json\/wp\/v2\/types\/page"}],"author":[{"embeddable":true,"href":"https:\/\/freeazawad.com\/fr\/wp-json\/wp\/v2\/users\/1"}],"replies":[{"embeddable":true,"href":"https:\/\/freeazawad.com\/fr\/wp-json\/wp\/v2\/comments?post=1427"}],"version-history":[{"count":20,"href":"https:\/\/freeazawad.com\/fr\/wp-json\/wp\/v2\/pages\/1427\/revisions"}],"predecessor-version":[{"id":6756,"href":"https:\/\/freeazawad.com\/fr\/wp-json\/wp\/v2\/pages\/1427\/revisions\/6756"}],"wp:attachment":[{"href":"https:\/\/freeazawad.com\/fr\/wp-json\/wp\/v2\/media?parent=1427"}],"curies":[{"name":"wp","href":"https:\/\/api.w.org\/{rel}","templated":true}]}}