{"id":1442,"date":"2025-01-26T22:53:18","date_gmt":"2025-01-26T22:53:18","guid":{"rendered":"https:\/\/freeazawad.com\/?page_id=1442"},"modified":"2025-02-27T11:06:43","modified_gmt":"2025-02-27T11:06:43","slug":"les-enfants-de-lazawad","status":"publish","type":"page","link":"https:\/\/freeazawad.com\/fr\/les-enfants-de-lazawad\/","title":{"rendered":"LES ENFANTS DE L'AZAWAD, VICTIMES OUBLI\u00c9ES D'UNE GUERRE SILENCIEUSE"},"content":{"rendered":"<div style=\"height:5px\" aria-hidden=\"true\" class=\"wp-block-spacer\"><\/div>\n\n\n\n<figure class=\"wp-block-image alignfull size-large\"><img data-recalc-dims=\"1\" loading=\"lazy\" decoding=\"async\" width=\"656\" height=\"1024\" src=\"https:\/\/i0.wp.com\/freeazawad.com\/wp-content\/uploads\/2025\/01\/dattes-vendors.png?resize=656%2C1024&#038;ssl=1\" alt=\"\" class=\"wp-image-1445\" srcset=\"https:\/\/i0.wp.com\/freeazawad.com\/wp-content\/uploads\/2025\/01\/dattes-vendors.png?resize=656%2C1024&amp;ssl=1 656w, https:\/\/i0.wp.com\/freeazawad.com\/wp-content\/uploads\/2025\/01\/dattes-vendors.png?resize=192%2C300&amp;ssl=1 192w, https:\/\/i0.wp.com\/freeazawad.com\/wp-content\/uploads\/2025\/01\/dattes-vendors.png?resize=768%2C1198&amp;ssl=1 768w, https:\/\/i0.wp.com\/freeazawad.com\/wp-content\/uploads\/2025\/01\/dattes-vendors.png?resize=984%2C1536&amp;ssl=1 984w, https:\/\/i0.wp.com\/freeazawad.com\/wp-content\/uploads\/2025\/01\/dattes-vendors.png?w=1242&amp;ssl=1 1242w\" sizes=\"auto, (max-width: 656px) 100vw, 656px\" \/><\/figure>\n\n\n\n<h2 class=\"wp-block-heading\">Les enfants de l\u2019Azawad : victimes oubli\u00e9es d\u2019une guerre silencieuse.<\/h2>\n\n\n\n<p class=\"\">Sur la photo du haut : <em>Ces enfants vendent des dattes pour tenter de survivre, eux et leur m\u00e8re, car leur p\u00e8re a \u00e9t\u00e9 tu\u00e9 et ils se sont retrouv\u00e9s dans un camp de r\u00e9fugi\u00e9s le long de la fronti\u00e8re alg\u00e9rienne.<\/em><\/p>\n\n\n\n<p class=\"\">Dans les vastes \u00e9tendues d\u00e9sertiques de l\u2019Azawad et du Sahel, une trag\u00e9die silencieuse se d\u00e9roule, marqu\u00e9e par des bombardements aveugles, des populations d\u00e9plac\u00e9es et des vies bris\u00e9es.<\/p>\n\n\n\n<p class=\"\">Les enfants, symboles d\u2019avenir et d\u2019espoir, sont parmi les premi\u00e8res victimes de cette violence aveugle.<\/p>\n\n\n\n<p class=\"\">Leur destin est un appel : et s\u2019ils \u00e9taient nos enfants ?<\/p>\n\n\n\n<figure class=\"wp-block-image size-full\"><img data-recalc-dims=\"1\" loading=\"lazy\" decoding=\"async\" width=\"626\" height=\"1024\" src=\"https:\/\/i0.wp.com\/freeazawad.com\/wp-content\/uploads\/2025\/01\/image.png?resize=626%2C1024&#038;ssl=1\" alt=\"Cette image a un attribut alt vide ; son nom de fichier est IMG_4937-626x1024.png\" class=\"wp-image-1501\" srcset=\"https:\/\/i0.wp.com\/freeazawad.com\/wp-content\/uploads\/2025\/01\/image.png?w=626&amp;ssl=1 626w, https:\/\/i0.wp.com\/freeazawad.com\/wp-content\/uploads\/2025\/01\/image.png?resize=183%2C300&amp;ssl=1 183w\" sizes=\"auto, (max-width: 626px) 100vw, 626px\" \/><\/figure>\n\n\n\n<p class=\"\"><em>Un p\u00e8re porte son fils bless\u00e9 pour qu'il re\u00e7oive une aide m\u00e9dicale. Tinzawatine, et attaque de drone sur des civils, principalement des enfants, par le Mali.<\/em><\/p>\n\n\n\n<p class=\"\"><strong>Une r\u00e9gion en proie \u00e0 l\u2019instabilit\u00e9.<\/strong><\/p>\n\n\n\n<p class=\"\">L'Azawad, o\u00f9 le r\u00eave d'autod\u00e9termination et la lutte pour la reconnaissance des droits des populations locales se heurtent \u00e0 une r\u00e9pression militaire brutale. Depuis les r\u00e9cents coups d'\u00c9tat au Mali, au Burkina Faso et au Niger, la r\u00e9gion est plong\u00e9e dans une instabilit\u00e9 accrue.<\/p>\n\n\n\n<p class=\"\">Les r\u00e9gimes militaires, sous couvert de lutte contre le terrorisme, m\u00e8nent des op\u00e9rations qui frappent sans discrimination combattants et civils. Les villages sont bombard\u00e9s, les enfants et les personnes \u00e2g\u00e9es sont souvent pris pour cible.<\/p>\n\n\n\n<p class=\"\">La semaine derni\u00e8re encore, une jeune fille a succomb\u00e9 \u00e0 ses blessures \u00e0 Tamarasset suite \u00e0 des bombardements du r\u00e9gime central \u00e0 Bamako.<\/p>\n\n\n\n<p class=\"\"><strong>Le r\u00f4le des acteurs internationaux.<\/strong><\/p>\n\n\n\n<p class=\"\">Cette trag\u00e9die est aggrav\u00e9e par l'implication d'acteurs \u00e9trangers. Le groupe Wagner, connu pour ses m\u00e9thodes extr\u00eamement brutales, op\u00e8re aux c\u00f4t\u00e9s des arm\u00e9es locales.<\/p>\n\n\n\n<p class=\"\">La Turquie, per\u00e7ue \u00e9galement comme un d\u00e9fenseur des causes musulmanes, apporte un soutien mat\u00e9riel \u00e0 ces r\u00e9gimes. Cette double posture, entre d\u00e9fense de la Palestine et complicit\u00e9 dans les violences au Sahel, interroge sur l\u2019hypocrisie du discours g\u00e9opolitique.<\/p>\n\n\n\n<p class=\"\">Les alliances strat\u00e9giques au Sahel, justifi\u00e9es par la lutte contre les groupes arm\u00e9s, se traduisent souvent par le sacrifice de populations civiles.<\/p>\n\n\n\n<p class=\"\">Les ONG humanitaires, bien qu\u2019essentielles dans ces contextes, se voient parfois refuser l\u2019acc\u00e8s aux zones les plus touch\u00e9es, aggravant encore les souffrances.<\/p>\n\n\n\n<p class=\"\"><strong>Les enfants : premi\u00e8res victimes de la violence.<\/strong><\/p>\n\n\n\n<figure class=\"wp-block-image size-large\"><img data-recalc-dims=\"1\" loading=\"lazy\" decoding=\"async\" width=\"802\" height=\"1024\" src=\"https:\/\/i0.wp.com\/freeazawad.com\/wp-content\/uploads\/2025\/01\/IMG_5452.jpg?resize=802%2C1024&#038;ssl=1\" alt=\"\" class=\"wp-image-1008\" srcset=\"https:\/\/i0.wp.com\/freeazawad.com\/wp-content\/uploads\/2025\/01\/IMG_5452.jpg?resize=802%2C1024&amp;ssl=1 802w, https:\/\/i0.wp.com\/freeazawad.com\/wp-content\/uploads\/2025\/01\/IMG_5452.jpg?resize=235%2C300&amp;ssl=1 235w, https:\/\/i0.wp.com\/freeazawad.com\/wp-content\/uploads\/2025\/01\/IMG_5452.jpg?resize=768%2C981&amp;ssl=1 768w, https:\/\/i0.wp.com\/freeazawad.com\/wp-content\/uploads\/2025\/01\/IMG_5452.jpg?resize=1203%2C1536&amp;ssl=1 1203w, https:\/\/i0.wp.com\/freeazawad.com\/wp-content\/uploads\/2025\/01\/IMG_5452.jpg?w=1241&amp;ssl=1 1241w\" sizes=\"auto, (max-width: 802px) 100vw, 802px\" \/><\/figure>\n\n\n\n<p class=\"\"><em>Bless\u00e9s par les drones Wagner et Fama \u2013 et la Turquie, puisqu\u2019ils vendent ces drones aux autorit\u00e9s maliennes sachant pertinemment qu\u2019elles les utilisent pour tuer et blesser des civils, y compris des enfants comme ce gar\u00e7on.<\/em><\/p>\n\n\n\n<p class=\"\">Les cons\u00e9quences pour les enfants de l\u2019Azawad sont d\u00e9sastreuses.<\/p>\n\n\n\n<p class=\"\">Priv\u00e9s d\u2019acc\u00e8s \u00e0 l\u2019\u00e9ducation, expos\u00e9s aux traumatismes de la guerre, ils sont condamn\u00e9s \u00e0 grandir dans un environnement o\u00f9 r\u00e8gnent la peur et l\u2019ins\u00e9curit\u00e9. Les h\u00f4pitaux d\u00e9truits et le blocus des ONG emp\u00eachent toute assistance. Chaque enfant victime de ces violences repr\u00e9sente un avenir vol\u00e9, un r\u00eave bris\u00e9.<\/p>\n\n\n\n<p class=\"\"><strong>Une question universelle : <\/strong>\u00ab Et si c\u2019\u00e9taient vos enfants ? \u00bb<\/p>\n\n\n\n<figure class=\"wp-block-image size-full\"><img data-recalc-dims=\"1\" loading=\"lazy\" decoding=\"async\" width=\"500\" height=\"333\" src=\"https:\/\/i0.wp.com\/freeazawad.com\/wp-content\/uploads\/2025\/01\/444928316_122156822822062992_4023125501180546634_n.jpg?resize=500%2C333&#038;ssl=1\" alt=\"\" class=\"wp-image-1448\" srcset=\"https:\/\/i0.wp.com\/freeazawad.com\/wp-content\/uploads\/2025\/01\/444928316_122156822822062992_4023125501180546634_n.jpg?w=500&amp;ssl=1 500w, https:\/\/i0.wp.com\/freeazawad.com\/wp-content\/uploads\/2025\/01\/444928316_122156822822062992_4023125501180546634_n.jpg?resize=300%2C200&amp;ssl=1 300w\" sizes=\"auto, (max-width: 500px) 100vw, 500px\" \/><\/figure>\n\n\n\n<p class=\"\">Cette simple question r\u00e9v\u00e8le l\u2019ampleur de l\u2019indiff\u00e9rence internationale.<\/p>\n\n\n\n<p class=\"\">Face \u00e0 ces injustices, la communaut\u00e9 internationale semble souvent fermer les yeux. Pourtant, les enfants de l\u2019Azawad ne sont pas diff\u00e9rents de ceux du reste du monde.<\/p>\n\n\n\n<p class=\"\">Ils aspirent \u00e0 une vie paisible, \u00e0 l\u2019\u00e9ducation et \u00e0 des opportunit\u00e9s pour un avenir meilleur.<\/p>\n\n\n\n<p class=\"\"><strong>Quels chemins pour esp\u00e9rer ?<\/strong><\/p>\n\n\n\n<p class=\"\">Pour mettre fin \u00e0 cette trag\u00e9die, plusieurs actions sont n\u00e9cessaires :<\/p>\n\n\n\n<p class=\"\"><strong>Plaidoyer international : <\/strong>Sensibiliser les organisations internationales et les gouvernements \u00e0 s\u2019engager \u00e0 prot\u00e9ger les populations civiles.<\/p>\n\n\n\n<p class=\"\"><strong>Acc\u00e8s aux ONG : <\/strong>Lever les interdictions qui emp\u00eachent les organisations humanitaires de fournir une aide vitale.<\/p>\n\n\n\n<p class=\"\"><strong>Mobilisation des populations : <\/strong>Encourager la solidarit\u00e9 entre les populations du monde entier pour faire pression sur les dirigeants et exiger justice.<\/p>\n\n\n\n<p class=\"\">L\u2019Azawad et le Sahel ne peuvent \u00eatre abandonn\u00e9s. Le sort des enfants de ces r\u00e9gions interpelle l\u2019humanit\u00e9 enti\u00e8re. Ces enfants m\u00e9ritent qu\u2019on leur offre la possibilit\u00e9 d\u2019un avenir, loin des bombes, de la peur et de la r\u00e9pression.<\/p>\n\n\n\n<p class=\"\">Refuser de les voir, c'est accepter que ce drame puisse se reproduire ailleurs. L'urgence est l\u00e0, la responsabilit\u00e9 est collective.<\/p>\n\n\n\n<p class=\"\">Alyad N Toumast<\/p>\n\n\n\n<p class=\"\">20-11-24<\/p>\n\n\n\n<hr class=\"is-style-wide wp-block-separator has-alpha-channel-opacity\"\/>\n\n\n\n<div style=\"height:23px\" aria-hidden=\"true\" class=\"wp-block-spacer\"><\/div>\n\n\n\n<p class=\"has-text-align-center has-link-color wp-elements-bbc451ac11c6172b04f7e896fe0623f8\"><a href=\"https:\/\/freeazawad.com\/fr\/\">PAGE  D\u00b4ACCUEIL<\/a><\/p>\n\n\n\n<p class=\"has-text-align-left\"><\/p>","protected":false},"excerpt":{"rendered":"<p>Dans les vastes \u00e9tendues d\u00e9sertiques de l'Azawad et du Sahel, une trag\u00e9die silencieuse se d\u00e9roule, marqu\u00e9e par des bombardements aveugles, des populations d\u00e9plac\u00e9es et des vies bris\u00e9es. Les enfants, symboles d'avenir et d'espoir, sont parmi les premi\u00e8res victimes de cette violence aveugle. Leur sort est un appel : et s'ils \u00e9taient nos enfants ?<\/p>","protected":false},"author":1,"featured_media":0,"parent":0,"menu_order":0,"comment_status":"closed","ping_status":"closed","template":"","meta":{"nf_dc_page":"","_monsterinsights_skip_tracking":false,"_monsterinsights_sitenote_active":false,"_monsterinsights_sitenote_note":"","_monsterinsights_sitenote_category":0,"advanced_seo_description":"","jetpack_seo_html_title":"","jetpack_seo_noindex":false,"footnotes":""},"class_list":["post-1442","page","type-page","status-publish","hentry"],"jetpack_sharing_enabled":true,"_links":{"self":[{"href":"https:\/\/freeazawad.com\/fr\/wp-json\/wp\/v2\/pages\/1442","targetHints":{"allow":["GET"]}}],"collection":[{"href":"https:\/\/freeazawad.com\/fr\/wp-json\/wp\/v2\/pages"}],"about":[{"href":"https:\/\/freeazawad.com\/fr\/wp-json\/wp\/v2\/types\/page"}],"author":[{"embeddable":true,"href":"https:\/\/freeazawad.com\/fr\/wp-json\/wp\/v2\/users\/1"}],"replies":[{"embeddable":true,"href":"https:\/\/freeazawad.com\/fr\/wp-json\/wp\/v2\/comments?post=1442"}],"version-history":[{"count":20,"href":"https:\/\/freeazawad.com\/fr\/wp-json\/wp\/v2\/pages\/1442\/revisions"}],"predecessor-version":[{"id":4042,"href":"https:\/\/freeazawad.com\/fr\/wp-json\/wp\/v2\/pages\/1442\/revisions\/4042"}],"wp:attachment":[{"href":"https:\/\/freeazawad.com\/fr\/wp-json\/wp\/v2\/media?parent=1442"}],"curies":[{"name":"wp","href":"https:\/\/api.w.org\/{rel}","templated":true}]}}