{"id":1935,"date":"2025-01-26T23:27:50","date_gmt":"2025-01-26T23:27:50","guid":{"rendered":"https:\/\/freeazawad.com\/?page_id=1935"},"modified":"2025-05-22T15:55:21","modified_gmt":"2025-05-22T15:55:21","slug":"la-marche-vers-la-liberte-de-lazawad-est-un-chemin-long-et-epineux","status":"publish","type":"page","link":"https:\/\/freeazawad.com\/fr\/la-marche-vers-la-liberte-de-lazawad-est-un-chemin-long-et-epineux\/","title":{"rendered":"LA MARCHE VERS LA LIBERTE DE L'AZAWAD EST UN CHEMIN LONG ET EPINEUX"},"content":{"rendered":"<figure class=\"wp-block-image size-large\"><img data-recalc-dims=\"1\" loading=\"lazy\" decoding=\"async\" width=\"1024\" height=\"541\" src=\"https:\/\/i0.wp.com\/freeazawad.com\/wp-content\/uploads\/2025\/01\/17-01-2024.jpg?resize=1024%2C541&#038;ssl=1\" alt=\"\" class=\"wp-image-1937\" srcset=\"https:\/\/i0.wp.com\/freeazawad.com\/wp-content\/uploads\/2025\/01\/17-01-2024.jpg?resize=1024%2C541&amp;ssl=1 1024w, https:\/\/i0.wp.com\/freeazawad.com\/wp-content\/uploads\/2025\/01\/17-01-2024.jpg?resize=300%2C158&amp;ssl=1 300w, https:\/\/i0.wp.com\/freeazawad.com\/wp-content\/uploads\/2025\/01\/17-01-2024.jpg?resize=768%2C405&amp;ssl=1 768w, https:\/\/i0.wp.com\/freeazawad.com\/wp-content\/uploads\/2025\/01\/17-01-2024.jpg?resize=1536%2C811&amp;ssl=1 1536w, https:\/\/i0.wp.com\/freeazawad.com\/wp-content\/uploads\/2025\/01\/17-01-2024.jpg?resize=18%2C10&amp;ssl=1 18w, https:\/\/i0.wp.com\/freeazawad.com\/wp-content\/uploads\/2025\/01\/17-01-2024.jpg?w=2048&amp;ssl=1 2048w\" sizes=\"auto, (max-width: 1000px) 100vw, 1000px\" \/><\/figure>\n\n\n\n<p class=\"\">La marche vers la libert\u00e9 pour l'Azawad est un chemin long et \u00e9pineux, mais ce chemin m\u00e8ne finalement et in\u00e9vitablement \u00e0 l'ind\u00e9pendance, quoi qu'ils fassent pour essayer de l'arr\u00eater. L'histoire se souviendra des courageux Lions du d\u00e9sert de l'Azawad. L'histoire se souviendra du sacrifice et de la r\u00e9silience, de la bravoure et de la combativit\u00e9. <\/p>\n\n\n\n<p class=\"\">Si Dieu le veut, il y aura un jour glorieux o\u00f9 le soleil brillera sur le drapeau national de l'\u00c9tat ind\u00e9pendant de l'Azawad. Une r\u00e9volution qui roule continuera \u00e0 rouler ! <\/p>\n\n\n\n<p class=\"\">Ils peuvent tuer les r\u00e9volutionnaires mais pas la r\u00e9volution, et cette r\u00e9volution roule comme une \"boule de neige\" dans le d\u00e9sert... ou peut-\u00eatre une \"boule de sable\" .... ?<\/p>\n\n\n\n<p class=\"\">Aidez et soutenez le peuple courageux et r\u00e9sistant de l'Azawad !<\/p>\n\n\n\n<blockquote class=\"wp-block-quote is-layout-flow wp-block-quote-is-layout-flow\">\n<p class=\"\">La route est longue, mais la volont\u00e9 l'est encore plus. Et la cause continue.<\/p>\n\n\n\n<p class=\"\">Ag Pala<\/p>\n<\/blockquote>\n\n\n\n<p class=\"\">Groupe de Soutien Azawad 27-01-25<\/p>\n\n\n\n<hr class=\"is-style-wide wp-block-separator has-alpha-channel-opacity\"\/>\n\n\n\n<div style=\"height:23px\" aria-hidden=\"true\" class=\"wp-block-spacer\"><\/div>\n\n\n\n<p class=\"\"><\/p>\n\n\n\n<p class=\"has-text-align-center\"><a href=\"https:\/\/freeazawad.com\/fr\/\">PAGE  D\u00b4ACCUEIL<\/a><\/p>","protected":false},"excerpt":{"rendered":"<p>La marche vers la libert\u00e9 pour l'Azawad est un chemin long et \u00e9pineux, mais ce chemin m\u00e8ne finalement et in\u00e9vitablement \u00e0 l'ind\u00e9pendance, quoi qu'ils fassent pour essayer de l'arr\u00eater. L'histoire se souviendra des courageux Lions du d\u00e9sert de l'Azawad. L'histoire se souviendra du sacrifice et de la r\u00e9silience, de la bravoure et de la combativit\u00e9.<\/p>","protected":false},"author":1,"featured_media":0,"parent":0,"menu_order":0,"comment_status":"closed","ping_status":"closed","template":"","meta":{"nf_dc_page":"","_monsterinsights_skip_tracking":false,"_monsterinsights_sitenote_active":false,"_monsterinsights_sitenote_note":"","_monsterinsights_sitenote_category":0,"advanced_seo_description":"","jetpack_seo_html_title":"","jetpack_seo_noindex":false,"footnotes":""},"class_list":["post-1935","page","type-page","status-publish","hentry"],"jetpack_sharing_enabled":true,"_links":{"self":[{"href":"https:\/\/freeazawad.com\/fr\/wp-json\/wp\/v2\/pages\/1935","targetHints":{"allow":["GET"]}}],"collection":[{"href":"https:\/\/freeazawad.com\/fr\/wp-json\/wp\/v2\/pages"}],"about":[{"href":"https:\/\/freeazawad.com\/fr\/wp-json\/wp\/v2\/types\/page"}],"author":[{"embeddable":true,"href":"https:\/\/freeazawad.com\/fr\/wp-json\/wp\/v2\/users\/1"}],"replies":[{"embeddable":true,"href":"https:\/\/freeazawad.com\/fr\/wp-json\/wp\/v2\/comments?post=1935"}],"version-history":[{"count":15,"href":"https:\/\/freeazawad.com\/fr\/wp-json\/wp\/v2\/pages\/1935\/revisions"}],"predecessor-version":[{"id":6009,"href":"https:\/\/freeazawad.com\/fr\/wp-json\/wp\/v2\/pages\/1935\/revisions\/6009"}],"wp:attachment":[{"href":"https:\/\/freeazawad.com\/fr\/wp-json\/wp\/v2\/media?parent=1935"}],"curies":[{"name":"wp","href":"https:\/\/api.w.org\/{rel}","templated":true}]}}