{"id":2137,"date":"2025-01-26T23:26:51","date_gmt":"2025-01-26T23:26:51","guid":{"rendered":"https:\/\/freeazawad.com\/?page_id=2137"},"modified":"2025-10-15T00:54:06","modified_gmt":"2025-10-15T00:54:06","slug":"la-politique-de-la-terre-brulee","status":"publish","type":"page","link":"https:\/\/freeazawad.com\/fr\/la-politique-de-la-terre-brulee\/","title":{"rendered":"LA POLITIQUE DE LA TERRE BR\u00dbL\u00c9E"},"content":{"rendered":"<figure class=\"wp-block-gallery has-nested-images columns-default is-cropped wp-block-gallery-1 is-layout-flex wp-block-gallery-is-layout-flex\">\n<figure class=\"wp-block-image size-large\"><img data-recalc-dims=\"1\" loading=\"lazy\" decoding=\"async\" width=\"405\" height=\"631\" data-id=\"2138\" src=\"https:\/\/i0.wp.com\/freeazawad.com\/wp-content\/uploads\/2025\/01\/BURNING-EARTH-3.jpg?resize=405%2C631&#038;ssl=1\" alt=\"\" class=\"wp-image-2138\" srcset=\"https:\/\/i0.wp.com\/freeazawad.com\/wp-content\/uploads\/2025\/01\/BURNING-EARTH-3.jpg?w=405&amp;ssl=1 405w, https:\/\/i0.wp.com\/freeazawad.com\/wp-content\/uploads\/2025\/01\/BURNING-EARTH-3.jpg?resize=193%2C300&amp;ssl=1 193w, https:\/\/i0.wp.com\/freeazawad.com\/wp-content\/uploads\/2025\/01\/BURNING-EARTH-3.jpg?resize=8%2C12&amp;ssl=1 8w\" sizes=\"auto, (max-width: 405px) 100vw, 405px\" \/><\/figure>\n\n\n\n<figure class=\"wp-block-image size-large\"><img data-recalc-dims=\"1\" loading=\"lazy\" decoding=\"async\" width=\"777\" height=\"1024\" data-id=\"2139\" src=\"https:\/\/i0.wp.com\/freeazawad.com\/wp-content\/uploads\/2025\/01\/Burnt-house-2.jpg?resize=777%2C1024&#038;ssl=1\" alt=\"\" class=\"wp-image-2139\" srcset=\"https:\/\/i0.wp.com\/freeazawad.com\/wp-content\/uploads\/2025\/01\/Burnt-house-2.jpg?resize=777%2C1024&amp;ssl=1 777w, https:\/\/i0.wp.com\/freeazawad.com\/wp-content\/uploads\/2025\/01\/Burnt-house-2.jpg?resize=228%2C300&amp;ssl=1 228w, https:\/\/i0.wp.com\/freeazawad.com\/wp-content\/uploads\/2025\/01\/Burnt-house-2.jpg?resize=768%2C1012&amp;ssl=1 768w, https:\/\/i0.wp.com\/freeazawad.com\/wp-content\/uploads\/2025\/01\/Burnt-house-2.jpg?resize=1166%2C1536&amp;ssl=1 1166w, https:\/\/i0.wp.com\/freeazawad.com\/wp-content\/uploads\/2025\/01\/Burnt-house-2.jpg?resize=9%2C12&amp;ssl=1 9w, https:\/\/i0.wp.com\/freeazawad.com\/wp-content\/uploads\/2025\/01\/Burnt-house-2.jpg?w=1181&amp;ssl=1 1181w\" sizes=\"auto, (max-width: 777px) 100vw, 777px\" \/><\/figure>\n\n\n\n<figure class=\"wp-block-image size-large\"><img data-recalc-dims=\"1\" loading=\"lazy\" decoding=\"async\" width=\"1024\" height=\"821\" data-id=\"2140\" src=\"https:\/\/i0.wp.com\/freeazawad.com\/wp-content\/uploads\/2025\/01\/GbZG7rSa8AAm9W6.jpeg?resize=1024%2C821&#038;ssl=1\" alt=\"\" class=\"wp-image-2140\" srcset=\"https:\/\/i0.wp.com\/freeazawad.com\/wp-content\/uploads\/2025\/01\/GbZG7rSa8AAm9W6.jpeg?resize=1024%2C821&amp;ssl=1 1024w, https:\/\/i0.wp.com\/freeazawad.com\/wp-content\/uploads\/2025\/01\/GbZG7rSa8AAm9W6.jpeg?resize=300%2C241&amp;ssl=1 300w, https:\/\/i0.wp.com\/freeazawad.com\/wp-content\/uploads\/2025\/01\/GbZG7rSa8AAm9W6.jpeg?resize=768%2C616&amp;ssl=1 768w, https:\/\/i0.wp.com\/freeazawad.com\/wp-content\/uploads\/2025\/01\/GbZG7rSa8AAm9W6.jpeg?resize=15%2C12&amp;ssl=1 15w, https:\/\/i0.wp.com\/freeazawad.com\/wp-content\/uploads\/2025\/01\/GbZG7rSa8AAm9W6.jpeg?w=1170&amp;ssl=1 1170w\" sizes=\"auto, (max-width: 1000px) 100vw, 1000px\" \/><\/figure>\n<\/figure>\n\n\n\n<p class=\"\">La politique de la terre br\u00fbl\u00e9e est une strat\u00e9gie militaire dont l'objectif est de d\u00e9truire tout ce qui pourrait \u00eatre utile \u00e0 l'ennemi pendant qu'il traverse ou fuit un endroit. Tout ce qui peut \u00eatre utile \u00e0 l'ennemi peut \u00eatre vis\u00e9, par exemple les sources de nourriture, les r\u00e9serves d'eau, les transports, les communications, les ressources industrielles, voire les populations locales elles-m\u00eames. (Wikipedia)<\/p>\n\n\n\n<p class=\"\">La politique de la terre br\u00fbl\u00e9e est exactement ce que Fama et Wagner font dans l'Azawad, ciblant une population civile enti\u00e8re dans un g\u00e9nocide, en les for\u00e7ant \u00e0 quitter leur terre ancestrale et en les obligeant \u00e0 fuir, ils tuent, br\u00fblent et d\u00e9truisent, \u00e0 la fois les personnes, les animaux et les arbres.<\/p>\n\n\n\n<p class=\"\">Ils ne font preuve d'aucune piti\u00e9 et coupent la t\u00eate des gens partout, ils coupent la t\u00eate des animaux aussi, ils volent la viande, certains d'entre eux ont m\u00eame recours au cannibalisme... ce qui fait que les ressortissants \u00e9trangers \u00e0 l'\u00e9tranger, jusqu'en Am\u00e9rique du Sud, se demandent s'ils sont tellement affam\u00e9s et en manque de prot\u00e9ines qu'ils deviennent comme une horde de zombies barbares s'adonnant \u00e0 des rituels pa\u00efens pour obtenir des prot\u00e9ines gratuites.<\/p>\n\n\n\n<p class=\"\">Ils volent tout dans les maisons et les magasins, ils br\u00fblent les maisons et les arbres, ils n'\u00e9pargnent m\u00eame pas la nature, ha\u00efssant la cr\u00e9ation de Dieu.<\/p>\n\n\n\n<p class=\"\">Ils attaquent des civils innocents avec des drones, y compris des civils d'autres pays s'ils se trouvent au mauvais endroit au mauvais moment, ou m\u00eame simplement parce qu'ils se trouvent au mauvais endroit. Ils ne font aucune diff\u00e9rence entre les terroristes, les r\u00e9volutionnaires, les civils, ils ciblent tout ce qui bouge et tout ce qui ne bouge pas, et pour les civils, ils cr\u00e9ent un environnement de pure terreur. Ils font tout ce qu'ils peuvent pour essayer d'effacer tout ce qui vit dans l'Azawad.<\/p>\n\n\n\n<p class=\"\">La politique de la terre br\u00fbl\u00e9e ! Inutile de se demander si c'est l\u00e0 le vrai visage du mal. Voyons ce qu'ils font :<\/p>\n\n\n\n<figure class=\"wp-block-gallery has-nested-images columns-default is-cropped wp-block-gallery-2 is-layout-flex wp-block-gallery-is-layout-flex\">\n<figure class=\"wp-block-image size-large\"><img data-recalc-dims=\"1\" loading=\"lazy\" decoding=\"async\" width=\"560\" height=\"1024\" data-id=\"2146\" src=\"https:\/\/i0.wp.com\/freeazawad.com\/wp-content\/uploads\/2025\/01\/IMG_9754.jpg?resize=560%2C1024&#038;ssl=1\" alt=\"\" class=\"wp-image-2146\" srcset=\"https:\/\/i0.wp.com\/freeazawad.com\/wp-content\/uploads\/2025\/01\/IMG_9754.jpg?resize=560%2C1024&amp;ssl=1 560w, https:\/\/i0.wp.com\/freeazawad.com\/wp-content\/uploads\/2025\/01\/IMG_9754.jpg?resize=164%2C300&amp;ssl=1 164w, https:\/\/i0.wp.com\/freeazawad.com\/wp-content\/uploads\/2025\/01\/IMG_9754.jpg?resize=768%2C1404&amp;ssl=1 768w, https:\/\/i0.wp.com\/freeazawad.com\/wp-content\/uploads\/2025\/01\/IMG_9754.jpg?resize=840%2C1536&amp;ssl=1 840w, https:\/\/i0.wp.com\/freeazawad.com\/wp-content\/uploads\/2025\/01\/IMG_9754.jpg?resize=1120%2C2048&amp;ssl=1 1120w, https:\/\/i0.wp.com\/freeazawad.com\/wp-content\/uploads\/2025\/01\/IMG_9754.jpg?resize=7%2C12&amp;ssl=1 7w, https:\/\/i0.wp.com\/freeazawad.com\/wp-content\/uploads\/2025\/01\/IMG_9754.jpg?w=1242&amp;ssl=1 1242w\" sizes=\"auto, (max-width: 560px) 100vw, 560px\" \/><\/figure>\n\n\n\n<figure class=\"wp-block-image size-large\"><img data-recalc-dims=\"1\" loading=\"lazy\" decoding=\"async\" width=\"613\" height=\"1024\" data-id=\"2145\" src=\"https:\/\/i0.wp.com\/freeazawad.com\/wp-content\/uploads\/2025\/01\/IMG_9755.jpg?resize=613%2C1024&#038;ssl=1\" alt=\"\" class=\"wp-image-2145\" srcset=\"https:\/\/i0.wp.com\/freeazawad.com\/wp-content\/uploads\/2025\/01\/IMG_9755.jpg?resize=613%2C1024&amp;ssl=1 613w, https:\/\/i0.wp.com\/freeazawad.com\/wp-content\/uploads\/2025\/01\/IMG_9755.jpg?resize=180%2C300&amp;ssl=1 180w, https:\/\/i0.wp.com\/freeazawad.com\/wp-content\/uploads\/2025\/01\/IMG_9755.jpg?resize=768%2C1282&amp;ssl=1 768w, https:\/\/i0.wp.com\/freeazawad.com\/wp-content\/uploads\/2025\/01\/IMG_9755.jpg?resize=920%2C1536&amp;ssl=1 920w, https:\/\/i0.wp.com\/freeazawad.com\/wp-content\/uploads\/2025\/01\/IMG_9755.jpg?resize=1227%2C2048&amp;ssl=1 1227w, https:\/\/i0.wp.com\/freeazawad.com\/wp-content\/uploads\/2025\/01\/IMG_9755.jpg?resize=7%2C12&amp;ssl=1 7w, https:\/\/i0.wp.com\/freeazawad.com\/wp-content\/uploads\/2025\/01\/IMG_9755.jpg?w=1241&amp;ssl=1 1241w\" sizes=\"auto, (max-width: 613px) 100vw, 613px\" \/><\/figure>\n<\/figure>\n\n\n\n<figure class=\"wp-block-gallery has-nested-images columns-default is-cropped wp-block-gallery-3 is-layout-flex wp-block-gallery-is-layout-flex\">\n<figure class=\"wp-block-image size-large\"><img data-recalc-dims=\"1\" loading=\"lazy\" decoding=\"async\" width=\"812\" height=\"1024\" data-id=\"2150\" src=\"https:\/\/i0.wp.com\/freeazawad.com\/wp-content\/uploads\/2025\/01\/IMG_9844.jpg?resize=812%2C1024&#038;ssl=1\" alt=\"\" class=\"wp-image-2150\" srcset=\"https:\/\/i0.wp.com\/freeazawad.com\/wp-content\/uploads\/2025\/01\/IMG_9844.jpg?resize=812%2C1024&amp;ssl=1 812w, https:\/\/i0.wp.com\/freeazawad.com\/wp-content\/uploads\/2025\/01\/IMG_9844.jpg?resize=238%2C300&amp;ssl=1 238w, https:\/\/i0.wp.com\/freeazawad.com\/wp-content\/uploads\/2025\/01\/IMG_9844.jpg?resize=768%2C969&amp;ssl=1 768w, https:\/\/i0.wp.com\/freeazawad.com\/wp-content\/uploads\/2025\/01\/IMG_9844.jpg?resize=1217%2C1536&amp;ssl=1 1217w, https:\/\/i0.wp.com\/freeazawad.com\/wp-content\/uploads\/2025\/01\/IMG_9844.jpg?resize=10%2C12&amp;ssl=1 10w, https:\/\/i0.wp.com\/freeazawad.com\/wp-content\/uploads\/2025\/01\/IMG_9844.jpg?w=1242&amp;ssl=1 1242w\" sizes=\"auto, (max-width: 812px) 100vw, 812px\" \/><\/figure>\n\n\n\n<figure class=\"wp-block-image size-large\"><img data-recalc-dims=\"1\" loading=\"lazy\" decoding=\"async\" width=\"1024\" height=\"1007\" data-id=\"2148\" src=\"https:\/\/i0.wp.com\/freeazawad.com\/wp-content\/uploads\/2025\/01\/IMG_9845.jpg?resize=1024%2C1007&#038;ssl=1\" alt=\"\" class=\"wp-image-2148\" srcset=\"https:\/\/i0.wp.com\/freeazawad.com\/wp-content\/uploads\/2025\/01\/IMG_9845.jpg?resize=1024%2C1007&amp;ssl=1 1024w, https:\/\/i0.wp.com\/freeazawad.com\/wp-content\/uploads\/2025\/01\/IMG_9845.jpg?resize=300%2C295&amp;ssl=1 300w, https:\/\/i0.wp.com\/freeazawad.com\/wp-content\/uploads\/2025\/01\/IMG_9845.jpg?resize=768%2C755&amp;ssl=1 768w, https:\/\/i0.wp.com\/freeazawad.com\/wp-content\/uploads\/2025\/01\/IMG_9845.jpg?resize=12%2C12&amp;ssl=1 12w, https:\/\/i0.wp.com\/freeazawad.com\/wp-content\/uploads\/2025\/01\/IMG_9845.jpg?w=1242&amp;ssl=1 1242w\" sizes=\"auto, (max-width: 1000px) 100vw, 1000px\" \/><\/figure>\n\n\n\n<figure class=\"wp-block-image size-large\"><img data-recalc-dims=\"1\" loading=\"lazy\" decoding=\"async\" width=\"1024\" height=\"1010\" data-id=\"2149\" src=\"https:\/\/i0.wp.com\/freeazawad.com\/wp-content\/uploads\/2025\/01\/IMG_9847.jpg?resize=1024%2C1010&#038;ssl=1\" alt=\"\" class=\"wp-image-2149\" srcset=\"https:\/\/i0.wp.com\/freeazawad.com\/wp-content\/uploads\/2025\/01\/IMG_9847.jpg?resize=1024%2C1010&amp;ssl=1 1024w, https:\/\/i0.wp.com\/freeazawad.com\/wp-content\/uploads\/2025\/01\/IMG_9847.jpg?resize=300%2C296&amp;ssl=1 300w, https:\/\/i0.wp.com\/freeazawad.com\/wp-content\/uploads\/2025\/01\/IMG_9847.jpg?resize=768%2C757&amp;ssl=1 768w, https:\/\/i0.wp.com\/freeazawad.com\/wp-content\/uploads\/2025\/01\/IMG_9847.jpg?resize=12%2C12&amp;ssl=1 12w, https:\/\/i0.wp.com\/freeazawad.com\/wp-content\/uploads\/2025\/01\/IMG_9847.jpg?w=1242&amp;ssl=1 1242w\" sizes=\"auto, (max-width: 1000px) 100vw, 1000px\" \/><\/figure>\n\n\n\n<figure class=\"wp-block-image size-large\"><img data-recalc-dims=\"1\" loading=\"lazy\" decoding=\"async\" width=\"1024\" height=\"993\" data-id=\"2152\" src=\"https:\/\/i0.wp.com\/freeazawad.com\/wp-content\/uploads\/2025\/01\/IMG_9848.jpg?resize=1024%2C993&#038;ssl=1\" alt=\"\" class=\"wp-image-2152\" srcset=\"https:\/\/i0.wp.com\/freeazawad.com\/wp-content\/uploads\/2025\/01\/IMG_9848.jpg?resize=1024%2C993&amp;ssl=1 1024w, https:\/\/i0.wp.com\/freeazawad.com\/wp-content\/uploads\/2025\/01\/IMG_9848.jpg?resize=300%2C291&amp;ssl=1 300w, https:\/\/i0.wp.com\/freeazawad.com\/wp-content\/uploads\/2025\/01\/IMG_9848.jpg?resize=768%2C745&amp;ssl=1 768w, https:\/\/i0.wp.com\/freeazawad.com\/wp-content\/uploads\/2025\/01\/IMG_9848.jpg?resize=12%2C12&amp;ssl=1 12w, https:\/\/i0.wp.com\/freeazawad.com\/wp-content\/uploads\/2025\/01\/IMG_9848.jpg?w=1241&amp;ssl=1 1241w\" sizes=\"auto, (max-width: 1000px) 100vw, 1000px\" \/><\/figure>\n\n\n\n<figure class=\"wp-block-image size-large\"><img data-recalc-dims=\"1\" loading=\"lazy\" decoding=\"async\" width=\"815\" height=\"1024\" data-id=\"2151\" src=\"https:\/\/i0.wp.com\/freeazawad.com\/wp-content\/uploads\/2025\/01\/IMG_9849.jpg?resize=815%2C1024&#038;ssl=1\" alt=\"\" class=\"wp-image-2151\" srcset=\"https:\/\/i0.wp.com\/freeazawad.com\/wp-content\/uploads\/2025\/01\/IMG_9849.jpg?resize=815%2C1024&amp;ssl=1 815w, https:\/\/i0.wp.com\/freeazawad.com\/wp-content\/uploads\/2025\/01\/IMG_9849.jpg?resize=239%2C300&amp;ssl=1 239w, https:\/\/i0.wp.com\/freeazawad.com\/wp-content\/uploads\/2025\/01\/IMG_9849.jpg?resize=768%2C965&amp;ssl=1 768w, https:\/\/i0.wp.com\/freeazawad.com\/wp-content\/uploads\/2025\/01\/IMG_9849.jpg?resize=1222%2C1536&amp;ssl=1 1222w, https:\/\/i0.wp.com\/freeazawad.com\/wp-content\/uploads\/2025\/01\/IMG_9849.jpg?resize=10%2C12&amp;ssl=1 10w, https:\/\/i0.wp.com\/freeazawad.com\/wp-content\/uploads\/2025\/01\/IMG_9849.jpg?w=1242&amp;ssl=1 1242w\" sizes=\"auto, (max-width: 815px) 100vw, 815px\" \/><\/figure>\n\n\n\n<figure class=\"wp-block-image size-large\"><img data-recalc-dims=\"1\" loading=\"lazy\" decoding=\"async\" width=\"625\" height=\"1024\" data-id=\"2147\" src=\"https:\/\/i0.wp.com\/freeazawad.com\/wp-content\/uploads\/2025\/01\/IMG_9850.jpg?resize=625%2C1024&#038;ssl=1\" alt=\"\" class=\"wp-image-2147\" srcset=\"https:\/\/i0.wp.com\/freeazawad.com\/wp-content\/uploads\/2025\/01\/IMG_9850.jpg?resize=625%2C1024&amp;ssl=1 625w, https:\/\/i0.wp.com\/freeazawad.com\/wp-content\/uploads\/2025\/01\/IMG_9850.jpg?resize=183%2C300&amp;ssl=1 183w, https:\/\/i0.wp.com\/freeazawad.com\/wp-content\/uploads\/2025\/01\/IMG_9850.jpg?resize=768%2C1258&amp;ssl=1 768w, https:\/\/i0.wp.com\/freeazawad.com\/wp-content\/uploads\/2025\/01\/IMG_9850.jpg?resize=938%2C1536&amp;ssl=1 938w, https:\/\/i0.wp.com\/freeazawad.com\/wp-content\/uploads\/2025\/01\/IMG_9850.jpg?resize=7%2C12&amp;ssl=1 7w, https:\/\/i0.wp.com\/freeazawad.com\/wp-content\/uploads\/2025\/01\/IMG_9850.jpg?w=1242&amp;ssl=1 1242w\" sizes=\"auto, (max-width: 625px) 100vw, 625px\" \/><\/figure>\n<\/figure>\n\n\n\n<p class=\"\">Et pendant qu'ils se prom\u00e8nent dans les villages pauvres de l'Azawad et font ces choses et plus encore, ils traitent les combattants de la libert\u00e9 de l'Azawad et toute la population de l'Azawad de \"terroristes\", leur hypocrisie pue jusqu'aux confins de la terre et jusqu'\u00e0 Dieu.<\/p>\n\n\n\n<figure class=\"wp-block-gallery has-nested-images columns-default is-cropped wp-block-gallery-4 is-layout-flex wp-block-gallery-is-layout-flex\">\n<figure class=\"wp-block-image size-large\"><img data-recalc-dims=\"1\" loading=\"lazy\" decoding=\"async\" width=\"417\" height=\"616\" data-id=\"2156\" src=\"https:\/\/i0.wp.com\/freeazawad.com\/wp-content\/uploads\/2025\/01\/BURNING-EARTH-0.jpg?resize=417%2C616&#038;ssl=1\" alt=\"\" class=\"wp-image-2156\" srcset=\"https:\/\/i0.wp.com\/freeazawad.com\/wp-content\/uploads\/2025\/01\/BURNING-EARTH-0.jpg?w=417&amp;ssl=1 417w, https:\/\/i0.wp.com\/freeazawad.com\/wp-content\/uploads\/2025\/01\/BURNING-EARTH-0.jpg?resize=203%2C300&amp;ssl=1 203w, https:\/\/i0.wp.com\/freeazawad.com\/wp-content\/uploads\/2025\/01\/BURNING-EARTH-0.jpg?resize=8%2C12&amp;ssl=1 8w\" sizes=\"auto, (max-width: 417px) 100vw, 417px\" \/><\/figure>\n\n\n\n<figure class=\"wp-block-image size-large\"><img data-recalc-dims=\"1\" loading=\"lazy\" decoding=\"async\" width=\"413\" height=\"597\" data-id=\"2154\" src=\"https:\/\/i0.wp.com\/freeazawad.com\/wp-content\/uploads\/2025\/01\/BURNING-EARTH-2.jpg?resize=413%2C597&#038;ssl=1\" alt=\"\" class=\"wp-image-2154\" srcset=\"https:\/\/i0.wp.com\/freeazawad.com\/wp-content\/uploads\/2025\/01\/BURNING-EARTH-2.jpg?w=413&amp;ssl=1 413w, https:\/\/i0.wp.com\/freeazawad.com\/wp-content\/uploads\/2025\/01\/BURNING-EARTH-2.jpg?resize=208%2C300&amp;ssl=1 208w, https:\/\/i0.wp.com\/freeazawad.com\/wp-content\/uploads\/2025\/01\/BURNING-EARTH-2.jpg?resize=8%2C12&amp;ssl=1 8w\" sizes=\"auto, (max-width: 413px) 100vw, 413px\" \/><\/figure>\n\n\n\n<figure class=\"wp-block-image size-large\"><img data-recalc-dims=\"1\" loading=\"lazy\" decoding=\"async\" width=\"414\" height=\"605\" data-id=\"2155\" src=\"https:\/\/i0.wp.com\/freeazawad.com\/wp-content\/uploads\/2025\/01\/BURNING-EARTH-4.jpg?resize=414%2C605&#038;ssl=1\" alt=\"\" class=\"wp-image-2155\" srcset=\"https:\/\/i0.wp.com\/freeazawad.com\/wp-content\/uploads\/2025\/01\/BURNING-EARTH-4.jpg?w=414&amp;ssl=1 414w, https:\/\/i0.wp.com\/freeazawad.com\/wp-content\/uploads\/2025\/01\/BURNING-EARTH-4.jpg?resize=205%2C300&amp;ssl=1 205w, https:\/\/i0.wp.com\/freeazawad.com\/wp-content\/uploads\/2025\/01\/BURNING-EARTH-4.jpg?resize=8%2C12&amp;ssl=1 8w\" sizes=\"auto, (max-width: 414px) 100vw, 414px\" \/><\/figure>\n<\/figure>\n\n\n\n<figure class=\"wp-block-gallery has-nested-images columns-default is-cropped wp-block-gallery-5 is-layout-flex wp-block-gallery-is-layout-flex\">\n<figure class=\"wp-block-image size-large\"><img data-recalc-dims=\"1\" loading=\"lazy\" decoding=\"async\" width=\"657\" height=\"1024\" data-id=\"2234\" src=\"https:\/\/i0.wp.com\/freeazawad.com\/wp-content\/uploads\/2025\/01\/BURNING-EARTH-6.jpg?resize=657%2C1024&#038;ssl=1\" alt=\"\" class=\"wp-image-2234\" srcset=\"https:\/\/i0.wp.com\/freeazawad.com\/wp-content\/uploads\/2025\/01\/BURNING-EARTH-6.jpg?resize=657%2C1024&amp;ssl=1 657w, https:\/\/i0.wp.com\/freeazawad.com\/wp-content\/uploads\/2025\/01\/BURNING-EARTH-6.jpg?resize=193%2C300&amp;ssl=1 193w, https:\/\/i0.wp.com\/freeazawad.com\/wp-content\/uploads\/2025\/01\/BURNING-EARTH-6.jpg?resize=768%2C1197&amp;ssl=1 768w, https:\/\/i0.wp.com\/freeazawad.com\/wp-content\/uploads\/2025\/01\/BURNING-EARTH-6.jpg?resize=986%2C1536&amp;ssl=1 986w, https:\/\/i0.wp.com\/freeazawad.com\/wp-content\/uploads\/2025\/01\/BURNING-EARTH-6.jpg?resize=8%2C12&amp;ssl=1 8w, https:\/\/i0.wp.com\/freeazawad.com\/wp-content\/uploads\/2025\/01\/BURNING-EARTH-6.jpg?w=1116&amp;ssl=1 1116w\" sizes=\"auto, (max-width: 657px) 100vw, 657px\" \/><\/figure>\n\n\n\n<figure class=\"wp-block-image size-large\"><img data-recalc-dims=\"1\" loading=\"lazy\" decoding=\"async\" width=\"636\" height=\"1024\" data-id=\"2235\" src=\"https:\/\/i0.wp.com\/freeazawad.com\/wp-content\/uploads\/2025\/01\/BURNING-EARTH-8.jpg?resize=636%2C1024&#038;ssl=1\" alt=\"\" class=\"wp-image-2235\" srcset=\"https:\/\/i0.wp.com\/freeazawad.com\/wp-content\/uploads\/2025\/01\/BURNING-EARTH-8.jpg?resize=636%2C1024&amp;ssl=1 636w, https:\/\/i0.wp.com\/freeazawad.com\/wp-content\/uploads\/2025\/01\/BURNING-EARTH-8.jpg?resize=186%2C300&amp;ssl=1 186w, https:\/\/i0.wp.com\/freeazawad.com\/wp-content\/uploads\/2025\/01\/BURNING-EARTH-8.jpg?resize=768%2C1236&amp;ssl=1 768w, https:\/\/i0.wp.com\/freeazawad.com\/wp-content\/uploads\/2025\/01\/BURNING-EARTH-8.jpg?resize=954%2C1536&amp;ssl=1 954w, https:\/\/i0.wp.com\/freeazawad.com\/wp-content\/uploads\/2025\/01\/BURNING-EARTH-8.jpg?resize=7%2C12&amp;ssl=1 7w, https:\/\/i0.wp.com\/freeazawad.com\/wp-content\/uploads\/2025\/01\/BURNING-EARTH-8.jpg?w=1105&amp;ssl=1 1105w\" sizes=\"auto, (max-width: 636px) 100vw, 636px\" \/><\/figure>\n\n\n\n<figure class=\"wp-block-image size-large\"><img data-recalc-dims=\"1\" loading=\"lazy\" decoding=\"async\" width=\"592\" height=\"1024\" data-id=\"2233\" src=\"https:\/\/i0.wp.com\/freeazawad.com\/wp-content\/uploads\/2025\/01\/IMG_3579.jpg?resize=592%2C1024&#038;ssl=1\" alt=\"\" class=\"wp-image-2233\" srcset=\"https:\/\/i0.wp.com\/freeazawad.com\/wp-content\/uploads\/2025\/01\/IMG_3579.jpg?resize=592%2C1024&amp;ssl=1 592w, https:\/\/i0.wp.com\/freeazawad.com\/wp-content\/uploads\/2025\/01\/IMG_3579.jpg?resize=173%2C300&amp;ssl=1 173w, https:\/\/i0.wp.com\/freeazawad.com\/wp-content\/uploads\/2025\/01\/IMG_3579.jpg?resize=768%2C1329&amp;ssl=1 768w, https:\/\/i0.wp.com\/freeazawad.com\/wp-content\/uploads\/2025\/01\/IMG_3579.jpg?resize=887%2C1536&amp;ssl=1 887w, https:\/\/i0.wp.com\/freeazawad.com\/wp-content\/uploads\/2025\/01\/IMG_3579.jpg?resize=1183%2C2048&amp;ssl=1 1183w, https:\/\/i0.wp.com\/freeazawad.com\/wp-content\/uploads\/2025\/01\/IMG_3579.jpg?resize=7%2C12&amp;ssl=1 7w, https:\/\/i0.wp.com\/freeazawad.com\/wp-content\/uploads\/2025\/01\/IMG_3579.jpg?w=1242&amp;ssl=1 1242w\" sizes=\"auto, (max-width: 592px) 100vw, 592px\" \/><\/figure>\n<\/figure>\n\n\n\n<figure class=\"wp-block-image size-large\"><img data-recalc-dims=\"1\" loading=\"lazy\" decoding=\"async\" width=\"1024\" height=\"565\" src=\"https:\/\/i0.wp.com\/freeazawad.com\/wp-content\/uploads\/2025\/01\/IMG_2578.jpg?resize=1024%2C565&#038;ssl=1\" alt=\"\" class=\"wp-image-2237\" srcset=\"https:\/\/i0.wp.com\/freeazawad.com\/wp-content\/uploads\/2025\/01\/IMG_2578.jpg?resize=1024%2C565&amp;ssl=1 1024w, https:\/\/i0.wp.com\/freeazawad.com\/wp-content\/uploads\/2025\/01\/IMG_2578.jpg?resize=300%2C165&amp;ssl=1 300w, https:\/\/i0.wp.com\/freeazawad.com\/wp-content\/uploads\/2025\/01\/IMG_2578.jpg?resize=768%2C424&amp;ssl=1 768w, https:\/\/i0.wp.com\/freeazawad.com\/wp-content\/uploads\/2025\/01\/IMG_2578.jpg?resize=18%2C10&amp;ssl=1 18w, https:\/\/i0.wp.com\/freeazawad.com\/wp-content\/uploads\/2025\/01\/IMG_2578.jpg?w=1242&amp;ssl=1 1242w\" sizes=\"auto, (max-width: 1000px) 100vw, 1000px\" \/><\/figure>\n\n\n\n<figure class=\"wp-block-image size-full is-resized\"><img loading=\"lazy\" decoding=\"async\" width=\"374\" height=\"590\" src=\"https:\/\/i0.wp.com\/freeazawad.com\/wp-content\/uploads\/2025\/10\/burning-the-grass.jpg?fit=374%2C590&amp;ssl=1\" alt=\"\" class=\"wp-image-9051\" style=\"width:1022px;height:auto\" srcset=\"https:\/\/i0.wp.com\/freeazawad.com\/wp-content\/uploads\/2025\/10\/burning-the-grass.jpg?w=374&amp;ssl=1 374w, https:\/\/i0.wp.com\/freeazawad.com\/wp-content\/uploads\/2025\/10\/burning-the-grass.jpg?resize=190%2C300&amp;ssl=1 190w, https:\/\/i0.wp.com\/freeazawad.com\/wp-content\/uploads\/2025\/10\/burning-the-grass.jpg?resize=8%2C12&amp;ssl=1 8w\" sizes=\"auto, (max-width: 374px) 100vw, 374px\" \/><\/figure>\n\n\n\n<p class=\"\">C'est le d\u00e9veloppement r\u00e9alis\u00e9 par les milices maliennes et l'arm\u00e9e russe. Ils br\u00fblent tout, vert et sec.<\/p>\n\n\n\n<p class=\"\">Le peuple Azawadi souffre depuis plus de 60 ans, alors que le silence r\u00e8gne dans la r\u00e9gion.<\/p>\n\n\n\n<hr class=\"is-style-wide wp-block-separator has-alpha-channel-opacity\"\/>\n\n\n\n<div style=\"height:18px\" aria-hidden=\"true\" class=\"wp-block-spacer\"><\/div>\n\n\n\n<p class=\"has-text-align-center\"><a href=\"https:\/\/freeazawad.com\/fr\/\">PAGE  D\u00b4ACCUEIL<\/a><\/p>","protected":false},"excerpt":{"rendered":"<p>Donc\u2026 la politique de la terre br\u00fbl\u00e9e est exactement ce que Fama et Wagner font en Azawad. Mais ils ciblent une population civile enti\u00e8re dans un g\u00e9nocide, en la for\u00e7ant \u00e0 quitter sa terre ancestrale. Pour la forcer \u00e0 fuir, ils tuent, br\u00fblent et d\u00e9truisent \u00e0 la fois des gens, des animaux et des arbres.<\/p>","protected":false},"author":1,"featured_media":0,"parent":0,"menu_order":0,"comment_status":"closed","ping_status":"closed","template":"","meta":{"nf_dc_page":"","_monsterinsights_skip_tracking":false,"_monsterinsights_sitenote_active":false,"_monsterinsights_sitenote_note":"","_monsterinsights_sitenote_category":0,"advanced_seo_description":"","jetpack_seo_html_title":"","jetpack_seo_noindex":false,"footnotes":""},"class_list":["post-2137","page","type-page","status-publish","hentry"],"jetpack_sharing_enabled":true,"_links":{"self":[{"href":"https:\/\/freeazawad.com\/fr\/wp-json\/wp\/v2\/pages\/2137","targetHints":{"allow":["GET"]}}],"collection":[{"href":"https:\/\/freeazawad.com\/fr\/wp-json\/wp\/v2\/pages"}],"about":[{"href":"https:\/\/freeazawad.com\/fr\/wp-json\/wp\/v2\/types\/page"}],"author":[{"embeddable":true,"href":"https:\/\/freeazawad.com\/fr\/wp-json\/wp\/v2\/users\/1"}],"replies":[{"embeddable":true,"href":"https:\/\/freeazawad.com\/fr\/wp-json\/wp\/v2\/comments?post=2137"}],"version-history":[{"count":20,"href":"https:\/\/freeazawad.com\/fr\/wp-json\/wp\/v2\/pages\/2137\/revisions"}],"predecessor-version":[{"id":9055,"href":"https:\/\/freeazawad.com\/fr\/wp-json\/wp\/v2\/pages\/2137\/revisions\/9055"}],"wp:attachment":[{"href":"https:\/\/freeazawad.com\/fr\/wp-json\/wp\/v2\/media?parent=2137"}],"curies":[{"name":"wp","href":"https:\/\/api.w.org\/{rel}","templated":true}]}}