{"id":2530,"date":"2025-02-01T15:40:11","date_gmt":"2025-02-01T15:40:11","guid":{"rendered":"https:\/\/freeazawad.com\/?page_id=2530"},"modified":"2025-10-24T13:24:01","modified_gmt":"2025-10-24T13:24:01","slug":"politique-de-confidentialite-et-clause-de-non-responsabilite","status":"publish","type":"page","link":"https:\/\/freeazawad.com\/fr\/politique-de-confidentialite-et-clause-de-non-responsabilite\/","title":{"rendered":"POLITIQUE DE CONFIDENTIALIT\u00c9 ET AVIS DE NON-RESPONSABILIT\u00c9"},"content":{"rendered":"<p class=\"\">Avertissement : ce site n'est pas une page web d'information officielle, c'est un blog avec de nombreux contributeurs. Les informations sont souvent reprises de publications publiques sur les m\u00e9dias sociaux destin\u00e9es \u00e0 \u00eatre partag\u00e9es, ou bien ce sont des informations partag\u00e9es en interne qui sont reprises ici. Dans le cas o\u00f9 nous ne savons pas, nous demandons toujours la permission de republier le texte et les images. <\/p>\n\n\n\n<p class=\"\">AUCUNE VIOLATION DES DROITS D'AUTEUR N'EST PR\u00c9VUE ! Tout le m\u00e9rite revient aux cr\u00e9ateurs originaux. Les photos et les vid\u00e9os sont partag\u00e9es \u00e0 des fins d'information uniquement. Si vous \u00eates le propri\u00e9taire et que vous souhaitez discuter de ce contenu, veuillez nous envoyer un message ou un courriel.<\/p>\n\n\n\n<p class=\"\">FAIR USE : Avis de non-responsabilit\u00e9 concernant les droits d'auteur en vertu de l'article 107 de la loi sur les droits d'auteur de 1976. L'utilisation \u00e9quitable est autoris\u00e9e \u00e0 des fins telles que la critique, le commentaire, le reportage, l'enseignement, la contrefa\u00e7on de bourses d'\u00e9tudes\u201c. Nous ne poss\u00e9dons pas tout le mat\u00e9riel.<\/p>\n\n\n\n<p class=\"\">Nous pensons que les informations sur ce qui se passe dans l'Azawad doivent \u00eatre diffus\u00e9es plus largement car les m\u00e9dias internationaux sont silencieux ou mal inform\u00e9s. C'est pourquoi nous partageons l'information. Nous nous concentrons sur l'aide aux r\u00e9fugi\u00e9s et sur le partage d'informations concernant leur situation et expliquant pourquoi ils se trouvent dans cette situation.<\/p>\n\n\n\n<p class=\"\">Nous esp\u00e9rons voir une solution pacifique au probl\u00e8me entre l\u2019Azawad et le Mali, deux nations distinctes qui n\u2019auraient jamais d\u00fb \u00eatre li\u00e9es de force par la France \u00e0 la fin de la colonisation, un pr\u00e9judice qui cause encore de graves probl\u00e8mes d\u2019oppression et de g\u00e9nocide sur la population azawadienne depuis 64 ans. Malheureusement, le Mali ne veut pas d\u2019une solution pacifique et c\u2019est pourquoi l\u2019arm\u00e9e du Front de lib\u00e9ration de l\u2019Azawad, le FLA, continue de se battre pour la libert\u00e9 du peuple de l\u2019Azawad.<\/p>\n\n\n\n<p class=\"\">Les soi-disant \u00ab r\u00e9bellions touar\u00e8gues \u00bb, qui devraient plut\u00f4t \u00eatre appel\u00e9es \u00ab r\u00e9sistance et lutte pour la libert\u00e9 \u00bb, ne sont rien d\u2019autre qu\u2019une r\u00e9action populaire \u00e0 une injustice et une oppression graves allant jusqu\u2019au g\u00e9nocide calcul\u00e9 et \u00e0 la politique de la terre br\u00fbl\u00e9e. Ceux qui disent que l\u2019Azawad doit vivre en paix avec le Mali ne comprennent pas que les autorit\u00e9s du Mali ne veulent pas la paix, elles veulent l\u2019extermination de l\u2019Azawad. Elles l\u2019ont toujours voulu.<\/p>\n\n\n\n<p class=\"\">Avant la colonisation et la cr\u00e9ation des fronti\u00e8res artificielles (les \u00ab cl\u00f4tures \u00bb) et de l\u2019\u00c9tat du Mali, l\u2019Azawad \u00e9tait libre sans fronti\u00e8res et appartenait \u00e0 son peuple. Il faut le lui rendre. C\u2019est une cause juste.<\/p>\n\n\n\n<p class=\"\">Ce blog sensibilise et soutient la lutte pour la libert\u00e9 du peuple de l'Azawad.<\/p>\n\n\n\n<p class=\"\">Une chose de plus, cette page est \u00e9crite \u00e0 l'origine en anglais et un traducteur automatique a \u00e9t\u00e9 ajout\u00e9 \u00e0 la page et les traductions automatiques ne sont malheureusement pas pr\u00e9cises \u00e0 100 %, et surtout avec l'arabe, c'est difficile. Alors, gardez cela \u00e0 l'esprit ! Si vous voyez quelque chose d'\u00e9trange... cela peut \u00eatre le traducteur ! Nous avons essay\u00e9 de corriger les choses manuellement, mais le traducteur automatique semble avoir chang\u00e9 la donne.<\/p>\n\n\n\n<p class=\"\">Groupe de Soutien Azawad 2025<\/p>\n\n\n\n<hr class=\"is-style-wide wp-block-separator has-alpha-channel-opacity\"\/>\n\n\n\n<p class=\"\"><\/p>\n\n\n\n<p class=\"has-text-align-center\"><a href=\"https:\/\/freeazawad.com\/fr\/\"> PAGE  D\u00b4ACCUEIL<\/a><\/p>","protected":false},"excerpt":{"rendered":"<p>Disclaimer: This is not an official news webpage, it is a blog with many contributors. The information is often re-shared from public posts on social media meant to be shared, or it\u00b4s internally shared information that is re-shared here. In the case we do not know, we always ask for permission regarding re-publishing text and [&hellip;]<\/p>\n","protected":false},"author":1,"featured_media":0,"parent":0,"menu_order":0,"comment_status":"closed","ping_status":"closed","template":"","meta":{"nf_dc_page":"","_monsterinsights_skip_tracking":false,"_monsterinsights_sitenote_active":false,"_monsterinsights_sitenote_note":"","_monsterinsights_sitenote_category":0,"advanced_seo_description":"","jetpack_seo_html_title":"","jetpack_seo_noindex":false,"footnotes":""},"class_list":["post-2530","page","type-page","status-publish","hentry"],"jetpack_sharing_enabled":true,"_links":{"self":[{"href":"https:\/\/freeazawad.com\/fr\/wp-json\/wp\/v2\/pages\/2530","targetHints":{"allow":["GET"]}}],"collection":[{"href":"https:\/\/freeazawad.com\/fr\/wp-json\/wp\/v2\/pages"}],"about":[{"href":"https:\/\/freeazawad.com\/fr\/wp-json\/wp\/v2\/types\/page"}],"author":[{"embeddable":true,"href":"https:\/\/freeazawad.com\/fr\/wp-json\/wp\/v2\/users\/1"}],"replies":[{"embeddable":true,"href":"https:\/\/freeazawad.com\/fr\/wp-json\/wp\/v2\/comments?post=2530"}],"version-history":[{"count":10,"href":"https:\/\/freeazawad.com\/fr\/wp-json\/wp\/v2\/pages\/2530\/revisions"}],"predecessor-version":[{"id":9224,"href":"https:\/\/freeazawad.com\/fr\/wp-json\/wp\/v2\/pages\/2530\/revisions\/9224"}],"wp:attachment":[{"href":"https:\/\/freeazawad.com\/fr\/wp-json\/wp\/v2\/media?parent=2530"}],"curies":[{"name":"wp","href":"https:\/\/api.w.org\/{rel}","templated":true}]}}