{"id":2684,"date":"2025-02-06T21:13:18","date_gmt":"2025-02-06T21:13:18","guid":{"rendered":"https:\/\/freeazawad.com\/?page_id=2684"},"modified":"2025-03-30T19:45:19","modified_gmt":"2025-03-30T19:45:19","slug":"lor-de-lazawad-le-secret-des-mercenaires-de-wagner-qui-menent-des-batailles-jusqua-la-frontiere-algerienne","status":"publish","type":"page","link":"https:\/\/freeazawad.com\/fr\/lor-de-lazawad-le-secret-des-mercenaires-de-wagner-qui-menent-des-batailles-jusqua-la-frontiere-algerienne\/","title":{"rendered":"L\u2019OR DE L\u2019AZAWAD\u2026 LE SECRET DES MERCENAIRES DE WAGNER QUI LUTTENT \u00c0 LA FRONTI\u00c8RE ALG\u00c9RIENNE"},"content":{"rendered":"<figure class=\"wp-block-image size-large\"><img data-recalc-dims=\"1\" loading=\"lazy\" decoding=\"async\" width=\"1024\" height=\"596\" src=\"https:\/\/i0.wp.com\/freeazawad.com\/wp-content\/uploads\/2025\/02\/WAGNER.jpg?resize=1024%2C596&#038;ssl=1\" alt=\"\" class=\"wp-image-2676\" srcset=\"https:\/\/i0.wp.com\/freeazawad.com\/wp-content\/uploads\/2025\/02\/WAGNER.jpg?resize=1024%2C596&amp;ssl=1 1024w, https:\/\/i0.wp.com\/freeazawad.com\/wp-content\/uploads\/2025\/02\/WAGNER.jpg?resize=300%2C175&amp;ssl=1 300w, https:\/\/i0.wp.com\/freeazawad.com\/wp-content\/uploads\/2025\/02\/WAGNER.jpg?resize=768%2C447&amp;ssl=1 768w, https:\/\/i0.wp.com\/freeazawad.com\/wp-content\/uploads\/2025\/02\/WAGNER.jpg?resize=18%2C10&amp;ssl=1 18w, https:\/\/i0.wp.com\/freeazawad.com\/wp-content\/uploads\/2025\/02\/WAGNER.jpg?w=1059&amp;ssl=1 1059w\" sizes=\"auto, (max-width: 1000px) 100vw, 1000px\" \/><\/figure>\n\n\n\n<p class=\"\">Azawad au Mali : un nouveau g\u00e9nocide commandit\u00e9 par le Wagner russe.<\/p>\n\n\n\n<p class=\"\">Wagner pi\u00e8ge les corps apr\u00e8s les avoir tu\u00e9s et encourage l'arm\u00e9e malienne \u00e0 commettre les crimes les plus odieux.<\/p>\n\n\n\n<p class=\"\">Effacement d'identit\u00e9... meurtre... torture... terrorisation.<\/p>\n\n\n\n<hr class=\"is-style-wide wp-block-separator has-alpha-channel-opacity\"\/>\n\n\n\n<p class=\"\">Voici un article de Akhbar Alaan avec des propos de Sayed Ben Bella Al-Fardi, chercheur azawadi en histoire et civilisation, et sp\u00e9cialiste des affaires de s\u00e9curit\u00e9 au Mali et dans la r\u00e9gion du Sahel. L'article est uniquement en arabe et nous avons donc pris la libert\u00e9 d'expliquer certaines parties importantes de l'article au profit des lecteurs internationaux. Pour le reste de l'article, vous pouvez utiliser Google Translate pour traduire l'int\u00e9gralit\u00e9 de l'article sur le site.<\/p>\n\n\n\n<p class=\"\">L\u2019article explique que Tinzawaten est une r\u00e9gion aurif\u00e8re et que les Russes ciblent les villes aurif\u00e8res de l\u2019Azawad depuis le d\u00e9but de leur coop\u00e9ration avec l\u2019arm\u00e9e malienne. L\u2019objectif premier des mercenaires de Wagner est l\u2019or et l\u2019argent par tous les moyens et \u00e0 n\u2019importe quel prix.<\/p>\n\n\n\n<p class=\"\">La population de l'Azawad comprend des ethnies diff\u00e9rentes des Africains \u00e0 la peau fonc\u00e9e, car la r\u00e9gion de l'Azawad comprenait des tribus arabes, touar\u00e8gues, peules et songha\u00efs, et \u00e9tait politiquement soumise au tr\u00f4ne royal marocain jusqu'en 1893.<\/p>\n\n\n\n<p class=\"\">R\u00e9cemment, de nombreuses vid\u00e9os ont circul\u00e9 dans lesquelles des combattants de l\u2019arm\u00e9e malienne se vantaient des crimes de guerre qu\u2019ils ont commis contre l\u2019Azawad en s\u2019emparant des villes et en les vidant de leurs habitants afin de changer la d\u00e9mographie des zones riches qui se trouvent dans les terres de l\u2019Azawad.<\/p>\n\n\n\n<p class=\"\">A propos de ces crimes, Ben Bella d\u00e9clare : \u00ab Ces crimes, repr\u00e9sent\u00e9s par des vid\u00e9os de d\u00e9membrement de cadavres et de cannibalisme, qui se sont r\u00e9cemment propag\u00e9es, ce type de crimes est perp\u00e9tr\u00e9 par des combattants africains au Mali et au Burkina Faso, et ils publient eux-m\u00eames les vid\u00e9os. Quant aux Russes, ils pi\u00e8gent les cadavres apr\u00e8s les avoir tu\u00e9s \u00e0 la dynamite pour que le cadavre explose sur celui qui le touche ensuite, et ils font le plus grand nombre de victimes.<\/p>\n\n\n\n<p class=\"\">\u00ab Sans l\u2019appui des Russes, les Maliens n\u2019auraient pas avanc\u00e9 d\u2019un pouce vers le nord. Les Russes pr\u00e9sents ici s\u2019appellent directement \u00ab Wagner \u00bb et le logo qu\u2019ils arborent est le logo des mercenaires Wagner, que nous avons bien connu sur le terrain. Quant au Burkina Faso, il intervient dans la guerre sous la banni\u00e8re de l\u2019alliance des trois nations Mali, Niger et Burkina Faso pour lutter contre le terrorisme et les mouvements s\u00e9paratistes, et ils nous d\u00e9signent, nous l\u2019Azawad, comme les *mouvements s\u00e9paratistes.<\/p>\n\n\n\n<p class=\"\">Dans son explication de ce qui arrive aux groupes ethniques azawadis en termes d\u2019abus, de d\u00e9placement et de crimes de guerre, Ben Bella a d\u00e9clar\u00e9 que \u00ab tout ce qui nous arrive n\u2019est rien d\u2019autre que le fer de lance du nouvel appel africain, qui appelle \u00e0 ce que le continent africain soit un continent r\u00e9serv\u00e9 aux Africains \u00e0 la peau fonc\u00e9e uniquement, et \u00e0 ce que tous ceux qui ont une autre couleur que le noir le quittent et le laissent \u00e0 ses peuples, qui ne sont que des Africains \u00e0 la peau fonc\u00e9e, et ce qui repr\u00e9sente cette politique maintenant, ce sont les r\u00e9gimes qui r\u00e8gnent au Mali, au Niger et au Burkina Faso. \u00bb<\/p>\n\n\n\n<p class=\"has-link-color wp-elements-32d8b670ec65a6e9dce125137f06f7ec\"><a href=\"https:\/\/akhb.ar\/21C59\" target=\"_blank\" rel=\"noreferrer noopener\">https:\/\/akhb.ar\/21C59<\/a><\/p>\n\n\n\n<p class=\"has-link-color wp-elements-eb165f67657f986f1661dca1d7519744\">Article r\u00e9dig\u00e9 par Akli Sh'kka - <a href=\"https:\/\/essada.info\/97418\" target=\"_blank\" rel=\"noreferrer noopener\">Une vision alternative des guerres \u00e0 venir<\/a>.<\/p>\n\n\n\n<p class=\"has-link-color wp-elements-f11289e5a47debec131873c359f8abf7\"><\/p>\n\n\n\n<p class=\"has-text-align-center has-link-color wp-elements-68c6978358efa10d46814b11d391888e\"><a href=\"https:\/\/freeazawad.com\/fr\/\"> PAGE  D\u00b4ACCUEIL<\/a><\/p>\n\n\n\n<p class=\"\"><\/p>","protected":false},"excerpt":{"rendered":"<p>L\u2019article explique que Tinzawaten est une r\u00e9gion aurif\u00e8re et que les Russes ciblent les villes aurif\u00e8res de l\u2019Azawad depuis le d\u00e9but de leur coop\u00e9ration avec l\u2019arm\u00e9e malienne. L\u2019objectif premier des mercenaires de Wagner est l\u2019or et l\u2019argent par tous les moyens et \u00e0 n\u2019importe quel prix.<\/p>","protected":false},"author":1,"featured_media":0,"parent":0,"menu_order":0,"comment_status":"closed","ping_status":"closed","template":"","meta":{"nf_dc_page":"","_monsterinsights_skip_tracking":false,"_monsterinsights_sitenote_active":false,"_monsterinsights_sitenote_note":"","_monsterinsights_sitenote_category":0,"advanced_seo_description":"","jetpack_seo_html_title":"","jetpack_seo_noindex":false,"footnotes":""},"class_list":["post-2684","page","type-page","status-publish","hentry"],"jetpack_sharing_enabled":true,"_links":{"self":[{"href":"https:\/\/freeazawad.com\/fr\/wp-json\/wp\/v2\/pages\/2684","targetHints":{"allow":["GET"]}}],"collection":[{"href":"https:\/\/freeazawad.com\/fr\/wp-json\/wp\/v2\/pages"}],"about":[{"href":"https:\/\/freeazawad.com\/fr\/wp-json\/wp\/v2\/types\/page"}],"author":[{"embeddable":true,"href":"https:\/\/freeazawad.com\/fr\/wp-json\/wp\/v2\/users\/1"}],"replies":[{"embeddable":true,"href":"https:\/\/freeazawad.com\/fr\/wp-json\/wp\/v2\/comments?post=2684"}],"version-history":[{"count":8,"href":"https:\/\/freeazawad.com\/fr\/wp-json\/wp\/v2\/pages\/2684\/revisions"}],"predecessor-version":[{"id":4856,"href":"https:\/\/freeazawad.com\/fr\/wp-json\/wp\/v2\/pages\/2684\/revisions\/4856"}],"wp:attachment":[{"href":"https:\/\/freeazawad.com\/fr\/wp-json\/wp\/v2\/media?parent=2684"}],"curies":[{"name":"wp","href":"https:\/\/api.w.org\/{rel}","templated":true}]}}