{"id":3034,"date":"2025-02-09T19:18:13","date_gmt":"2025-02-09T19:18:13","guid":{"rendered":"https:\/\/freeazawad.com\/?page_id=3034"},"modified":"2025-11-04T00:36:04","modified_gmt":"2025-11-04T00:36:04","slug":"les-problemes-entre-le-mali-et-lazawad-ont-commence-bien-avant-2012","status":"publish","type":"page","link":"https:\/\/freeazawad.com\/fr\/les-problemes-entre-le-mali-et-lazawad-ont-commence-bien-avant-2012\/","title":{"rendered":"LES PROBL\u00c8MES ENTRE LE MALI ET L\u2019AZAWAD ONT COMMENC\u00c9 BIEN AVANT 2012."},"content":{"rendered":"<figure class=\"wp-block-image size-full is-resized\"><img data-recalc-dims=\"1\" loading=\"lazy\" decoding=\"async\" width=\"720\" height=\"960\" src=\"https:\/\/i0.wp.com\/freeazawad.com\/wp-content\/uploads\/2025\/02\/Gc-iztFWIAADr9z.jpeg?resize=720%2C960&#038;ssl=1\" alt=\"\" class=\"wp-image-3027\" style=\"width:1200px;height:auto\" srcset=\"https:\/\/i0.wp.com\/freeazawad.com\/wp-content\/uploads\/2025\/02\/Gc-iztFWIAADr9z.jpeg?w=720&amp;ssl=1 720w, https:\/\/i0.wp.com\/freeazawad.com\/wp-content\/uploads\/2025\/02\/Gc-iztFWIAADr9z.jpeg?resize=225%2C300&amp;ssl=1 225w, https:\/\/i0.wp.com\/freeazawad.com\/wp-content\/uploads\/2025\/02\/Gc-iztFWIAADr9z.jpeg?resize=9%2C12&amp;ssl=1 9w\" sizes=\"auto, (max-width: 720px) 100vw, 720px\" \/><\/figure>\n\n\n\n<figure class=\"wp-block-gallery has-nested-images columns-default is-cropped wp-block-gallery-1 is-layout-flex wp-block-gallery-is-layout-flex\">\n<figure class=\"wp-block-image size-large\"><img data-recalc-dims=\"1\" loading=\"lazy\" decoding=\"async\" width=\"654\" height=\"390\" data-id=\"3026\" src=\"https:\/\/i0.wp.com\/freeazawad.com\/wp-content\/uploads\/2025\/02\/Azawad-people.jpg?resize=654%2C390&#038;ssl=1\" alt=\"\" class=\"wp-image-3026\" srcset=\"https:\/\/i0.wp.com\/freeazawad.com\/wp-content\/uploads\/2025\/02\/Azawad-people.jpg?w=654&amp;ssl=1 654w, https:\/\/i0.wp.com\/freeazawad.com\/wp-content\/uploads\/2025\/02\/Azawad-people.jpg?resize=300%2C179&amp;ssl=1 300w, https:\/\/i0.wp.com\/freeazawad.com\/wp-content\/uploads\/2025\/02\/Azawad-people.jpg?resize=18%2C12&amp;ssl=1 18w\" sizes=\"auto, (max-width: 654px) 100vw, 654px\" \/><\/figure>\n\n\n\n<figure class=\"wp-block-image size-large\"><img data-recalc-dims=\"1\" loading=\"lazy\" decoding=\"async\" width=\"400\" height=\"300\" data-id=\"3025\" src=\"https:\/\/i0.wp.com\/freeazawad.com\/wp-content\/uploads\/2025\/02\/GcRVDoGXcAE7xgK.jpeg?resize=400%2C300&#038;ssl=1\" alt=\"\" class=\"wp-image-3025\" srcset=\"https:\/\/i0.wp.com\/freeazawad.com\/wp-content\/uploads\/2025\/02\/GcRVDoGXcAE7xgK.jpeg?w=400&amp;ssl=1 400w, https:\/\/i0.wp.com\/freeazawad.com\/wp-content\/uploads\/2025\/02\/GcRVDoGXcAE7xgK.jpeg?resize=300%2C225&amp;ssl=1 300w, https:\/\/i0.wp.com\/freeazawad.com\/wp-content\/uploads\/2025\/02\/GcRVDoGXcAE7xgK.jpeg?resize=16%2C12&amp;ssl=1 16w\" sizes=\"auto, (max-width: 400px) 100vw, 400px\" \/><\/figure>\n<\/figure>\n\n\n\n<p class=\"\">La r\u00e9volution de l'Azawad existait bien avant la cr\u00e9ation du Mali, elle a commenc\u00e9 \u00e0 l'\u00e9poque des colons fran\u00e7ais, c'est-\u00e0-dire depuis le Soudan fran\u00e7ais, c'est donc une histoire ancienne. Le premier responsable de ces probl\u00e8mes est la France car c'est elle qui a injustement trac\u00e9 toutes ces fronti\u00e8res artificielles coupant les terres de nombreux peuples, dont la nation touareg qu'elle a d\u00e9coup\u00e9e en morceaux ! Les d\u00e9g\u00e2ts qu'ils ont caus\u00e9s en faisant cela sont incommensurables !<\/p>\n\n\n\n<p class=\"\">C'est la France qui a c\u00e9d\u00e9 la r\u00e9gion de l'Azawad \u00e0 l'\u00c9tat qu'elle avait cr\u00e9\u00e9 et appel\u00e9 Mali. Ce pays, le Mali, et le pays de l'Azawad, \u00e9taient et sont toujours deux pays distincts, habit\u00e9s par des peuples historiquement, culturellement, socialement et religieusement diff\u00e9rents dans la pratique, avec des modes de vie et des aspirations diff\u00e9rents.<\/p>\n\n\n\n<p class=\"has-mono-2-color has-text-color has-link-color wp-elements-94f15dcbae1a60832fc5cb8e890fdfde\">Le Mali a n\u00e9glig\u00e9 l'Azawad d\u00e8s le d\u00e9but, en commen\u00e7ant \u00e0 opprimer les populations qui y vivaient. Pourquoi ? parce qu'ils savaient que cette terre \u00e9tait riche en ressources naturelles. La France le savait aussi, c'est tr\u00e8s probablement pour cela qu'elle a c\u00e9d\u00e9 l'Azawad au Mali, dans l'espoir de contr\u00f4ler le Mali et par la m\u00eame occasion l'Azawad. En d'autres termes, faire du Mali une extension du colonialisme fran\u00e7ais. Il est tr\u00e8s probable qu'il s'agissait \u00e9galement d'une punition pour le fait que toutes les composantes du peuple de l'Azawad ont r\u00e9sist\u00e9 au colonisateur (avec des diff\u00e9rences relatives, bien s\u00fbr) et n'ont jamais accept\u00e9 leur colonialisme.<\/p>\n\n\n\n<figure class=\"wp-block-image size-large\"><img data-recalc-dims=\"1\" loading=\"lazy\" decoding=\"async\" width=\"1024\" height=\"266\" src=\"https:\/\/i0.wp.com\/freeazawad.com\/wp-content\/uploads\/2025\/02\/Freedom-2-kopiera.jpg?resize=1024%2C266&#038;ssl=1\" alt=\"\" class=\"wp-image-3029\" srcset=\"https:\/\/i0.wp.com\/freeazawad.com\/wp-content\/uploads\/2025\/02\/Freedom-2-kopiera.jpg?resize=1024%2C266&amp;ssl=1 1024w, https:\/\/i0.wp.com\/freeazawad.com\/wp-content\/uploads\/2025\/02\/Freedom-2-kopiera.jpg?resize=300%2C78&amp;ssl=1 300w, https:\/\/i0.wp.com\/freeazawad.com\/wp-content\/uploads\/2025\/02\/Freedom-2-kopiera.jpg?resize=768%2C199&amp;ssl=1 768w, https:\/\/i0.wp.com\/freeazawad.com\/wp-content\/uploads\/2025\/02\/Freedom-2-kopiera.jpg?resize=18%2C5&amp;ssl=1 18w, https:\/\/i0.wp.com\/freeazawad.com\/wp-content\/uploads\/2025\/02\/Freedom-2-kopiera.jpg?w=1059&amp;ssl=1 1059w\" sizes=\"auto, (max-width: 1000px) 100vw, 1000px\" \/><\/figure>\n\n\n\n<p class=\"has-mono-2-color has-text-color has-link-color wp-elements-7a480f76830bc79d3eb3ed9ee811842d\">Ainsi, face \u00e0 l\u2019oppression qui a suivi ce partage de leurs terres, les Azawadis qui n\u2019ont jamais accept\u00e9 de se soumettre \u00e0 la tyrannie de qui que ce soit se sont naturellement rebell\u00e9s. D\u2019autant plus que le Mali a perp\u00e9tr\u00e9 contre eux un g\u00e9ocide. Leurs r\u00e9bellions, la premi\u00e8re en 1963, suivies de bien d\u2019autres, n\u2019\u00e9taient rien d\u2019autre que leur r\u00e9action \u00e0 l\u2019oppression.<\/p>\n\n\n\n<p class=\"has-link-color wp-elements-0e77db18c13bfba6610176a339333d94\">Pour contrer cela, des groupes terroristes ont \u00e9t\u00e9 introduits via l\u2019Alg\u00e9rie, <a href=\"https:\/\/freeazawad.com\/fr\/la-cause-de-lazawad-et-le-combat-pour-la-liberte-expliques\/\" target=\"_blank\" rel=\"noreferrer noopener\">vous pouvez en lire plus ici<\/a>L\u2019utilisation du terme \u00ab terroristes \u00bb que la Junte a commenc\u00e9 \u00e0 utiliser pour d\u00e9signer l\u2019Arm\u00e9e de R\u00e9sistance du Peuple Azawadi n\u2019est rien d\u2019autre que de la propagande, dans le but de justifier le nettoyage ethnique des groupes sociaux sahraouis qui vivent dans des territoires \u00e0 haut int\u00e9r\u00eat \u00e9conomique, devant la population malienne et les autres citoyens de l\u2019AES.<\/p>\n\n\n\n<blockquote class=\"wp-block-quote is-layout-flow wp-block-quote-is-layout-flow\">\n<p class=\"\">L'AES est une coalition raciste sous couvert de lib\u00e9ration africaine, mais c'est une lutte bas\u00e9e sur le racisme. A la base, il s'agit d'une reconqu\u00eate des peuples noirs contre tous les autres.... c'est l'une des raisons du g\u00e9nocide des peuples de l'Azawad, les Arabes (maures), les Touaregs et les Fulanis. Les autres raisons sont les ressources naturelles et le pouvoir politique. Il est bas\u00e9 sur la force, la cupidit\u00e9 et le racisme.<\/p>\n<\/blockquote>\n\n\n\n<p class=\"\">En consultant les sites Internet sp\u00e9cialis\u00e9s en g\u00e9opolitique et s\u00e9curit\u00e9 dans diff\u00e9rentes nations du monde et dans toutes les analyses du mouvement autonomiste, chacun peut constater que les termes utilis\u00e9s pour d\u00e9signer la lutte touar\u00e8gue sont \u00ab rebelle \u00bb et \u00ab s\u00e9paratiste \u00bb, les deux concepts \u00e9tant pertinents pour une caract\u00e9risation politique absolument diff\u00e9rente de la caract\u00e9risation faite des groupes extr\u00e9mistes djihadistes, qui sont identifi\u00e9s comme \u00ab terroristes \u00bb.<\/p>\n\n\n\n<p class=\"has-link-color wp-elements-c6a6fdfcbfe70ef5eeb986b5454fc93a\">Les agences de s\u00e9curit\u00e9 internationales et les analystes d'Afrique et d'autres continents ne se laissent pas tromper par la propagande du Mali ou de tout autre pays. M\u00eame dans les rapports sur le r\u00e9cent cas de <a href=\"https:\/\/freeazawad.com\/fr\/un-acte-de-bravoure-de-la-part-du-front-de-liberation-de-lazawad-fla\/\" target=\"_blank\" rel=\"noreferrer noopener\">Un citoyen espagnol enlev\u00e9 sur le territoire alg\u00e9rien<\/a>Dans cette affaire aux r\u00e9percussions mondiales, tous les articles publi\u00e9s dans les langues les plus diverses du monde utilisent le terme \"s\u00e9paratiste\" pour d\u00e9signer le Front de lib\u00e9ration de l'Azawad (FLA) qui a sauv\u00e9 la personne enlev\u00e9e des mains des bandits sah\u00e9liens.<\/p>\n\n\n\n<p class=\"\">Il est inutile que l'AES tente de justifier ses crimes de nettoyage ethnique avec ces fausses nouvelles. Le monde entier sait que le Front de lib\u00e9ration de l'Azawad n'est pas une organisation terroriste, mais simplement un mouvement et une arm\u00e9e qui rejette les int\u00e9r\u00eats des colonisateurs europ\u00e9ens du pass\u00e9 et lutte pour son autonomie. D'autres peuples ont les m\u00eames revendications, en Afrique m\u00eame et dans d'autres r\u00e9gions de la plan\u00e8te. Les putschistes ne trompent que ceux qui veulent \u00eatre tromp\u00e9s.<\/p>\n\n\n\n<p class=\"\">Le d\u00e9but de l'implantation du terrorisme au Sahel a commenc\u00e9 vers 2003, via l'Alg\u00e9rie avec la complicit\u00e9 des autorit\u00e9s maliennes et de leurs soutiens en place \u00e0 l'\u00e9poque d'ATT (le pr\u00e9sident malien Amadou Toumani Tour\u00e9) qui ont finalement sign\u00e9 un pacte de non-agression pour un objectif bien pr\u00e9cis et d\u00e9termin\u00e9 (emp\u00eacher tout d\u00e9veloppement dans la r\u00e9gion nord via l'aide d'organisations ou d'entreprises nationales et internationales sachant qu'il s'agit de terres immens\u00e9ment riches en ressources mini\u00e8res et deuxi\u00e8mement emp\u00eacher le prochain soul\u00e8vement des Azawadiens qui r\u00e9clament leur ind\u00e9pendance).<\/p>\n\n\n\n<p class=\"\">Dans les ann\u00e9es 2009-2011, les terroristes avaient des bases dans tout le nord du Mali sous les yeux de l\u2019arm\u00e9e malienne, mais les ind\u00e9pendantistes azawadiens n\u2019ont rien \u00e0 voir avec les terroristes. La d\u00e9finition d\u2019un terroriste, c\u2019est quelqu\u2019un qui terrorise et tue des civils, en utilisant des m\u00e9thodes mafieuses pour atteindre un certain objectif et un but, et tuer des civils n\u2019est pas un objectif pour l\u2019arm\u00e9e azawadienne et son seul but est d\u2019obtenir l\u2019ind\u00e9pendance du Mali pour pouvoir vivre en paix sur leur terre ancestrale qui leur appartient historiquement.<\/p>\n\n\n\n<p class=\"\">Absolument ils (Alg\u00e9rie-Mali) nourrissent le monstre (les terroristes) pour qu'il grandisse pour un objectif bien pr\u00e9cis sachant qu'il y aura dans les prochaines ann\u00e9es un soul\u00e8vement populaire des Azawadiens.<\/p>\n\n\n\n<p class=\"\">Les membres du Front de lib\u00e9ration de l'Azawad reprennent les revendications du CSP-DPA : l'ind\u00e9pendance totale et l'autonomie de l'Azawad, r\u00e9gion du nord du Mali qui couvre les r\u00e9gions sahariennes et sah\u00e9liennes sur une superficie de quelque 822 000 km\u00b2. Ils r\u00e9clament la cr\u00e9ation d'un Etat ind\u00e9pendant. Ils affirment \u00e9galement leur engagement \u00e0 prot\u00e9ger les civils pris dans les affrontements entre rebelles, autorit\u00e9s maliennes, Wagner et terroristes, victimes de nombreuses exactions.<\/p>\n\n\n\n<p class=\"\">Les autorit\u00e9s maliennes consid\u00e8rent le Front de lib\u00e9ration de l'Azawad comme un mouvement terroriste. Mais posez-vous la question suivante : est-ce qu'ils tuent des civils, des animaux et br\u00fblent des arbres et des maisons ? ou est-ce que les Fama et Wagner tuent des civils, des animaux et br\u00fblent des arbres et des maisons ?<\/p>\n\n\n\n<p class=\"\">Quels sont leurs objectifs ?<\/p>\n\n\n\n<p class=\"\">Front de lib\u00e9ration de l'Azawad (FLA) - Libert\u00e9 et ind\u00e9pendance de l'Azawad.<br>Mali \u2013 G\u00e9nocide ethnique du peuple azawadien.<br>Wagner - Ils tuent pour l'argent ou l'acc\u00e8s aux ressources, sans se soucier de savoir qui ou pourquoi. Pour eux, c'est juste un business et ils sont connus pour utiliser des m\u00e9thodes extr\u00eamement cruelles et brutales. Parce que la mort est leur m\u00e9tier.<\/p>\n\n\n\n<p class=\"\">Bien s\u00fbr, il s'agit d'une simplification, la situation est beaucoup plus multiple et compliqu\u00e9e. Il ne faut pas oublier que dans toutes les r\u00e9volutions, il y a des tra\u00eetres et celle-ci ne fait pas exception. Il y a des tra\u00eetres qui ont vendu leur peuple et leur propre \u00e2me pour de l'argent, du pouvoir, des privil\u00e8ges et du confort et qui n'h\u00e9sitent pas \u00e0 fabriquer des mensonges pour cacher les faits r\u00e9els \u00e0 la population facilement influen\u00e7able et tromp\u00e9e et puis il y a ceux qui n'osent pas montrer leur soutien \u00e0 l'Azawad parce qu'ils ont peur d'\u00eatre tu\u00e9s. Enfin, il y a tous ces groupes terroristes qui s\u00e8ment la peur et le chaos dans la r\u00e9gion.<\/p>\n\n\n\n<p class=\"\">Mais si l'on consid\u00e8re les choses dans leur ensemble, il est clair que le Front de lib\u00e9ration de l'Azawad n'est pas un terroriste, mais un s\u00e9paratiste, comme l'ont \u00e9galement \u00e9crit les m\u00e9dias internationaux. Nous les appelons des combattants r\u00e9volutionnaires de la libert\u00e9.<\/p>\n\n\n\n<p class=\"\">Donc non, cela n'a pas commenc\u00e9 en 2012, et la lutte pour la libert\u00e9 continue. Il y aura un jour o\u00f9 le peuple de l'Azawad brisera les cha\u00eenes et se lib\u00e9rera de ce r\u00e9gime malien oppressif. L'oppression a commenc\u00e9 dans les ann\u00e9es 1960.<\/p>\n\n\n\n<p class=\"\">Et quand ce jour viendra, ceux qui gardent le silence malgr\u00e9 toutes ces atrocit\u00e9s commises, feraient mieux de garder la bouche ferm\u00e9e, car ils n\u2019auront pas le droit de s\u2019exprimer sur le sujet.<\/p>\n\n\n\n<p class=\"\">Groupe de soutien Azawad 09-02-2025<\/p>\n\n\n\n<p class=\"\"><\/p>\n\n\n\n<p class=\"has-text-align-center has-link-color wp-elements-bbc451ac11c6172b04f7e896fe0623f8\"><a href=\"https:\/\/freeazawad.com\/fr\/\">PAGE  D\u00b4ACCUEIL<\/a><\/p>","protected":false},"excerpt":{"rendered":"<p>The Azawad revolution existed well before the creation of Mali, it started at the time of the French colonists, that is to say since French Sudan, so it is an ancient story. The one responsible first and foremost of these problems is France because it was them who unjustly drew all these artificial borders cutting [&hellip;]<\/p>\n","protected":false},"author":1,"featured_media":0,"parent":0,"menu_order":0,"comment_status":"closed","ping_status":"closed","template":"","meta":{"nf_dc_page":"","_monsterinsights_skip_tracking":false,"_monsterinsights_sitenote_active":false,"_monsterinsights_sitenote_note":"","_monsterinsights_sitenote_category":0,"advanced_seo_description":"","jetpack_seo_html_title":"","jetpack_seo_noindex":false,"footnotes":""},"class_list":["post-3034","page","type-page","status-publish","hentry"],"jetpack_sharing_enabled":true,"_links":{"self":[{"href":"https:\/\/freeazawad.com\/fr\/wp-json\/wp\/v2\/pages\/3034","targetHints":{"allow":["GET"]}}],"collection":[{"href":"https:\/\/freeazawad.com\/fr\/wp-json\/wp\/v2\/pages"}],"about":[{"href":"https:\/\/freeazawad.com\/fr\/wp-json\/wp\/v2\/types\/page"}],"author":[{"embeddable":true,"href":"https:\/\/freeazawad.com\/fr\/wp-json\/wp\/v2\/users\/1"}],"replies":[{"embeddable":true,"href":"https:\/\/freeazawad.com\/fr\/wp-json\/wp\/v2\/comments?post=3034"}],"version-history":[{"count":20,"href":"https:\/\/freeazawad.com\/fr\/wp-json\/wp\/v2\/pages\/3034\/revisions"}],"predecessor-version":[{"id":9401,"href":"https:\/\/freeazawad.com\/fr\/wp-json\/wp\/v2\/pages\/3034\/revisions\/9401"}],"wp:attachment":[{"href":"https:\/\/freeazawad.com\/fr\/wp-json\/wp\/v2\/media?parent=3034"}],"curies":[{"name":"wp","href":"https:\/\/api.w.org\/{rel}","templated":true}]}}