{"id":3062,"date":"2025-02-09T21:19:35","date_gmt":"2025-02-09T21:19:35","guid":{"rendered":"https:\/\/freeazawad.com\/?page_id=3062"},"modified":"2025-02-27T11:12:57","modified_gmt":"2025-02-27T11:12:57","slug":"la-secheresse-de-1974-comment-le-gouvernement-malien-a-profite-de-la-secheresse-des-annees-70-pour-laisser-les-touaregs-mourir-de-faim","status":"publish","type":"page","link":"https:\/\/freeazawad.com\/fr\/la-secheresse-de-1974-comment-le-gouvernement-malien-a-profite-de-la-secheresse-des-annees-70-pour-laisser-les-touaregs-mourir-de-faim\/","title":{"rendered":"LA S\u00c9CHERESSE DE 1974 \u2013 Comment le gouvernement malien a utilis\u00e9 la s\u00e9cheresse des ann\u00e9es 70 pour laisser les Touaregs mourir de faim."},"content":{"rendered":"<figure class=\"wp-block-image alignfull size-large\"><img data-recalc-dims=\"1\" loading=\"lazy\" decoding=\"async\" width=\"541\" height=\"1024\" src=\"https:\/\/i0.wp.com\/freeazawad.com\/wp-content\/uploads\/2025\/01\/IMG_7643.jpg?resize=541%2C1024&#038;ssl=1\" alt=\"\" class=\"wp-image-1052\" srcset=\"https:\/\/i0.wp.com\/freeazawad.com\/wp-content\/uploads\/2025\/01\/IMG_7643.jpg?resize=541%2C1024&amp;ssl=1 541w, https:\/\/i0.wp.com\/freeazawad.com\/wp-content\/uploads\/2025\/01\/IMG_7643.jpg?resize=159%2C300&amp;ssl=1 159w, https:\/\/i0.wp.com\/freeazawad.com\/wp-content\/uploads\/2025\/01\/IMG_7643.jpg?resize=768%2C1453&amp;ssl=1 768w, https:\/\/i0.wp.com\/freeazawad.com\/wp-content\/uploads\/2025\/01\/IMG_7643.jpg?resize=812%2C1536&amp;ssl=1 812w, https:\/\/i0.wp.com\/freeazawad.com\/wp-content\/uploads\/2025\/01\/IMG_7643.jpg?resize=1083%2C2048&amp;ssl=1 1083w, https:\/\/i0.wp.com\/freeazawad.com\/wp-content\/uploads\/2025\/01\/IMG_7643.jpg?w=1242&amp;ssl=1 1242w\" sizes=\"auto, (max-width: 541px) 100vw, 541px\" \/><\/figure>\n\n\n\n<p class=\"has-mono-2-color has-text-color has-link-color wp-elements-41086b4e9d0165e78ef3897c4e13b7f8\" style=\"font-size:clamp(27.42px, 1.714rem + ((1vw - 3.2px) * 2.225), 47px);\">1974 \u2013 S\u00e9cheresse, 2024 \u2013 Paludisme et une maladie inconnue\u2026<\/p>\n\n\n\n<p class=\"has-medium-font-size\">Le gouvernement malien n\u2019a jamais h\u00e9sit\u00e9 \u00e0 profiter de la moindre occasion pour acc\u00e9l\u00e9rer le g\u00e9nocide contre le peuple azawadien.<\/p>\n\n\n\n<p class=\"has-medium-font-size\">Est-ce une co\u00efncidence ? Ou est-ce une fa\u00e7on de faire croire qu\u2019il s\u2019agit d\u2019une co\u00efncidence ? De nombreux m\u00e9faits sont pr\u00e9sent\u00e9s comme une co\u00efncidence. Mais dans le cas de la s\u00e9cheresse de 1974, il existe des preuves document\u00e9es. La s\u00e9cheresse a forc\u00e9 les Azawadiens \u00e0 quitter leurs terres\u2026 Et le gouvernement malien a utilis\u00e9 la s\u00e9cheresse pour laisser les Touaregs mourir de faim.<\/p>\n\n\n\n<p class=\"has-medium-font-size\">Et un important document de l'ambassade de France \u00e0 Niamey r\u00e9v\u00e8le comment les autorit\u00e9s de l'\u00c9tat malien ont commis un g\u00e9nocide et un nettoyage ethnique contre les Azawadiens d\u00e8s les ann\u00e9es 1970 en utilisant la s\u00e9cheresse pour les affamer.<\/p>\n\n\n\n<figure class=\"wp-block-gallery has-nested-images columns-default is-cropped wp-block-gallery-1 is-layout-flex wp-block-gallery-is-layout-flex\">\n<figure class=\"wp-block-image size-large\"><img data-recalc-dims=\"1\" loading=\"lazy\" decoding=\"async\" width=\"706\" height=\"1024\" data-id=\"1055\" src=\"https:\/\/i0.wp.com\/freeazawad.com\/wp-content\/uploads\/2025\/01\/IMG_7645.jpg?resize=706%2C1024&#038;ssl=1\" alt=\"\" class=\"wp-image-1055\" srcset=\"https:\/\/i0.wp.com\/freeazawad.com\/wp-content\/uploads\/2025\/01\/IMG_7645.jpg?resize=706%2C1024&amp;ssl=1 706w, https:\/\/i0.wp.com\/freeazawad.com\/wp-content\/uploads\/2025\/01\/IMG_7645.jpg?resize=207%2C300&amp;ssl=1 207w, https:\/\/i0.wp.com\/freeazawad.com\/wp-content\/uploads\/2025\/01\/IMG_7645.jpg?resize=768%2C1114&amp;ssl=1 768w, https:\/\/i0.wp.com\/freeazawad.com\/wp-content\/uploads\/2025\/01\/IMG_7645.jpg?resize=1059%2C1536&amp;ssl=1 1059w, https:\/\/i0.wp.com\/freeazawad.com\/wp-content\/uploads\/2025\/01\/IMG_7645.jpg?w=1073&amp;ssl=1 1073w\" sizes=\"auto, (max-width: 706px) 100vw, 706px\" \/><\/figure>\n\n\n\n<figure class=\"wp-block-image size-large\"><img data-recalc-dims=\"1\" loading=\"lazy\" decoding=\"async\" width=\"655\" height=\"1024\" data-id=\"1057\" src=\"https:\/\/i0.wp.com\/freeazawad.com\/wp-content\/uploads\/2025\/01\/IMG_7644.jpg?resize=655%2C1024&#038;ssl=1\" alt=\"\" class=\"wp-image-1057\" srcset=\"https:\/\/i0.wp.com\/freeazawad.com\/wp-content\/uploads\/2025\/01\/IMG_7644.jpg?resize=655%2C1024&amp;ssl=1 655w, https:\/\/i0.wp.com\/freeazawad.com\/wp-content\/uploads\/2025\/01\/IMG_7644.jpg?resize=192%2C300&amp;ssl=1 192w, https:\/\/i0.wp.com\/freeazawad.com\/wp-content\/uploads\/2025\/01\/IMG_7644.jpg?resize=768%2C1201&amp;ssl=1 768w, https:\/\/i0.wp.com\/freeazawad.com\/wp-content\/uploads\/2025\/01\/IMG_7644.jpg?resize=982%2C1536&amp;ssl=1 982w, https:\/\/i0.wp.com\/freeazawad.com\/wp-content\/uploads\/2025\/01\/IMG_7644.jpg?w=1242&amp;ssl=1 1242w\" sizes=\"auto, (max-width: 655px) 100vw, 655px\" \/><\/figure>\n\n\n\n<figure class=\"wp-block-image size-large\"><img data-recalc-dims=\"1\" loading=\"lazy\" decoding=\"async\" width=\"586\" height=\"1024\" data-id=\"1056\" src=\"https:\/\/i0.wp.com\/freeazawad.com\/wp-content\/uploads\/2025\/01\/IMG_9572.jpg?resize=586%2C1024&#038;ssl=1\" alt=\"\" class=\"wp-image-1056\" srcset=\"https:\/\/i0.wp.com\/freeazawad.com\/wp-content\/uploads\/2025\/01\/IMG_9572.jpg?resize=586%2C1024&amp;ssl=1 586w, https:\/\/i0.wp.com\/freeazawad.com\/wp-content\/uploads\/2025\/01\/IMG_9572.jpg?resize=172%2C300&amp;ssl=1 172w, https:\/\/i0.wp.com\/freeazawad.com\/wp-content\/uploads\/2025\/01\/IMG_9572.jpg?resize=768%2C1342&amp;ssl=1 768w, https:\/\/i0.wp.com\/freeazawad.com\/wp-content\/uploads\/2025\/01\/IMG_9572.jpg?resize=879%2C1536&amp;ssl=1 879w, https:\/\/i0.wp.com\/freeazawad.com\/wp-content\/uploads\/2025\/01\/IMG_9572.jpg?resize=1172%2C2048&amp;ssl=1 1172w, https:\/\/i0.wp.com\/freeazawad.com\/wp-content\/uploads\/2025\/01\/IMG_9572.jpg?w=1242&amp;ssl=1 1242w\" sizes=\"auto, (max-width: 586px) 100vw, 586px\" \/><\/figure>\n\n\n\n<figure class=\"wp-block-image size-large\"><img data-recalc-dims=\"1\" loading=\"lazy\" decoding=\"async\" width=\"669\" height=\"1024\" data-id=\"1058\" src=\"https:\/\/i0.wp.com\/freeazawad.com\/wp-content\/uploads\/2025\/01\/IMG_9966.jpg?resize=669%2C1024&#038;ssl=1\" alt=\"\" class=\"wp-image-1058\" srcset=\"https:\/\/i0.wp.com\/freeazawad.com\/wp-content\/uploads\/2025\/01\/IMG_9966.jpg?resize=669%2C1024&amp;ssl=1 669w, https:\/\/i0.wp.com\/freeazawad.com\/wp-content\/uploads\/2025\/01\/IMG_9966.jpg?resize=196%2C300&amp;ssl=1 196w, https:\/\/i0.wp.com\/freeazawad.com\/wp-content\/uploads\/2025\/01\/IMG_9966.jpg?resize=768%2C1175&amp;ssl=1 768w, https:\/\/i0.wp.com\/freeazawad.com\/wp-content\/uploads\/2025\/01\/IMG_9966.jpg?resize=1004%2C1536&amp;ssl=1 1004w, https:\/\/i0.wp.com\/freeazawad.com\/wp-content\/uploads\/2025\/01\/IMG_9966.jpg?w=1242&amp;ssl=1 1242w\" sizes=\"auto, (max-width: 669px) 100vw, 669px\" \/><\/figure>\n<\/figure>\n\n\n\n<p class=\"\"><em>Les 2 photos en haut \u00e0 gauche sont celles de la s\u00e9cheresse de 1974 et du document prouvant que le gouvernement malien a utilis\u00e9 la s\u00e9cheresse pour affamer les Touaregs de l'Azawad. Les photos de droite et du bas sont des images des \u00e9pid\u00e9mies de paludisme et de maladies inconnues le long de la fronti\u00e8re alg\u00e9rienne autour de la r\u00e9gion de Tinzawatine en 2024.<\/em><\/p>\n\n\n\n<p class=\"\">CELA A \u00c9T\u00c9 UTILIS\u00c9 COMME MOYEN DE G\u00c9NOCIDE !<\/p>\n\n\n\n<p class=\"has-medium-font-size\">En 2024, le bruit des fosses communes se faisait entendre quotidiennement, les gens mouraient en masse. Seules quelques organisations locales et l\u2019association Solidarit\u00e9 Azawad ont pu envoyer des m\u00e9dicaments et des v\u00eatements aux r\u00e9fugi\u00e9s de Tinzawatine.<\/p>\n\n\n\n<p class=\"has-medium-font-size\">Le changement climatique a entra\u00een\u00e9 des pluies excessives dans le Sahara et avec elles sont apparues des maladies comme le paludisme et la dipht\u00e9rie.<\/p>\n\n\n\n<p class=\"has-medium-font-size\">Cette trag\u00e9die a touch\u00e9 toute la r\u00e9gion, mais plus particuli\u00e8rement la population azawadienne, qui a perdu la vie en masse ! Des tombes \u00e9taient creus\u00e9es quotidiennement dans les camps de r\u00e9fugi\u00e9s situ\u00e9s le long de la fronti\u00e8re alg\u00e9rienne.<\/p>\n\n\n\n<p class=\"has-medium-font-size\">Les autorit\u00e9s maliennes ont refus\u00e9 l'acc\u00e8s aux zones sinistr\u00e9es aux organisations qui souhaitaient apporter des m\u00e9dicaments. Dans le m\u00eame temps, elles ont attaqu\u00e9 comme d'habitude avec des drones turcs.<\/p>\n\n\n\n<p class=\"has-medium-font-size\">Une maladie inconnue a \u00e9t\u00e9 d\u00e9couverte et on soup\u00e7onne qu\u2019elle est due \u00e0 des produits chimiques introduits dans les drones, et les animaux ont commenc\u00e9 \u00e0 avoir des descendants d\u00e9fectueux. L\u2019\u00e9pid\u00e9mie n\u2019a-t-elle pas \u00e9t\u00e9 exploit\u00e9e pour acc\u00e9l\u00e9rer le g\u00e9nocide en cours contre le peuple azawadien ?<\/p>\n\n\n\n<hr class=\"is-style-wide wp-block-separator has-alpha-channel-opacity\"\/>\n\n\n\n<p class=\"\">LES DOMMAGES DES PRODUITS CHIMIQUES TOXIQUES PROVENANT DES DRONES DANS L'AZAWAD <\/p>\n\n\n\n<p class=\"has-medium-font-size\">Plusieurs rapports font \u00e9tat de l\u2019utilisation pr\u00e9sum\u00e9e de produits chimiques dans des drones par Fama et Wagner, qui auraient provoqu\u00e9 des maladies inconnues dans les populations et des malformations chez les animaux. L\u2019utilisation d\u2019armes chimiques et biologiques est, selon l\u2019ONU, inacceptable dans tous les contextes et circonstances et est consid\u00e9r\u00e9e comme un crime contre l\u2019humanit\u00e9. Des drones contenant des produits chimiques sont suspect\u00e9s dans le cas des r\u00e9fugi\u00e9s azawadiens, une arme ill\u00e9gale utilis\u00e9e non pas sur le champ de bataille mais contre des civils.<\/p>\n\n\n\n<figure class=\"wp-block-gallery has-nested-images columns-default is-cropped wp-block-gallery-2 is-layout-flex wp-block-gallery-is-layout-flex\">\n<figure class=\"wp-block-image size-large\"><img data-recalc-dims=\"1\" loading=\"lazy\" decoding=\"async\" width=\"920\" height=\"1024\" data-id=\"1287\" src=\"https:\/\/i0.wp.com\/freeazawad.com\/wp-content\/uploads\/2025\/01\/IMG_0324-1.jpg?resize=920%2C1024&#038;ssl=1\" alt=\"\" class=\"wp-image-1287\" srcset=\"https:\/\/i0.wp.com\/freeazawad.com\/wp-content\/uploads\/2025\/01\/IMG_0324-1.jpg?resize=920%2C1024&amp;ssl=1 920w, https:\/\/i0.wp.com\/freeazawad.com\/wp-content\/uploads\/2025\/01\/IMG_0324-1.jpg?resize=269%2C300&amp;ssl=1 269w, https:\/\/i0.wp.com\/freeazawad.com\/wp-content\/uploads\/2025\/01\/IMG_0324-1.jpg?resize=768%2C855&amp;ssl=1 768w, https:\/\/i0.wp.com\/freeazawad.com\/wp-content\/uploads\/2025\/01\/IMG_0324-1.jpg?w=1100&amp;ssl=1 1100w\" sizes=\"auto, (max-width: 920px) 100vw, 920px\" \/><\/figure>\n\n\n\n<figure class=\"wp-block-image size-large\"><img data-recalc-dims=\"1\" loading=\"lazy\" decoding=\"async\" width=\"869\" height=\"1024\" data-id=\"1288\" src=\"https:\/\/i0.wp.com\/freeazawad.com\/wp-content\/uploads\/2025\/01\/IMG_0335-1.jpg?resize=869%2C1024&#038;ssl=1\" alt=\"\" class=\"wp-image-1288\" srcset=\"https:\/\/i0.wp.com\/freeazawad.com\/wp-content\/uploads\/2025\/01\/IMG_0335-1.jpg?resize=869%2C1024&amp;ssl=1 869w, https:\/\/i0.wp.com\/freeazawad.com\/wp-content\/uploads\/2025\/01\/IMG_0335-1.jpg?resize=255%2C300&amp;ssl=1 255w, https:\/\/i0.wp.com\/freeazawad.com\/wp-content\/uploads\/2025\/01\/IMG_0335-1.jpg?resize=768%2C905&amp;ssl=1 768w, https:\/\/i0.wp.com\/freeazawad.com\/wp-content\/uploads\/2025\/01\/IMG_0335-1.jpg?w=1062&amp;ssl=1 1062w\" sizes=\"auto, (max-width: 869px) 100vw, 869px\" \/><\/figure>\n<\/figure>\n\n\n\n<p class=\"\"><em>Ces images sont des captures d'\u00e9cran d'une vid\u00e9o montrant des prog\u00e9nitures animales d\u00e9form\u00e9es et on pense que cela est d\u00fb aux produits chimiques utilis\u00e9s dans les drones. Qu'ont fait ces animaux innocents pour m\u00e9riter cela ? Et les personnes qui attrapent cette maladie inconnue ? Cela fait \u00e9galement partie de la politique de la terre br\u00fbl\u00e9e, qui vise \u00e0 exterminer tout ce qui vit, m\u00eame la nature<\/em>.<\/p>\n\n\n\n<p class=\"has-medium-font-size\">Dans l\u2019Azawad, o\u00f9 il n\u2019existe ni clinique ni trousse de premiers secours, plus de 100 personnes meurent chaque jour de maladies caus\u00e9es par des puits empoisonn\u00e9s et des armes biologiques utilis\u00e9es par les FAMA et les mercenaires Wagner. Des cas de maladies et de d\u00e9c\u00e8s dus \u00e0 une maladie inconnue ont \u00e9t\u00e9 signal\u00e9s, et les soup\u00e7ons selon lesquels les Fama et Wagner utilisent des armes biologiques contre des civils innocents dans l\u2019Azawad ne sont pas que pure imagination. Il faut \u00e9galement souligner que ces soup\u00e7ons proviennent de diff\u00e9rentes directions, tant de l\u2019int\u00e9rieur que de l\u2019ext\u00e9rieur de l\u2019Azawad.<\/p>\n\n\n\n<p class=\"has-medium-font-size\">Une nouvelle vid\u00e9o est apparue hier sur les r\u00e9seaux sociaux montrant comment les animaux sont \u00e9galement affect\u00e9s. La vid\u00e9o montre comment les animaux naissent d\u00e9form\u00e9s \u00e0 cause de ces produits chimiques utilis\u00e9s dans les drones qui affectent l'ensemble de l'environnement. Ces effets peuvent \u00e9galement se propager aux pays voisins, provoquant des catastrophes environnementales.<\/p>\n\n\n\n<p class=\"has-medium-font-size\">Oui, les cons\u00e9quences des bombardements de drones de l'arm\u00e9e malienne se font sentir jusque dans la vie animale. Le veau difforme qui est n\u00e9 \u00e0 cause des produits toxiques largu\u00e9s, t\u00e9moigne de la trag\u00e9die d\u00e9vastatrice sur les populations et l'environnement. Et tout cela parce qu'ils veulent la terre de l'Azawad et ses ressources, et que les populations qui y vivent d\u00e9j\u00e0 sont un \"probl\u00e8me\" dont ils veulent se d\u00e9barrasser - en les exterminant. Ils ont essay\u00e9 depuis 1960... et n'ont pas r\u00e9ussi \u00e0 les tuer, alors maintenant ils essaient aussi avec des produits chimiques comme il semble.<\/p>\n\n\n\n<p class=\"\">D\u00c9FINITION D'ARME CHIMIQUE<\/p>\n\n\n\n<p class=\"has-medium-font-size\">Les produits chimiques toxiques sont d\u00e9finis comme \u00ab tout produit chimique susceptible de causer la mort, une incapacit\u00e9 temporaire ou des dommages permanents aux humains ou aux animaux \u00bb, quelle que soit leur origine ou leur m\u00e9thode de production. Les produits chimiques utilis\u00e9s pour la production de produits chimiques toxiques sont appel\u00e9s pr\u00e9curseurs. Toutes les munitions ou dispositifs sp\u00e9cifiquement con\u00e7us pour infliger des dommages ou causer la mort par la lib\u00e9ration de produits chimiques toxiques, tels que les obus d\u2019artillerie, les missiles, les bombes, les mines, les mortiers ou les r\u00e9servoirs de pulv\u00e9risation, sont inclus dans la d\u00e9finition des armes chimiques. <\/p>\n\n\n\n<p class=\"has-medium-font-size\">Tout \u00e9quipement sp\u00e9cifiquement con\u00e7u pour \u00eatre utilis\u00e9 \u00ab directement en relation \u00bb avec l\u2019emploi des munitions et dispositifs identifi\u00e9s est \u00e9galement inclus dans la cat\u00e9gorie des armes chimiques. Un produit chimique toxique ou pr\u00e9curseur peut \u00eatre d\u00e9fini comme une arme chimique en fonction de son objectif et est d\u00e9fini comme une arme chimique \u00e0 moins qu\u2019il n\u2019ait \u00e9t\u00e9 d\u00e9velopp\u00e9 \u00e0 des fins non interdites par la Convention. <\/p>\n\n\n\n<p class=\"has-medium-font-size\">Un produit chimique toxique ou pr\u00e9curseur peut \u00eatre d\u00e9fini comme une arme chimique en fonction de son utilisation pr\u00e9vue et est d\u00e9fini comme une arme chimique \u00e0 moins qu'il n'ait \u00e9t\u00e9 d\u00e9velopp\u00e9 \u00e0 des fins non interdites par la Convention. Les toxines sont des produits chimiques toxiques produits par des organismes vivants. <\/p>\n\n\n\n<p class=\"has-medium-font-size\">Ces armes sont consid\u00e9r\u00e9es comme des armes chimiques et biologiques lorsqu'elles sont utilis\u00e9es en violation de la Convention. Il existe \u00e9galement un certain nombre de toxines synth\u00e9tiques. La Convention sur les armes chimiques (CAC) interdit les armes chimiques. <\/p>\n\n\n\n<p class=\"has-medium-font-size\">Groupe de soutien Azawad 21\/09\/24<\/p>\n\n\n\n<hr class=\"is-style-wide wp-block-separator has-alpha-channel-opacity\"\/>\n\n\n\n<p style=\"font-size:clamp(26.465px, 1.654rem + ((1vw - 3.2px) * 2.106), 45px);\" class=\"\">Extrait de \u00ab Les mots manquent d\u2019\u00e9motions\/Victor Hugo \u00bb, de Tohima Ag Liblina :<\/p>\n\n\n\n<p class=\"has-medium-font-size\">Aujourd\u2019hui, les paisibles populations de l\u2019Azawad, contraintes de fuir les ex\u00e9cutions et le terrorisme d\u2019\u00c9tat orchestr\u00e9 par la junte militaire de Bamako et ses mercenaires russes Wagner, se trouvent entre le marteau et l\u2019enclume. Ces hommes, femmes et enfants, en qu\u00eate de refuge ou tout simplement d\u2019une vie meilleure, cherchent d\u00e9sesp\u00e9r\u00e9ment \u00e0 \u00e9chapper \u00e0 cette tourmente, en traversant les fronti\u00e8res vers les pays voisins, o\u00f9 ils esp\u00e8rent encore trouver un havre de paix.<\/p>\n\n\n\n<p class=\"has-medium-font-size\">Mais d\u2019un c\u00f4t\u00e9, l\u2019Alg\u00e9rie, avec ses fronti\u00e8res quasi ferm\u00e9es, leur refuse non seulement l\u2019acc\u00e8s, mais aussi le statut de r\u00e9fugi\u00e9, privant ainsi ces \u00e2mes errantes de services sociaux essentiels, pourtant vitaux. De l\u2019autre, elles font face \u00e0 des bombardements incessants, orchestr\u00e9s par la junte de Bamako et ses mercenaires, utilisant des drones turcs pour semer la mort dans les zones de repli.<\/p>\n\n\n\n<p class=\"has-medium-font-size\">A Tinzawatine, des milliers de familles survivent dans des conditions indignes et inimaginables, plong\u00e9es dans une pauvret\u00e9 extr\u00eame. Abandonn\u00e9es de tous, elles n\u2019ont re\u00e7u aucune aide, ni des pays voisins, ni des organisations humanitaires ou de d\u00e9fense des droits de l\u2019homme. Et pour ajouter \u00e0 leur d\u00e9sespoir, une \u00e9pid\u00e9mie d\u00e9vastatrice frappe sans rel\u00e2che, faisant des dizaines de morts chaque jour.<\/p>\n\n\n\n<p class=\"has-medium-font-size\">Selon les recherches men\u00e9es par un m\u00e9decin sur place, cette maladie est le r\u00e9sultat des produits chimiques lib\u00e9r\u00e9s par les frappes de drones, combin\u00e9s \u00e0 la famine qui ronge ces familles depuis des mois. Chaque jour, elles c\u00f4toient la mort, non seulement \u00e0 cause de la guerre, mais aussi de la maladie et de la faim.<\/p>\n\n\n\n<p class=\"has-medium-font-size\">Rien n'a chang\u00e9.<\/p>\n\n\n\n<p class=\"has-medium-font-size\">Rien ne changera tant que l\u2019Azawad n\u2019aura pas obtenu son ind\u00e9pendance<\/p>\n\n\n\n<p class=\"has-medium-font-size\"><em>Tohima Ag Libina 2024<\/em><\/p>\n\n\n\n<hr class=\"is-style-wide wp-block-separator has-alpha-channel-opacity\"\/>\n\n\n\n<p class=\"\"><\/p>\n\n\n\n<p class=\"has-text-align-center\"><a href=\"https:\/\/freeazawad.com\/fr\/\"> PAGE  D\u00b4ACCUEIL<\/a><\/p>","protected":false},"excerpt":{"rendered":"<p>1974 &#8211; Drought, 2024 &#8211; Malaria and an unknown disease\u2026 The Malian government has never hesitated to take advantage of any opportunity to accelerate the genocide against the Azawadian people. Is this a coincidence? Or is it made to look like one? Many misdeeds are made to look like a coincidence. But in the case [&hellip;]<\/p>\n","protected":false},"author":1,"featured_media":0,"parent":0,"menu_order":0,"comment_status":"closed","ping_status":"closed","template":"","meta":{"nf_dc_page":"","_monsterinsights_skip_tracking":false,"_monsterinsights_sitenote_active":false,"_monsterinsights_sitenote_note":"","_monsterinsights_sitenote_category":0,"advanced_seo_description":"","jetpack_seo_html_title":"","jetpack_seo_noindex":false,"footnotes":""},"class_list":["post-3062","page","type-page","status-publish","hentry"],"jetpack_sharing_enabled":true,"_links":{"self":[{"href":"https:\/\/freeazawad.com\/fr\/wp-json\/wp\/v2\/pages\/3062","targetHints":{"allow":["GET"]}}],"collection":[{"href":"https:\/\/freeazawad.com\/fr\/wp-json\/wp\/v2\/pages"}],"about":[{"href":"https:\/\/freeazawad.com\/fr\/wp-json\/wp\/v2\/types\/page"}],"author":[{"embeddable":true,"href":"https:\/\/freeazawad.com\/fr\/wp-json\/wp\/v2\/users\/1"}],"replies":[{"embeddable":true,"href":"https:\/\/freeazawad.com\/fr\/wp-json\/wp\/v2\/comments?post=3062"}],"version-history":[{"count":3,"href":"https:\/\/freeazawad.com\/fr\/wp-json\/wp\/v2\/pages\/3062\/revisions"}],"predecessor-version":[{"id":4044,"href":"https:\/\/freeazawad.com\/fr\/wp-json\/wp\/v2\/pages\/3062\/revisions\/4044"}],"wp:attachment":[{"href":"https:\/\/freeazawad.com\/fr\/wp-json\/wp\/v2\/media?parent=3062"}],"curies":[{"name":"wp","href":"https:\/\/api.w.org\/{rel}","templated":true}]}}