{"id":3579,"date":"2025-02-16T22:33:44","date_gmt":"2025-02-16T22:33:44","guid":{"rendered":"https:\/\/freeazawad.com\/?page_id=3579"},"modified":"2025-03-10T22:09:51","modified_gmt":"2025-03-10T22:09:51","slug":"les-touaregs-sont-une-nation-et-non-une-tribu","status":"publish","type":"page","link":"https:\/\/freeazawad.com\/fr\/les-touaregs-sont-une-nation-et-non-une-tribu\/","title":{"rendered":"LES TOUAREGS SONT UNE NATION, PAS UNE TRIBU."},"content":{"rendered":"<figure class=\"wp-block-image alignfull size-large\"><img data-recalc-dims=\"1\" loading=\"lazy\" decoding=\"async\" width=\"978\" height=\"1024\" src=\"https:\/\/i0.wp.com\/freeazawad.com\/wp-content\/uploads\/2025\/02\/Brazil-kopiera.jpg?resize=978%2C1024&#038;ssl=1\" alt=\"\" class=\"wp-image-2999\" srcset=\"https:\/\/i0.wp.com\/freeazawad.com\/wp-content\/uploads\/2025\/02\/Brazil-kopiera.jpg?resize=978%2C1024&amp;ssl=1 978w, https:\/\/i0.wp.com\/freeazawad.com\/wp-content\/uploads\/2025\/02\/Brazil-kopiera.jpg?resize=287%2C300&amp;ssl=1 287w, https:\/\/i0.wp.com\/freeazawad.com\/wp-content\/uploads\/2025\/02\/Brazil-kopiera.jpg?resize=768%2C804&amp;ssl=1 768w, https:\/\/i0.wp.com\/freeazawad.com\/wp-content\/uploads\/2025\/02\/Brazil-kopiera.jpg?resize=11%2C12&amp;ssl=1 11w, https:\/\/i0.wp.com\/freeazawad.com\/wp-content\/uploads\/2025\/02\/Brazil-kopiera.jpg?w=1194&amp;ssl=1 1194w\" sizes=\"auto, (max-width: 978px) 100vw, 978px\" \/><\/figure>\n\n\n\n<blockquote class=\"wp-block-quote is-layout-flow wp-block-quote-is-layout-flow\">\n<p class=\"\">Les Touaregs sont une nation, pas une tribu, mais l\u2019id\u00e9ologie nationaliste arabe les a r\u00e9duits \u00e0 une tribu.<br>Amahag Ibrahim Al-Koni<\/p>\n<\/blockquote>\n\n\n\n<p class=\"\">Pour l\u00e9gitimer la prise de la patrie des Touaregs, ils disent au monde qu\u2019ils ne sont que des nomades ou des b\u00e9douins et qu\u2019en tant que tels, \u00ab ils n\u2019ont pas de patrie \u00bb\u2026.<\/p>\n\n\n\n<p class=\"\">Ils les r\u00e9duisent \u00e0 une \u00ab tribu \u00bb alors qu\u2019ils sont une nation, et ils r\u00e9duisent leur langue tamasheq \u00e0 un \u00ab dialecte \u00bb alors qu\u2019il s\u2019agit d\u2019une langue. Et ils tentent d\u2019effacer le tifinagh comme \u00e9criture ou m\u00eame d\u2019effacer litt\u00e9ralement le tifinagh des rochers \u00e0 certains endroits. Ou encore de le r\u00e9duire \u00e0 une \u00ab relique historique et une curiosit\u00e9 du pass\u00e9 \u00bb bien qu\u2019il soit encore utilis\u00e9. Pour le montrer aux touristes \u00e0 qui on ne dira jamais la v\u00e9rit\u00e9.<\/p>\n\n\n\n<p class=\"\">La v\u00e9rit\u00e9 sur la r\u00e9alit\u00e9 de la vie du peuple touareg dans le d\u00e9sert et sa vie sous l\u2019oppression est cach\u00e9e au monde.<\/p>\n\n\n\n<blockquote class=\"wp-block-quote is-layout-flow wp-block-quote-is-layout-flow\">\n<p class=\"\">\u00ab La langue n\u2019est pas une question ethnique, mais une question existentielle. Quiconque emp\u00eache quelqu\u2019un de parler sa langue, le condamne \u00e0 mort. \u00bb Amahgh Ibrahim Al-Koni<\/p>\n<\/blockquote>\n\n\n\n<p class=\"\">Ce n'est pas pour rien que les groupes de blues du d\u00e9sert comme Tinariwen, Tamikrest, Imarhan et bien d'autres chantent presque toutes leurs chansons en tamacheq, afin de pr\u00e9server leur langue. Tinariwen et Tamikrest, en particulier, chantent les souffrances du peuple azawadien et la lutte pour l'ind\u00e9pendance.<\/p>\n\n\n\n<p class=\"\">Et pourtant, beaucoup de leurs fans \u00e0 travers le monde savent de quoi ils parlent m\u00eame s'ils ne connaissent pas leur langue. Mais la musique est un langage universel.<\/p>\n\n\n\n<figure class=\"wp-block-image size-large\"><img data-recalc-dims=\"1\" loading=\"lazy\" decoding=\"async\" width=\"976\" height=\"1024\" src=\"https:\/\/i0.wp.com\/freeazawad.com\/wp-content\/uploads\/2025\/02\/IMG_6994.jpg?resize=976%2C1024&#038;ssl=1\" alt=\"\" class=\"wp-image-3580\" srcset=\"https:\/\/i0.wp.com\/freeazawad.com\/wp-content\/uploads\/2025\/02\/IMG_6994.jpg?resize=976%2C1024&amp;ssl=1 976w, https:\/\/i0.wp.com\/freeazawad.com\/wp-content\/uploads\/2025\/02\/IMG_6994.jpg?resize=286%2C300&amp;ssl=1 286w, https:\/\/i0.wp.com\/freeazawad.com\/wp-content\/uploads\/2025\/02\/IMG_6994.jpg?resize=768%2C806&amp;ssl=1 768w, https:\/\/i0.wp.com\/freeazawad.com\/wp-content\/uploads\/2025\/02\/IMG_6994.jpg?resize=11%2C12&amp;ssl=1 11w, https:\/\/i0.wp.com\/freeazawad.com\/wp-content\/uploads\/2025\/02\/IMG_6994.jpg?w=1046&amp;ssl=1 1046w\" sizes=\"auto, (max-width: 976px) 100vw, 976px\" \/><\/figure>\n\n\n\n<figure class=\"wp-block-image size-large\"><img data-recalc-dims=\"1\" loading=\"lazy\" decoding=\"async\" width=\"816\" height=\"1024\" src=\"https:\/\/i0.wp.com\/freeazawad.com\/wp-content\/uploads\/2025\/02\/IMG_6995.jpg?resize=816%2C1024&#038;ssl=1\" alt=\"\" class=\"wp-image-3581\" srcset=\"https:\/\/i0.wp.com\/freeazawad.com\/wp-content\/uploads\/2025\/02\/IMG_6995.jpg?resize=816%2C1024&amp;ssl=1 816w, https:\/\/i0.wp.com\/freeazawad.com\/wp-content\/uploads\/2025\/02\/IMG_6995.jpg?resize=239%2C300&amp;ssl=1 239w, https:\/\/i0.wp.com\/freeazawad.com\/wp-content\/uploads\/2025\/02\/IMG_6995.jpg?resize=768%2C963&amp;ssl=1 768w, https:\/\/i0.wp.com\/freeazawad.com\/wp-content\/uploads\/2025\/02\/IMG_6995.jpg?resize=1224%2C1536&amp;ssl=1 1224w, https:\/\/i0.wp.com\/freeazawad.com\/wp-content\/uploads\/2025\/02\/IMG_6995.jpg?resize=10%2C12&amp;ssl=1 10w, https:\/\/i0.wp.com\/freeazawad.com\/wp-content\/uploads\/2025\/02\/IMG_6995.jpg?w=1242&amp;ssl=1 1242w\" sizes=\"auto, (max-width: 816px) 100vw, 816px\" \/><\/figure>\n\n\n\n<p class=\"\">La patrie des Touaregs \u00e9tait autrefois divis\u00e9e par des fronti\u00e8res artificielles en six pays (aujourd'hui) (nord du Mali, sud de l'Alg\u00e9rie, sud-ouest de la Libye, nord du Burkina Faso et nord du Niger et du Nig\u00e9ria qui \u00e9taient divis\u00e9s entre les colons fran\u00e7ais et britanniques)<\/p>\n\n\n\n<p class=\"\">Les Touaregs sont les ma\u00eetres du royaume historique des Almoravides. Les Touaregs ont construit la ville de Tadmukt en Adagh et ont construit les villes de Tombouctou, Ghat et Gant. Les Touaregs sont \u00e0 la fois des citadins et des habitants du d\u00e9sert.<\/p>\n\n\n\n<blockquote class=\"wp-block-quote is-layout-flow wp-block-quote-is-layout-flow\">\n<p class=\"\">A cette \u00e9poque, quand un Touareg montait son grand chameau et s'asseyait sur sa selle, il avait l'impression d'\u00eatre assis au point le plus \u00e9lev\u00e9 du monde. Le Sahara lui appartenait \u00e0 lui seul et personne n'osait le traverser sans sa permission. Aujourd'hui, leur existence est menac\u00e9e par les terroristes Junta et Wagner !<\/p>\n\n\n\n<p class=\"\">Akli Sh*kka<\/p>\n<\/blockquote>\n\n\n\n<p class=\"\">Les Touaregs sont un peuple fort et r\u00e9silient, mais en raison de la marginalisation et de l'oppression au point de subir un g\u00e9nocide, ils ont besoin de tout le soutien possible !<\/p>\n\n\n\n<p class=\"\">Quant au terme Azawad, c'est un terme qui a de profondes racines historiques et culturelles. Mais il n'est pas universellement reconnu en dehors de la r\u00e9gion du Sahel, et il est souvent n\u00e9cessaire d'ajouter \"Nord du Mali\" pour clarifier la situation pour ceux qui ne connaissent pas la r\u00e9gion.<\/p>\n\n\n\n<p class=\"\">Mais cette r\u00e9gion du \"nord du Mali\" s'appelle l'Azawad. <\/p>\n\n\n\n<p class=\"\">Dans le nord du Niger, c'est l'Azawagh. C'\u00e9tait autrefois la m\u00eame terre... qui s'\u00e9tendait sur une partie de l'actuel sud de l'Alg\u00e9rie, au sud-ouest de la Libye et au nord du Burkina Faso. <\/p>\n\n\n\n<p class=\"\">Avant la colonisation.<\/p>\n\n\n\n<p class=\"\">Quels d\u00e9g\u00e2ts profonds la colonisation n'a-t-elle pas caus\u00e9s ?<\/p>\n\n\n\n<p class=\"\">Groupe de Soutien l`Azawad <\/p>\n\n\n\n<hr class=\"is-style-wide wp-block-separator has-alpha-channel-opacity\"\/>\n\n\n\n<p style=\"font-size:clamp(16.293px, 1.018rem + ((1vw - 3.2px) * 0.989), 25px);\" class=\"\">L'IDENTIT\u00c9 TOUAREG - KEL TAMACHEQ - UNE NATION \u00c0 PART ENTI\u00c8RE ET NON UNE TRIBU<\/p>\n\n\n\n<p class=\"\">Le terme \"Touareg\" a \u00e9t\u00e9 invent\u00e9 par des \u00e9trangers et est souvent utilis\u00e9 pour d\u00e9crire de mani\u00e8re g\u00e9n\u00e9rale divers groupes nomades du Sahara, mais il ne rend pas compte de la r\u00e9alit\u00e9 nuanc\u00e9e de l'auto-identification de ce peuple. Le v\u00e9ritable nom des \"Touaregs\" est \"Kel Tamacheq\", qui signifie \"le peuple qui parle tamacheq\", et c'est le terme que beaucoup pr\u00e9f\u00e8rent. Malheureusement, il n'est pas aussi largement reconnu en dehors des r\u00e9gions qui connaissent la langue tamacheq. \"Imohaugh\" est encore moins reconnu et est sp\u00e9cifique \u00e0 certains groupes au sein de la population parlant le tamacheq, mais il refl\u00e8te un sentiment de fiert\u00e9 et d'identit\u00e9 plus profond qui est plus difficile \u00e0 comprendre pour les \u00e9trangers.<\/p>\n\n\n\n<p class=\"\">Les termes \"Touareg\", \"Kel Tamacheq\" et m\u00eame \"Amazigh\" sont devenus des symboles de l'identit\u00e9 du peuple dans diff\u00e9rents contextes, mais ils s'accompagnent de couches d'histoire, de d\u00e9formations et de repr\u00e9sentations erron\u00e9es.<\/p>\n\n\n\n<p class=\"\">Sur cette page web, nous utilisons \u00e0 la fois le terme \"Touareg\" et le terme \"Kel Tamacheq\" afin que les gens puissent faire le lien entre les deux et qu'avec le temps, le v\u00e9ritable nom \"Kel Tamacheq\" soit plus largement connu et accept\u00e9 comme le v\u00e9ritable nom du peuple parlant le kel Tamacheq.<\/p>\n\n\n\n<p class=\"\">Le m\u00eame probl\u00e8me se pose pour les termes \"amazigh\" et \"berb\u00e8re\". Le mot \"berb\u00e8re\" lui-m\u00eame est souvent consid\u00e9r\u00e9 comme un exonyme, cr\u00e9\u00e9 par des \u00e9trangers, et a des connotations coloniales. Beaucoup pr\u00e9f\u00e8rent le terme \"Amazigh\" (ou \"Imazighen\"), qui signifie \"peuple libre\" ou \"peuple noble\", ce qui t\u00e9moigne de la fiert\u00e9 qu'ils \u00e9prouvent \u00e0 l'\u00e9gard de leur identit\u00e9.<\/p>\n\n\n\n<p style=\"font-size:clamp(16.293px, 1.018rem + ((1vw - 3.2px) * 0.989), 25px);\" class=\"\">PENS\u00c9E CRITIQUE ET COLONIALISME CULTUREL - Une analyse approfondie*<\/p>\n\n\n\n<p class=\"\">Le colonialisme culturel pose un d\u00e9fi fondamental aux identit\u00e9s indig\u00e8nes en imposant des langues et des structures culturelles dominantes, ce qui conduit \u00e0 la marginalisation des langues locales et de leurs cultures. <\/p>\n\n\n\n<p class=\"\">Les langues coloniales (telles que l'arabe, le fran\u00e7ais et l'anglais) sont utilis\u00e9es comme outils d'h\u00e9g\u00e9monie dans les domaines scientifique, \u00e9ducatif et administratif, ce qui renforce la d\u00e9pendance culturelle et d\u00e9nature les liens historiques des peuples avec leur identit\u00e9. <\/p>\n\n\n\n<p class=\"\">Par exemple, le peuple touareg du Sahara, qui a pr\u00e9serv\u00e9 sa langue berb\u00e8re (tamasheq) et ses traditions pendant des si\u00e8cles, a \u00e9t\u00e9 confront\u00e9 \u00e0 une \u00e9rosion de son identit\u00e9 en raison du colonialisme fran\u00e7ais, qui a impos\u00e9 sa langue et ses lois, r\u00e9duisant l'utilisation du tamasheq dans la vie publique et l'\u00e9ducation.<\/p>\n\n\n\n<p class=\"\"><em>L'identit\u00e9 : Plus qu'une langue<\/em><\/p>\n\n\n\n<p class=\"\">Cependant, l'identit\u00e9 ne se limite pas \u00e0 la langue, mais inclut \u00e9galement la m\u00e9moire collective, les croyances et les coutumes. Les Touaregs, par exemple, ont un lien profond avec leur h\u00e9ritage oral de po\u00e9sie et de mythes, qui refl\u00e8te une r\u00e9sistance silencieuse \u00e0 la marginalisation. Cette r\u00e9sistance se manifeste par la renaissance des festivals culturels et des initiatives d'\u00e9ducation en tamasheq, malgr\u00e9 l'absence de soutien officiel. Ici, la culture devient un pont entre le pass\u00e9 et le pr\u00e9sent, et un rempart contre l'effacement de l'histoire.<\/p>\n\n\n\n<p class=\"\"><em>Le vrai danger : L'effacement de la m\u00e9moire<\/em><\/p>\n\n\n\n<p class=\"\">Le plus grand d\u00e9fi consiste \u00e0 transformer le r\u00e9cit historique en faveur du r\u00e9cit dominant, qui efface les sacrifices et les exp\u00e9riences des peuples. Pour r\u00e9sister \u00e0 cet effacement, il faut promouvoir l'enseignement dans les langues locales, int\u00e9grer l'histoire orale dans les programmes officiels et soutenir les arts qui refl\u00e8tent la diversit\u00e9 culturelle. Il faut \u00e9galement r\u00e9\u00e9valuer le r\u00f4le jou\u00e9 par les \u00e9lites culturelles et politiques dans l'affaiblissement ou le renforcement de l'identit\u00e9.<\/p>\n\n\n\n<p class=\"\"><em>Conclusion : La r\u00e9sistance par le pluralisme<\/em><\/p>\n\n\n\n<p class=\"\">Les identit\u00e9s ne sont pas statiques mais dynamiques, elles interagissent avec les d\u00e9fis et s'adaptent. R\u00e9sister au colonialisme culturel ne signifie pas rejeter les langues dominantes, mais plut\u00f4t les utiliser comme des passerelles pour diffuser la culture locale, tout en pr\u00e9servant le pluralisme linguistique. Ainsi, l'identit\u00e9 devient une combinaison d'authenticit\u00e9 et d'ouverture, capable de r\u00e9sister aux tentatives d'exclusion.<\/p>\n\n\n\n<p class=\"\">Voix de la Libert\u00e9 de l'Azawad<\/p>\n\n\n\n<p class=\"\">09-03-25<\/p>\n\n\n\n<p class=\"\"><\/p>\n\n\n\n<p class=\"has-text-align-center has-link-color wp-elements-bbc451ac11c6172b04f7e896fe0623f8\"><a href=\"https:\/\/freeazawad.com\/fr\/\">PAGE  D\u00b4ACCUEIL<\/a><\/p>","protected":false},"excerpt":{"rendered":"<p>The Tuaregs are a nation, not a tribe, but Arab nationalist ideology has reduced them to a tribe.Amahag Ibrahim Al-Koni To legitimize the taking of the Tuareg homeland, they tell the world that they are only nomads or Bedouins and that as such, &#8220;they have no homeland.&#8221;\u2026. They reduce them to a &#8220;tribe&#8221; when they [&hellip;]<\/p>\n","protected":false},"author":1,"featured_media":0,"parent":0,"menu_order":0,"comment_status":"closed","ping_status":"closed","template":"","meta":{"nf_dc_page":"","_monsterinsights_skip_tracking":false,"_monsterinsights_sitenote_active":false,"_monsterinsights_sitenote_note":"","_monsterinsights_sitenote_category":0,"advanced_seo_description":"","jetpack_seo_html_title":"","jetpack_seo_noindex":false,"footnotes":""},"class_list":["post-3579","page","type-page","status-publish","hentry"],"jetpack_sharing_enabled":true,"_links":{"self":[{"href":"https:\/\/freeazawad.com\/fr\/wp-json\/wp\/v2\/pages\/3579","targetHints":{"allow":["GET"]}}],"collection":[{"href":"https:\/\/freeazawad.com\/fr\/wp-json\/wp\/v2\/pages"}],"about":[{"href":"https:\/\/freeazawad.com\/fr\/wp-json\/wp\/v2\/types\/page"}],"author":[{"embeddable":true,"href":"https:\/\/freeazawad.com\/fr\/wp-json\/wp\/v2\/users\/1"}],"replies":[{"embeddable":true,"href":"https:\/\/freeazawad.com\/fr\/wp-json\/wp\/v2\/comments?post=3579"}],"version-history":[{"count":14,"href":"https:\/\/freeazawad.com\/fr\/wp-json\/wp\/v2\/pages\/3579\/revisions"}],"predecessor-version":[{"id":4351,"href":"https:\/\/freeazawad.com\/fr\/wp-json\/wp\/v2\/pages\/3579\/revisions\/4351"}],"wp:attachment":[{"href":"https:\/\/freeazawad.com\/fr\/wp-json\/wp\/v2\/media?parent=3579"}],"curies":[{"name":"wp","href":"https:\/\/api.w.org\/{rel}","templated":true}]}}