{"id":3865,"date":"2025-02-22T17:03:09","date_gmt":"2025-02-22T17:03:09","guid":{"rendered":"https:\/\/freeazawad.com\/?page_id=3865"},"modified":"2025-03-30T19:54:05","modified_gmt":"2025-03-30T19:54:05","slug":"le-nom-azawad-a-ete-mentionne-dans-les-annees-1600","status":"publish","type":"page","link":"https:\/\/freeazawad.com\/fr\/le-nom-azawad-a-ete-mentionne-dans-les-annees-1600\/","title":{"rendered":"LE NOM AZAWAD A \u00c9T\u00c9 MENTIONN\u00c9 DANS LES ANN\u00c9ES 1600"},"content":{"rendered":"<figure class=\"wp-block-image size-large\"><img data-recalc-dims=\"1\" loading=\"lazy\" decoding=\"async\" width=\"1024\" height=\"495\" src=\"https:\/\/i0.wp.com\/freeazawad.com\/wp-content\/uploads\/2025\/02\/map-1602-2.jpg?resize=1024%2C495&#038;ssl=1\" alt=\"\" class=\"wp-image-3872\" srcset=\"https:\/\/i0.wp.com\/freeazawad.com\/wp-content\/uploads\/2025\/02\/map-1602-2.jpg?resize=1024%2C495&amp;ssl=1 1024w, https:\/\/i0.wp.com\/freeazawad.com\/wp-content\/uploads\/2025\/02\/map-1602-2.jpg?resize=300%2C145&amp;ssl=1 300w, https:\/\/i0.wp.com\/freeazawad.com\/wp-content\/uploads\/2025\/02\/map-1602-2.jpg?resize=768%2C371&amp;ssl=1 768w, https:\/\/i0.wp.com\/freeazawad.com\/wp-content\/uploads\/2025\/02\/map-1602-2.jpg?resize=1536%2C742&amp;ssl=1 1536w, https:\/\/i0.wp.com\/freeazawad.com\/wp-content\/uploads\/2025\/02\/map-1602-2.jpg?resize=18%2C9&amp;ssl=1 18w, https:\/\/i0.wp.com\/freeazawad.com\/wp-content\/uploads\/2025\/02\/map-1602-2.jpg?w=1790&amp;ssl=1 1790w\" sizes=\"auto, (max-width: 1000px) 100vw, 1000px\" \/><\/figure>\n\n\n\n<figure class=\"wp-block-gallery has-nested-images columns-default is-cropped wp-block-gallery-1 is-layout-flex wp-block-gallery-is-layout-flex\">\n<figure class=\"wp-block-image size-large\"><img data-recalc-dims=\"1\" loading=\"lazy\" decoding=\"async\" width=\"1024\" height=\"569\" data-id=\"3874\" src=\"https:\/\/i0.wp.com\/freeazawad.com\/wp-content\/uploads\/2025\/02\/map-1602.jpg?resize=1024%2C569&#038;ssl=1\" alt=\"\" class=\"wp-image-3874\" srcset=\"https:\/\/i0.wp.com\/freeazawad.com\/wp-content\/uploads\/2025\/02\/map-1602.jpg?resize=1024%2C569&amp;ssl=1 1024w, https:\/\/i0.wp.com\/freeazawad.com\/wp-content\/uploads\/2025\/02\/map-1602.jpg?resize=300%2C167&amp;ssl=1 300w, https:\/\/i0.wp.com\/freeazawad.com\/wp-content\/uploads\/2025\/02\/map-1602.jpg?resize=768%2C427&amp;ssl=1 768w, https:\/\/i0.wp.com\/freeazawad.com\/wp-content\/uploads\/2025\/02\/map-1602.jpg?resize=1536%2C853&amp;ssl=1 1536w, https:\/\/i0.wp.com\/freeazawad.com\/wp-content\/uploads\/2025\/02\/map-1602.jpg?resize=18%2C10&amp;ssl=1 18w, https:\/\/i0.wp.com\/freeazawad.com\/wp-content\/uploads\/2025\/02\/map-1602.jpg?w=1573&amp;ssl=1 1573w\" sizes=\"auto, (max-width: 1000px) 100vw, 1000px\" \/><\/figure>\n\n\n\n<figure class=\"wp-block-image size-large\"><img data-recalc-dims=\"1\" loading=\"lazy\" decoding=\"async\" width=\"886\" height=\"623\" data-id=\"3870\" src=\"https:\/\/i0.wp.com\/freeazawad.com\/wp-content\/uploads\/2025\/02\/map-1602-5.jpg?resize=886%2C623&#038;ssl=1\" alt=\"\" class=\"wp-image-3870\" srcset=\"https:\/\/i0.wp.com\/freeazawad.com\/wp-content\/uploads\/2025\/02\/map-1602-5.jpg?w=886&amp;ssl=1 886w, https:\/\/i0.wp.com\/freeazawad.com\/wp-content\/uploads\/2025\/02\/map-1602-5.jpg?resize=300%2C211&amp;ssl=1 300w, https:\/\/i0.wp.com\/freeazawad.com\/wp-content\/uploads\/2025\/02\/map-1602-5.jpg?resize=768%2C540&amp;ssl=1 768w, https:\/\/i0.wp.com\/freeazawad.com\/wp-content\/uploads\/2025\/02\/map-1602-5.jpg?resize=18%2C12&amp;ssl=1 18w\" sizes=\"auto, (max-width: 886px) 100vw, 886px\" \/><\/figure>\n<\/figure>\n\n\n\n<figure class=\"wp-block-image size-full\"><img data-recalc-dims=\"1\" loading=\"lazy\" decoding=\"async\" width=\"931\" height=\"860\" src=\"https:\/\/i0.wp.com\/freeazawad.com\/wp-content\/uploads\/2025\/02\/map-1602-3.jpg?resize=931%2C860&#038;ssl=1\" alt=\"\" class=\"wp-image-3869\" srcset=\"https:\/\/i0.wp.com\/freeazawad.com\/wp-content\/uploads\/2025\/02\/map-1602-3.jpg?w=931&amp;ssl=1 931w, https:\/\/i0.wp.com\/freeazawad.com\/wp-content\/uploads\/2025\/02\/map-1602-3.jpg?resize=300%2C277&amp;ssl=1 300w, https:\/\/i0.wp.com\/freeazawad.com\/wp-content\/uploads\/2025\/02\/map-1602-3.jpg?resize=768%2C709&amp;ssl=1 768w, https:\/\/i0.wp.com\/freeazawad.com\/wp-content\/uploads\/2025\/02\/map-1602-3.jpg?resize=13%2C12&amp;ssl=1 13w\" sizes=\"auto, (max-width: 931px) 100vw, 931px\" \/><\/figure>\n\n\n\n<p class=\"\"><em>Photo issue d'une recherche de Liliam Brezinzki<\/em><\/p>\n\n\n\n<hr class=\"is-style-wide wp-block-separator has-alpha-channel-opacity\"\/>\n\n\n\n<p class=\"\">Le nom Azawad (parfois orthographi\u00e9 Azaouad) a \u00e9t\u00e9 mentionn\u00e9 \u00e0 de nombreuses reprises dans de vieux livres et cartes historiques. Un exemple de ce type est un livre intitul\u00e9 \u00ab Histoire et description de l\u2019Afrique \u00bb publi\u00e9 en 1600. Il a \u00e9t\u00e9 \u00e9crit par L\u00e9on l\u2019Africain qui a \u00e9crit le mot Azawad \u00e0 plusieurs reprises dans son livre. Le livre a \u00e9t\u00e9 traduit en anglais par John Pory la m\u00eame ann\u00e9e 1600. Robert Brown a r\u00e9\u00e9dit\u00e9 le m\u00eame livre en anglais au 19e si\u00e8cle.<\/p>\n\n\n\n<p class=\"\">Sur deux anciennes cartes de l'Afrique, la localisation de l'Azawad est inscrite. L'une des cartes date de 1602. L'anglais \u00e9tant la langue la plus utilis\u00e9e dans le monde universitaire, le livre et les cartes peuvent \u00eatre facilement trouv\u00e9s sur Google. C'est un savoir accessible \u00e0 tous.<\/p>\n\n\n\n<hr class=\"is-style-wide wp-block-separator has-alpha-channel-opacity\"\/>\n\n\n\n<div class=\"is-style-rectangular wp-block-jetpack-tiled-gallery aligncenter is-style-rectangular\"><div class=\"\"><div class=\"tiled-gallery__gallery\"><div class=\"tiled-gallery__row\"><div class=\"tiled-gallery__col\" style=\"flex-basis:100.00000%\"><figure class=\"tiled-gallery__item\"><img decoding=\"async\" srcset=\"https:\/\/i0.wp.com\/freeazawad.com\/wp-content\/uploads\/2025\/02\/IMG_6994-1-976x1024.jpg?strip=info&#038;w=600&#038;ssl=1 600w,https:\/\/i0.wp.com\/freeazawad.com\/wp-content\/uploads\/2025\/02\/IMG_6994-1-976x1024.jpg?strip=info&#038;w=900&#038;ssl=1 900w,https:\/\/i0.wp.com\/freeazawad.com\/wp-content\/uploads\/2025\/02\/IMG_6994-1-976x1024.jpg?strip=info&#038;w=1046&#038;ssl=1 1046w\" alt=\"\" data-height=\"1098\" data-id=\"3876\" data-link=\"https:\/\/freeazawad.com\/?attachment_id=3876\" data-url=\"https:\/\/freeazawad.com\/wp-content\/uploads\/2025\/02\/IMG_6994-1-976x1024.jpg\" data-width=\"1046\" src=\"https:\/\/i0.wp.com\/freeazawad.com\/wp-content\/uploads\/2025\/02\/IMG_6994-1-976x1024.jpg?ssl=1\" data-amp-layout=\"responsive\" tabindex=\"0\" role=\"button\" aria-label=\"Ouvrir l&#039;image 1 de 1 en plein \u00e9cran\"\/><\/figure><\/div><\/div><\/div><\/div><\/div>\n\n\n\n<figure class=\"wp-block-image size-large\"><img data-recalc-dims=\"1\" loading=\"lazy\" decoding=\"async\" width=\"816\" height=\"1024\" src=\"https:\/\/i0.wp.com\/freeazawad.com\/wp-content\/uploads\/2025\/02\/IMG_6995-1.jpg?resize=816%2C1024&#038;ssl=1\" alt=\"\" class=\"wp-image-3875\" srcset=\"https:\/\/i0.wp.com\/freeazawad.com\/wp-content\/uploads\/2025\/02\/IMG_6995-1.jpg?resize=816%2C1024&amp;ssl=1 816w, https:\/\/i0.wp.com\/freeazawad.com\/wp-content\/uploads\/2025\/02\/IMG_6995-1.jpg?resize=239%2C300&amp;ssl=1 239w, https:\/\/i0.wp.com\/freeazawad.com\/wp-content\/uploads\/2025\/02\/IMG_6995-1.jpg?resize=768%2C963&amp;ssl=1 768w, https:\/\/i0.wp.com\/freeazawad.com\/wp-content\/uploads\/2025\/02\/IMG_6995-1.jpg?resize=1224%2C1536&amp;ssl=1 1224w, https:\/\/i0.wp.com\/freeazawad.com\/wp-content\/uploads\/2025\/02\/IMG_6995-1.jpg?resize=10%2C12&amp;ssl=1 10w, https:\/\/i0.wp.com\/freeazawad.com\/wp-content\/uploads\/2025\/02\/IMG_6995-1.jpg?w=1242&amp;ssl=1 1242w\" sizes=\"auto, (max-width: 816px) 100vw, 816px\" \/><\/figure>\n\n\n\n<figure class=\"wp-block-gallery has-nested-images columns-default is-cropped wp-block-gallery-2 is-layout-flex wp-block-gallery-is-layout-flex\">\n<figure class=\"wp-block-image size-large\"><img data-recalc-dims=\"1\" loading=\"lazy\" decoding=\"async\" width=\"507\" height=\"932\" data-id=\"3877\" src=\"https:\/\/i0.wp.com\/freeazawad.com\/wp-content\/uploads\/2025\/02\/IMG_6301.jpg?resize=507%2C932&#038;ssl=1\" alt=\"\" class=\"wp-image-3877\" srcset=\"https:\/\/i0.wp.com\/freeazawad.com\/wp-content\/uploads\/2025\/02\/IMG_6301.jpg?w=507&amp;ssl=1 507w, https:\/\/i0.wp.com\/freeazawad.com\/wp-content\/uploads\/2025\/02\/IMG_6301.jpg?resize=163%2C300&amp;ssl=1 163w, https:\/\/i0.wp.com\/freeazawad.com\/wp-content\/uploads\/2025\/02\/IMG_6301.jpg?resize=7%2C12&amp;ssl=1 7w\" sizes=\"auto, (max-width: 507px) 100vw, 507px\" \/><\/figure>\n\n\n\n<figure class=\"wp-block-image size-large\"><img data-recalc-dims=\"1\" loading=\"lazy\" decoding=\"async\" width=\"690\" height=\"1024\" data-id=\"3878\" src=\"https:\/\/i0.wp.com\/freeazawad.com\/wp-content\/uploads\/2025\/02\/461988191_122146282730280409_6892060355835835118_n.jpg?resize=690%2C1024&#038;ssl=1\" alt=\"\" class=\"wp-image-3878\" srcset=\"https:\/\/i0.wp.com\/freeazawad.com\/wp-content\/uploads\/2025\/02\/461988191_122146282730280409_6892060355835835118_n.jpg?w=690&amp;ssl=1 690w, https:\/\/i0.wp.com\/freeazawad.com\/wp-content\/uploads\/2025\/02\/461988191_122146282730280409_6892060355835835118_n.jpg?resize=202%2C300&amp;ssl=1 202w, https:\/\/i0.wp.com\/freeazawad.com\/wp-content\/uploads\/2025\/02\/461988191_122146282730280409_6892060355835835118_n.jpg?resize=8%2C12&amp;ssl=1 8w\" sizes=\"auto, (max-width: 690px) 100vw, 690px\" \/><\/figure>\n<\/figure>\n\n\n\n<p class=\"\"><em>Cartes montrant les habitats des Touaregs et \u00e0 droite, un document de 1955 o\u00f9 le nom Azaouad est mentionn\u00e9 et fait r\u00e9f\u00e9rence \u00e0 l'ann\u00e9e 1875.<\/em><\/p>\n\n\n\n<hr class=\"is-style-wide wp-block-separator has-alpha-channel-opacity\"\/>\n\n\n\n<p class=\"\">Il n\u2019y a aucun doute sur les connaissances historiques anciennes sur la r\u00e9gion saharienne identifi\u00e9e depuis des si\u00e8cles sous le nom d\u2019\u00ab Azawad \u00bb par les historiens et les cartographes. <\/p>\n\n\n\n<p class=\"\">Mais ce n'est pas seulement ce livre et d'autres qui prouvent que la terre Azawad existait bien avant que la France ne cr\u00e9e le Mali, ce sont aussi les Tifinagh qui t\u00e9moignent du fait que les anc\u00eatres du peuple de l'Azawad y vivaient et ont \u00e9crit le tifinagh sur les rochers il y a des milliers d'ann\u00e9es. Azawad est le vrai nom de cette terre et elle appartient aux Azawadiens.<\/p>\n\n\n\n<p class=\"\">Commentaires des m\u00e9dias sociaux :<\/p>\n\n\n\n<blockquote class=\"wp-block-quote is-layout-flow wp-block-quote-is-layout-flow\">\n<p class=\"\">En 1600, le Soudan fran\u00e7ais, anc\u00eatre de l'empire mandingue qui est l'anc\u00eatre du Mali actuel, n'existait pas encore. Comme nous le savons d\u00e9j\u00e0, le Mali est n\u00e9 le 22 septembre 1960 de p\u00e8re Soudan et de m\u00e8re France, donc \u00e0 l'\u00e2ge de 64 ans.<\/p>\n<\/blockquote>\n\n\n\n<blockquote class=\"wp-block-quote is-layout-flow wp-block-quote-is-layout-flow\">\n<p class=\"\">Les Juntes de l'#AES accusent la #France de tous les maux de la r\u00e9gion, \u00e0 l'exception de la fa\u00e7on dont l'ancienne m\u00e9tropole avait fix\u00e9 les fronti\u00e8res au crayon \ud83d\udd8d\ufe0f avant son retrait. Pourtant, ce sont des lois vot\u00e9es au parlement fran\u00e7ais \u00e0 l'\u00e9poque qui ont valid\u00e9 les noms des parcelles (nouveaux \u00c9tats) issues de la fragmentation de l'ancien Soudan.<\/p>\n<\/blockquote>\n\n\n\n<blockquote class=\"wp-block-quote is-layout-flow wp-block-quote-is-layout-flow\">\n<p class=\"\">Tout a \u00e9t\u00e9 calcul\u00e9 par la France, sachant tr\u00e8s bien qu'une cohabitation forc\u00e9e de deux peuples o\u00f9 tous les aspects du mode de vie et de l'histoire diff\u00e8rent tellement ne fonctionnerait jamais, l'un opprimerait l'autre et comme le Mali \u00e9tait contr\u00f4l\u00e9 par la France, c'\u00e9tait en r\u00e9alit\u00e9 la France qui dictait, esp\u00e9rant prendre le contr\u00f4le des ressources naturelles.<\/p>\n<\/blockquote>\n\n\n\n<p class=\"\"><em>Le Mali est donc une extension du colonialisme fran\u00e7ais.<\/em><\/p>\n\n\n\n<p class=\"\">Les Azawadis ont combattu la France coloniale du d\u00e9but \u00e0 la fin et c'est aussi pour cela que la France a divis\u00e9 l'Azawad en cinq parties entre pays voisins pour les affaiblir, ce qui s'est produit \u00e0 un moment donn\u00e9 de l'histoire.<\/p>\n\n\n\n<figure class=\"wp-block-image size-large\"><img data-recalc-dims=\"1\" loading=\"lazy\" decoding=\"async\" width=\"774\" height=\"1024\" src=\"https:\/\/i0.wp.com\/freeazawad.com\/wp-content\/uploads\/2025\/02\/IMG_9564.jpg?resize=774%2C1024&#038;ssl=1\" alt=\"\" class=\"wp-image-3910\" srcset=\"https:\/\/i0.wp.com\/freeazawad.com\/wp-content\/uploads\/2025\/02\/IMG_9564.jpg?resize=774%2C1024&amp;ssl=1 774w, https:\/\/i0.wp.com\/freeazawad.com\/wp-content\/uploads\/2025\/02\/IMG_9564.jpg?resize=227%2C300&amp;ssl=1 227w, https:\/\/i0.wp.com\/freeazawad.com\/wp-content\/uploads\/2025\/02\/IMG_9564.jpg?resize=768%2C1017&amp;ssl=1 768w, https:\/\/i0.wp.com\/freeazawad.com\/wp-content\/uploads\/2025\/02\/IMG_9564.jpg?resize=1160%2C1536&amp;ssl=1 1160w, https:\/\/i0.wp.com\/freeazawad.com\/wp-content\/uploads\/2025\/02\/IMG_9564.jpg?resize=9%2C12&amp;ssl=1 9w, https:\/\/i0.wp.com\/freeazawad.com\/wp-content\/uploads\/2025\/02\/IMG_9564.jpg?w=1242&amp;ssl=1 1242w\" sizes=\"auto, (max-width: 774px) 100vw, 774px\" \/><\/figure>\n\n\n\n<blockquote class=\"wp-block-quote is-layout-flow wp-block-quote-is-layout-flow\">\n<p class=\"\">Cette carte date de 1944, alors que le #Mali n'\u00e9tait pas encore n\u00e9, alors que l'#Azawad \u00e9tait d\u00e9j\u00e0 bien \u00e9tabli. Elle a \u00e9t\u00e9 r\u00e9alis\u00e9e 16 ans avant la partition de l'ex-Soudan fran\u00e7ais qui a donn\u00e9 \u00e0 l'une de ses parcelles le nom de #MALI.<\/p>\n<\/blockquote>\n\n\n\n<p class=\"\">Les Azawadiens ont leur propre culture et leur propre langue, ainsi que le Tifinagh, une \u00e9criture encore utilis\u00e9e aujourd'hui par les Amazighs. Sur tous les rochers d'Afrique du Nord, on peut lire le tifinagh.<\/p>\n\n\n\n<figure class=\"wp-block-image size-large is-resized\"><img data-recalc-dims=\"1\" loading=\"lazy\" decoding=\"async\" width=\"1024\" height=\"546\" src=\"https:\/\/i0.wp.com\/freeazawad.com\/wp-content\/uploads\/2025\/02\/tifinagh.jpg?resize=1024%2C546&#038;ssl=1\" alt=\"\" class=\"wp-image-3894\" style=\"width:1200px;height:auto\" srcset=\"https:\/\/i0.wp.com\/freeazawad.com\/wp-content\/uploads\/2025\/02\/tifinagh.jpg?resize=1024%2C546&amp;ssl=1 1024w, https:\/\/i0.wp.com\/freeazawad.com\/wp-content\/uploads\/2025\/02\/tifinagh.jpg?resize=300%2C160&amp;ssl=1 300w, https:\/\/i0.wp.com\/freeazawad.com\/wp-content\/uploads\/2025\/02\/tifinagh.jpg?resize=768%2C409&amp;ssl=1 768w, https:\/\/i0.wp.com\/freeazawad.com\/wp-content\/uploads\/2025\/02\/tifinagh.jpg?resize=18%2C10&amp;ssl=1 18w, https:\/\/i0.wp.com\/freeazawad.com\/wp-content\/uploads\/2025\/02\/tifinagh.jpg?w=1139&amp;ssl=1 1139w\" sizes=\"auto, (max-width: 1000px) 100vw, 1000px\" \/><\/figure>\n\n\n\n<p class=\"\">C'est aussi pour cela qu'ils tentent d'effacer le Tifinagh \u00e0 certains endroits car ses preuves sont aussi solides que les rochers sur lesquels il est \u00e9crit !<\/p>\n\n\n\n<figure class=\"wp-block-image size-large is-resized\"><img data-recalc-dims=\"1\" loading=\"lazy\" decoding=\"async\" width=\"1024\" height=\"734\" src=\"https:\/\/i0.wp.com\/freeazawad.com\/wp-content\/uploads\/2025\/02\/IMG_9267.jpg?resize=1024%2C734&#038;ssl=1\" alt=\"\" class=\"wp-image-3867\" style=\"width:1200px;height:auto\" srcset=\"https:\/\/i0.wp.com\/freeazawad.com\/wp-content\/uploads\/2025\/02\/IMG_9267.jpg?resize=1024%2C734&amp;ssl=1 1024w, https:\/\/i0.wp.com\/freeazawad.com\/wp-content\/uploads\/2025\/02\/IMG_9267.jpg?resize=300%2C215&amp;ssl=1 300w, https:\/\/i0.wp.com\/freeazawad.com\/wp-content\/uploads\/2025\/02\/IMG_9267.jpg?resize=768%2C550&amp;ssl=1 768w, https:\/\/i0.wp.com\/freeazawad.com\/wp-content\/uploads\/2025\/02\/IMG_9267.jpg?resize=18%2C12&amp;ssl=1 18w, https:\/\/i0.wp.com\/freeazawad.com\/wp-content\/uploads\/2025\/02\/IMG_9267.jpg?w=1241&amp;ssl=1 1241w\" sizes=\"auto, (max-width: 1000px) 100vw, 1000px\" \/><\/figure>\n\n\n\n<p class=\"\"><em>Photo : Lahcen Ag Touhami<\/em><\/p>\n\n\n\n<hr class=\"is-style-wide wp-block-separator has-alpha-channel-opacity\"\/>\n\n\n\n<p class=\"\">Groupe de soutien Azawad 22-02-25<\/p>\n\n\n\n<p class=\"\"><\/p>\n\n\n\n<p class=\"has-text-align-center\"><a href=\"https:\/\/freeazawad.com\/fr\/\"> PAGE  D\u00b4ACCUEIL<\/a><\/p>","protected":false},"excerpt":{"rendered":"<p>Photo from research by Liliam Brezinzki The name Azawad, (sometimes it was spelled Azaouad) was mentioned many times in old historic books and maps. One such example is a book called &#8220;The History and Description of Africa&#8221; \u200b\u200bpublished in the year 1600. It was written by Leo Africanus who wrote the word Azawad several times [&hellip;]<\/p>\n","protected":false},"author":1,"featured_media":0,"parent":0,"menu_order":0,"comment_status":"closed","ping_status":"closed","template":"","meta":{"nf_dc_page":"","_monsterinsights_skip_tracking":false,"_monsterinsights_sitenote_active":false,"_monsterinsights_sitenote_note":"","_monsterinsights_sitenote_category":0,"advanced_seo_description":"","jetpack_seo_html_title":"","jetpack_seo_noindex":false,"footnotes":""},"class_list":["post-3865","page","type-page","status-publish","hentry"],"jetpack_sharing_enabled":true,"_links":{"self":[{"href":"https:\/\/freeazawad.com\/fr\/wp-json\/wp\/v2\/pages\/3865","targetHints":{"allow":["GET"]}}],"collection":[{"href":"https:\/\/freeazawad.com\/fr\/wp-json\/wp\/v2\/pages"}],"about":[{"href":"https:\/\/freeazawad.com\/fr\/wp-json\/wp\/v2\/types\/page"}],"author":[{"embeddable":true,"href":"https:\/\/freeazawad.com\/fr\/wp-json\/wp\/v2\/users\/1"}],"replies":[{"embeddable":true,"href":"https:\/\/freeazawad.com\/fr\/wp-json\/wp\/v2\/comments?post=3865"}],"version-history":[{"count":20,"href":"https:\/\/freeazawad.com\/fr\/wp-json\/wp\/v2\/pages\/3865\/revisions"}],"predecessor-version":[{"id":4862,"href":"https:\/\/freeazawad.com\/fr\/wp-json\/wp\/v2\/pages\/3865\/revisions\/4862"}],"wp:attachment":[{"href":"https:\/\/freeazawad.com\/fr\/wp-json\/wp\/v2\/media?parent=3865"}],"curies":[{"name":"wp","href":"https:\/\/api.w.org\/{rel}","templated":true}]}}