{"id":3915,"date":"2025-02-23T02:38:04","date_gmt":"2025-02-23T02:38:04","guid":{"rendered":"https:\/\/freeazawad.com\/?page_id=3915"},"modified":"2025-11-04T00:42:16","modified_gmt":"2025-11-04T00:42:16","slug":"la-solution-au-probleme-des-touaregs","status":"publish","type":"page","link":"https:\/\/freeazawad.com\/fr\/la-solution-au-probleme-des-touaregs\/","title":{"rendered":"LA SOLUTION AU \u00ab PROBLEME TOUAREG \u00bb"},"content":{"rendered":"<figure class=\"wp-block-gallery has-nested-images columns-default is-cropped wp-block-gallery-1 is-layout-flex wp-block-gallery-is-layout-flex\">\n<figure class=\"wp-block-image size-large\"><img data-recalc-dims=\"1\" loading=\"lazy\" decoding=\"async\" width=\"586\" height=\"1024\" data-id=\"3918\" src=\"https:\/\/i0.wp.com\/freeazawad.com\/wp-content\/uploads\/2025\/02\/IMG_7375.jpg?resize=586%2C1024&#038;ssl=1\" alt=\"\" class=\"wp-image-3918\" srcset=\"https:\/\/i0.wp.com\/freeazawad.com\/wp-content\/uploads\/2025\/02\/IMG_7375.jpg?resize=586%2C1024&amp;ssl=1 586w, https:\/\/i0.wp.com\/freeazawad.com\/wp-content\/uploads\/2025\/02\/IMG_7375.jpg?resize=172%2C300&amp;ssl=1 172w, https:\/\/i0.wp.com\/freeazawad.com\/wp-content\/uploads\/2025\/02\/IMG_7375.jpg?resize=768%2C1341&amp;ssl=1 768w, https:\/\/i0.wp.com\/freeazawad.com\/wp-content\/uploads\/2025\/02\/IMG_7375.jpg?resize=880%2C1536&amp;ssl=1 880w, https:\/\/i0.wp.com\/freeazawad.com\/wp-content\/uploads\/2025\/02\/IMG_7375.jpg?resize=1173%2C2048&amp;ssl=1 1173w, https:\/\/i0.wp.com\/freeazawad.com\/wp-content\/uploads\/2025\/02\/IMG_7375.jpg?resize=7%2C12&amp;ssl=1 7w, https:\/\/i0.wp.com\/freeazawad.com\/wp-content\/uploads\/2025\/02\/IMG_7375.jpg?w=1242&amp;ssl=1 1242w\" sizes=\"auto, (max-width: 586px) 100vw, 586px\" \/><\/figure>\n<\/figure>\n\n\n\n<p class=\"\">En lisant des rapports et des articles plus anciens concernant la situation entre l\u2019Azawad et le Mali, nous pouvons lire ces d\u00e9clarations horribles mais historiquement document\u00e9es et vraies, qui ne laissent aucun doute sur le fait qu\u2019il s\u2019agit d\u2019un g\u00e9nocide calcul\u00e9 qui se d\u00e9roule depuis les ann\u00e9es 60 \u2013 et qui se poursuit encore aujourd\u2019hui avec une extermination du peuple azawadien \u00e0 un rythme effroyable.<\/p>\n\n\n\n<figure class=\"wp-block-image size-large\"><img data-recalc-dims=\"1\" loading=\"lazy\" decoding=\"async\" width=\"1024\" height=\"1024\" src=\"https:\/\/i0.wp.com\/freeazawad.com\/wp-content\/uploads\/2025\/02\/IMG_8947-kopiera.jpg?resize=1024%2C1024&#038;ssl=1\" alt=\"\" class=\"wp-image-3921\" srcset=\"https:\/\/i0.wp.com\/freeazawad.com\/wp-content\/uploads\/2025\/02\/IMG_8947-kopiera-scaled.jpg?resize=1024%2C1024&amp;ssl=1 1024w, https:\/\/i0.wp.com\/freeazawad.com\/wp-content\/uploads\/2025\/02\/IMG_8947-kopiera-scaled.jpg?resize=300%2C300&amp;ssl=1 300w, https:\/\/i0.wp.com\/freeazawad.com\/wp-content\/uploads\/2025\/02\/IMG_8947-kopiera-scaled.jpg?resize=150%2C150&amp;ssl=1 150w, https:\/\/i0.wp.com\/freeazawad.com\/wp-content\/uploads\/2025\/02\/IMG_8947-kopiera-scaled.jpg?resize=768%2C768&amp;ssl=1 768w, https:\/\/i0.wp.com\/freeazawad.com\/wp-content\/uploads\/2025\/02\/IMG_8947-kopiera-scaled.jpg?resize=1536%2C1536&amp;ssl=1 1536w, https:\/\/i0.wp.com\/freeazawad.com\/wp-content\/uploads\/2025\/02\/IMG_8947-kopiera-scaled.jpg?resize=2048%2C2048&amp;ssl=1 2048w, https:\/\/i0.wp.com\/freeazawad.com\/wp-content\/uploads\/2025\/02\/IMG_8947-kopiera-scaled.jpg?resize=12%2C12&amp;ssl=1 12w\" sizes=\"auto, (max-width: 1000px) 100vw, 1000px\" \/><\/figure>\n\n\n\n<p class=\"has-superbfont-large-font-size\">Cette extermination ou g\u00e9nocide a de nombreuses facettes, certaines presque cach\u00e9es mais tout aussi dangereuses pour l'existence d'un peuple et de sa culture. Voici quelques d\u00e9clarations qui ont \u00e9t\u00e9 document\u00e9es \u00e0 divers endroits :<\/p>\n\n\n\n<blockquote class=\"wp-block-quote is-layout-flow wp-block-quote-is-layout-flow\">\n<p class=\"\">\u00ab La solution au probl\u00e8me touareg r\u00e9side dans leur extermination. \u00bb \u2013 Propos d\u2019un commandant militaire malien, en 1990.<\/p>\n\n\n\n<p class=\"\">\u00ab Le commandant Moussa Badougou Kon\u00e9, de l\u2019arm\u00e9e malienne de l\u2019\u00e9poque, a align\u00e9 10 Touaregs ligot\u00e9s, les a asperg\u00e9s d\u2019essence puis les a incendi\u00e9s. \u2013 1990. C\u2019est quelque chose qui se produit encore aujourd\u2019hui.<\/p>\n\n\n\n<p class=\"\">\u00ab Ce sont des enfants qui ont visit\u00e9 notre plan\u00e8te pendant quelques jours et qui sont repartis avec des souvenirs terrifiants \u00bb \u2013 Dit un m\u00e9decin \u00e0 propos des enfants r\u00e9fugi\u00e9s touaregs.<\/p>\n\n\n\n<p class=\"\"><strong>A PROPOS DU RACISME MALIEN :<\/strong><\/p>\n\n\n\n<p class=\"\">\u00ab Il suffisait d\u2019avoir la peau claire pour se faire attaquer par eux \u00bb (par eux, c\u2019est-\u00e0-dire l\u2019arm\u00e9e malienne) \u2013 2012. C\u2019est le m\u00eame racisme aujourd\u2019hui !<\/p>\n\n\n\n<p class=\"\">\u00ab Les milices maliennes disaient : \u00ab Nous n\u2019aimons pas vous voir blancs, mais noirs comme nous \u00bb, c\u2019est-\u00e0-dire carbonis\u00e9s. \u2013 \u00c0 propos des Azawadiens br\u00fbl\u00e9s vifs, \u00e0 Gao, en 2015. C\u2019est encore le cas aujourd\u2019hui !<\/p>\n<\/blockquote>\n\n\n\n<p class=\"\">Cela montre la profondeur de la haine et du racisme qui visent le peuple azawadien juste parce qu'il a la peau claire et n'est pas du m\u00eame peuple que les Maliens. Et parce qu'ils se battent pour leur terre et leur libert\u00e9. Parce qu'ils r\u00e9sistent ! et qu'ils ont r\u00e9sist\u00e9 depuis le d\u00e9but de l'invasion de leur terre d\u00e9sertique. D'abord contre les colonisateurs fran\u00e7ais, puis - et c'est toujours le cas - contre l'oppression et le g\u00e9nocide maliens.<\/p>\n\n\n\n<hr class=\"is-style-wide wp-block-separator has-alpha-channel-opacity\"\/>\n\n\n\n<p class=\"\">Groupe de soutien Azawad 23-02-25<\/p>\n\n\n\n<p class=\"\"><\/p>\n\n\n\n<p class=\"has-text-align-center has-link-color wp-elements-68c6978358efa10d46814b11d391888e\"><a href=\"https:\/\/freeazawad.com\/fr\/\"> PAGE  D\u00b4ACCUEIL<\/a><\/p>\n\n\n\n<p class=\"\"><\/p>","protected":false},"excerpt":{"rendered":"<p>Reading through older reports and articles concerning the situation between Azawad and Mali we get to read these horrific but historically documented and true statements, which leaves no doubts that it`s a calculated genocide that has been going on since the 60s &#8211; and which is still going on today with an extermination of Azawadian [&hellip;]<\/p>\n","protected":false},"author":1,"featured_media":0,"parent":0,"menu_order":0,"comment_status":"closed","ping_status":"closed","template":"","meta":{"nf_dc_page":"","_monsterinsights_skip_tracking":false,"_monsterinsights_sitenote_active":false,"_monsterinsights_sitenote_note":"","_monsterinsights_sitenote_category":0,"advanced_seo_description":"","jetpack_seo_html_title":"","jetpack_seo_noindex":false,"footnotes":""},"class_list":["post-3915","page","type-page","status-publish","hentry"],"jetpack_sharing_enabled":true,"_links":{"self":[{"href":"https:\/\/freeazawad.com\/fr\/wp-json\/wp\/v2\/pages\/3915","targetHints":{"allow":["GET"]}}],"collection":[{"href":"https:\/\/freeazawad.com\/fr\/wp-json\/wp\/v2\/pages"}],"about":[{"href":"https:\/\/freeazawad.com\/fr\/wp-json\/wp\/v2\/types\/page"}],"author":[{"embeddable":true,"href":"https:\/\/freeazawad.com\/fr\/wp-json\/wp\/v2\/users\/1"}],"replies":[{"embeddable":true,"href":"https:\/\/freeazawad.com\/fr\/wp-json\/wp\/v2\/comments?post=3915"}],"version-history":[{"count":7,"href":"https:\/\/freeazawad.com\/fr\/wp-json\/wp\/v2\/pages\/3915\/revisions"}],"predecessor-version":[{"id":9405,"href":"https:\/\/freeazawad.com\/fr\/wp-json\/wp\/v2\/pages\/3915\/revisions\/9405"}],"wp:attachment":[{"href":"https:\/\/freeazawad.com\/fr\/wp-json\/wp\/v2\/media?parent=3915"}],"curies":[{"name":"wp","href":"https:\/\/api.w.org\/{rel}","templated":true}]}}