{"id":4098,"date":"2025-02-28T16:52:25","date_gmt":"2025-02-28T16:52:25","guid":{"rendered":"https:\/\/freeazawad.com\/?page_id=4098"},"modified":"2025-02-28T16:52:27","modified_gmt":"2025-02-28T16:52:27","slug":"lhistoire-de-lazawad-par-alyad-toumast","status":"publish","type":"page","link":"https:\/\/freeazawad.com\/fr\/lhistoire-de-lazawad-par-alyad-toumast\/","title":{"rendered":"L'HISTOIRE DE L'AZAWAD PAR ALYAD TOUMAST"},"content":{"rendered":"<figure class=\"wp-block-image size-full\"><img data-recalc-dims=\"1\" loading=\"lazy\" decoding=\"async\" width=\"620\" height=\"619\" src=\"https:\/\/i0.wp.com\/freeazawad.com\/wp-content\/uploads\/2025\/02\/AZAWAD-2.jpg?resize=620%2C619&#038;ssl=1\" alt=\"\" class=\"wp-image-3253\" srcset=\"https:\/\/i0.wp.com\/freeazawad.com\/wp-content\/uploads\/2025\/02\/AZAWAD-2.jpg?w=620&amp;ssl=1 620w, https:\/\/i0.wp.com\/freeazawad.com\/wp-content\/uploads\/2025\/02\/AZAWAD-2.jpg?resize=300%2C300&amp;ssl=1 300w, https:\/\/i0.wp.com\/freeazawad.com\/wp-content\/uploads\/2025\/02\/AZAWAD-2.jpg?resize=150%2C150&amp;ssl=1 150w, https:\/\/i0.wp.com\/freeazawad.com\/wp-content\/uploads\/2025\/02\/AZAWAD-2.jpg?resize=12%2C12&amp;ssl=1 12w\" sizes=\"auto, (max-width: 620px) 100vw, 620px\" \/><\/figure>\n\n\n\n<hr class=\"is-style-wide wp-block-separator has-alpha-channel-opacity\"\/>\n\n\n\n<p style=\"font-size:clamp(26.944px, 1.684rem + ((1vw - 3.2px) * 2.165), 46px);\" class=\"\">Voici l'histoire de l'Azawad \u00e9crite par Alyad Toumast :<\/p>\n\n\n\n<p class=\"\">L\u2019histoire de l\u2019Azawad est celle d\u2019un peuple r\u00e9silient, d\u00e9termin\u00e9 \u00e0 reconqu\u00e9rir sa libert\u00e9 face \u00e0 des d\u00e9cennies d\u2019injustice et de marginalisation. Depuis la proclamation de l\u2019ind\u00e9pendance de la R\u00e9publique de l\u2019Azawad en 2012, les ind\u00e9pendantistes, d\u00e9sormais r\u00e9unis sous la banni\u00e8re du CSP-DPA (Cadre strat\u00e9gique permanent pour la p\u00e9rennisation de la paix et de l\u2019autonomie), incarnent la continuit\u00e9 d\u2019une lutte commenc\u00e9e bien avant les ind\u00e9pendances africaines, en 1958, lorsque des revendications autonomistes touar\u00e8gues ont \u00e9merg\u00e9 pour contester les fronti\u00e8res h\u00e9rit\u00e9es de la colonisation fran\u00e7aise.<\/p>\n\n\n\n<p class=\"\">Une lutte historique : de 1958 \u00e0 aujourd'hui.<\/p>\n\n\n\n<ol class=\"wp-block-list has-mono-2-color has-text-color has-link-color wp-elements-6af43748077a29dee0055f53e6854a7a\">\n<li class=\"\">Les origines du combat :<\/li>\n<\/ol>\n\n\n\n<ul class=\"wp-block-list has-mono-2-color has-text-color has-link-color wp-elements-9129c1cf99ae799fa86c05c121caf124\">\n<li class=\"\">D\u00e8s les premi\u00e8res ann\u00e9es de l'ind\u00e9pendance du Mali en 1960, les populations de l'Azawad ont exprim\u00e9 leur rejet d'un \u00c9tat centralis\u00e9 qui ignorait leur culture, leur histoire et leurs aspirations.<\/li>\n\n\n\n<li class=\"\">La r\u00e9pression des r\u00e9voltes des ann\u00e9es 1960, 1990 et 2006 n\u2019a fait qu\u2019accentuer le foss\u00e9 entre Bamako et l\u2019Azawad. Malgr\u00e9 les accords de paix sign\u00e9s sous la pression internationale, les gouvernements maliens successifs ont toujours trahi leurs engagements, exacerbant les frustrations des communaut\u00e9s sah\u00e9liennes.<\/li>\n<\/ul>\n\n\n\n<ol start=\"2\" class=\"wp-block-list has-mono-2-color has-text-color has-link-color wp-elements-46f967429df4f76677fa17a0de680fe9\">\n<li class=\"\">La proclamation de 2012 :<\/li>\n<\/ol>\n\n\n\n<ul class=\"wp-block-list has-mono-2-color has-text-color has-link-color wp-elements-6bfdf4b39e08596edb28e660220ea6e8\">\n<li class=\"\">En avril 2012, apr\u00e8s une avanc\u00e9e militaire fulgurante, le MNLA (Mouvement national de lib\u00e9ration de l\u2019Azawad) proclame l\u2019ind\u00e9pendance de l\u2019Azawad. Bien que cette ind\u00e9pendance ne soit pas reconnue, elle marque un tournant, affirmant la volont\u00e9 d\u2019autod\u00e9termination.<\/li>\n\n\n\n<li class=\"\">Depuis lors, les forces de l\u2019Azawad, sous diff\u00e9rentes structures, ont r\u00e9sist\u00e9 aux tentatives de marginalisation, tout en subissant la trahison de la communaut\u00e9 internationale, qui a souvent soutenu les autorit\u00e9s maliennes contre les aspirations l\u00e9gitimes du peuple azawadien.<\/li>\n<\/ul>\n\n\n\n<ol class=\"wp-block-list has-mono-2-color has-text-color has-link-color wp-elements-776023b7e01030c44e4a14eeb212eaf0\">\n<li class=\"\">Le CSP-DPA : un leadership courageux :<\/li>\n<\/ol>\n\n\n\n<ul class=\"wp-block-list has-mono-2-color has-text-color has-link-color wp-elements-448482120b2c1ee2a0913dc13b91b64e\">\n<li class=\"\">Le CSP-DPA, coalition des mouvements ind\u00e9pendantistes et autonomistes de l\u2019Azawad, repr\u00e9sente aujourd\u2019hui la continuit\u00e9 de cette lutte. Face \u00e0 l\u2019hostilit\u00e9 des r\u00e9gimes putschistes maliens, qui ont rompu les accords d\u2019Alger et relanc\u00e9 une guerre brutale contre l\u2019Azawad, les combattants du CSP-DPA tiennent bon avec une bravoure exemplaire.<\/li>\n\n\n\n<li class=\"\">Ces forces, malgr\u00e9 un isolement diplomatique et un d\u00e9s\u00e9quilibre militaire flagrant, continuent de d\u00e9fendre les populations civiles et de repousser les attaques orchestr\u00e9es par l\u2019arm\u00e9e malienne et ses alli\u00e9s mercenaires.<\/li>\n<\/ul>\n\n\n\n<blockquote class=\"wp-block-quote is-layout-flow wp-block-quote-is-layout-flow\">\n<p class=\"\">La bravoure et la r\u00e9silience de l\u2019Azawad.<\/p>\n<\/blockquote>\n\n\n\n<p class=\"\">Les combattants de l\u2019Azawad se distinguent par leur engagement sans faille et leur courage face \u00e0 l\u2019adversit\u00e9 :<\/p>\n\n\n\n<ul class=\"wp-block-list\">\n<li class=\"has-mono-2-color has-text-color has-link-color wp-elements-2c7c4102ed8433a68d6c4163846f67c7\">Ils ont pu maintenir un contr\u00f4le effectif sur une grande partie du territoire de l\u2019Azawad, malgr\u00e9 l\u2019offensive des forces maliennes appuy\u00e9es par des drones et des mercenaires.<\/li>\n\n\n\n<li class=\"has-mono-2-color has-text-color has-link-color wp-elements-35340b369a4bdcf64e21bd3262e7e28d\">Contrairement aux putschistes maliens, retranch\u00e9s dans les capitales et abandonnant les civils \u00e0 leur sort, les s\u00e9paratistes du CSP-DPA restent proches des populations, d\u00e9fendant leurs droits et leurs aspirations.<\/li>\n<\/ul>\n\n\n\n<p class=\"\">Les forces de l\u2019Azawad refusent de c\u00e9der \u00e0 la terreur et au chantage, incarnant un mod\u00e8le de lutte pour la dignit\u00e9 et l\u2019autonomie dans une r\u00e9gion marqu\u00e9e par les conflits et l\u2019injustice.<\/p>\n\n\n\n<blockquote class=\"wp-block-quote is-layout-flow wp-block-quote-is-layout-flow\">\n<p class=\"\">L\u2019ind\u00e9pendance de l\u2019Azawad : une r\u00e9alit\u00e9 incontournable.<\/p>\n<\/blockquote>\n\n\n\n<p class=\"\">Malgr\u00e9 les man\u0153uvres des putschistes maliens, soutenus par des puissances \u00e9trang\u00e8res cherchant \u00e0 prot\u00e9ger leurs int\u00e9r\u00eats \u00e9conomiques ou strat\u00e9giques, l\u2019ind\u00e9pendance de l\u2019Azawad reste une aspiration l\u00e9gitime et r\u00e9alisable :<\/p>\n\n\n\n<ol class=\"wp-block-list has-mono-2-color has-text-color has-link-color wp-elements-a6c58d2278ed58d71224f553a7ac6c37\">\n<li class=\"\">Le droit \u00e0 l\u2019autod\u00e9termination :<\/li>\n<\/ol>\n\n\n\n<ul class=\"wp-block-list has-mono-2-color has-text-color has-link-color wp-elements-554a8a6c73de4b164fb6856e3bfab27b\">\n<li class=\"\">Le droit international reconna\u00eet le droit des peuples \u00e0 disposer d\u2019eux-m\u00eames. Les populations de l\u2019Azawad, majoritairement marginalis\u00e9es par Bamako, ont une identit\u00e9 propre qui justifie leur qu\u00eate d\u2019ind\u00e9pendance.<\/li>\n<\/ul>\n\n\n\n<ol start=\"2\" class=\"wp-block-list has-mono-2-color has-text-color has-link-color wp-elements-c25db9a97b037da400308aa63c680036\">\n<li class=\"\">Gestion autonome :<\/li>\n<\/ol>\n\n\n\n<ul class=\"wp-block-list has-mono-2-color has-text-color has-link-color wp-elements-3d38f6b9eeb8ef98f69e0600cdf272eb\">\n<li class=\"\">Contrairement au chaos observ\u00e9 dans d\u2019autres r\u00e9gions du Mali, les structures mises en place dans certaines zones de l\u2019Azawad d\u00e9montrent une capacit\u00e9 \u00e0 g\u00e9rer le territoire de mani\u00e8re autonome et inclusive.<\/li>\n<\/ul>\n\n\n\n<ol start=\"3\" class=\"wp-block-list has-mono-2-color has-text-color has-link-color wp-elements-ddcb7637519a8f96e52c0e5011a363fe\">\n<li class=\"\">Soutien populaire :<\/li>\n<\/ol>\n\n\n\n<ul class=\"wp-block-list has-mono-2-color has-text-color has-link-color wp-elements-bf18a0da3b6afd47dcea4cfd2f01d2dd\">\n<li class=\"\">L\u2019Azawad b\u00e9n\u00e9ficie d\u2019un large soutien de sa population, qui voit l\u2019ind\u00e9pendance comme la seule issue au cycle de marginalisation, de r\u00e9pression et de sous-d\u00e9veloppement.<\/li>\n<\/ul>\n\n\n\n<blockquote class=\"wp-block-quote is-layout-flow wp-block-quote-is-layout-flow\">\n<p class=\"\">Appel \u00e0 la communaut\u00e9 internationale.<\/p>\n<\/blockquote>\n\n\n\n<p class=\"\">Le silence ou la complicit\u00e9 de la communaut\u00e9 internationale face \u00e0 la r\u00e9pression brutale de l\u2019Azawad est une tache sur les principes universels de justice et d\u2019\u00e9quit\u00e9 :<\/p>\n\n\n\n<ul class=\"wp-block-list\">\n<li class=\"has-mono-2-color has-text-color has-link-color wp-elements-6e128ba115700959257feb324b87cecf\">De la m\u00eame mani\u00e8re que la Palestine ou l\u2019Ukraine b\u00e9n\u00e9ficient d\u2019un soutien pour leurs droits, l\u2019Azawad m\u00e9rite reconnaissance et m\u00e9diation \u00e9quitable.<\/li>\n\n\n\n<li class=\"has-mono-2-color has-text-color has-link-color wp-elements-2904a57bc794e1b3bf2b01236bdcb42d\">Il est imp\u00e9ratif que les grandes puissances et les organisations internationales cessent de fournir un soutien militaire ou diplomatique aux r\u00e9gimes qui violent les droits des populations sah\u00e9liennes.<\/li>\n<\/ul>\n\n\n\n<blockquote class=\"wp-block-quote is-layout-flow wp-block-quote-is-layout-flow\">\n<p class=\"\">Conclusion.<\/p>\n<\/blockquote>\n\n\n\n<p class=\"\">La lutte pour l\u2019ind\u00e9pendance de l\u2019Azawad, men\u00e9e courageusement par le CSP-DPA, est une source d\u2019inspiration pour tous les peuples opprim\u00e9s. Elle d\u00e9montre que, m\u00eame face \u00e0 des forces largement sup\u00e9rieures, la d\u00e9termination et l\u2019unit\u00e9 peuvent triompher. L\u2019ind\u00e9pendance de l\u2019Azawad n\u2019est pas seulement une aspiration l\u00e9gitime, mais une r\u00e9alit\u00e9 d\u2019avenir, port\u00e9e par la bravoure d\u2019un peuple debout depuis 1958.<\/p>\n\n\n\n<p class=\"\">Alyad Toumast 18-11-24<\/p>\n\n\n\n<hr class=\"is-style-wide wp-block-separator has-alpha-channel-opacity\"\/>\n\n\n\n<p class=\"\">MISE \u00c0 JOUR : Les forces de lib\u00e9ration de l'Azawad sont d\u00e9sormais unifi\u00e9es sous la banni\u00e8re du Front de lib\u00e9ration de l'Azawad (FLA) depuis le 30 novembre 2024.<\/p>\n\n\n\n<figure class=\"wp-block-image size-full\"><img data-recalc-dims=\"1\" loading=\"lazy\" decoding=\"async\" width=\"902\" height=\"838\" src=\"https:\/\/i0.wp.com\/freeazawad.com\/wp-content\/uploads\/2025\/02\/474992404_1329238395167715_7303422162689720212_n.jpg?resize=902%2C838&#038;ssl=1\" alt=\"\" class=\"wp-image-4100\" srcset=\"https:\/\/i0.wp.com\/freeazawad.com\/wp-content\/uploads\/2025\/02\/474992404_1329238395167715_7303422162689720212_n.jpg?w=902&amp;ssl=1 902w, https:\/\/i0.wp.com\/freeazawad.com\/wp-content\/uploads\/2025\/02\/474992404_1329238395167715_7303422162689720212_n.jpg?resize=300%2C279&amp;ssl=1 300w, https:\/\/i0.wp.com\/freeazawad.com\/wp-content\/uploads\/2025\/02\/474992404_1329238395167715_7303422162689720212_n.jpg?resize=768%2C714&amp;ssl=1 768w, https:\/\/i0.wp.com\/freeazawad.com\/wp-content\/uploads\/2025\/02\/474992404_1329238395167715_7303422162689720212_n.jpg?resize=13%2C12&amp;ssl=1 13w\" sizes=\"auto, (max-width: 902px) 100vw, 902px\" \/><\/figure>","protected":false},"excerpt":{"rendered":"<p>Here is the history of Azawad written by Alyad Toumast: The history of Azawad is that of a resilient people, determined to regain their freedom in the face of decades of injustice and marginalization. Since the proclamation of the independence of the Republic of Azawad in 2012, the separatists, now united under the banner of [&hellip;]<\/p>\n","protected":false},"author":1,"featured_media":0,"parent":0,"menu_order":0,"comment_status":"closed","ping_status":"closed","template":"","meta":{"nf_dc_page":"","_monsterinsights_skip_tracking":false,"_monsterinsights_sitenote_active":false,"_monsterinsights_sitenote_note":"","_monsterinsights_sitenote_category":0,"advanced_seo_description":"","jetpack_seo_html_title":"","jetpack_seo_noindex":false,"footnotes":""},"class_list":["post-4098","page","type-page","status-publish","hentry"],"jetpack_sharing_enabled":true,"_links":{"self":[{"href":"https:\/\/freeazawad.com\/fr\/wp-json\/wp\/v2\/pages\/4098","targetHints":{"allow":["GET"]}}],"collection":[{"href":"https:\/\/freeazawad.com\/fr\/wp-json\/wp\/v2\/pages"}],"about":[{"href":"https:\/\/freeazawad.com\/fr\/wp-json\/wp\/v2\/types\/page"}],"author":[{"embeddable":true,"href":"https:\/\/freeazawad.com\/fr\/wp-json\/wp\/v2\/users\/1"}],"replies":[{"embeddable":true,"href":"https:\/\/freeazawad.com\/fr\/wp-json\/wp\/v2\/comments?post=4098"}],"version-history":[{"count":1,"href":"https:\/\/freeazawad.com\/fr\/wp-json\/wp\/v2\/pages\/4098\/revisions"}],"predecessor-version":[{"id":4101,"href":"https:\/\/freeazawad.com\/fr\/wp-json\/wp\/v2\/pages\/4098\/revisions\/4101"}],"wp:attachment":[{"href":"https:\/\/freeazawad.com\/fr\/wp-json\/wp\/v2\/media?parent=4098"}],"curies":[{"name":"wp","href":"https:\/\/api.w.org\/{rel}","templated":true}]}}