{"id":4797,"date":"2025-03-28T16:05:24","date_gmt":"2025-03-28T16:05:24","guid":{"rendered":"https:\/\/freeazawad.com\/?page_id=4797"},"modified":"2026-02-15T15:27:05","modified_gmt":"2026-02-15T15:27:05","slug":"que-pouvez-vous-faire-pour-soutenir-lazawad","status":"publish","type":"page","link":"https:\/\/freeazawad.com\/fr\/que-pouvez-vous-faire-pour-soutenir-lazawad\/","title":{"rendered":"QUE POUVEZ-VOUS FAIRE POUR SOUTENIR L'AZAWAD ?"},"content":{"rendered":"<figure class=\"wp-block-image size-large\"><img data-recalc-dims=\"1\" loading=\"lazy\" decoding=\"async\" width=\"1014\" height=\"1024\" src=\"https:\/\/i0.wp.com\/freeazawad.com\/wp-content\/uploads\/2025\/03\/IMG_5960.jpg?resize=1014%2C1024&#038;ssl=1\" alt=\"\" class=\"wp-image-4801\" srcset=\"https:\/\/i0.wp.com\/freeazawad.com\/wp-content\/uploads\/2025\/03\/IMG_5960.jpg?resize=1014%2C1024&amp;ssl=1 1014w, https:\/\/i0.wp.com\/freeazawad.com\/wp-content\/uploads\/2025\/03\/IMG_5960.jpg?resize=297%2C300&amp;ssl=1 297w, https:\/\/i0.wp.com\/freeazawad.com\/wp-content\/uploads\/2025\/03\/IMG_5960.jpg?resize=150%2C150&amp;ssl=1 150w, https:\/\/i0.wp.com\/freeazawad.com\/wp-content\/uploads\/2025\/03\/IMG_5960.jpg?resize=768%2C775&amp;ssl=1 768w, https:\/\/i0.wp.com\/freeazawad.com\/wp-content\/uploads\/2025\/03\/IMG_5960.jpg?resize=12%2C12&amp;ssl=1 12w, https:\/\/i0.wp.com\/freeazawad.com\/wp-content\/uploads\/2025\/03\/IMG_5960.jpg?w=1242&amp;ssl=1 1242w\" sizes=\"auto, (max-width: 1000px) 100vw, 1000px\" \/><\/figure>\n\n\n\n<p class=\"\">1 -<strong> <\/strong>Utilisez les m\u00e9dias sociaux, lisez et partagez des articles sur ce qui se passe \u00e0 l'Azawad, partagez le lien vers les pages m\u00e9dias de l'Azawad et ce blog sur Instagram, Facebook, Twitter\/X, Tik Tok. Les m\u00e9dias sociaux sont tr\u00e8s importants ! Les m\u00e9dias modernes sont une arme puissante dans notre lutte pour la libert\u00e9 et l'ind\u00e9pendance. Une pr\u00e9sence visuelle contribue \u00e0 sensibiliser \u00e0 la situation urgente de l'Azawad - qui n'est pas seulement un r\u00eave, mais une r\u00e9alit\u00e9 historique et une cause solide.<\/p>\n\n\n\n<p class=\"has-link-color wp-elements-699304817c3d0b20789714f734ac04fe\">2 -<strong> <\/strong>Lire <a href=\"https:\/\/www.assiwil.info\/\" target=\"_blank\" rel=\"noreferrer noopener\">Le blog d'Assiwil<\/a> et <a href=\"https:\/\/tanakra.net\/?lang=fr\">Nouvelles de Tanakra<\/a> et d'autres, comme ce blog.<\/p>\n\n\n\n<p class=\"has-link-color wp-elements-188ea32ba3cb20204ed4dfd725611fc0\">3 - Essayez de trouver des personnes ayant des objectifs similaires et faites quelque chose ensemble si possible, que ce soit en ligne, hors ligne ou les deux. Nous ne vivons pas tous dans les m\u00eames pays, bien au contraire. Organisez des r\u00e9unions d'information, rassemblez des listes de protestation, impliquez les gens, sensibilisez-les de la mani\u00e8re qui vous convient le mieux et qui correspond \u00e0 votre situation.<\/p>\n\n\n\n<p class=\"has-link-color wp-elements-7fab36d385922ea9ffc746a5c18cda01\">4 - Organiser ou s'occuper de <a href=\"https:\/\/apuleius.net\/call-for-an-international-march-of-amazigh-peoples-in-paris-sunday-january-14-2024\/\" target=\"_blank\" rel=\"noreferrer noopener\">marches de protestation<\/a> contre la <a href=\"https:\/\/amazighworldnews.com\/the-crucial-amazigh-issue-that-many-are-not-aware-of-azawad-conflict-with-mali\/\" target=\"_blank\" rel=\"noreferrer noopener\">g\u00e9nocide<\/a> des civils de l'Azawad.<\/p>\n\n\n\n<p class=\"has-link-color wp-elements-f7f38bae0899ba4530c3124d58d6c24f\">5 - Contacter des organisations telles que <a href=\"https:\/\/www.facebook.com\/profile.php?id=61557531922989\" target=\"_blank\" rel=\"noreferrer noopener\">Solidarit\u00e9 Azawad<\/a> et demandez s'il existe des collectes pour les r\u00e9fugi\u00e9s qui ont besoin de soutien. Contactez d'autres organisations telles que <a href=\"https:\/\/www.facebook.com\/ImouhaghIYO\" target=\"_blank\" rel=\"noreferrer noopener\">Imohaugh International<\/a> et voir o\u00f9 le soutien est n\u00e9cessaire.<\/p>\n\n\n\n<p class=\"has-link-color wp-elements-d2ae4f993a68f3402f912d26d23a8762\">6 - \u00c9crire ou lire un livre ! <a href=\"https:\/\/specialelibia.it\/2021\/02\/08\/conversation-with-the-man-of-the-sahara-akli-shkka\/\" target=\"_blank\" rel=\"noreferrer noopener\">Akli Sh*kka<\/a>&nbsp;a \u00e9crit un grand... (en anglais)<\/p>\n\n\n\n<p class=\"\">7 &#8211; Listen and support the desert blues bands, they sing a lot about the suffering of the people of their ancestral land as well as poetry and nostalgia.. And even though they sing mostly in their mother tongue, Tamasheq in order to preserve their threatened language, their albums are often translated and through music we can still learn, because music is a universal language.<\/p>\n\n\n\n<p class=\"\">Et leur musique est tellement bonne qu'elle parle directement \u00e0 l'\u00e2me.<\/p>\n\n\n\n<p class=\"\"><\/p>","protected":false},"excerpt":{"rendered":"<p>1 &#8211; Use social media, read and share articles about what is happening in Azawad, share the link to Azawad media pages and this blog on Instagram, Facebook, Twitter\/X, Tik Tok. Social media is very important! Modern media is a powerful weapon in our struggle for freedom and independence. A visual presence contributes to raising [&hellip;]<\/p>\n","protected":false},"author":1,"featured_media":0,"parent":0,"menu_order":0,"comment_status":"closed","ping_status":"closed","template":"","meta":{"nf_dc_page":"","_monsterinsights_skip_tracking":false,"_monsterinsights_sitenote_active":false,"_monsterinsights_sitenote_note":"","_monsterinsights_sitenote_category":0,"advanced_seo_description":"","jetpack_seo_html_title":"","jetpack_seo_noindex":false,"footnotes":""},"class_list":["post-4797","page","type-page","status-publish","hentry"],"jetpack_sharing_enabled":true,"_links":{"self":[{"href":"https:\/\/freeazawad.com\/fr\/wp-json\/wp\/v2\/pages\/4797","targetHints":{"allow":["GET"]}}],"collection":[{"href":"https:\/\/freeazawad.com\/fr\/wp-json\/wp\/v2\/pages"}],"about":[{"href":"https:\/\/freeazawad.com\/fr\/wp-json\/wp\/v2\/types\/page"}],"author":[{"embeddable":true,"href":"https:\/\/freeazawad.com\/fr\/wp-json\/wp\/v2\/users\/1"}],"replies":[{"embeddable":true,"href":"https:\/\/freeazawad.com\/fr\/wp-json\/wp\/v2\/comments?post=4797"}],"version-history":[{"count":5,"href":"https:\/\/freeazawad.com\/fr\/wp-json\/wp\/v2\/pages\/4797\/revisions"}],"predecessor-version":[{"id":10230,"href":"https:\/\/freeazawad.com\/fr\/wp-json\/wp\/v2\/pages\/4797\/revisions\/10230"}],"wp:attachment":[{"href":"https:\/\/freeazawad.com\/fr\/wp-json\/wp\/v2\/media?parent=4797"}],"curies":[{"name":"wp","href":"https:\/\/api.w.org\/{rel}","templated":true}]}}