{"id":5850,"date":"2025-05-19T18:57:16","date_gmt":"2025-05-19T18:57:16","guid":{"rendered":"https:\/\/freeazawad.com\/?page_id=5850"},"modified":"2025-10-11T05:04:48","modified_gmt":"2025-10-11T05:04:48","slug":"lenquete-sur-lattaque-du-bateau-de-passagers-timbouktu","status":"publish","type":"page","link":"https:\/\/freeazawad.com\/fr\/lenquete-sur-lattaque-du-bateau-de-passagers-timbouktu\/","title":{"rendered":"L'ENQUETE SUR L'ATTAQUE DU BATEAU DE PASSAGERS \"TIMBOUKTU\""},"content":{"rendered":"<hr class=\"is-style-wide wp-block-separator has-alpha-channel-opacity\"\/>\n\n\n\n<figure class=\"wp-block-image size-full is-resized\"><img loading=\"lazy\" decoding=\"async\" width=\"742\" height=\"384\" src=\"https:\/\/i0.wp.com\/freeazawad.com\/wp-content\/uploads\/2025\/10\/Timbouctou-boat-2.jpg?fit=742%2C384&amp;ssl=1\" alt=\"\" class=\"wp-image-9003\" style=\"width:1200px;height:auto\" srcset=\"https:\/\/i0.wp.com\/freeazawad.com\/wp-content\/uploads\/2025\/10\/Timbouctou-boat-2.jpg?w=742&amp;ssl=1 742w, https:\/\/i0.wp.com\/freeazawad.com\/wp-content\/uploads\/2025\/10\/Timbouctou-boat-2.jpg?resize=300%2C155&amp;ssl=1 300w, https:\/\/i0.wp.com\/freeazawad.com\/wp-content\/uploads\/2025\/10\/Timbouctou-boat-2.jpg?resize=18%2C9&amp;ssl=1 18w\" sizes=\"auto, (max-width: 742px) 100vw, 742px\" \/><\/figure>\n\n\n\n<p class=\"\">Apr\u00e8s avoir entendu tant d'accusations de \"terrorisme\" contre l'arm\u00e9e de l'Azawad, accusations qui n'ont commenc\u00e9 qu'apr\u00e8s l'attaque du bateau, j'ai d\u00e9j\u00e0 fait beaucoup de recherches, lu des rapports et des analyses, et je me suis fait ma propre opinion sur la base de ces analyses internationales. Les Maliens ne r\u00e9pondent jamais parce qu'ils savent que c'est de la pure propagande.<\/p>\n\n\n\n<p class=\"\">Au XXIe si\u00e8cle, aucun mensonge ne devient une v\u00e9rit\u00e9 simplement en \u00e9tant r\u00e9p\u00e9t\u00e9 \u00e0 l'infini, gr\u00e2ce \u00e0 la disponibilit\u00e9 d'informations provenant de sources fiables. M\u00eame Goebbels n'aurait pas de succ\u00e8s aujourd'hui, alors que tous les squelettes sortent du placard num\u00e9rique.<\/p>\n\n\n\n<p class=\"\">Mais en voyant les Russes (sur les pages Wagner) mentionner les bien-aim\u00e9s v\u00e9t\u00e9rans de Tinariwen - des gens courageux, talentueux et respect\u00e9s dans le monde entier - dans cette salet\u00e9 (des mensonges \u00e0 leur sujet), j'ai pens\u00e9 qu'ils avaient franchi la ligne acceptable. Et j'ai d\u00e9cid\u00e9 de mettre \u00e0 jour ce fil de discussion sur Grok, l'IA de X. <\/p>\n\n\n\n<p class=\"\">Voici une partie de la longue compilation que Grok a faite dans ma langue. L'IA n'a traduit qu'un r\u00e9sum\u00e9, car la compilation est tr\u00e8s vaste. Ceux qui le souhaitent peuvent le faire dans leur propre langue.<\/p>\n\n\n\n<p class=\"has-superbfont-large-font-size\">Enqu\u00eate sur les responsabilit\u00e9s dans l'attaque du bateau \"Tombouctou\".<\/p>\n\n\n\n<p class=\"\">\"Le sommet de Tombouctou, qui s'est tenu le 7 septembre 2023 sur le fleuve Niger, au Mali, n'a pas abouti, et aucune mise \u00e0 jour importante n'a \u00e9t\u00e9 rendue publique en mai 2025. <\/p>\n\n\n\n<p class=\"\"><em>La junte militaire malienne, dirig\u00e9e par le colonel Assimi Goita, a promis d'identifier et de punir les responsables, mais aucun r\u00e9sultat d\u00e9taill\u00e9 n'a \u00e9t\u00e9 publi\u00e9.&nbsp;<\/em><\/p>\n\n\n\n<p class=\"\">Le gouvernement a officiellement attribu\u00e9 l'attaque au Groupe de soutien \u00e0 l'islam et aux musulmans (JNIM), un groupe djihadiste affili\u00e9 \u00e0 Al-Qaida, qui a revendiqu\u00e9 une attaque simultan\u00e9e contre une base militaire \u00e0 Bamba. Le nombre exact de morts dans chaque attaque n'a pas \u00e9t\u00e9 pr\u00e9cis\u00e9, mais selon des rapports internationaux, les attaques ont \u00e9t\u00e9 revendiqu\u00e9es par le JNIM.<\/p>\n\n\n\n<p class=\"\">Cependant, la junte et les m\u00e9dias sociaux pro-gouvernementaux ont \u00e9galement fait peser des soup\u00e7ons sur un groupe s\u00e9paratiste touareg, connu \u00e0 l'\u00e9poque sous le nom de Cadre strat\u00e9gique permanent pour la d\u00e9fense du peuple de l'Azawad (CSP-DPA), malgr\u00e9 l'absence de preuves et le fait que le groupe ait ni\u00e9 toute implication.&nbsp;<\/p>\n\n\n\n<p class=\"\">A noter que la CSP-DPA, anciennement appel\u00e9e Coordination des mouvements de l'Azawad (CMA), a \u00e9t\u00e9 incorrectement appel\u00e9e CMA par certains m\u00e9dias, dont potentiellement l'AFP, apr\u00e8s son changement de nom en CSP-DPA en 2022-2023. <\/p>\n\n\n\n<p class=\"\">Au d\u00e9but de l'ann\u00e9e 2025, le groupe a adopt\u00e9 le nom de Front de lib\u00e9ration de l'Azawad (FLA).<\/p>\n\n\n\n<p class=\"\"><strong>Contexte des accusations port\u00e9es contre le CSP-DPA (puis FLA)<\/strong><\/p>\n\n\n\n<p class=\"\"><em>Le CSP-DPA, une coalition de groupes touaregs et arabes non djihadistes, cherche \u00e0 obtenir une plus grande autonomie pour la r\u00e9gion de l'Azawad et a \u00e9t\u00e9 signataire de l'accord de paix d'Alger de 2015 sous son ancien nom, la CMA. Elle adh\u00e8re aux lois internationales de la guerre, en \u00e9vitant les cibles civiles, comme nous l'avons d\u00e9j\u00e0 indiqu\u00e9.&nbsp;<\/em><\/p>\n\n\n\n<p class=\"\">En septembre 2023, le groupe op\u00e9rait sous le nom de CSP-DPA, apr\u00e8s s'\u00eatre retir\u00e9 des pourparlers de paix avec la junte \u00e0 la fin de 2022 en raison de l'incapacit\u00e9 du gouvernement \u00e0 mettre en \u0153uvre l'accord.&nbsp;<\/p>\n\n\n\n<p class=\"\"><em>Les accusations de la junte \u00e0 l'encontre du CSP-DPA semblent motiv\u00e9es par des consid\u00e9rations politiques plut\u00f4t que fond\u00e9es sur des preuves, exploitant probablement le nom historique du groupe (CMA) et sa pr\u00e9sence r\u00e9gionale pour d\u00e9tourner l'attention des \u00e9checs en mati\u00e8re de s\u00e9curit\u00e9. <\/em><\/p>\n\n\n\n<p class=\"\"><strong>Les accusations reposent sur les points sp\u00e9culatifs suivants :<\/strong><\/p>\n\n\n\n<ul class=\"wp-block-list\">\n<li class=\"\">L'\u00e9tiquette \"terroriste\" au sens large : <em>La junte qualifie tous les groupes d'opposition de<\/em>,<em> y compris le CSP- DPA<\/em> et les djihadistes comme le JNIM, en tant que \"terroristes\". <em>brouiller les distinctions pour justifier les op\u00e9rations militaires<\/em> et <em>d\u00e9l\u00e9gitimer les combattants r\u00e9volutionnaires azawadiens<\/em>. <\/li>\n\n\n\n<li class=\"\">La r\u00e9action de la junte \u00e0 des incidents ult\u00e9rieurs, tels que l'attaque de f\u00e9vrier 2025 au cours de laquelle l'arm\u00e9e a qualifi\u00e9 les combattants de l'ALF de \"terroristes\", est r\u00e9v\u00e9latrice de cette vision des choses.<\/li>\n<\/ul>\n\n\n\n<ul class=\"wp-block-list\">\n<li class=\"\">Sp\u00e9culation dans les m\u00e9dias progouvernementaux :<\/li>\n\n\n\n<li class=\"\">Les m\u00e9dias sociaux pro-junte et les m\u00e9dias locaux ont sugg\u00e9r\u00e9 l'implication de l'APD du CSP en raison de son influence dans la r\u00e9gion de Tombouctou, qui \u00e9tait sous le blocus du JNIM mais aussi un bastion s\u00e9paratiste. Ces all\u00e9gations manquent de preuves m\u00e9dico-l\u00e9gales ou de t\u00e9moignages directs et ont probablement \u00e9t\u00e9 amplifi\u00e9es pour affaiblir les combattants r\u00e9volutionnaires azawadiens dans le contexte de l'effondrement du processus de paix.<\/li>\n\n\n\n<li class=\"\">Le CSP- DPA (plus tard FLA) a ni\u00e9 toute implication, soulignant que ses op\u00e9rations visaient les forces militaires et non les civils, et que l'attaque du bateau avait \u00e9t\u00e9 commise par les forces de l'ordre. <em>n'\u00e9tait pas conforme \u00e0 ses objectifs<\/em>.<\/li>\n<\/ul>\n\n\n\n<p class=\"\"><strong>Confusion avec les groupes djihadistes :<\/strong><\/p>\n\n\n\n<ul class=\"wp-block-list\">\n<li class=\"\">La junte pourrait avoir capitalis\u00e9 sur les liens historiques entre les rebelles touaregs et les djihadistes. La CMA (pr\u00e9d\u00e9cesseur de la CSP- DPA) s'est bri\u00e8vement alli\u00e9e \u00e0 des groupes islamistes en 2012 avant de s'engager dans la lutte contre le terrorisme. <em>scission due \u00e0 des diff\u00e9rences id\u00e9ologiques<\/em>. Cette <em>association obsol\u00e8te<\/em> a probablement \u00e9t\u00e9 utilis\u00e9 pour <em>jeter la suspicion<\/em> sur le CSP- DPA, <em>malgr\u00e9 sa position non djihadiste<\/em>.<\/li>\n\n\n\n<li class=\"\">L'utilisation de missiles et d'armes lourdes lors de cette attaque correspond davantage aux tactiques du JNIM, comme en t\u00e9moignent les attaques ult\u00e9rieures du JNIM \u00e0 Bamako en septembre 2024. Les capacit\u00e9s militaires de l'APD-CSP, bien que renforc\u00e9es par un soutien ext\u00e9rieur pr\u00e9sum\u00e9 (par exemple, des drones ukrainiens en 2024), <em>n'\u00e9taient pas li\u00e9es \u00e0 des attaques civiles<\/em>.<\/li>\n<\/ul>\n\n\n\n<ul class=\"wp-block-list\">\n<li class=\"\">All\u00e9gations de soutien ext\u00e9rieur :<\/li>\n\n\n\n<li class=\"\">La junte a accus\u00e9 l'Alg\u00e9rie de soutenir le CSP- DPA, en particulier apr\u00e8s qu'un drone malien a \u00e9t\u00e9 abattu \u00e0 Tinzawat\u00e8ne, une zone contr\u00f4l\u00e9e par le CSP- DPA, en 2024. Ces tensions diplomatiques ont aliment\u00e9 les all\u00e9gations selon lesquelles l'APDC pourrait mener des attaques sophistiqu\u00e9es, bien que <em>aucune preuve ne permet de relier ce fait \u00e0 l'incident du bateau.<\/em><\/li>\n\n\n\n<li class=\"\">Des rapports faisant \u00e9tat d'une collaboration entre la CSP et la DPA et l'Ukraine contre les mercenaires russes en 2024 ont fait surface, <em>mais elles sont post\u00e9rieures \u00e0 l'attaque du bateau et se concentrent sur des cibles militaires, et non sur des navires civils.<\/em><\/li>\n<\/ul>\n\n\n\n<p class=\"\"><strong>Absence de preuves concr\u00e8tes<\/strong><\/p>\n\n\n\n<ul class=\"wp-block-list\">\n<li class=\"\">Pas de r\u00e9sultats m\u00e9dico-l\u00e9gaux : <em>Aucun rapport public ne d\u00e9taille l'analyse de l'\u00e9pave, l'armement ou les t\u00e9moignages liant le CSP-DPA \u00e0 l'attaque. L'enqu\u00eate de la junte n'a pas fourni de mises \u00e0 jour, se concentrant sur les op\u00e9rations militaires contre les \"terroristes\".<\/em><\/li>\n\n\n\n<li class=\"\">R\u00e9cits des t\u00e9moins : Les survivants ont d\u00e9crit l'attaque comme \"singuli\u00e8re\", avec une intensit\u00e9 de tirs de missiles et d'armes \u00e0 feu correspondant aux tactiques du JNIM ou de l'EIGS, <em>pas les engagements militaires de la CSP et de la DPA<\/em>. <\/li>\n\n\n\n<li class=\"\">Motivation improbable : <em>Attaquer des civils compromettrait la qu\u00eate de l\u00e9gitimit\u00e9 internationale et d'autonomie de la CSP- DPA, faisant du JNIM le coupable le plus probable, compte tenu de son pass\u00e9 de violence aveugle.<\/em>.<\/li>\n<\/ul>\n\n\n\n<p class=\"\"><strong>Motivations de la junte<\/strong><\/p>\n\n\n\n<p class=\"\">Les accusations de la junte \u00e0 l'encontre du CSP- DPA (plus tard FLA) servent des objectifs strat\u00e9giques :<\/p>\n\n\n\n<ul class=\"wp-block-list\">\n<li class=\"\">D\u00e9l\u00e9gitimer la CSP-DPA : Le fait de lier la CSP- DPA aux attaques civiles affaiblit son r\u00f4le dans l'accord d'Alger, justifiant la suspension des pourparlers de paix par la junte et l'escalade militaire.<\/li>\n\n\n\n<li class=\"\">D\u00e9tourner les critiques : <em>L'attaque a mis en \u00e9vidence l'incapacit\u00e9 de la junte \u00e0 s\u00e9curiser les voies fluviales, et le fait d'accuser le CSP- DPA en m\u00eame temps que le JNIM d\u00e9tourne l'attention de ces lacunes.<\/em><\/li>\n\n\n\n<li class=\"\">Description de la menace unifi\u00e9e : <em>Le fait de qualifier le CSP-DPA de \"terroristes\" s'aligne sur la rh\u00e9torique de la junte, telle qu'elle appara\u00eet dans les d\u00e9clarations de 2025, pour consolider le soutien d'alli\u00e9s tels que la Russie et l'Alliance des \u00c9tats du Sahel (AES).&nbsp;<\/em><\/li>\n<\/ul>\n\n\n\n<p class=\"\"><strong>Statut actuel<\/strong>:<\/p>\n\n\n\n<p class=\"has-link-color wp-elements-317f9463e6b363283869cd535e62fa35\">En mai 2025, l'enqu\u00eate \u00e9tait toujours au point mort et aucun progr\u00e8s n'avait \u00e9t\u00e9 enregistr\u00e9. L'accent mis par la junte sur les op\u00e9rations contre des groupes tels que l'ALF, comme en t\u00e9moignent les frappes de drones <a href=\"https:\/\/freeazawad.com\/fr\/des-frappes-de-drones-sur-des-familles-a-tinzawatine-un-camp-de-refugies-a-la-frontiere-avec-lalgerie-causant-plusieurs-morts-et-plusieurs-blesses-dont-la-majorite-sont-des-enfants-en-bas-age\/\" target=\"_blank\" rel=\"noreferrer noopener\">tuer des civils \u00e0 Tinzaouaten<\/a>Le rapport 2025 de Human Rights Watch fait \u00e9tat de l'absence d'enqu\u00eates sur les abus commis au Mali, ce qui confirme cette tendance. Le rapport 2025 de Human Rights Watch fait \u00e9tat d'\u00e9checs persistants dans les enqu\u00eates sur les abus au Mali, ce qui renforce cette tendance.<\/p>\n\n\n\n<p class=\"\">Les accusations de la junte contre le CSP- DPA (plus tard FLA) pour l'attentat de Tombouctou <em>manquent de preuves et reposent sur des sp\u00e9culations<\/em> <em>et les r\u00e9cits politiques<\/em>. Le groupe, appel\u00e9 \u00e0 tort CMA par certains m\u00e9dias comme l'AFP apr\u00e8s son changement de nom en 2022-2023 en CSP- DPA, <em>respecte les lois internationales et n'a aucune raison de prendre des civils pour cible.<\/em><\/p>\n\n\n\n<p class=\"\">Le JNIM reste l'auteur le plus probable, compte tenu de ses tactiques et de son activit\u00e9 r\u00e9gionale. L'utilisation potentielle de \"CMA\" par la DPA refl\u00e8te une erreur de reportage dans le cadre du conflit complexe du Mali, o\u00f9 les changements rapides de noms et la propagande de la junte obscurcissent l'explosion pr\u00e9cise des tirs au d\u00e9but de l'attaque, suivie d'un barrage soutenu de tirs de roquettes pendant 15 minutes.&nbsp;<\/p>\n\n\n\n<p class=\"\">La sophistication de l'attaque sugg\u00e8re un niveau de coordination et de puissance de feu correspondant \u00e0 des groupes djihadistes tels que le JNIM, et non aux op\u00e9rations connues du CSP-DPA. <em>Le manque de transparence de l'enqu\u00eate, associ\u00e9 \u00e0 l'\u00e9tiquette \"terroriste\" utilis\u00e9e par la junte, indique que les accusations port\u00e9es contre la CSP, la DPA et l'AFL visent davantage \u00e0 discr\u00e9diter la CSP, la DPA et l'AFL. <em>CSP- DPA \/FLA<\/em> que d'\u00e9tablir les responsabilit\u00e9s.<\/em><\/p>\n\n\n\n<p class=\"\"><strong>Conclusion:<\/strong><\/p>\n\n\n\n<p class=\"\">L'attaque contre le bateau \"Tombouctou\" le 7 septembre 2023 sur le fleuve Niger au Mali a \u00e9t\u00e9 revendiqu\u00e9e par Jama'at Nasr al-Islam wal-Muslimin (JNIM), un groupe djihadiste affili\u00e9 \u00e0 Al-Qa\u00efda. De multiples sources, dont un communiqu\u00e9 du gouvernement malien, confirment la responsabilit\u00e9 du JNIM dans cette attaque, qui a tu\u00e9 au moins 49 civils et 15 soldats. L'assaut s'inscrit dans une vague de violence plus large, comprenant une attaque simultan\u00e9e contre un camp militaire \u00e0 Bamba, et est li\u00e9 au blocus de Tombouctou par le JNIM, qui a restreint les mouvements sur les routes et les voies d'eau.<\/p>\n\n\n\n<p class=\"has-link-color wp-elements-83aaa4f867208ccf0b4d7917c7ec0630\">La F\u00e9d\u00e9ration internationale des droits de l'homme (FIDH) d\u00e9clare que <a href=\"https:\/\/www.fidh.org\/en\/region\/Africa\/mali\/mali-the-attack-against-the-civilian-boat-tombouctou-constitutes-a\" target=\"_blank\" rel=\"noreferrer noopener\">l'attaque contre le bateau civil \"Tombouctou\" constitue un crime de guerre.<\/a><\/p>\n\n\n\n<p class=\"\">Liliam Brezinski<\/p>\n\n\n\n<p class=\"\">Groupe de Soutien l`Azawad<\/p>\n\n\n\n<p class=\"\">19-05-25 <\/p>\n\n\n\n<hr class=\"is-style-wide wp-block-separator has-alpha-channel-opacity\"\/>\n\n\n\n<p class=\"has-superbfont-large-font-size\">\"Au XXIe si\u00e8cle, aucun mensonge ne devient une v\u00e9rit\u00e9 simplement parce qu'il est r\u00e9p\u00e9t\u00e9 \u00e0 l'infini.<\/p>\n\n\n\n<hr class=\"is-style-wide wp-block-separator has-alpha-channel-opacity\"\/>\n\n\n\n<p class=\"\">Et si nous y r\u00e9fl\u00e9chissons logiquement, pourquoi le CSP-DPA attaquerait-il un bateau de passagers, ce qui en soi serait tout \u00e0 fait contraire \u00e0 son agenda ? Et qui nuirait \u00e0 ses propres int\u00e9r\u00eats, \u00e0 savoir l'ind\u00e9pendance de l'Azawad et rien d'autre ? Nuire aux civils n'a jamais \u00e9t\u00e9 un objectif en soi pour eux. Jnim, au contraire, comme le montrent les rapports, avait tout int\u00e9r\u00eat \u00e0 commettre une telle attaque.<\/p>\n\n\n\n<hr class=\"is-style-wide wp-block-separator has-alpha-channel-opacity\"\/>\n\n\n\n<p class=\"has-link-color wp-elements-dedfc4dd5dd29045982a839f8e70d2a3\">MISES \u00c0 JOUR 10-10-25 :<\/p>\n\n\n\n<blockquote class=\"wp-block-quote is-layout-flow wp-block-quote-is-layout-flow\">\n<p class=\"\">Le criminel Go\u00efta a cat\u00e9goriquement refus\u00e9 d'appliquer ce qui \u00e9tait dit dans les accords, il les a m\u00eame rejet\u00e9s apr\u00e8s les avoir r\u00e9vis\u00e9s, il a pr\u00e9f\u00e9r\u00e9 l'option de faire appel aux mercenaires criminels Wagner aliment\u00e9s par la haine qu'il a envers les Touaregs et les autres communaut\u00e9s du nord, pour les exterminer. <\/p>\n\n\n\n<p class=\"\">Et les hommes du FLA ont vite pris position pour prot\u00e9ger les innocents qui sont menac\u00e9s par cette junte dirig\u00e9e par Go\u00efta. Par ailleurs, cette histoire du fameux bateau que les Maliens chantent \u00e0 longueur de journ\u00e9e n'est qu'un pr\u00e9texte pour accuser les hommes du FLA, mais elle est fausse et ils n'y sont pour rien.<\/p>\n<\/blockquote>\n\n\n\n<p class=\"\">Une voix s'\u00e9l\u00e8ve...<\/p>\n\n\n\n<hr class=\"is-style-wide wp-block-separator has-alpha-channel-opacity\"\/>\n\n\n\n<figure class=\"wp-block-image size-full is-resized\"><img loading=\"lazy\" decoding=\"async\" width=\"642\" height=\"1023\" src=\"https:\/\/i0.wp.com\/freeazawad.com\/wp-content\/uploads\/2025\/10\/Namnlos.jpg?fit=642%2C1023&amp;ssl=1\" alt=\"\" class=\"wp-image-9001\" style=\"width:497px;height:auto\" srcset=\"https:\/\/i0.wp.com\/freeazawad.com\/wp-content\/uploads\/2025\/10\/Namnlos.jpg?w=642&amp;ssl=1 642w, https:\/\/i0.wp.com\/freeazawad.com\/wp-content\/uploads\/2025\/10\/Namnlos.jpg?resize=188%2C300&amp;ssl=1 188w, https:\/\/i0.wp.com\/freeazawad.com\/wp-content\/uploads\/2025\/10\/Namnlos.jpg?resize=8%2C12&amp;ssl=1 8w\" sizes=\"auto, (max-width: 642px) 100vw, 642px\" \/><\/figure>\n\n\n\n<p class=\"has-link-color wp-elements-b0c9e9b1c3a94e30bd01cfea60cb4f44\">MISE A JOUR 10-10-25 - VIDEO - La junte militaire malienne tente de cacher les v\u00e9ritables auteurs de l'attaque du bateau \"Timbouctou\" en 2023 en pr\u00e9sentant les combattants de l'Azawad comme les coupables. <a href=\"https:\/\/www.tiktok.com\/@teamfawalett\/video\/7559273470295624982\" target=\"_blank\" rel=\"noreferrer noopener\">Voir la vid\u00e9o avec Fatim Walett<\/a> <a href=\"https:\/\/www.facebook.com\/reel\/1174169821285999\">pour en savoir plus.<\/a> (la vid\u00e9o est en fran\u00e7ais)<\/p>\n\n\n\n<p class=\"has-link-color wp-elements-0d6ddd166905af2e06d1726fe935a0f4\">Voici un article de Human Rights Watch <a href=\"https:\/\/www.hrw.org\/news\/2023\/11\/01\/mali-islamist-armed-groups-army-target-civilians\">o\u00f9 ils interrogent les survivants de l'attaque du bateau.<\/a> A aucun moment Human Rights Watch, HRW, n'accuse les s\u00e9paratistes d'un quelconque crime. Elle n'accuse que l'arm\u00e9e malienne, ainsi que Wagner et le JNIM. Les r\u00e9centes accusations de la junte peuvent \u00eatre mises \u00e0 mal par cette d\u00e9claration de son propre minist\u00e8re \u00e0 l'\u00e9poque.<\/p>\n\n\n\n<p class=\"\"><strong>CONCLUSION<\/strong> - Ce ne sont certainement pas les Forces de lib\u00e9ration de l'Azawad qui ont perp\u00e9tr\u00e9 cette attaque de bateau. La v\u00e9rit\u00e9 est qu'elles n'y sont pour rien.<\/p>\n\n\n\n<p class=\"\"><\/p>\n\n\n\n<p class=\"\"><\/p>\n\n\n\n<p class=\"has-text-align-center has-link-color wp-elements-bbc451ac11c6172b04f7e896fe0623f8\"><a href=\"https:\/\/freeazawad.com\/fr\/\">PAGE  D\u00b4ACCUEIL<\/a><\/p>","protected":false},"excerpt":{"rendered":"<p>After hearing so many accusations of &#8220;terrorism&#8221; against the Azawad army\u2014an accusation that only began after the boat attack, I&#8217;ve already done a lot of research, read reports and analyses, and formed my own opinion based on these international analyses. Malians never respond because they know it&#8217;s pure propaganda. In the 21st century, no lie [&hellip;]<\/p>\n","protected":false},"author":1,"featured_media":0,"parent":0,"menu_order":0,"comment_status":"closed","ping_status":"closed","template":"","meta":{"nf_dc_page":"","_monsterinsights_skip_tracking":false,"_monsterinsights_sitenote_active":false,"_monsterinsights_sitenote_note":"","_monsterinsights_sitenote_category":0,"advanced_seo_description":"","jetpack_seo_html_title":"","jetpack_seo_noindex":false,"footnotes":""},"class_list":["post-5850","page","type-page","status-publish","hentry"],"jetpack_sharing_enabled":true,"_links":{"self":[{"href":"https:\/\/freeazawad.com\/fr\/wp-json\/wp\/v2\/pages\/5850","targetHints":{"allow":["GET"]}}],"collection":[{"href":"https:\/\/freeazawad.com\/fr\/wp-json\/wp\/v2\/pages"}],"about":[{"href":"https:\/\/freeazawad.com\/fr\/wp-json\/wp\/v2\/types\/page"}],"author":[{"embeddable":true,"href":"https:\/\/freeazawad.com\/fr\/wp-json\/wp\/v2\/users\/1"}],"replies":[{"embeddable":true,"href":"https:\/\/freeazawad.com\/fr\/wp-json\/wp\/v2\/comments?post=5850"}],"version-history":[{"count":20,"href":"https:\/\/freeazawad.com\/fr\/wp-json\/wp\/v2\/pages\/5850\/revisions"}],"predecessor-version":[{"id":9020,"href":"https:\/\/freeazawad.com\/fr\/wp-json\/wp\/v2\/pages\/5850\/revisions\/9020"}],"wp:attachment":[{"href":"https:\/\/freeazawad.com\/fr\/wp-json\/wp\/v2\/media?parent=5850"}],"curies":[{"name":"wp","href":"https:\/\/api.w.org\/{rel}","templated":true}]}}