{"id":5958,"date":"2025-05-19T15:07:33","date_gmt":"2025-05-19T15:07:33","guid":{"rendered":"https:\/\/freeazawad.com\/?page_id=5958"},"modified":"2026-02-15T15:03:23","modified_gmt":"2026-02-15T15:03:23","slug":"le-massacre-de-moura","status":"publish","type":"page","link":"https:\/\/freeazawad.com\/fr\/le-massacre-de-moura\/","title":{"rendered":"LE MASSACRE DE MOURA"},"content":{"rendered":"<p class=\"has-superbfont-xlarge-font-size\">LE TERRIBLE MASSACRE DE MOURA INTERPR\u00c9T\u00c9 PAR WAGNER ET FAMA<\/p>\n\n\n\n<p class=\"\">Le 27 mars 2022, juste avant le Ramadan, alors que le march\u00e9 \u00e9tait plein de monde, les Fama\/Wagner ont attaqu\u00e9 et massacr\u00e9 des centaines de civils dans le cadre d'un g\u00e9nocide de purification ethnique du peuple azawadien.<\/p>\n\n\n\n<p class=\"\">Des charniers ont \u00e9t\u00e9 d\u00e9couverts, des gens ont \u00e9t\u00e9 tu\u00e9s et jet\u00e9s comme s'ils \u00e9taient des d\u00e9chets. Cela s'est produit le dernier dimanche de mars 2022 et restera dans les m\u00e9moires.<\/p>\n\n\n\n<p class=\"\">Les soldats maliens et les mercenaires Wagner ont pill\u00e9 et ex\u00e9cut\u00e9 pendant cinq jours, imaginez le cauchemar pour ces habitants qui se pr\u00e9paraient au Ramadan.<\/p>\n\n\n\n<p class=\"\">D'apr\u00e8s des t\u00e9moins, ils ont tu\u00e9 des gens en fonction de leur appartenance ethnique et de leurs v\u00eatements. Il s'agissait donc clairement d'un nettoyage ethnique et non d'une chasse aux terroristes, comme ils le disent officiellement pour tromper le peuple et le monde. <\/p>\n\n\n\n<p class=\"\">Mais nous savons qu\u2019ils commettent un g\u00e9nocide contre les Touaregs, les Arabes, les Peuls et quelques autres, les gens \u00e0 la peau claire, car cela est bas\u00e9 sur le racisme du c\u00f4t\u00e9 malien et sur l\u2019argent de Wagner. L\u2019argent \u2013 \u200b\u200bles paiements pour tuer et ensuite, les ressources naturelles de la terre via des concessions mini\u00e8res lucratives. L\u2019Azawad, qui appartient \u00e0 nul autre que les Azawadiens qui y vivent depuis des g\u00e9n\u00e9rations remontant \u00e0 la pr\u00e9histoire.<\/p>\n\n\n\n<p class=\"\">Selon des t\u00e9moins, le massacre de Moura aurait fait entre 300 et 400 morts, principalement des civils, alors que le gouvernement malien a ni\u00e9 le massacre de civils et a d\u00e9clar\u00e9 avoir tu\u00e9 203 combattants terroristes et en avoir arr\u00eat\u00e9 50 autres. Si cela avait \u00e9t\u00e9 vrai, Moura serait devenu un village enti\u00e8rement habit\u00e9 par des terroristes, ce qui est bien s\u00fbr peu probable. Et puis, cela fait 150 personnes, quelles \u00e9taient les 150 autres personnes tu\u00e9es dans cette affaire ? Des \u00ab terroristes suspects \u00bb ? Non, c\u2019est un g\u00e9nocide.<\/p>\n\n\n\n<p class=\"\">Ils ont \u00e9galement ni\u00e9 la pr\u00e9sence d'une quelconque milice Wagner, bien qu'il y ait eu des t\u00e9moins de leur pr\u00e9sence et il convient \u00e9galement de noter que le ministre russe des Affaires \u00e9trang\u00e8res Sergue\u00ef V. Lavrov a d\u00e9clar\u00e9 en mai \u00e0 la t\u00e9l\u00e9vision italienne que Wagner \u00e9tait pr\u00e9sent au Mali.<\/p>\n\n\n\n<p style=\"font-size:clamp(21.027px, 1.314rem + ((1vw - 3.2px) * 1.474), 34px);\" class=\"\">\u00ab LES BLANCS ET LES MALIENS TU\u00c9S ENSEMBLE \u00bb<\/p>\n\n\n\n<p class=\"\">Un t\u00e9moin a d\u00e9clar\u00e9 que les massacres n\u2019ont pas cess\u00e9 pendant quatre jours cons\u00e9cutifs et que \u00ab les Blancs et les Maliens ont tu\u00e9 ensemble \u00bb. <\/p>\n\n\n\n<p class=\"\">Wagner et Fama, agissant comme un duo terroriste. Les violations des droits de l\u2019homme ont clairement augment\u00e9 et il ne fait aucun doute qu\u2019il s\u2019agit d\u2019un g\u00e9nocide. Tous les jeunes de l\u2019ethnie cibl\u00e9e \u00e0 Moura ont par exemple \u00e9t\u00e9 tu\u00e9s. Les jeunes !!<\/p>\n\n\n\n<p class=\"\">Partout o\u00f9 les mercenaires de Wagner op\u00e8rent, les droits de l\u2019homme sont bafou\u00e9s et les crimes contre l\u2019humanit\u00e9 sont commis, et ils n\u2019ont aucune intention de \u00ab prot\u00e9ger \u00bb autre chose que leurs propres motivations financi\u00e8res. Les seules \u00ab instructions \u00bb donn\u00e9es par ces \u00ab instructeurs \u00bb sont de savoir comment massacrer des gens, pour le compte des juntes qui les emploient. <\/p>\n\n\n\n<p class=\"\">Et qui ils massacrent ou pourquoi, cela ne leur importe pas.<\/p>\n\n\n\n<hr class=\"is-style-wide wp-block-separator has-alpha-channel-opacity\"\/>\n\n\n\n<p class=\"\">Voici une liste des pays qui ont protest\u00e9 et condamn\u00e9 l'arriv\u00e9e de Wagner au Mali.<\/p>\n\n\n\n<blockquote class=\"wp-block-quote is-layout-flow wp-block-quote-is-layout-flow\">\n<p class=\"has-link-color wp-elements-486fff7b62c58ac48f5b95da6399648b\">Belgique, Canada, R\u00e9publique tch\u00e8que, Danemark, Estonie, France, Allemagne, Italie, Lituanie, Pays-Bas, Norv\u00e8ge, Portugal, Roumanie, Espagne, Su\u00e8de, Royaume-Uni, ainsi que les <a href=\"https:\/\/usun.usmission.gov\/remarks-at-the-un-security-council-briefing-on-the-situation-in-mali\/\">les \u00e9tats-unis d'Am\u00e9rique<\/a> qui mettent en garde contre une augmentation des violations des droits de l\u2019homme et contre le fait que le Groupe Wagner pourrait compromettre la stabilit\u00e9 au Sahel et mettent en garde les pays contre tout partenariat avec le Groupe Wagner.<\/p>\n\n\n\n<p class=\"has-link-color wp-elements-81fd40457272e343b4d9406ae0e48603\">Ceci a \u00e9t\u00e9 \u00e9crit en avril 2022 par le Conseil de s\u00e9curit\u00e9 de l'ONU et depuis lors, nous n'avons vu que la violence contre les civils dans l'Azawad augmenter et les avertissements se r\u00e9aliser.<\/p>\n<\/blockquote>\n\n\n\n<p class=\"has-superbfont-xlarge-font-size\">AUCUNE JUSTICE N'A \u00c9T\u00c9 RENDUE <\/p>\n\n\n\n<p class=\"\">MISE \u00c0 JOUR : Trois ans apr\u00e8s le massacre, la justice n'a toujours pas \u00e9t\u00e9 rendue. Les autorit\u00e9s maliennes de transition n'ont, \u00e0 ce jour, jamais men\u00e9 d'enqu\u00eate ni rendu la justice comme elles l'avaient pr\u00e9vu. <em>promis<\/em>.<\/p>\n\n\n\n<p class=\"\">Le massacre de Moura a dur\u00e9 cinq longues journ\u00e9es de torture et d'ex\u00e9cutions sommaires de villageois qui, selon la \"version malienne\", \u00e9taient tous des \"terroristes\". Plus de 500 personnes ont \u00e9t\u00e9 tu\u00e9es par Wagner et Fama, y compris des femmes et des enfants, ex\u00e9cut\u00e9s et jet\u00e9s dans des fosses communes qu'ils ont forc\u00e9 les pauvres villageois \u00e0 creuser eux-m\u00eames. De nombreuses femmes et enfants\/filles ont \u00e9galement \u00e9t\u00e9 viol\u00e9es. Ce n'est rien d'autre qu'un holocauste !<\/p>\n\n\n\n<p class=\"has-link-color wp-elements-1757168d18796ca49db463d95ef882ff\">Les informations sur le massacre de Moura sont confirm\u00e9es par de nombreux d\u00e9fenseurs des droits de l'homme et journalistes, ainsi que par un rapport tr\u00e8s d\u00e9taill\u00e9 sur le massacre de Moura. <a href=\"https:\/\/www.ohchr.org\/sites\/default\/files\/documents\/countries\/mali\/20230512-Moura-Report.pdf\">Rapport des Nations Unies<\/a> qui a \u00e9t\u00e9 publi\u00e9 en mai 2023 par le Bureau des droits de l'homme des Nations unies.<\/p>\n\n\n\n<p class=\"\">En outre, les services de s\u00e9curit\u00e9 de l'\u00c9tat ont harcel\u00e9 et arr\u00eat\u00e9 des victimes et des t\u00e9moins afin de cr\u00e9er un climat d'intimidation et de forcer le silence sur toutes les op\u00e9rations militaires men\u00e9es par Fama et Wagner. La justice n'existe pas, les droits de l'homme n'existent pas, seul le terrorisme d'\u00c9tat contre les victimes de leurs massacres existe.<\/p>\n\n\n\n<p class=\"\">LIENS VERS QUELQUES ARTICLES SUR CE MASSACRE :<\/p>\n\n\n\n<p class=\"has-link-color wp-elements-0f7e441938a5093bb5a900006a48215f\">A <a href=\"https:\/\/www.nytimes.com\/2022\/05\/31\/world\/africa\/mali-massacre-investigation.html\">Enqu\u00eate du New York Times<\/a> a identifi\u00e9 des sites o\u00f9 des personnes ont \u00e9t\u00e9 tu\u00e9es et jet\u00e9es dans des fosses communes :<\/p>\n\n\n\n<p class=\"has-link-color wp-elements-2c6175da5152805db10ce16f190c3dcb\"><a href=\"https:\/\/www.nytimes.com\/2022\/05\/31\/world\/africa\/mali-massacre-investigation.html\">https:\/\/www.nytimes.com\/2022\/05\/31\/world\/africa\/mali-massacre-investigation.html<\/a><\/p>\n\n\n\n<p class=\"has-link-color wp-elements-f2bb829611a24d2cd9f7cc227735c82b\"><a href=\"https:\/\/www.amnesty.org\/en\/latest\/news\/2023\/05\/mali-les-auteurs-des-tueries-a-moura-doivent-etre-poursuivis-et-juges-devant-un-tribunal-competent\/\">Amnesty International -Mali : Les auteurs du massacre de Moura doivent \u00eatre poursuivis et jug\u00e9s par un tribunal comp\u00e9tent.<\/a><\/p>\n\n\n\n<p class=\"has-link-color wp-elements-660785e16afb2cb1cd201a55a64918f7\"><a href=\"https:\/\/x.com\/UNGeneva\/status\/1657033890207350787\">Nations unies Gen\u00e8ve : <\/a>Tout porte \u00e0 croire que plus de 500 personnes ont \u00e9t\u00e9 tu\u00e9es.<\/p>\n\n\n\n<p class=\"has-link-color wp-elements-6e831d2d3ef02fd33ed7fe7108a3c36f\"><a href=\"https:\/\/www.theguardian.com\/world\/2023\/may\/20\/russian-mercenaries-behind-slaughter-in-mali-village-un-report-finds\">Un rapport met en cause des combattants du groupe Wagner dans les atrocit\u00e9s commises \u00e0 Moura, y compris la torture et le viol de civils.<\/a><\/p>\n\n\n\n<hr class=\"is-style-wide wp-block-separator has-alpha-channel-opacity\"\/>\n\n\n\n<p class=\"\">Groupe de Soutien l`Azawad<\/p>\n\n\n\n<p class=\"\"><\/p>\n\n\n\n<p class=\"has-text-align-center has-link-color wp-elements-bbc451ac11c6172b04f7e896fe0623f8\"><a href=\"https:\/\/freeazawad.com\/fr\/\">PAGE  D\u00b4ACCUEIL<\/a><\/p>","protected":false},"excerpt":{"rendered":"<p>THE TERRIBLE MASSACRE IN MOURA PERFORMED BY WAGNER AND FAMA On March 27, 2022, right before Ramadan, where the market was full of people, the Fama\/Wagner attacked and massacred hundreds of civilian people as part of an ethnic cleansing genocide of Azawadian people. Massgraves has been found, people were killed and thrown in as if [&hellip;]<\/p>\n","protected":false},"author":1,"featured_media":0,"parent":0,"menu_order":0,"comment_status":"closed","ping_status":"closed","template":"","meta":{"nf_dc_page":"","_monsterinsights_skip_tracking":false,"_monsterinsights_sitenote_active":false,"_monsterinsights_sitenote_note":"","_monsterinsights_sitenote_category":0,"advanced_seo_description":"","jetpack_seo_html_title":"","jetpack_seo_noindex":false,"footnotes":""},"class_list":["post-5958","page","type-page","status-publish","hentry"],"jetpack_sharing_enabled":true,"_links":{"self":[{"href":"https:\/\/freeazawad.com\/fr\/wp-json\/wp\/v2\/pages\/5958","targetHints":{"allow":["GET"]}}],"collection":[{"href":"https:\/\/freeazawad.com\/fr\/wp-json\/wp\/v2\/pages"}],"about":[{"href":"https:\/\/freeazawad.com\/fr\/wp-json\/wp\/v2\/types\/page"}],"author":[{"embeddable":true,"href":"https:\/\/freeazawad.com\/fr\/wp-json\/wp\/v2\/users\/1"}],"replies":[{"embeddable":true,"href":"https:\/\/freeazawad.com\/fr\/wp-json\/wp\/v2\/comments?post=5958"}],"version-history":[{"count":7,"href":"https:\/\/freeazawad.com\/fr\/wp-json\/wp\/v2\/pages\/5958\/revisions"}],"predecessor-version":[{"id":10222,"href":"https:\/\/freeazawad.com\/fr\/wp-json\/wp\/v2\/pages\/5958\/revisions\/10222"}],"wp:attachment":[{"href":"https:\/\/freeazawad.com\/fr\/wp-json\/wp\/v2\/media?parent=5958"}],"curies":[{"name":"wp","href":"https:\/\/api.w.org\/{rel}","templated":true}]}}