{"id":6192,"date":"2025-06-01T15:09:08","date_gmt":"2025-06-01T15:09:08","guid":{"rendered":"https:\/\/freeazawad.com\/?page_id=6192"},"modified":"2025-12-26T09:45:55","modified_gmt":"2025-12-26T09:45:55","slug":"un-temoignage-glacant-datant-de-2012-qui-pourrait-tout-aussi-bien-etre-de-cette-annee","status":"publish","type":"page","link":"https:\/\/freeazawad.com\/fr\/un-temoignage-glacant-datant-de-2012-qui-pourrait-tout-aussi-bien-etre-de-cette-annee\/","title":{"rendered":"UN T\u00c9MOIGNAGE GLA\u00c7ANT DATANT DE 2012 - IL AURAIT TOUT AUSSI BIEN PU \u00caTRE DE CETTE ANN\u00c9E..."},"content":{"rendered":"<figure class=\"wp-block-image size-full is-resized\"><img data-recalc-dims=\"1\" loading=\"lazy\" decoding=\"async\" width=\"649\" height=\"493\" src=\"https:\/\/i0.wp.com\/freeazawad.com\/wp-content\/uploads\/2025\/06\/Colonel-Machakanani-1.jpg?resize=649%2C493&#038;ssl=1\" alt=\"\" class=\"wp-image-6184\" style=\"width:748px;height:auto\" srcset=\"https:\/\/i0.wp.com\/freeazawad.com\/wp-content\/uploads\/2025\/06\/Colonel-Machakanani-1.jpg?w=649&amp;ssl=1 649w, https:\/\/i0.wp.com\/freeazawad.com\/wp-content\/uploads\/2025\/06\/Colonel-Machakanani-1.jpg?resize=300%2C228&amp;ssl=1 300w, https:\/\/i0.wp.com\/freeazawad.com\/wp-content\/uploads\/2025\/06\/Colonel-Machakanani-1.jpg?resize=16%2C12&amp;ssl=1 16w\" sizes=\"auto, (max-width: 649px) 100vw, 649px\" \/><\/figure>\n\n\n\n<p class=\"\">Les atrocit\u00e9s commises par l'arm\u00e9e malienne et Wagner (depuis 2021) n'ont pas chang\u00e9 de cruaut\u00e9 depuis 1963. Le g\u00e9nocide de la population azawadienne est bas\u00e9 sur la force, la cupidit\u00e9 et le racisme.<\/p>\n\n\n\n<p class=\"\">Voici un t\u00e9moignage gla\u00e7ant du colonel Machakanani, datant de 2012, lorsque l'arm\u00e9e azawadienne a pris le contr\u00f4le total du territoire en 2012, arriv\u00e9 au camp militaire de Korogossou \u00e0 Gao, o\u00f9 lui et ses amis ont \u00e9t\u00e9 retenus prisonniers par l'arm\u00e9e malienne. <\/p>\n\n\n\n<p class=\"\">Il d\u00e9crit les conditions terribles et inhumaines dans lesquelles ils se trouvaient et comment ils ont tu\u00e9 ses amis en les torturant, en les affamant et en les assoiffant. Il a pay\u00e9 pour cela en menant de nombreuses batailles contre l'arm\u00e9e.  C'est un homme courageux et loyal \u00e0 la cause de la libert\u00e9 de l'Azawad.<\/p>\n\n\n\n<p class=\"\">Il a t\u00e9moign\u00e9 en 2012... et a demand\u00e9 \u00e0 la Cour p\u00e9nale internationale d'enqu\u00eater et de poursuivre les auteurs de ces crimes. Cela signifie que la lutte continue et que nous ne nous tairons pas !<\/p>\n\n\n\n<p class=\"\">Le texte fran\u00e7ais de la vid\u00e9o est traduit en anglais (et le traducteur automatique en haut du site traduit \u00e9galement en arabe).<\/p>\n\n\n\n<figure class=\"wp-block-video\"><video height=\"360\" style=\"aspect-ratio: 480 \/ 360;\" width=\"480\" controls src=\"https:\/\/freeazawad.com\/wp-content\/uploads\/2025\/06\/snaptik_7508403648628591894-1.mp4\"><\/video><\/figure>\n\n\n\n<p class=\"\">L'arm\u00e9e nous a arr\u00eat\u00e9s, avec les autres, et nous a amen\u00e9s ici \u00e0 Gao, dans ce camp o\u00f9 je me trouve aujourd'hui. Presque tous mes camarades sont morts sous la torture de l'\u00e9lectricit\u00e9, de la privation d'eau et de nourriture. <\/p>\n\n\n\n<p class=\"\">De 8 heures \u00e0 14 heures, c'\u00e9tait la torture, puis on nous jetait dans une prison. Et si l'un d'entre nous mourait, il fallait le sortir la nuit et le jeter quelque part...<\/p>\n\n\n\n<p class=\"\">Ils ont ensuite amen\u00e9 10 jeunes et un vieil homme d'environ 85 ans, le chef de la faction Ichadinharane, Ahmed, qu'ils ont tortur\u00e9 en le privant d'eau et de nourriture. Ils l'ont tortur\u00e9 en le privant d'eau et de nourriture... Ils ont pris les 10 jeunes pour les utiliser comme cibles humaines. Puis ils ont mis le vieil homme en prison avec nous.<\/p>\n\n\n\n<p class=\"\">Dans la prison, nous ne pouvions rien faire parce que nos mains et nos pieds \u00e9taient si raides et si \u00e9troits \u00e0 cause du manque d'eau et de nourriture. Et cela a recommenc\u00e9, les gens mouraient encore et encore.<\/p>\n\n\n\n<p class=\"\">Parmi les personnes qui sont mortes, je me souviens d'Ahmed, le chef des factions d'Eshadinhard. Il \u00e9tait innocent, il a \u00e9t\u00e9 accus\u00e9 \u00e0 tort et il a finalement \u00e9t\u00e9 assassin\u00e9 et tortur\u00e9 \u00e0 nouveau. Ils ont ensuite pris les 10 jeunes hommes, les ont d\u00e9membr\u00e9s, puis les ont fusill\u00e9s.<\/p>\n\n\n\n<p class=\"\">Parmi mes compagnons de combat assassin\u00e9s, il y avait Magdi Ag Masamat, Ibrahim Oussman Al Kherdu, Hassan Mahmoud, Hayni, et Mohamed Loyadegrik. Malheureusement, je ne me souviens que de ces noms... Parmi ceux qui sont encore en vie, il y a Abdoulrazak, Kheyri, Tahamet, Baba Hassan. Il y avait un autre jeune homme de Doshak, mais je ne me souviens pas de son nom...<\/p>\n\n\n\n<p class=\"\">Ils nous obligent \u00e0 applaudir la mort de nos fr\u00e8res sous nos yeux. Ce qu'ils font est horrible. Ils les battent \u00e0 mort la nuit, et ensuite nous ne revoyons plus jamais leurs corps. Nous ne savons pas ce qu'ils en ont fait, s'ils les ont mang\u00e9s ou non. Nous n'avons jamais vu les corps ni les tombes...<\/p>\n\n\n\n<p class=\"\">Et c'est dans ces conditions que, gr\u00e2ce aux accords de paix, nous, les survivants, avons \u00e9t\u00e9 lib\u00e9r\u00e9s.<\/p>\n\n\n\n<blockquote class=\"wp-block-quote is-layout-flow wp-block-quote-is-layout-flow\">\n<p class=\"\">Nous voulons que la Cour p\u00e9nale internationale poursuive les officiers maliens qui ont commis ces crimes. Et nous voulons que justice soit rendue, comme il se doit, \u00e0 ces civils innocents.<\/p>\n<\/blockquote>\n\n\n\n<p class=\"\">Une semaine plus tard, l'arm\u00e9e malienne a attaqu\u00e9 et br\u00fbl\u00e9 un village religieux o\u00f9 vivaient des personnes \u00e2g\u00e9es, des femmes et des enfants. Ils ont tout br\u00fbl\u00e9, ils n'ont laiss\u00e9 aucun survivant, pas m\u00eame les femmes et les enfants, ici \u00e0 Gao. Les fosses communes o\u00f9 sont enterr\u00e9s ces gens se trouvent toujours \u00e0 la p\u00e9riph\u00e9rie de Gao.<\/p>\n\n\n\n<blockquote class=\"wp-block-quote is-layout-flow wp-block-quote-is-layout-flow\">\n<p class=\"has-link-color wp-elements-a1d3afb09c6e84d474bb163fc472e876\">Nous demandons \u00e0 la <a href=\"https:\/\/www.icc-cpi.int\/\">Cour p\u00e9nale internationale<\/a> d'enqu\u00eater et de poursuivre les auteurs de ces crimes, dont nous avons la preuve, et qui ont eu lieu depuis 1963 jusqu'\u00e0 aujourd'hui.<\/p>\n<\/blockquote>\n\n\n\n<p class=\"\">C'est une r\u00e9alit\u00e9, ils ont travers\u00e9 les camps pour tuer la population civile en les aspergeant d'essence et en y mettant le feu. Ils ne les tuent m\u00eame pas avec une balle, ils pr\u00e9f\u00e8rent utiliser de l'essence pour \u00e9conomiser leurs balles.<\/p>\n\n\n\n<p class=\"\">Pendant ce temps, les autorit\u00e9s maliennes emp\u00eachent les journalistes de se rendre sur place. Tout le monde n'est pas au courant de tous ces crimes.&nbsp;<\/p>\n\n\n\n<p class=\"\">Apr\u00e8s tout ce que nous avons v\u00e9cu, les autorit\u00e9s maliennes n'ont rien fait pour nous. Elles n'ont pas essay\u00e9 d'am\u00e9liorer les choses, elles n'ont m\u00eame pas construit un h\u00f4pital... Le Mali voulait que nous, les Touaregs, disparaissions. En 1973, ils ont m\u00eame empoisonn\u00e9 le puits d'eau.<\/p>\n\n\n\n<p class=\"\">Il est vrai qu'il y a eu beaucoup de morts, mais il semble que la communaut\u00e9 internationale n'y pr\u00eate pas attention, et cela nous blesse profond\u00e9ment. M\u00eame les animaux sont mieux prot\u00e9g\u00e9s que nous, il y a des associations qui les d\u00e9fendent et les prot\u00e8gent. Personne ne se pr\u00e9occupe des Touaregs et ne les prot\u00e8ge.<\/p>\n\n\n\n<p class=\"\">T\u00e9moignage du colonel Machakanani<\/p>\n\n\n\n<hr class=\"is-style-wide wp-block-separator has-alpha-channel-opacity\"\/>\n\n\n\n<p class=\"\">Liens connexes :<\/p>\n\n\n\n<p class=\"has-link-color wp-elements-041d13e6f96a97b8a10b5831f5dea89d\"><a href=\"https:\/\/freeazawad.com\/fr\/la-secheresse-de-1974-comment-le-gouvernement-malien-a-profite-de-la-secheresse-des-annees-70-pour-laisser-les-touaregs-mourir-de-faim\/\">La s\u00e9cheresse de 1974 <\/a>- Comment le gouvernement malien a profit\u00e9 de la s\u00e9cheresse des ann\u00e9es 70 pour laisser les Touaregs mourir de faim.<\/p>\n\n\n\n<p class=\"has-link-color wp-elements-81f13a311d554477f300bd7e3a47b913\"><a href=\"https:\/\/freeazawad.com\/fr\/la-secheresse-de-1974-comment-le-gouvernement-malien-a-profite-de-la-secheresse-des-annees-70-pour-laisser-les-touaregs-mourir-de-faim\/\">La solution au \"probl\u00e8me touareg\"<\/a><\/p>\n\n\n\n<p class=\"has-link-color wp-elements-e99dd05e8c3c20ba1dc6918d3ab271fc\"><a href=\"https:\/\/freeazawad.com\/fr\/violations-des-droits-de-lhomme-dans-lazawad\/\">Violations des droits de l'homme dans l'Azawad<\/a><\/p>\n\n\n\n<p class=\"has-link-color wp-elements-afeffb4ebcd0301d2eb08c64afefd87e\"><a href=\"https:\/\/freeazawad.com\/fr\/violations-des-droits-de-lhomme-dans-lazawad\/\">https:\/\/freeazawad.com\/en_gb\/human-rights-violations-in-azawad<\/a><\/p>\n\n\n\n<p class=\"has-link-color wp-elements-bd3853fe46e322d769a613bcb371d2cf\"><a href=\"https:\/\/freeazawad.com\/fr\/les-droits-de-lhomme-un-obstacle-pour-le-mali\/\">Les droits de l'homme, un obstacle pour le Mali ?<\/a><\/p>\n\n\n\n<p class=\"\"><\/p>\n\n\n\n<p class=\"has-text-align-center has-link-color wp-elements-bbc451ac11c6172b04f7e896fe0623f8\"><a href=\"https:\/\/freeazawad.com\/fr\/\">PAGE  D\u00b4ACCUEIL<\/a><\/p>","protected":false},"excerpt":{"rendered":"<p>The atrocities by the Malian army and Wagner (since 2021) has not changed in cruelty since 1963. The genocide of the Azawadian population is based on force, greed and racism. Here is a chilling testimony from 2012 by Colonel Machakanani, when the Azawadian army took complete control of the territory in 2012, arrived at the [&hellip;]<\/p>\n","protected":false},"author":1,"featured_media":0,"parent":0,"menu_order":0,"comment_status":"closed","ping_status":"closed","template":"","meta":{"nf_dc_page":"","_monsterinsights_skip_tracking":false,"_monsterinsights_sitenote_active":false,"_monsterinsights_sitenote_note":"","_monsterinsights_sitenote_category":0,"advanced_seo_description":"","jetpack_seo_html_title":"","jetpack_seo_noindex":false,"footnotes":""},"class_list":["post-6192","page","type-page","status-publish","hentry"],"jetpack_sharing_enabled":true,"_links":{"self":[{"href":"https:\/\/freeazawad.com\/fr\/wp-json\/wp\/v2\/pages\/6192","targetHints":{"allow":["GET"]}}],"collection":[{"href":"https:\/\/freeazawad.com\/fr\/wp-json\/wp\/v2\/pages"}],"about":[{"href":"https:\/\/freeazawad.com\/fr\/wp-json\/wp\/v2\/types\/page"}],"author":[{"embeddable":true,"href":"https:\/\/freeazawad.com\/fr\/wp-json\/wp\/v2\/users\/1"}],"replies":[{"embeddable":true,"href":"https:\/\/freeazawad.com\/fr\/wp-json\/wp\/v2\/comments?post=6192"}],"version-history":[{"count":4,"href":"https:\/\/freeazawad.com\/fr\/wp-json\/wp\/v2\/pages\/6192\/revisions"}],"predecessor-version":[{"id":9934,"href":"https:\/\/freeazawad.com\/fr\/wp-json\/wp\/v2\/pages\/6192\/revisions\/9934"}],"wp:attachment":[{"href":"https:\/\/freeazawad.com\/fr\/wp-json\/wp\/v2\/media?parent=6192"}],"curies":[{"name":"wp","href":"https:\/\/api.w.org\/{rel}","templated":true}]}}