{"id":700,"date":"2025-01-24T21:00:50","date_gmt":"2025-01-24T21:00:50","guid":{"rendered":"https:\/\/freeazawad.com\/?page_id=700"},"modified":"2025-12-26T09:44:28","modified_gmt":"2025-12-26T09:44:28","slug":"a-propos-du-groupe-de-soutien-azawad","status":"publish","type":"page","link":"https:\/\/freeazawad.com\/fr\/a-propos-du-groupe-de-soutien-azawad\/","title":{"rendered":"A PROPOS DU GROUPE DE SOUTIEN AZAWAD"},"content":{"rendered":"<figure class=\"wp-block-image size-large\"><img loading=\"lazy\" decoding=\"async\" width=\"1288\" height=\"1100\" src=\"https:\/\/i0.wp.com\/freeazawad.com\/wp-content\/uploads\/2025\/12\/Azawad-landscape-sunset-1.png?fit=1024%2C875&amp;ssl=1\" alt=\"Paysage de l&#039;Azawad au coucher du soleil\" class=\"wp-image-9932\" srcset=\"https:\/\/i0.wp.com\/freeazawad.com\/wp-content\/uploads\/2025\/12\/Azawad-landscape-sunset-1.png?w=1288&amp;ssl=1 1288w, https:\/\/i0.wp.com\/freeazawad.com\/wp-content\/uploads\/2025\/12\/Azawad-landscape-sunset-1.png?resize=300%2C256&amp;ssl=1 300w, https:\/\/i0.wp.com\/freeazawad.com\/wp-content\/uploads\/2025\/12\/Azawad-landscape-sunset-1.png?resize=1024%2C875&amp;ssl=1 1024w, https:\/\/i0.wp.com\/freeazawad.com\/wp-content\/uploads\/2025\/12\/Azawad-landscape-sunset-1.png?resize=768%2C656&amp;ssl=1 768w, https:\/\/i0.wp.com\/freeazawad.com\/wp-content\/uploads\/2025\/12\/Azawad-landscape-sunset-1.png?resize=14%2C12&amp;ssl=1 14w\" sizes=\"auto, (max-width: 1000px) 100vw, 1000px\" \/><figcaption class=\"wp-element-caption\">Paysage de l'Azawad au coucher du soleil<\/figcaption><\/figure>\n\n\n\n<p style=\"font-size:clamp(19.481px, 1.218rem + ((1vw - 3.2px) * 1.309), 31px);\" class=\"\">COMBATTANTS DE LA LIBERT\u00c9, \u00c9CRIVAINS DE LA LIBERT\u00c9 ! <\/p>\n\n\n\n<p class=\"\">Le groupe de soutien \u00e0 l'Azawad est un groupe diversifi\u00e9 de militants et de sympathisants de l'Azawad, de Touaregs et d'amis et d'alli\u00e9s des Touaregs, vivant dans le monde entier sur diff\u00e9rents continents.<\/p>\n\n\n\n<p class=\"\">Le Groupe de Soutien \u00e0 l'Azawad est compos\u00e9 d'activistes et d'\u00e9crivains pour la cause de l'Azawad travaillant ensemble et ind\u00e9pendamment, ainsi qu'avec des co-\u00e9crivains comme Azawad Freedom Voice, Toumast Info etc, sachant qu'il s'agit d'une cause l\u00e9gale et juste pour le peuple de l'Azawad qui a le droit de vivre dans la libert\u00e9 et l'ind\u00e9pendance dans sa propre patrie comme tout autre peuple. Notre mission est solidaire, ne pas rester silencieux face \u00e0 l'adversit\u00e9 et \u00e0 l'oppression, face \u00e0 tous les crimes commis contre le peuple de l'Azawad face \u00e0 ce terrible g\u00e9nocide. Rester silencieux si l'on peut faire quelque chose, c'est \u00eatre complice et nous sommes l\u00e0 pour sensibiliser et soutenir le peuple de l'Azawad.<\/p>\n\n\n\n<p class=\"\">Leur terre, qui a \u00e9t\u00e9 vol\u00e9e et colonis\u00e9e par la France qui l'a appel\u00e9e \"Soudan fran\u00e7ais\", (comment la terre des autres peut-elle \u00eatre la leur ? \u00eatre \"fran\u00e7aise\" ? elle n'a jamais \u00e9t\u00e9 fran\u00e7aise...) et qui - avec arrogance, sans la moindre consid\u00e9ration pour le fait qu'il y avait d\u00e9j\u00e0 des gens qui vivaient l\u00e0, et sans leur consentement - l'a c\u00e9d\u00e9e au Mali, qui \u00e9tait l'\u00c9tat qu'ils ont cr\u00e9\u00e9 \u00e0 la fin de leur colonisation, en tra\u00e7ant des fronti\u00e8res artificielles dans cette zone d\u00e9sertique o\u00f9 de nombreux nomades vivaient d\u00e9j\u00e0 une vie libre sans fronti\u00e8res, comme ils l'avaient toujours fait depuis des milliers d'ann\u00e9es.<\/p>\n\n\n\n<p class=\"\">Les habitants de l\u2019Azawad ne souhaitent qu\u2019une chose : \u00eatre lib\u00e9r\u00e9s de l\u2019injustice, du racisme, de l\u2019oppression, de la marginalisation et du g\u00e9nocide, tout simplement parce qu\u2019ils existent et ont exist\u00e9 sur ces terres du grand Sahara depuis des temps imm\u00e9moriaux o\u00f9 leurs anc\u00eatres ont grav\u00e9 les tifinagh et les dessins d\u2019animaux et de personnages sur les rochers qui pars\u00e8ment toute la r\u00e9gion et qui sont aujourd\u2019hui la preuve ultime que cette terre leur appartient. C\u2019est aussi ce que chante le groupe de blues du d\u00e9sert Tamikrest dans sa chanson \u00ab Azawad \u00bb.<\/p>\n\n\n\n<p class=\"\">Le tifinagh est leur \u00e9criture s\u00e9culaire, le plus vieil alphabet de la plan\u00e8te, toujours utilis\u00e9 par les Amazighs, dont les Touaregs sont une branche, qui se sont install\u00e9s dans le Sahara bien avant que le Mali n'existe, et qui ont form\u00e9 leur propre culture, diff\u00e9rente de toutes les autres. Eux aussi ont le droit de vivre sur leur terre, comme tout autre peuple, et ils luttent pour leur ind\u00e9pendance depuis les ann\u00e9es 1960.<\/p>\n\n\n\n<p class=\"\">Les m\u00e9dias internationaux ne manquent pas de rappeler que de nombreux autres endroits de la plan\u00e8te sont le th\u00e9\u00e2tre de l'oppression de gouvernements totalitaires, de dictatures et de g\u00e9nocides perp\u00e9tr\u00e9s au nom du profit et du pouvoir, ce qui est une triste v\u00e9rit\u00e9 que tout le monde conna\u00eet mais..... pour une raison ou une autre, int\u00e9r\u00eats \u00e9conomiques ou autres, la situation de l'Azawad est pass\u00e9e sous silence.<\/p>\n\n\n\n<p style=\"font-size:clamp(19.481px, 1.218rem + ((1vw - 3.2px) * 1.309), 31px);\" class=\"\">NOUS SOMMES ICI POUR DIRE AU MONDE CE QUI SE PASSE EN AZAWAD ET BRISER LE SILENCE SUR L'AZAWAD !<\/p>\n\n\n\n<figure class=\"wp-block-image size-large\"><img data-recalc-dims=\"1\" loading=\"lazy\" decoding=\"async\" width=\"1024\" height=\"640\" src=\"https:\/\/i0.wp.com\/freeazawad.com\/wp-content\/uploads\/2024\/12\/IMG_8113.jpg?resize=1024%2C640&#038;ssl=1\" alt=\"\" class=\"wp-image-287\"\/><\/figure>\n\n\n\n<p class=\"\">Nous esp\u00e9rons voir une solution pacifique au probl\u00e8me entre l'Azawad et le Mali, deux nations distinctes qui n'auraient jamais d\u00fb \u00eatre rattach\u00e9es l'une \u00e0 l'autre, un dommage qui cause encore de s\u00e9rieux probl\u00e8mes d'oppression et de g\u00e9nocide sur la population azawadienne qui dure depuis 64 ans. Malheureusement, le Mali ne veut manifestement pas d'une solution pacifique et c'est pourquoi l'arm\u00e9e du Front de lib\u00e9ration de l'Azawad, le FLA, continue de lutter pour la libert\u00e9 du peuple de l'Azawad.<\/p>\n\n\n\n<p class=\"\">Les soi-disant \"r\u00e9bellions touar\u00e8gues\" - qui devraient plut\u00f4t \u00eatre appel\u00e9es \"r\u00e9sistance et lutte pour la libert\u00e9\" - ne sont rien d'autre que la r\u00e9action d'un peuple \u00e0 une grave injustice, une marginalisation et une oppression allant jusqu'au g\u00e9nocide syst\u00e9matique en utilisant la politique de la terre br\u00fbl\u00e9e. Ceux qui disent que l'Azawad doit vivre en paix avec le Mali ne comprennent pas que les autorit\u00e9s maliennes ne veulent pas de paix, elles veulent l'extermination de l'Azawad. Ils l'ont toujours voulu, il y a trop de preuves \u00e0 ce sujet pour nous convaincre du contraire.<\/p>\n\n\n\n<p class=\"\">Avant la colonisation et la cr\u00e9ation des fronti\u00e8res artificielles (les \"cl\u00f4tures\") et de l'Etat du Mali, l'Azawad \u00e9tait libre sans fronti\u00e8res et appartenait \u00e0 son peuple. Il doit leur \u00eatre restitu\u00e9. C'est une cause juste.<\/p>\n\n\n\n<p class=\"\">C'est l'objectif de ce blog : sensibiliser, partager ce que nous voyons et soutenir la lutte pour la libert\u00e9 du peuple de l'Azawad.<\/p>\n\n\n\n<p class=\"\">Groupe de Soutien Azawad 2025<\/p>\n\n\n\n<hr class=\"is-style-wide wp-block-separator has-alpha-channel-opacity\"\/>\n\n\n\n<p class=\"\"><strong>Les pages utiles pour ceux qui veulent savoir ce qui se passe r\u00e9ellement dans la r\u00e9gion de l'Azawad sont :<\/strong><\/p>\n\n\n\n<p class=\"has-link-color has-medium-font-size wp-elements-e50d2d22095435547168b942ebacbe20\"><a href=\"https:\/\/kal-akal.com\/?cat=3\" target=\"_blank\" rel=\"noreferrer noopener\">KAL AKAL<\/a><\/p>\n\n\n\n<p class=\"has-link-color has-medium-font-size wp-elements-0fc9005d9bda57179dcf5ec36c322a13\"><a href=\"https:\/\/www.assiwil.info\/search\">POSTE ASSIWIL<\/a><\/p>\n\n\n\n<p class=\"has-link-color has-medium-font-size wp-elements-3a759f14e046947e4d7df1a5f2c8991a\"><a href=\"https:\/\/www.facebook.com\/ImouhaghIYO\" target=\"_blank\" rel=\"noreferrer noopener\">IMOUHAGH<\/a><\/p>\n\n\n\n<p class=\"has-link-color has-medium-font-size wp-elements-e83ef346367192fed28cbc40723ba48b\"><a href=\"https:\/\/www.apm-azawad.com\/search\/label\/%C5%93il%20sur%20L%27azawad?m=1\" target=\"_blank\" rel=\"noreferrer noopener\">AGENCE DE PRESSE ET DES M\u00c9DIAS DE L'AZAWAD<\/a><\/p>\n\n\n\n<p class=\"has-link-color wp-elements-ae1a4e4a78c171645d231dc3594b1aa8\" style=\"font-size:clamp(14px, 0.875rem + ((1vw - 3.2px) * 0.682), 20px);\"><a href=\"https:\/\/tanakra.net\/\">TANAKRA<\/a><\/p>\n\n\n\n<p class=\"has-link-color has-medium-font-size wp-elements-8cc72c916571ea03ea6135cb4a404d1b\"><a href=\"https:\/\/amazighworldnews.com\/the-crucial-amazigh-issue-that-many-are-not-aware-of-azawad-conflict-with-mali\/?fbclid=IwAR3R5wpopQeFTZq5nIRfAcjcpyBj4dL8DM113xq4snvuHCzyDoUM4eyUBD0\" target=\"_blank\" rel=\"noreferrer noopener\">ACTUALIT\u00c9S DU MONDE AMAZIGH<\/a><\/p>\n\n\n\n<p class=\"has-link-color has-medium-font-size wp-elements-f0c028b26ad559d1d27b9c9198d492a5\"><a href=\"https:\/\/amadalamazigh.press.ma\/fr\/category\/monde-amazigh\/touareg\/\" target=\"_blank\" rel=\"noreferrer noopener\">AMAZIGH PRESS<\/a><\/p>\n\n\n\n<p class=\"has-link-color has-medium-font-size wp-elements-29fc83368acda73ca6a5da38cfffa40d\"><a href=\"https:\/\/lepeuplebreton.bzh\/2024\/08\/01\/massacres-sous-silence-azawad\/\" target=\"_blank\" rel=\"noreferrer noopener\">LE PEUPLE BRETON<\/a><\/p>\n\n\n\n<p class=\"has-link-color has-medium-font-size wp-elements-5c88f4a3cd8fbeb971700a9a2e3f2881\"><a href=\"https:\/\/observers.france24.com\/fr\/afrique\/20240423-drones-turcs-de-l-arm%C3%A9e-malienne-des-frappes-ciblent-les-civils\" target=\"_blank\" rel=\"noreferrer noopener\">LES OBSERVATEURS<\/a><\/p>\n\n\n\n<p class=\"has-link-color has-medium-font-size wp-elements-24ae9e2bb03748371e25efc63aae6c16\"><a href=\"https:\/\/www.amnesty.org\/fr\/latest\/news\/2024\/03\/mali-des-frappes-de-drone-ont-tue-13-civils-dont-sept-enfants-a-amaskarad-region-de-gao\/\" target=\"_blank\" rel=\"noreferrer noopener\">AMNESTY INTERNATIONAL<\/a><\/p>\n\n\n\n<p class=\"has-link-color has-medium-font-size wp-elements-7241c3882339f17e6047943aed0fe447\"><a href=\"https:\/\/contre-poison.fr\/category\/monde\/afrique\/\" target=\"_blank\" rel=\"noreferrer noopener\">CONTRE POISON<\/a><\/p>\n\n\n\n<p class=\"has-link-color has-medium-font-size wp-elements-942eb4355afd31f065cdb18f0032b19d\"><\/p>\n\n\n\n<p class=\"has-link-color wp-elements-f11289e5a47debec131873c359f8abf7\"><\/p>\n\n\n\n<p class=\"has-text-align-center has-link-color wp-elements-bbc451ac11c6172b04f7e896fe0623f8\"><a href=\"https:\/\/freeazawad.com\/fr\/\">PAGE  D\u00b4ACCUEIL<\/a><\/p>\n\n\n\n<p class=\"has-link-color wp-elements-f11289e5a47debec131873c359f8abf7\"><\/p>\n\n\n\n<p class=\"\"><\/p>","protected":false},"excerpt":{"rendered":"<p>Combattants de la libert\u00e9, \u00e9crivains de la libert\u00e9 !<\/p>","protected":false},"author":1,"featured_media":0,"parent":0,"menu_order":0,"comment_status":"closed","ping_status":"closed","template":"","meta":{"nf_dc_page":"","_monsterinsights_skip_tracking":false,"_monsterinsights_sitenote_active":false,"_monsterinsights_sitenote_note":"","_monsterinsights_sitenote_category":0,"advanced_seo_description":"","jetpack_seo_html_title":"","jetpack_seo_noindex":false,"footnotes":""},"class_list":["post-700","page","type-page","status-publish","hentry"],"jetpack_sharing_enabled":true,"_links":{"self":[{"href":"https:\/\/freeazawad.com\/fr\/wp-json\/wp\/v2\/pages\/700","targetHints":{"allow":["GET"]}}],"collection":[{"href":"https:\/\/freeazawad.com\/fr\/wp-json\/wp\/v2\/pages"}],"about":[{"href":"https:\/\/freeazawad.com\/fr\/wp-json\/wp\/v2\/types\/page"}],"author":[{"embeddable":true,"href":"https:\/\/freeazawad.com\/fr\/wp-json\/wp\/v2\/users\/1"}],"replies":[{"embeddable":true,"href":"https:\/\/freeazawad.com\/fr\/wp-json\/wp\/v2\/comments?post=700"}],"version-history":[{"count":20,"href":"https:\/\/freeazawad.com\/fr\/wp-json\/wp\/v2\/pages\/700\/revisions"}],"predecessor-version":[{"id":9933,"href":"https:\/\/freeazawad.com\/fr\/wp-json\/wp\/v2\/pages\/700\/revisions\/9933"}],"wp:attachment":[{"href":"https:\/\/freeazawad.com\/fr\/wp-json\/wp\/v2\/media?parent=700"}],"curies":[{"name":"wp","href":"https:\/\/api.w.org\/{rel}","templated":true}]}}