{"id":701,"date":"2025-01-26T23:20:23","date_gmt":"2025-01-26T23:20:23","guid":{"rendered":"https:\/\/freeazawad.com\/?page_id=701"},"modified":"2025-10-19T07:59:04","modified_gmt":"2025-10-19T07:59:04","slug":"quest-ce-que-lazawad","status":"publish","type":"page","link":"https:\/\/freeazawad.com\/fr\/quest-ce-que-lazawad\/","title":{"rendered":"QU'EST-CE QUE L'AZAWAD ?"},"content":{"rendered":"<figure class=\"wp-block-image alignfull size-large\"><img data-recalc-dims=\"1\" loading=\"lazy\" decoding=\"async\" width=\"1024\" height=\"576\" src=\"https:\/\/i0.wp.com\/freeazawad.com\/wp-content\/uploads\/2025\/01\/471979061_1146953206761203_4049340224879965730_n.jpg?resize=1024%2C576&#038;ssl=1\" alt=\"\" class=\"wp-image-774\" srcset=\"https:\/\/i0.wp.com\/freeazawad.com\/wp-content\/uploads\/2025\/01\/471979061_1146953206761203_4049340224879965730_n.jpg?resize=1024%2C576&amp;ssl=1 1024w, https:\/\/i0.wp.com\/freeazawad.com\/wp-content\/uploads\/2025\/01\/471979061_1146953206761203_4049340224879965730_n.jpg?resize=300%2C169&amp;ssl=1 300w, https:\/\/i0.wp.com\/freeazawad.com\/wp-content\/uploads\/2025\/01\/471979061_1146953206761203_4049340224879965730_n.jpg?resize=768%2C432&amp;ssl=1 768w, https:\/\/i0.wp.com\/freeazawad.com\/wp-content\/uploads\/2025\/01\/471979061_1146953206761203_4049340224879965730_n.jpg?resize=1536%2C864&amp;ssl=1 1536w, https:\/\/i0.wp.com\/freeazawad.com\/wp-content\/uploads\/2025\/01\/471979061_1146953206761203_4049340224879965730_n.jpg?w=2016&amp;ssl=1 2016w\" sizes=\"auto, (max-width: 1000px) 100vw, 1000px\" \/><\/figure>\n\n\n\n<h2 class=\"wp-block-heading\" style=\"font-size:clamp(23.043px, 1.44rem + ((1vw - 3.2px) * 1.7), 38px);\"><strong>ETAT DE L'AZAWAD<\/strong><\/h2>\n\n\n\n<p class=\"\">Pour ceux qui ne connaissent pas l\u2019Azawad, c\u2019est une terre qui a r\u00e9sist\u00e9 et continue de r\u00e9sister \u00e0 l\u2019occupation malienne et \u00e0 la domination \u00e9trang\u00e8re.<\/p>\n\n\n\n<p class=\"has-link-color wp-elements-749df0636a760a15cbc6e713826de328\">Le colonialisme fran\u00e7ais est arriv\u00e9 et, apr\u00e8s la colonisation, a annex\u00e9 la terre de l'Azawad \u00e0 ce qui s'appelle aujourd'hui le Mali. <a href=\"https:\/\/freeazawad.com\/fr\/le-nord-du-mali-nest-pas-occupe-par-lazawad-cest-linverse\/\" target=\"_blank\" rel=\"noreferrer noopener\">Le Mali est un pays issu du colonialisme fran\u00e7ais. <\/a>et faisait partie du Soudan fran\u00e7ais. Mais le peuple de l'Azawad a une histoire. Leurs anc\u00eatres ont v\u00e9cu sur cette terre depuis des temps imm\u00e9moriaux.<\/p>\n\n\n\n<p class=\"\">Azawad est un mot d'origine touareg, \u00e9galement utilis\u00e9 par les arabophones, qui signifie litt\u00e9ralement \"le territoire de la transhumance\" ou \"la terre de la transhumance\" et qui vient du mot touareg Azawagh. Le terme touareg et arabe correspond \u00e0 peu pr\u00e8s \u00e0 la notion fran\u00e7aise de \"p\u00e2turage\". Depuis 1990 et l'utilisation de ce mot pour d\u00e9signer les r\u00e9gions du nord du Mali, les habitants peuvent \u00eatre appel\u00e9s Azawadis (f\u00e9minin Azawadies) mais on trouve parfois des Azawadiens et des Azawadiennes. En tifinagh, l'alphabet berb\u00e8re traditionnel et historique, \"Azawad\" s'\u00e9crit \"\u2d30\u2d63\u2d30\u2d53\u2d37\" ou \"\u2d30\u2d63\u2d53\u2d37\"\"<\/p>\n\n\n\n<p class=\"\">La partie appel\u00e9e Azawad est la partie nord, avec des fronti\u00e8res avec la Mauritanie, l'Alg\u00e9rie, la Libye, le Niger et le Burkina Faso. Le peuple azawadien a donc \u00e9t\u00e9 rattach\u00e9 contre son gr\u00e9 \u00e0 un autre peuple avec lequel il ne partage rien.<\/p>\n\n\n\n<p class=\"\">Depuis ce jour, ils ont \u00e9t\u00e9 marginalis\u00e9s et opprim\u00e9s par le Mali, et aujourd'hui le Mali utilise \u00e9galement des mercenaires russes et des drones turcs dans son g\u00e9nocide contre le peuple azawadien qui veut vivre en paix sur sa terre ancestrale avec la m\u00eame libert\u00e9 et le m\u00eame droit \u00e0 l'autod\u00e9termination que n'importe quel autre peuple. Les gouvernements maliens les ont toujours opprim\u00e9s et n'ont apport\u00e9 que la mort.<\/p>\n\n\n\n<p class=\"has-link-color wp-elements-b3b8e2b283e2fb30c901d1cc2d346886\">Le peuple azawadien continue de lutter pour r\u00e9cup\u00e9rer ses terres et obtenir son ind\u00e9pendance l\u00e9gitime du Mali. Ces choses peuvent \u00eatre entendues dans de nombreuses chansons du c\u00e9l\u00e8bre blues du d\u00e9sert, men\u00e9 par les fondateurs de ce genre musical, le groupe <a href=\"https:\/\/freeazawad.com\/wp-admin\/post.php?post=1374&amp;action=edit\" target=\"_blank\" rel=\"noreferrer noopener\">Tinariwen<\/a> (qui signifie \u00ab beaucoup de d\u00e9serts \u00bb).<\/p>\n\n\n\n<p class=\"has-link-color wp-elements-e5c99e7103e4419c41869b56d53811d6\">Ils ont toujours combattu pour l'Azawad, aussi bien avec les armes qu'avec les guitares. Toutes leurs chansons parlent de la vie des Touaregs, de leurs souffrances et de leur lutte pour un Azawad libre. Un autre groupe qui parle beaucoup de ces choses dans ses chansons est <a href=\"https:\/\/www.tamikrest.net\/\" target=\"_blank\" rel=\"noreferrer noopener\">Tamikrest<\/a>, l\u2019un des meilleurs groupes de blues du d\u00e9sert d\u2019aujourd\u2019hui. Tinariwen et Tamikrest ont tous deux leurs chansons intitul\u00e9es \u00ab Azawad \u00bb. Et il y en a d\u2019autres, un autre exemple classique bien connu est \u00ab Azawad \u00bb de <a href=\"https:\/\/www.instagram.com\/kelassouf\/\" target=\"_blank\" rel=\"noreferrer noopener\">Kel Assouf <\/a>du Niger.<\/p>\n\n\n\n<p class=\"\">L\u2019oppression du peuple de l\u2019Azawad a chang\u00e9 lorsque le gouvernement putschiste malien a fait appel au groupe criminel et terroriste russe Wagner (qui est progressivement remplac\u00e9 par l\u2019Africa Corps), mais c\u2019est la m\u00eame chose, le m\u00eame mal, le m\u00eame programme pour tuer, piller et br\u00fbler les gens et voler les ressources de la terre. Nous parlons de civils innocents et pauvres. Ils utilisent \u00e9galement des drones turcs pour tuer des gens et des animaux.<\/p>\n\n\n\n<p class=\"\">Ce rattachement forc\u00e9 \u00e0 un pays \u00e9tranger et l\u2019oppression et le g\u00e9nocide perp\u00e9tr\u00e9s par le gouvernement de ce pays sont la raison de toutes les r\u00e9bellions touar\u00e8gues au fil des ans, la derni\u00e8re en date ayant eu lieu depuis l\u2019automne 2023. Et ils ont le droit, l\u2019Azawad est vraiment une cause juste. Ce que nous voyons aujourd\u2019hui depuis l\u2019automne 2023 n\u2019est pas vraiment une r\u00e9bellion, c\u2019est une r\u00e9volution.<\/p>\n\n\n\n<p class=\"\">Mais il ne faut pas oublier que la r\u00e9volution en cours n'est pas seulement une lutte actuelle, c'est la m\u00eame vieille histoire qui se r\u00e9p\u00e8te depuis les ann\u00e9es 60. Une lutte permanente pour la libert\u00e9 et la dignit\u00e9 de l'Azawad tant que l'injustice persiste. Elle ne s'arr\u00eatera pas tant que justice n'aura pas \u00e9t\u00e9 rendue.<\/p>\n\n\n\n<figure class=\"wp-block-image alignfull size-large\"><img data-recalc-dims=\"1\" loading=\"lazy\" decoding=\"async\" width=\"1024\" height=\"669\" src=\"https:\/\/i0.wp.com\/freeazawad.com\/wp-content\/uploads\/2025\/01\/ASAOUAD.jpg?resize=1024%2C669&#038;ssl=1\" alt=\"\" class=\"wp-image-1343\" srcset=\"https:\/\/i0.wp.com\/freeazawad.com\/wp-content\/uploads\/2025\/01\/ASAOUAD.jpg?resize=1024%2C669&amp;ssl=1 1024w, https:\/\/i0.wp.com\/freeazawad.com\/wp-content\/uploads\/2025\/01\/ASAOUAD.jpg?resize=300%2C196&amp;ssl=1 300w, https:\/\/i0.wp.com\/freeazawad.com\/wp-content\/uploads\/2025\/01\/ASAOUAD.jpg?resize=768%2C502&amp;ssl=1 768w, https:\/\/i0.wp.com\/freeazawad.com\/wp-content\/uploads\/2025\/01\/ASAOUAD.jpg?w=1388&amp;ssl=1 1388w\" sizes=\"auto, (max-width: 1000px) 100vw, 1000px\" \/><\/figure>\n\n\n\n<p class=\"\"><em>Carte coloniale avant la cr\u00e9ation du Mali par la France, et carte moderne de l'Azawad.<\/em><\/p>\n\n\n\n<p class=\"\"><strong>LE DRAPEAU DE L'AZAWAD<\/strong><\/p>\n\n\n\n<p class=\"\">Le drapeau historique du MNLA de l'Azawad aux couleurs noir\/rouge\/vert et jaune est le drapeau qui a rendu c\u00e9l\u00e8bre la cause de l'Azawad. Avec la cr\u00e9ation du FLA, un nouveau drapeau a \u00e9t\u00e9 cr\u00e9\u00e9 dans un but d'unit\u00e9, dans un style similaire mais avec les couleurs bleu, jaune, rouge et blanc.<\/p>\n\n\n\n<p class=\"\"><strong>LE DRAPEAU DU MOUVEMENT NATIONAL POUR LA LIB\u00c9RATION DE L'AZAWAD, MNLA<\/strong><\/p>\n\n\n\n<figure class=\"wp-block-image alignfull size-full\"><img data-recalc-dims=\"1\" loading=\"lazy\" decoding=\"async\" width=\"720\" height=\"405\" src=\"https:\/\/i0.wp.com\/freeazawad.com\/wp-content\/uploads\/2025\/01\/454281042_517848427364006_4406680133844539067_n.jpg?resize=720%2C405&#038;ssl=1\" alt=\"\" class=\"wp-image-542\" srcset=\"https:\/\/i0.wp.com\/freeazawad.com\/wp-content\/uploads\/2025\/01\/454281042_517848427364006_4406680133844539067_n.jpg?w=720&amp;ssl=1 720w, https:\/\/i0.wp.com\/freeazawad.com\/wp-content\/uploads\/2025\/01\/454281042_517848427364006_4406680133844539067_n.jpg?resize=300%2C169&amp;ssl=1 300w\" sizes=\"auto, (max-width: 720px) 100vw, 720px\" \/><\/figure>\n\n\n\n<p class=\"\">Ce qui a \u00e9t\u00e9 dit sur ce drapeau : Le drapeau de l'Azawad est la banni\u00e8re de la libert\u00e9 et de la dignit\u00e9 color\u00e9e par le sang des martyrs. Le drapeau de l'Azawad est en fait tr\u00e8s sp\u00e9cial en ce sens qu'il repr\u00e9sente un tel combat pour la libert\u00e9. C'est le drapeau qui vit dans le c\u0153ur des gens.<\/p>\n\n\n\n<p class=\"\"><strong>LE DRAPEAU DU FRONT DE LIB\u00c9RATION DE L'AZAWAD, FLA<\/strong><\/p>\n\n\n\n<figure class=\"wp-block-image alignfull size-large\"><img data-recalc-dims=\"1\" loading=\"lazy\" decoding=\"async\" width=\"1024\" height=\"928\" src=\"https:\/\/i0.wp.com\/freeazawad.com\/wp-content\/uploads\/2025\/01\/MagicEraser_241225_062522.png?resize=1024%2C928&#038;ssl=1\" alt=\"\" class=\"wp-image-778\" srcset=\"https:\/\/i0.wp.com\/freeazawad.com\/wp-content\/uploads\/2025\/01\/MagicEraser_241225_062522.png?resize=1024%2C928&amp;ssl=1 1024w, https:\/\/i0.wp.com\/freeazawad.com\/wp-content\/uploads\/2025\/01\/MagicEraser_241225_062522.png?resize=300%2C272&amp;ssl=1 300w, https:\/\/i0.wp.com\/freeazawad.com\/wp-content\/uploads\/2025\/01\/MagicEraser_241225_062522.png?resize=768%2C696&amp;ssl=1 768w, https:\/\/i0.wp.com\/freeazawad.com\/wp-content\/uploads\/2025\/01\/MagicEraser_241225_062522.png?w=1242&amp;ssl=1 1242w\" sizes=\"auto, (max-width: 1000px) 100vw, 1000px\" \/><\/figure>\n\n\n\n<p class=\"has-link-color wp-elements-43983e19d273212611475905d55af137\">Le nouveau drapeau qui a \u00e9t\u00e9 d\u00e9cid\u00e9 lors de la cr\u00e9ation du FLA. C'est le nouveau drapeau du FLA (Front de Lib\u00e9ration de l'Azawad) qui repr\u00e9sente l'unit\u00e9 et qui a d\u00e9j\u00e0 ses martyrs. <a href=\"https:\/\/freeazawad.com\/wp-admin\/post.php?post=967&amp;action=edit\">I<\/a><a href=\"https:\/\/freeazawad.com\/fr\/?page_id=967\" target=\"_blank\" rel=\"noreferrer noopener\">Il a d\u00e9j\u00e0 eu ses premiers martyrs le lendemain de la cr\u00e9ation de la FLA<\/a><a href=\"https:\/\/freeazawad.com\/wp-admin\/post.php?post=967&amp;action=edit\">.<\/a> Il est \u00e9vident que les autorit\u00e9s putschistes du Mali se sentent menac\u00e9es par cette unit\u00e9 touar\u00e8gue, sinon elles les auraient simplement laiss\u00e9s en paix au lieu d'envoyer sur eux de l\u00e2ches attaques de drones.<\/p>\n\n\n\n<figure class=\"wp-block-image alignfull size-full\"><img data-recalc-dims=\"1\" loading=\"lazy\" decoding=\"async\" width=\"534\" height=\"574\" src=\"https:\/\/i0.wp.com\/freeazawad.com\/wp-content\/uploads\/2025\/01\/Azaw-map.jpeg?resize=534%2C574&#038;ssl=1\" alt=\"\" class=\"wp-image-404\" srcset=\"https:\/\/i0.wp.com\/freeazawad.com\/wp-content\/uploads\/2025\/01\/Azaw-map.jpeg?w=534&amp;ssl=1 534w, https:\/\/i0.wp.com\/freeazawad.com\/wp-content\/uploads\/2025\/01\/Azaw-map.jpeg?resize=279%2C300&amp;ssl=1 279w\" sizes=\"auto, (max-width: 534px) 100vw, 534px\" \/><\/figure>\n\n\n\n<div style=\"height:3px\" aria-hidden=\"true\" class=\"wp-block-spacer\"><\/div>\n\n\n\n<p class=\"\">Groupe de Soutien l`Azawad<\/p>\n\n\n\n<p class=\"\"><em>Photo du coucher de soleil sur l'Azawad en haut : Lahcen Ag Touhami.<\/em><\/p>\n\n\n\n<hr class=\"is-style-wide wp-block-separator has-alpha-channel-opacity\"\/>\n\n\n\n<h2 class=\"wp-block-heading has-mono-2-color has-text-color has-link-color wp-elements-0bc7ff92db9be763abf9eac7c8af8398\" style=\"font-size:clamp(23.043px, 1.44rem + ((1vw - 3.2px) * 1.7), 38px);\">\u00ab L\u2019Azawad pour eux est une question terroriste, s\u00e9paratiste et rebelle, mais pour moi c\u2019est mon peuple, ma terre, ma fiert\u00e9 et ma dignit\u00e9.<\/h2>\n\n\n\n<h2 class=\"wp-block-heading has-mono-2-color has-text-color has-link-color wp-elements-2ece42dc480548b39758c8050a872d08\" style=\"font-size:clamp(23.043px, 1.44rem + ((1vw - 3.2px) * 1.7), 38px);\">Je suis le ma\u00eetre de la paix, je combats seulement ceux qui pi\u00e9tinent la dignit\u00e9 de mon peuple.&nbsp;<\/h2>\n\n\n\n<p class=\"\">Kadaw Hussein<\/p>\n\n\n\n<p class=\"\">\u00ab Seul dans la diaspora \u00bb&nbsp;<\/p>\n\n\n\n<p class=\"has-link-color wp-elements-c2d03f2ac89c9ebdecc18ba116e4671e\">Extrait du livre Azawad; <a href=\"https:\/\/freeazawad.com\/fr\/azawad-le-tourmente-du-desert\/\" target=\"_blank\" rel=\"noreferrer noopener\">Le Tourment\u00e9 du D\u00e9sert.<\/a><\/p>\n\n\n\n<p class=\"\">26-10-24<\/p>\n\n\n\n<hr class=\"is-style-wide wp-block-separator has-alpha-channel-opacity\"\/>\n\n\n\n<p style=\"font-size:clamp(50.171px, 3.136rem + ((1vw - 3.2px) * 5.662), 100px);\" class=\"\">AZAWAD<\/p>\n\n\n\n<p class=\"\"><strong>Situation g\u00e9ographique :<\/strong><\/p>\n\n\n\n<figure class=\"wp-block-image size-full\"><img data-recalc-dims=\"1\" loading=\"lazy\" decoding=\"async\" width=\"720\" height=\"960\" src=\"https:\/\/i0.wp.com\/freeazawad.com\/wp-content\/uploads\/2025\/03\/455027880_122176278170069044_5558909252084935436_n.jpg?resize=720%2C960&#038;ssl=1\" alt=\"\" class=\"wp-image-4624\" srcset=\"https:\/\/i0.wp.com\/freeazawad.com\/wp-content\/uploads\/2025\/03\/455027880_122176278170069044_5558909252084935436_n.jpg?w=720&amp;ssl=1 720w, https:\/\/i0.wp.com\/freeazawad.com\/wp-content\/uploads\/2025\/03\/455027880_122176278170069044_5558909252084935436_n.jpg?resize=225%2C300&amp;ssl=1 225w, https:\/\/i0.wp.com\/freeazawad.com\/wp-content\/uploads\/2025\/03\/455027880_122176278170069044_5558909252084935436_n.jpg?resize=9%2C12&amp;ssl=1 9w\" sizes=\"auto, (max-width: 720px) 100vw, 720px\" \/><\/figure>\n\n\n\n<p class=\"\">L'Azawad est situ\u00e9 au c\u0153ur du d\u00e9sert du Sahara et s'\u00e9tend du sud de l'Alg\u00e9rie au Mali et au Niger, formant un lien crucial entre l'Afrique du Nord et l'Afrique de l'Ouest. Les routes du d\u00e9sert ont historiquement facilit\u00e9 le commerce, reliant les march\u00e9s africains au reste du monde par le biais des caravanes transsahariennes.<\/p>\n\n\n\n<p class=\"\"><strong>Histoire et culture :<\/strong><\/p>\n\n\n\n<p class=\"\">L'Azawad est le foyer d'une civilisation continue depuis plus de 12 000 ans, o\u00f9 ses habitants ont d\u00e9velopp\u00e9 un mode de vie autonome bas\u00e9 sur le nomadisme, l'\u00e9levage et le commerce du sel et de la laine, ainsi que sur l'artisanat traditionnel qui d\u00e9finissait leur identit\u00e9. Les caravanes ont jou\u00e9 un r\u00f4le crucial dans le transport des marchandises entre Tombouctou, Gao et Agadez, faisant de l'Azawad un centre \u00e9conomique et culturel vital. Malgr\u00e9 le colonialisme et les tentatives de domination, les habitants de l'Azawad ont pr\u00e9serv\u00e9 leur culture, leur langue et leur identit\u00e9.<\/p>\n\n\n\n<p class=\"\"><strong>\u00c9conomie et moyens de subsistance :<\/strong><\/p>\n\n\n\n<p class=\"\">Les moyens de subsistance de la population de l'Azawad reposent sur un syst\u00e8me int\u00e9gr\u00e9 d'activit\u00e9s, notamment : Le commerce du sel : L'une des activit\u00e9s \u00e9conomiques les plus anciennes et les plus importantes, o\u00f9 les caravanes de chameaux transportent les blocs de sel des mines de Taoudenni vers les principaux march\u00e9s.<\/p>\n\n\n\n<p class=\"\">L'\u00e9levage et la laine : La vie tourne autour de l'\u00e9levage des chameaux et des ch\u00e8vres. La laine des ch\u00e8vres est utilis\u00e9e pour les tentes et les v\u00eatements traditionnels, ce qui en fait une ressource fondamentale.<\/p>\n\n\n\n<p class=\"\">Artisanat : y compris le travail du cuir, les bijoux en argent, les selles et le mat\u00e9riel de voyage, transmis de g\u00e9n\u00e9ration en g\u00e9n\u00e9ration.<\/p>\n\n\n\n<p class=\"\">Industries traditionnelles : Comme la sculpture sur bois, la fabrication d'outils en m\u00e9tal et les tapis tiss\u00e9s \u00e0 la main.<\/p>\n\n\n\n<p class=\"\"><strong>Identit\u00e9 linguistique :<\/strong><\/p>\n\n\n\n<figure class=\"wp-block-image size-large\"><img data-recalc-dims=\"1\" loading=\"lazy\" decoding=\"async\" width=\"770\" height=\"1024\" src=\"https:\/\/i0.wp.com\/freeazawad.com\/wp-content\/uploads\/2025\/03\/480683105_1179721886817668_5180497678803745401_n.jpg?resize=770%2C1024&#038;ssl=1\" alt=\"\" class=\"wp-image-4626\" srcset=\"https:\/\/i0.wp.com\/freeazawad.com\/wp-content\/uploads\/2025\/03\/480683105_1179721886817668_5180497678803745401_n.jpg?resize=770%2C1024&amp;ssl=1 770w, https:\/\/i0.wp.com\/freeazawad.com\/wp-content\/uploads\/2025\/03\/480683105_1179721886817668_5180497678803745401_n.jpg?resize=226%2C300&amp;ssl=1 226w, https:\/\/i0.wp.com\/freeazawad.com\/wp-content\/uploads\/2025\/03\/480683105_1179721886817668_5180497678803745401_n.jpg?resize=768%2C1021&amp;ssl=1 768w, https:\/\/i0.wp.com\/freeazawad.com\/wp-content\/uploads\/2025\/03\/480683105_1179721886817668_5180497678803745401_n.jpg?resize=9%2C12&amp;ssl=1 9w, https:\/\/i0.wp.com\/freeazawad.com\/wp-content\/uploads\/2025\/03\/480683105_1179721886817668_5180497678803745401_n.jpg?w=1016&amp;ssl=1 1016w\" sizes=\"auto, (max-width: 770px) 100vw, 770px\" \/><\/figure>\n\n\n\n<p class=\"\"><em>Le livre sur le tifinagh de Inkinane Ag Attaher.<\/em><\/p>\n\n\n\n<p class=\"\">La langue du peuple de l'Azawad est le \"Tamasheq\", une branche de la famille des langues berb\u00e8res, \u00e9crite dans l'ancien alphabet tifinagh. Elle n'est pas seulement un moyen de communication, mais un symbole d'identit\u00e9, d'histoire et de r\u00e9silience, incarnant l'esprit de la pr\u00e9servation culturelle.<\/p>\n\n\n\n<p class=\"\"><strong>Comp\u00e9tences personnelles et arts :<\/strong><\/p>\n\n\n\n<p class=\"\">Les habitants de l'Azawad ma\u00eetrisent divers m\u00e9tiers traditionnels qui requi\u00e8rent pr\u00e9cision et patience :<\/p>\n\n\n\n<p class=\"\">Tissage et v\u00eatements traditionnels : comme le turban bleu caract\u00e9ristique des Touaregs, teint \u00e0 l'indigo.<\/p>\n\n\n\n<p class=\"\">Fabrication de selles et d'\u00e9quipements de voyage : Un artisanat patrimonial essentiel pour les exp\u00e9ditions en caravane.<\/p>\n\n\n\n<p class=\"\">Po\u00e9sie et musique : Po\u00e9sie orale connue sous le nom de \"Tinsley\" et musique du d\u00e9sert jou\u00e9e sur des instruments tels que l'\"Imzad\" et la guitare traditionnelle.<\/p>\n\n\n\n<p class=\"\"><strong>Lutte et r\u00e9silience :<\/strong><\/p>\n\n\n\n<p class=\"\">Le peuple amazigh de l'Azawad a \u00e9t\u00e9 confront\u00e9 \u00e0 des tentatives d'effacement de sa culture et de son identit\u00e9, depuis le colonialisme fran\u00e7ais jusqu'\u00e0 la r\u00e9pression politique moderne. Malgr\u00e9 cela, ils sont rest\u00e9s in\u00e9branlables et se sont soulev\u00e9s \u00e0 plusieurs reprises pour r\u00e9clamer leurs libert\u00e9s l\u00e9gitimes. Leur lutte n'est pas seulement politique, mais aussi culturelle et \u00e9ducative, afin que leur langue et leur v\u00e9ritable histoire soient transmises aux g\u00e9n\u00e9rations futures.<\/p>\n\n\n\n<figure class=\"wp-block-image size-large\"><img data-recalc-dims=\"1\" loading=\"lazy\" decoding=\"async\" width=\"760\" height=\"1024\" src=\"https:\/\/i0.wp.com\/freeazawad.com\/wp-content\/uploads\/2025\/03\/IMG_6223.jpg?resize=760%2C1024&#038;ssl=1\" alt=\"\" class=\"wp-image-4627\" srcset=\"https:\/\/i0.wp.com\/freeazawad.com\/wp-content\/uploads\/2025\/03\/IMG_6223.jpg?resize=760%2C1024&amp;ssl=1 760w, https:\/\/i0.wp.com\/freeazawad.com\/wp-content\/uploads\/2025\/03\/IMG_6223.jpg?resize=223%2C300&amp;ssl=1 223w, https:\/\/i0.wp.com\/freeazawad.com\/wp-content\/uploads\/2025\/03\/IMG_6223.jpg?resize=768%2C1035&amp;ssl=1 768w, https:\/\/i0.wp.com\/freeazawad.com\/wp-content\/uploads\/2025\/03\/IMG_6223.jpg?resize=1140%2C1536&amp;ssl=1 1140w, https:\/\/i0.wp.com\/freeazawad.com\/wp-content\/uploads\/2025\/03\/IMG_6223.jpg?resize=9%2C12&amp;ssl=1 9w, https:\/\/i0.wp.com\/freeazawad.com\/wp-content\/uploads\/2025\/03\/IMG_6223.jpg?w=1241&amp;ssl=1 1241w\" sizes=\"auto, (max-width: 760px) 100vw, 760px\" \/><\/figure>\n\n\n\n<p class=\"\"><strong>Patrimoine culturel et avenir :<\/strong><\/p>\n\n\n\n<p class=\"\">L'Azawad n'est pas seulement une terre, mais le symbole d'une civilisation durable. Son peuple aspire \u00e0 la reconnaissance et \u00e0 un avenir qui garantisse son identit\u00e9 et sa culture par l'\u00e9ducation, la pr\u00e9servation des industries traditionnelles et la documentation de son histoire pour les g\u00e9n\u00e9rations \u00e0 venir.<\/p>\n\n\n\n<p style=\"font-size:clamp(32.969px, 2.061rem + ((1vw - 3.2px) * 2.958), 59px);\" class=\"\">L'Azawad est autonome et l'histoire en t\u00e9moigne.<\/p>\n\n\n\n<hr class=\"is-style-wide wp-block-separator has-alpha-channel-opacity\"\/>\n\n\n\n<p class=\"\">Voix de la Libert\u00e9 de l'Azawad<\/p>\n\n\n\n<p class=\"\"><\/p>\n\n\n\n<p class=\"has-text-align-center has-link-color wp-elements-bbc451ac11c6172b04f7e896fe0623f8\"><a href=\"https:\/\/freeazawad.com\/fr\/\">PAGE  D\u00b4ACCUEIL<\/a><\/p>\n\n\n\n<p class=\"\"><\/p>","protected":false},"excerpt":{"rendered":"<p>Le colonialisme fran\u00e7ais est venu et a annex\u00e9 le territoire de l'Azawad \u00e0 ce qu'on appelle aujourd'hui le Mali. Le Mali est un pays cr\u00e9\u00e9 par le colonialisme fran\u00e7ais et faisait partie du Soudan fran\u00e7ais. Mais le peuple de l'Azawad a une histoire.<br \/>\nThe Azawadian people was thus attached against their will to another people with whom they share nothing, neither history, nor religion, nor mentality, nor customs, nor aspirations.<\/p>\n<p>Since that day, they have been marginalized and oppressed by Mali, and today Mali is also using Russian mercenaries and Turkish drones in its genocide against the Azawadian people who, in the first place, never accepted to be attached to Mali. All they ever wanted and still want, is to live in peace on their ancestral land with the same freedom and right to self-determination as any other people.<\/p>","protected":false},"author":1,"featured_media":0,"parent":0,"menu_order":0,"comment_status":"closed","ping_status":"closed","template":"","meta":{"nf_dc_page":"","_monsterinsights_skip_tracking":false,"_monsterinsights_sitenote_active":false,"_monsterinsights_sitenote_note":"","_monsterinsights_sitenote_category":0,"advanced_seo_description":"","jetpack_seo_html_title":"","jetpack_seo_noindex":false,"footnotes":""},"class_list":["post-701","page","type-page","status-publish","hentry"],"jetpack_sharing_enabled":true,"_links":{"self":[{"href":"https:\/\/freeazawad.com\/fr\/wp-json\/wp\/v2\/pages\/701","targetHints":{"allow":["GET"]}}],"collection":[{"href":"https:\/\/freeazawad.com\/fr\/wp-json\/wp\/v2\/pages"}],"about":[{"href":"https:\/\/freeazawad.com\/fr\/wp-json\/wp\/v2\/types\/page"}],"author":[{"embeddable":true,"href":"https:\/\/freeazawad.com\/fr\/wp-json\/wp\/v2\/users\/1"}],"replies":[{"embeddable":true,"href":"https:\/\/freeazawad.com\/fr\/wp-json\/wp\/v2\/comments?post=701"}],"version-history":[{"count":20,"href":"https:\/\/freeazawad.com\/fr\/wp-json\/wp\/v2\/pages\/701\/revisions"}],"predecessor-version":[{"id":9102,"href":"https:\/\/freeazawad.com\/fr\/wp-json\/wp\/v2\/pages\/701\/revisions\/9102"}],"wp:attachment":[{"href":"https:\/\/freeazawad.com\/fr\/wp-json\/wp\/v2\/media?parent=701"}],"curies":[{"name":"wp","href":"https:\/\/api.w.org\/{rel}","templated":true}]}}