{"id":704,"date":"2025-01-26T22:48:49","date_gmt":"2025-01-26T22:48:49","guid":{"rendered":"https:\/\/freeazawad.com\/?page_id=704"},"modified":"2025-03-30T19:55:09","modified_gmt":"2025-03-30T19:55:09","slug":"les-refugies-de-lazawad","status":"publish","type":"page","link":"https:\/\/freeazawad.com\/fr\/les-refugies-de-lazawad\/","title":{"rendered":"LES REFUGIES DE L'AZAWAD"},"content":{"rendered":"<div style=\"height:5px\" aria-hidden=\"true\" class=\"wp-block-spacer\"><\/div>\n\n\n\n<figure class=\"wp-block-image alignfull size-full\"><img data-recalc-dims=\"1\" loading=\"lazy\" decoding=\"async\" width=\"720\" height=\"960\" src=\"https:\/\/i0.wp.com\/freeazawad.com\/wp-content\/uploads\/2025\/01\/5f8af83b-f10d-4127-8221-027b74ebabf6.jpeg?resize=720%2C960&#038;ssl=1\" alt=\"\" class=\"wp-image-811\" srcset=\"https:\/\/i0.wp.com\/freeazawad.com\/wp-content\/uploads\/2025\/01\/5f8af83b-f10d-4127-8221-027b74ebabf6.jpeg?w=720&amp;ssl=1 720w, https:\/\/i0.wp.com\/freeazawad.com\/wp-content\/uploads\/2025\/01\/5f8af83b-f10d-4127-8221-027b74ebabf6.jpeg?resize=225%2C300&amp;ssl=1 225w\" sizes=\"auto, (max-width: 720px) 100vw, 720px\" \/><\/figure>\n\n\n\n<p class=\"\">Les atrocit\u00e9s de Fama et Wagner et la terreur des groupes terroristes ont forc\u00e9 des milliers de personnes \u00e0 fuir vers les pays voisins et \u00e0 se retrouver dans des camps de r\u00e9fugi\u00e9s et \u00e0 vivre une vie de souffrance, priv\u00e9es m\u00eame des n\u00e9cessit\u00e9s les plus \u00e9l\u00e9mentaires et la situation est urgente.<\/p>\n\n\n\n<p class=\"\">La junte malienne et son chef Wagner br\u00fblent les arbres et tuent les animaux, empoisonnent les puits d'eau, etc., obligeant les habitants indig\u00e8nes \u00e0 fuir leurs terres et \u00e0 se retrouver dans ces camps de r\u00e9fugi\u00e9s, s'ils y parviennent vivants.<\/p>\n\n\n\n<p class=\"\">Gr\u00e2ce \u00e0 l'arm\u00e9e de l'Azawad, Tinzawatine n'a pas \u00e9t\u00e9 prise par le Mali et Wagner en juillet, ce qui a tr\u00e8s probablement sauv\u00e9 la vie des populations du c\u00f4t\u00e9 azawadien de Tinzawatine.<\/p>\n\n\n\n<p class=\"\">Mais dans les camps de r\u00e9fugi\u00e9s \u00e0 la fronti\u00e8re alg\u00e9rienne, contrairement \u00e0 la Mauritanie, le gouvernement alg\u00e9rien refuse d'accorder le statut de r\u00e9fugi\u00e9 aux r\u00e9fugi\u00e9s et leurs enfants sont priv\u00e9s d'\u00e9cole.<\/p>\n\n\n\n<p class=\"\">Il s'agit l\u00e0 d'une des vieilles tactiques coloniales visant \u00e0 maintenir un peuple sans \u00e9ducation, ce qui conduit \u00e0 l'ignorance et \u00e0 l'incapacit\u00e9 de mener une vie d\u00e9cente, et fait \u00e9galement des jeunes des cibles pour les groupes terroristes.<\/p>\n\n\n\n<p class=\"\">La racine de ce probl\u00e8me r\u00e9side dans l'oppresseur qui sait tr\u00e8s bien ce qu'il fait, en d\u00e9truisant la vie d'enfants pour les g\u00e9n\u00e9rations \u00e0 venir. C'est ainsi qu'un peuple est extermin\u00e9, notamment en d\u00e9truisant sa culture et, bien s\u00fbr, en le tuant directement. En outre, on croit fermement qu'ils ajoutent des produits chimiques aux drones avec lesquels ils les attaquent, provoquant une maladie inconnue chez les personnes et une prog\u00e9niture d\u00e9form\u00e9e chez les animaux, comme cela a \u00e9t\u00e9 rapport\u00e9 \u00e0 plusieurs reprises.<\/p>\n\n\n\n<p class=\"\">Seul le peuple et le gouvernement mauritaniens se sont mobilis\u00e9s pour soutenir les r\u00e9fugi\u00e9s, contrairement \u00e0 la plupart des pays qui sont ouvertement r\u00e9ticents \u00e0 aider ces personnes qui ont fui l'enfer du g\u00e9nocide perp\u00e9tr\u00e9 par l'arm\u00e9e malienne et Wagner et qui se sont retrouv\u00e9es dans des camps de r\u00e9fugi\u00e9s dans des conditions extr\u00eamement difficiles.<\/p>\n\n\n\n<p class=\"has-link-color wp-elements-80300bdebecc177aed7cea43093bd8c0\">Le gouvernement malien a interdit \u00e0 toute organisation humanitaire ext\u00e9rieure d\u2019acc\u00e9der aux r\u00e9fugi\u00e9s pour leur fournir des m\u00e9dicaments et de l\u2019aide. Seules les organisations locales et <a href=\"https:\/\/x.com\/Azwadsolidarity\" target=\"_blank\" rel=\"noreferrer noopener\">Solidarit\u00e9 Azawad<\/a> ont pu apporter des m\u00e9dicaments et des v\u00eatements, \u00e0 notre connaissance.<\/p>\n\n\n\n<p class=\"\">Une collecte de fonds a r\u00e9cemment \u00e9t\u00e9 organis\u00e9e pour l'Association Solidarit\u00e9 Azawad et les m\u00e9dicaments contre le paludisme et les v\u00eatements d'hiver destin\u00e9s aux r\u00e9fugi\u00e9s de Tinzawatine et le long de la fronti\u00e8re alg\u00e9rienne leur sont r\u00e9cemment parvenus. La prochaine fois qu'une collecte de fonds sera organis\u00e9e pour les aider, nous en ferons la publicit\u00e9 ici et publierons le lien pour plus d'informations sur la mani\u00e8re d'aider.<\/p>\n\n\n\n<p class=\"\">En attendant, nous republions certaines des photos qui ont \u00e9t\u00e9 partag\u00e9es sur les r\u00e9seaux sociaux alors que les patients recevaient les m\u00e9dicaments dont ils avaient besoin pour survivre.<\/p>\n\n\n\n<figure class=\"wp-block-gallery has-nested-images columns-default is-cropped wp-block-gallery-1 is-layout-flex wp-block-gallery-is-layout-flex\">\n<figure class=\"wp-block-image size-large\"><img data-recalc-dims=\"1\" loading=\"lazy\" decoding=\"async\" width=\"1024\" height=\"680\" data-id=\"839\" src=\"https:\/\/i0.wp.com\/freeazawad.com\/wp-content\/uploads\/2025\/01\/IMG_1436.jpg?resize=1024%2C680&#038;ssl=1\" alt=\"\" class=\"wp-image-839\" srcset=\"https:\/\/i0.wp.com\/freeazawad.com\/wp-content\/uploads\/2025\/01\/IMG_1436.jpg?resize=1024%2C680&amp;ssl=1 1024w, https:\/\/i0.wp.com\/freeazawad.com\/wp-content\/uploads\/2025\/01\/IMG_1436.jpg?resize=300%2C199&amp;ssl=1 300w, https:\/\/i0.wp.com\/freeazawad.com\/wp-content\/uploads\/2025\/01\/IMG_1436.jpg?resize=768%2C510&amp;ssl=1 768w, https:\/\/i0.wp.com\/freeazawad.com\/wp-content\/uploads\/2025\/01\/IMG_1436.jpg?w=1242&amp;ssl=1 1242w\" sizes=\"auto, (max-width: 1000px) 100vw, 1000px\" \/><\/figure>\n\n\n\n<figure class=\"wp-block-image size-large\"><img data-recalc-dims=\"1\" loading=\"lazy\" decoding=\"async\" width=\"1024\" height=\"688\" data-id=\"840\" src=\"https:\/\/i0.wp.com\/freeazawad.com\/wp-content\/uploads\/2025\/01\/IMG_1439.jpg?resize=1024%2C688&#038;ssl=1\" alt=\"\" class=\"wp-image-840\" srcset=\"https:\/\/i0.wp.com\/freeazawad.com\/wp-content\/uploads\/2025\/01\/IMG_1439.jpg?resize=1024%2C688&amp;ssl=1 1024w, https:\/\/i0.wp.com\/freeazawad.com\/wp-content\/uploads\/2025\/01\/IMG_1439.jpg?resize=300%2C202&amp;ssl=1 300w, https:\/\/i0.wp.com\/freeazawad.com\/wp-content\/uploads\/2025\/01\/IMG_1439.jpg?resize=768%2C516&amp;ssl=1 768w, https:\/\/i0.wp.com\/freeazawad.com\/wp-content\/uploads\/2025\/01\/IMG_1439.jpg?w=1241&amp;ssl=1 1241w\" sizes=\"auto, (max-width: 1000px) 100vw, 1000px\" \/><\/figure>\n\n\n\n<figure class=\"wp-block-image size-large\"><img data-recalc-dims=\"1\" loading=\"lazy\" decoding=\"async\" width=\"1024\" height=\"673\" data-id=\"841\" src=\"https:\/\/i0.wp.com\/freeazawad.com\/wp-content\/uploads\/2025\/01\/IMG_1441.jpg?resize=1024%2C673&#038;ssl=1\" alt=\"\" class=\"wp-image-841\" srcset=\"https:\/\/i0.wp.com\/freeazawad.com\/wp-content\/uploads\/2025\/01\/IMG_1441.jpg?resize=1024%2C673&amp;ssl=1 1024w, https:\/\/i0.wp.com\/freeazawad.com\/wp-content\/uploads\/2025\/01\/IMG_1441.jpg?resize=300%2C197&amp;ssl=1 300w, https:\/\/i0.wp.com\/freeazawad.com\/wp-content\/uploads\/2025\/01\/IMG_1441.jpg?resize=768%2C505&amp;ssl=1 768w, https:\/\/i0.wp.com\/freeazawad.com\/wp-content\/uploads\/2025\/01\/IMG_1441.jpg?w=1242&amp;ssl=1 1242w\" sizes=\"auto, (max-width: 1000px) 100vw, 1000px\" \/><\/figure>\n\n\n\n<figure class=\"wp-block-image size-large\"><img data-recalc-dims=\"1\" loading=\"lazy\" decoding=\"async\" width=\"1024\" height=\"680\" data-id=\"843\" src=\"https:\/\/i0.wp.com\/freeazawad.com\/wp-content\/uploads\/2025\/01\/IMG_1442.jpg?resize=1024%2C680&#038;ssl=1\" alt=\"\" class=\"wp-image-843\" srcset=\"https:\/\/i0.wp.com\/freeazawad.com\/wp-content\/uploads\/2025\/01\/IMG_1442.jpg?resize=1024%2C680&amp;ssl=1 1024w, https:\/\/i0.wp.com\/freeazawad.com\/wp-content\/uploads\/2025\/01\/IMG_1442.jpg?resize=300%2C199&amp;ssl=1 300w, https:\/\/i0.wp.com\/freeazawad.com\/wp-content\/uploads\/2025\/01\/IMG_1442.jpg?resize=768%2C510&amp;ssl=1 768w, https:\/\/i0.wp.com\/freeazawad.com\/wp-content\/uploads\/2025\/01\/IMG_1442.jpg?w=1242&amp;ssl=1 1242w\" sizes=\"auto, (max-width: 1000px) 100vw, 1000px\" \/><\/figure>\n\n\n\n<figure class=\"wp-block-image size-large\"><img data-recalc-dims=\"1\" loading=\"lazy\" decoding=\"async\" width=\"1024\" height=\"568\" data-id=\"842\" src=\"https:\/\/i0.wp.com\/freeazawad.com\/wp-content\/uploads\/2025\/01\/IMG_3675.jpg?resize=1024%2C568&#038;ssl=1\" alt=\"\" class=\"wp-image-842\" srcset=\"https:\/\/i0.wp.com\/freeazawad.com\/wp-content\/uploads\/2025\/01\/IMG_3675.jpg?resize=1024%2C568&amp;ssl=1 1024w, https:\/\/i0.wp.com\/freeazawad.com\/wp-content\/uploads\/2025\/01\/IMG_3675.jpg?resize=300%2C166&amp;ssl=1 300w, https:\/\/i0.wp.com\/freeazawad.com\/wp-content\/uploads\/2025\/01\/IMG_3675.jpg?resize=768%2C426&amp;ssl=1 768w, https:\/\/i0.wp.com\/freeazawad.com\/wp-content\/uploads\/2025\/01\/IMG_3675.jpg?w=1242&amp;ssl=1 1242w\" sizes=\"auto, (max-width: 1000px) 100vw, 1000px\" \/><\/figure>\n\n\n\n<figure class=\"wp-block-image size-large\"><img data-recalc-dims=\"1\" loading=\"lazy\" decoding=\"async\" width=\"1024\" height=\"658\" data-id=\"844\" src=\"https:\/\/i0.wp.com\/freeazawad.com\/wp-content\/uploads\/2025\/01\/IMG_3676.jpg?resize=1024%2C658&#038;ssl=1\" alt=\"\" class=\"wp-image-844\" srcset=\"https:\/\/i0.wp.com\/freeazawad.com\/wp-content\/uploads\/2025\/01\/IMG_3676.jpg?resize=1024%2C658&amp;ssl=1 1024w, https:\/\/i0.wp.com\/freeazawad.com\/wp-content\/uploads\/2025\/01\/IMG_3676.jpg?resize=300%2C193&amp;ssl=1 300w, https:\/\/i0.wp.com\/freeazawad.com\/wp-content\/uploads\/2025\/01\/IMG_3676.jpg?resize=768%2C494&amp;ssl=1 768w, https:\/\/i0.wp.com\/freeazawad.com\/wp-content\/uploads\/2025\/01\/IMG_3676.jpg?w=1140&amp;ssl=1 1140w\" sizes=\"auto, (max-width: 1000px) 100vw, 1000px\" \/><\/figure>\n<\/figure>\n\n\n\n<p class=\"\">Lors de la premi\u00e8re phase de la collecte de fonds Solidarit\u00e9 Azawad, des secours sont parvenus aux populations n\u00e9cessiteuses de Tinzawatine avec la distribution de dons m\u00e9dicaux pour lutter contre l'\u00e9pid\u00e9mie de paludisme, destin\u00e9s aux familles les plus vuln\u00e9rables de Tinzaouatine.<\/p>\n\n\n\n<p class=\"\">Cette initiative a \u00e9t\u00e9 rendue possible gr\u00e2ce \u00e0 la mobilisation exceptionnelle de ses membres, au pr\u00e9cieux soutien des associations partenaires et alli\u00e9es, notamment l\u2019ODTE et l\u2019Association Aman Imane, pr\u00e9sid\u00e9e par Abakoula Ag Argalaless, ainsi qu\u2019\u00e0 la collaboration indispensable avec la clinique Tahaninte, dirig\u00e9e par le Dr Hassan Alla, qui a assur\u00e9 les consultations m\u00e9dicales et la distribution de m\u00e9dicaments.<\/p>\n\n\n\n<p class=\"\">Consciente des d\u00e9fis logistiques et du niveau \u00e9lev\u00e9 d\u2019ins\u00e9curit\u00e9 sur le terrain, Azawad Solidarit\u00e9 a choisi une approche \u00e9chelonn\u00e9e pour ses distributions. Ainsi, une deuxi\u00e8me phase a eu lieu et le 14 d\u00e9cembre 2024, l\u2019association Azawad Solidarit\u00e9, en partenariat avec les agents de sant\u00e9 locaux, a organis\u00e9 une campagne de consultation m\u00e9dicale\u2026 et de distribution gratuite de m\u00e9dicaments aux d\u00e9plac\u00e9s d\u2019Inaghalwass, \u00e0 Tinzawatine.<\/p>\n\n\n\n<p class=\"\">Cet \u00e9v\u00e9nement a permis \u00e0 plusieurs personnes vuln\u00e9rables de b\u00e9n\u00e9ficier de consultations m\u00e9dicales gratuites et de recevoir des m\u00e9dicaments.<\/p>\n\n\n\n<p class=\"\">Maladies\u2026..les maladies les plus courantes rencontr\u00e9es au cours de cette campagne sont les infections respiratoires, le paludisme et la malnutrition aigu\u00eb s\u00e9v\u00e8re. Les groupes les plus touch\u00e9s sont les enfants et les femmes, qui manquent souvent de v\u00eatements chauds pour se prot\u00e9ger du froid.<\/p>\n\n\n\n<p class=\"\">Gr\u00e2ce \u00e0 l\u2019engagement de l\u2019Association et des professionnels de sant\u00e9 locaux, les patients ont pu recevoir les soins et traitements n\u00e9cessaires \u00e0 l\u2019am\u00e9lioration de leur sant\u00e9. Cette initiative s\u2019inscrit dans la mission de l\u2019association Solidarit\u00e9 Azawad\u2026 \u2026d\u2019apporter un soutien m\u00e9dical et humanitaire aux populations vuln\u00e9rables de la r\u00e9gion.<\/p>\n\n\n\n<p class=\"\">En proposant des consultations et des m\u00e9dicaments gratuits, l\u2019association contribue \u00e0 am\u00e9liorer l\u2019acc\u00e8s aux soins des personnes d\u00e9plac\u00e9es, souvent confront\u00e9es \u00e0 des conditions de vie difficiles. \u2026pr\u00e9carit\u00e9 et manque d\u2019acc\u00e8s aux services de sant\u00e9.<\/p>\n\n\n\n<p class=\"\">La situation humanitaire de ces personnes d\u00e9plac\u00e9es est extr\u00eamement compliqu\u00e9e. Leurs conditions de sant\u00e9 sont d\u00e9plorables et leurs besoins humanitaires sont immenses, en termes d\u2019assistance alimentaire et d\u2019abris.<\/p>\n\n\n\n<p class=\"\">Et malheureusement, en plus des bombardements des drones maliens, la situation continue de se compliquer avec l\u2019arriv\u00e9e de la saison froide, tr\u00e8s propice \u00e0 la propagation des virus.<\/p>\n\n\n\n<p class=\"\">C'est pourquoi un appel urgent est lanc\u00e9 aux organisations humanitaires r\u00e9gionales et internationales, ainsi qu'\u00e0 toutes les personnes de bonne volont\u00e9, pour venir en aide \u00e0 ces personnes d\u00e9plac\u00e9es, particuli\u00e8rement \u00e0 ces enfants.<\/p>\n\n\n\n<hr class=\"is-style-wide wp-block-separator has-alpha-channel-opacity\"\/>\n\n\n\n<figure class=\"wp-block-image size-large\"><img data-recalc-dims=\"1\" loading=\"lazy\" decoding=\"async\" width=\"1024\" height=\"536\" src=\"https:\/\/i0.wp.com\/freeazawad.com\/wp-content\/uploads\/2025\/01\/466621471_122178892940062992_7084394008946987308_n.jpg?resize=1024%2C536&#038;ssl=1\" alt=\"\" class=\"wp-image-846\" srcset=\"https:\/\/i0.wp.com\/freeazawad.com\/wp-content\/uploads\/2025\/01\/466621471_122178892940062992_7084394008946987308_n.jpg?resize=1024%2C536&amp;ssl=1 1024w, https:\/\/i0.wp.com\/freeazawad.com\/wp-content\/uploads\/2025\/01\/466621471_122178892940062992_7084394008946987308_n.jpg?resize=300%2C157&amp;ssl=1 300w, https:\/\/i0.wp.com\/freeazawad.com\/wp-content\/uploads\/2025\/01\/466621471_122178892940062992_7084394008946987308_n.jpg?resize=768%2C402&amp;ssl=1 768w, https:\/\/i0.wp.com\/freeazawad.com\/wp-content\/uploads\/2025\/01\/466621471_122178892940062992_7084394008946987308_n.jpg?w=1200&amp;ssl=1 1200w\" sizes=\"auto, (max-width: 1000px) 100vw, 1000px\" \/><\/figure>\n\n\n\n<figure class=\"wp-block-gallery has-nested-images columns-default is-cropped wp-block-gallery-2 is-layout-flex wp-block-gallery-is-layout-flex\">\n<figure class=\"wp-block-image size-large\"><img data-recalc-dims=\"1\" loading=\"lazy\" decoding=\"async\" width=\"720\" height=\"480\" data-id=\"845\" src=\"https:\/\/i0.wp.com\/freeazawad.com\/wp-content\/uploads\/2025\/01\/Ge_kC1OW0AA50dZ.jpeg?resize=720%2C480&#038;ssl=1\" alt=\"\" class=\"wp-image-845\" srcset=\"https:\/\/i0.wp.com\/freeazawad.com\/wp-content\/uploads\/2025\/01\/Ge_kC1OW0AA50dZ.jpeg?w=720&amp;ssl=1 720w, https:\/\/i0.wp.com\/freeazawad.com\/wp-content\/uploads\/2025\/01\/Ge_kC1OW0AA50dZ.jpeg?resize=300%2C200&amp;ssl=1 300w\" sizes=\"auto, (max-width: 720px) 100vw, 720px\" \/><\/figure>\n\n\n\n<figure class=\"wp-block-image size-large\"><img data-recalc-dims=\"1\" loading=\"lazy\" decoding=\"async\" width=\"1024\" height=\"679\" data-id=\"848\" src=\"https:\/\/i0.wp.com\/freeazawad.com\/wp-content\/uploads\/2025\/01\/IMG_0458.jpg?resize=1024%2C679&#038;ssl=1\" alt=\"\" class=\"wp-image-848\" srcset=\"https:\/\/i0.wp.com\/freeazawad.com\/wp-content\/uploads\/2025\/01\/IMG_0458.jpg?resize=1024%2C679&amp;ssl=1 1024w, https:\/\/i0.wp.com\/freeazawad.com\/wp-content\/uploads\/2025\/01\/IMG_0458.jpg?resize=300%2C199&amp;ssl=1 300w, https:\/\/i0.wp.com\/freeazawad.com\/wp-content\/uploads\/2025\/01\/IMG_0458.jpg?resize=768%2C510&amp;ssl=1 768w, https:\/\/i0.wp.com\/freeazawad.com\/wp-content\/uploads\/2025\/01\/IMG_0458.jpg?w=1242&amp;ssl=1 1242w\" sizes=\"auto, (max-width: 1000px) 100vw, 1000px\" \/><\/figure>\n<\/figure>\n\n\n\n<figure class=\"wp-block-image alignfull size-full\"><img data-recalc-dims=\"1\" loading=\"lazy\" decoding=\"async\" width=\"720\" height=\"476\" src=\"https:\/\/i0.wp.com\/freeazawad.com\/wp-content\/uploads\/2025\/01\/Ge_j6CyWIAEmGTk-1.jpeg?resize=720%2C476&#038;ssl=1\" alt=\"\" class=\"wp-image-847\" srcset=\"https:\/\/i0.wp.com\/freeazawad.com\/wp-content\/uploads\/2025\/01\/Ge_j6CyWIAEmGTk-1.jpeg?w=720&amp;ssl=1 720w, https:\/\/i0.wp.com\/freeazawad.com\/wp-content\/uploads\/2025\/01\/Ge_j6CyWIAEmGTk-1.jpeg?resize=300%2C198&amp;ssl=1 300w\" sizes=\"auto, (max-width: 720px) 100vw, 720px\" \/><\/figure>\n\n\n\n<p class=\"\">L\u2019aide locale a \u00e9galement permis de fournir des v\u00eatements indispensables, notamment des v\u00eatements d\u2019hiver. Ces r\u00e9fugi\u00e9s n\u2019ont rien\u2026 Fuyant les exactions de Wagner et de Fama, ils n\u2019ont rien. Sans cette aide locale et celle d\u2019Azawad Solidarit\u00e9, ces r\u00e9fugi\u00e9s de Tinzawatine n\u2019auraient re\u00e7u aucune aide.<\/p>\n\n\n\n<p class=\"\">NOUS SOMMES HUMAINS ICI !<\/p>\n\n\n\n<figure class=\"wp-block-video\"><video height=\"480\" style=\"aspect-ratio: 848 \/ 480;\" width=\"848\" controls src=\"https:\/\/freeazawad.com\/wp-content\/uploads\/2025\/01\/WhatsApp-Video-2025-01-07-at-9.35.23-PM.mp4\"><\/video><\/figure>\n\n\n\n<p class=\"has-link-color wp-elements-28c07f965f2cccc0a825cb84982ecd50\">La vie des r\u00e9fugi\u00e9s de Tinzawaten film\u00e9e lors de la campagne de consultation gratuite et de distribution de m\u00e9dicaments de <a href=\"https:\/\/azawadsolidarity.com\/\" target=\"_blank\" rel=\"noreferrer noopener\">Solidarit\u00e9 Azawad <\/a>dans le camp entre novembre et d\u00e9cembre 2024.<\/p>\n\n\n\n<p class=\"\">L\u2019origine de leur d\u00e9placement : depuis 2020, plusieurs familles touar\u00e8gues et arabes ont d\u00fb fuir les exactions de l\u2019EI dans la r\u00e9gion de M\u00e9naka pour se r\u00e9fugier dans la ville p\u00e9riph\u00e9rique de Tinzaouatine. A cela s\u2019ajoutent la quasi-totalit\u00e9 des locaux qui avaient fui leur domicile lors de l\u2019arriv\u00e9e des mercenaires russes de la compagnie paramilitaire Wagner en novembre 2023.<\/p>\n\n\n\n<p class=\"\">Ces personnes ont tout perdu : leur maison, leurs proches et leur acc\u00e8s aux droits fondamentaux.<\/p>\n\n\n\n<figure class=\"wp-block-image alignfull size-full\"><img data-recalc-dims=\"1\" loading=\"lazy\" decoding=\"async\" width=\"720\" height=\"845\" src=\"https:\/\/i0.wp.com\/freeazawad.com\/wp-content\/uploads\/2025\/01\/459958609_1225217165187541_4624024647726148509_n.jpg?resize=720%2C845&#038;ssl=1\" alt=\"\" class=\"wp-image-1413\" srcset=\"https:\/\/i0.wp.com\/freeazawad.com\/wp-content\/uploads\/2025\/01\/459958609_1225217165187541_4624024647726148509_n.jpg?w=720&amp;ssl=1 720w, https:\/\/i0.wp.com\/freeazawad.com\/wp-content\/uploads\/2025\/01\/459958609_1225217165187541_4624024647726148509_n.jpg?resize=256%2C300&amp;ssl=1 256w\" sizes=\"auto, (max-width: 720px) 100vw, 720px\" \/><\/figure>\n\n\n\n<p class=\"\">Enfants vendeurs de pain dans les rues de Tinzawatine, ces petits gar\u00e7ons ont vu leurs p\u00e8res assassin\u00e9s par Wagner et Fama, ou par un groupe terroriste, et doivent assumer le r\u00f4le de soutien de famille. Ce n\u2019est pas comme \u00e7a qu\u2019un enfant doit grandir ! Il doit jouer, sans soucis. Mais l\u2019oppression du Mali qui chasse la population azawadienne de ses terres et tue les parents de ces enfants ne leur laisse pas le choix. C\u2019est une question de survie.<\/p>\n\n\n\n<p class=\"\">Groupe de Soutien l`Azawad<\/p>\n\n\n\n<p class=\"\">26-12-24<\/p>\n\n\n\n<hr class=\"is-style-wide wp-block-separator has-alpha-channel-opacity\"\/>\n\n\n\n<p class=\"\"><\/p>\n\n\n\n<p class=\"has-text-align-center\"><a href=\"https:\/\/freeazawad.com\/fr\/\">PAGE  D\u00b4ACCUEIL<\/a><\/p>","protected":false},"excerpt":{"rendered":"<p>Les atrocit\u00e9s de Fama et Wagner et la terreur des groupes terroristes ont forc\u00e9 des milliers d'Azawadiens \u00e0 fuir vers les pays voisins et \u00e0 se retrouver dans des camps de r\u00e9fugi\u00e9s.<\/p>","protected":false},"author":1,"featured_media":1413,"parent":0,"menu_order":0,"comment_status":"closed","ping_status":"closed","template":"","meta":{"nf_dc_page":"","_monsterinsights_skip_tracking":false,"_monsterinsights_sitenote_active":false,"_monsterinsights_sitenote_note":"","_monsterinsights_sitenote_category":0,"advanced_seo_description":"","jetpack_seo_html_title":"","jetpack_seo_noindex":false,"footnotes":""},"class_list":["post-704","page","type-page","status-publish","has-post-thumbnail","hentry"],"jetpack_sharing_enabled":true,"_links":{"self":[{"href":"https:\/\/freeazawad.com\/fr\/wp-json\/wp\/v2\/pages\/704","targetHints":{"allow":["GET"]}}],"collection":[{"href":"https:\/\/freeazawad.com\/fr\/wp-json\/wp\/v2\/pages"}],"about":[{"href":"https:\/\/freeazawad.com\/fr\/wp-json\/wp\/v2\/types\/page"}],"author":[{"embeddable":true,"href":"https:\/\/freeazawad.com\/fr\/wp-json\/wp\/v2\/users\/1"}],"replies":[{"embeddable":true,"href":"https:\/\/freeazawad.com\/fr\/wp-json\/wp\/v2\/comments?post=704"}],"version-history":[{"count":20,"href":"https:\/\/freeazawad.com\/fr\/wp-json\/wp\/v2\/pages\/704\/revisions"}],"predecessor-version":[{"id":4864,"href":"https:\/\/freeazawad.com\/fr\/wp-json\/wp\/v2\/pages\/704\/revisions\/4864"}],"wp:featuredmedia":[{"embeddable":true,"href":"https:\/\/freeazawad.com\/fr\/wp-json\/wp\/v2\/media\/1413"}],"wp:attachment":[{"href":"https:\/\/freeazawad.com\/fr\/wp-json\/wp\/v2\/media?parent=704"}],"curies":[{"name":"wp","href":"https:\/\/api.w.org\/{rel}","templated":true}]}}