{"id":793,"date":"2025-01-26T23:10:23","date_gmt":"2025-01-26T23:10:23","guid":{"rendered":"https:\/\/freeazawad.com\/?page_id=793"},"modified":"2025-03-30T19:43:00","modified_gmt":"2025-03-30T19:43:00","slug":"azawad-le-tourmente-du-desert","status":"publish","type":"page","link":"https:\/\/freeazawad.com\/fr\/azawad-le-tourmente-du-desert\/","title":{"rendered":"AZAWAD \u2013 Les Tourment\u00e9s du D\u00e9sert"},"content":{"rendered":"<div style=\"height:9px\" aria-hidden=\"true\" class=\"wp-block-spacer\"><\/div>\n\n\n\n<figure class=\"wp-block-image alignfull size-large\"><img data-recalc-dims=\"1\" loading=\"lazy\" decoding=\"async\" width=\"1024\" height=\"768\" src=\"https:\/\/i0.wp.com\/freeazawad.com\/wp-content\/uploads\/2025\/01\/THE-TORMENTED-OF-THE-DESERT.-2-covers-2-kopiera.jpg?resize=1024%2C768&#038;ssl=1\" alt=\"\" class=\"wp-image-903\" srcset=\"https:\/\/i0.wp.com\/freeazawad.com\/wp-content\/uploads\/2025\/01\/THE-TORMENTED-OF-THE-DESERT.-2-covers-2-kopiera-scaled.jpg?resize=1024%2C768&amp;ssl=1 1024w, https:\/\/i0.wp.com\/freeazawad.com\/wp-content\/uploads\/2025\/01\/THE-TORMENTED-OF-THE-DESERT.-2-covers-2-kopiera-scaled.jpg?resize=300%2C225&amp;ssl=1 300w, https:\/\/i0.wp.com\/freeazawad.com\/wp-content\/uploads\/2025\/01\/THE-TORMENTED-OF-THE-DESERT.-2-covers-2-kopiera-scaled.jpg?resize=768%2C576&amp;ssl=1 768w, https:\/\/i0.wp.com\/freeazawad.com\/wp-content\/uploads\/2025\/01\/THE-TORMENTED-OF-THE-DESERT.-2-covers-2-kopiera-scaled.jpg?resize=1536%2C1152&amp;ssl=1 1536w, https:\/\/i0.wp.com\/freeazawad.com\/wp-content\/uploads\/2025\/01\/THE-TORMENTED-OF-THE-DESERT.-2-covers-2-kopiera-scaled.jpg?resize=2048%2C1536&amp;ssl=1 2048w\" sizes=\"auto, (max-width: 1000px) 100vw, 1000px\" \/><\/figure>\n\n\n\n<p class=\"\"><strong>AZAWAD \u2013 Les Tourment\u00e9s du D\u00e9sert est un livre \u00e9crit par des Touaregs vivant du c\u00f4t\u00e9 alg\u00e9rien \u00e0 Tinzawatine.<\/strong><\/p>\n\n\n\n<hr class=\"is-style-wide wp-block-separator has-alpha-channel-opacity\"\/>\n\n\n\n<p class=\"\"><em>\u00ab Le premier regard prudent sur ce paradis d\u00e9sertique nous apprend que c\u2019est un paradis noy\u00e9 dans les injustices, et sa contemplation est devenue insupportable. Le d\u00e9sert que j\u2019ai chant\u00e9 et mythifi\u00e9 n\u2019\u00e9tait pas celui que j\u2019avais imagin\u00e9. Mon regard sur lui est celui d\u2019un homme qui ne voit pas plus loin que son pied. \u00bb<\/em><\/p>\n\n\n\n<p class=\"\"><em>Lahcen Bougerara - <em>Extrait du livre \u00ab Azawad \u2013 le tourment\u00e9 du d\u00e9sert \u00bb.<\/em><\/em><\/p>\n\n\n\n<hr class=\"is-style-wide wp-block-separator has-alpha-channel-opacity\"\/>\n\n\n\n<p class=\"\"><strong>Avez-vous d\u00e9j\u00e0 essay\u00e9 de jouer la musique des larmes\u2026<\/strong><\/p>\n\n\n\n<p class=\"\">Avez-vous d\u00e9j\u00e0 essay\u00e9 de jouer la musique des larmes\u2026 ou d\u2019\u00e9crire avec du charbon ardent entre vos doigts\u2026 <\/p>\n\n\n\n<p class=\"\">De quelles larmes parles-tu\u2026? <\/p>\n\n\n\n<p class=\"\">Par exemple, pour jouer un air de larmes d\u2019orphelins\u2026 <\/p>\n\n\n\n<p class=\"\">C'est comme voir tout le monde danser pendant que vous organisez des fun\u00e9railles pour votre pays... <\/p>\n\n\n\n<p class=\"\">Ou tout le monde applaudit pendant que votre pays est en train de mourir\u2026<\/p>\n\n\n\n<p class=\"\"><em>Rikan Salwa \u2013 Extrait du livre \u00ab Azawad \u2013 les tourment\u00e9s du d\u00e9sert \u00bb.<\/em><\/p>\n\n\n\n<hr class=\"is-style-wide wp-block-separator has-alpha-channel-opacity\"\/>\n\n\n\n<p class=\"\">\u00ab Le monde entier nous traite de terroristes simplement parce que nous exigeons de d\u00e9fendre notre terre, ce qui est notre droit et notre honneur.<br>\u00ab Nous sommes face \u00e0 un ennemi infid\u00e8le qui n\u2019a ni piti\u00e9 ni compassion dans son c\u0153ur. Il massacre les personnes \u00e2g\u00e9es et les pauvres de sang-froid comme quelqu\u2019un qui massacre un mouton. \u00bb<\/p>\n\n\n\n<p class=\"\">\u00ab \u00d4 Dieu, nous n\u2019avons personne d\u2019autre que toi. \u00bb<\/p>\n\n\n\n<p class=\"\">Ben Khayya Kalthoum <em>\u2013 Extrait du livre \u00ab Azawad \u2013 le tourment\u00e9 du d\u00e9sert \u00bb.<\/em><\/p>\n\n\n\n<hr class=\"is-style-wide wp-block-separator has-alpha-channel-opacity\"\/>\n\n\n\n<p class=\"\">\u00ab Les ann\u00e9es ont pass\u00e9, avec tous les crimes qu\u2019ils ont commis et dont on n\u2019a pas entendu parler, pas de radio, pas de t\u00e9l\u00e9vision, pas de cam\u00e9ras pour filmer ce qui se passait, et aucune voix ne parlait de ce qui se passait dans l\u2019Azawad, \u00e0 part celle du Mali, qu\u2019ils ont propag\u00e9e dans le monde entier, selon laquelle ils sont \u00ab en guerre contre le terrorisme \u00bb et ont d\u00e9sesp\u00e9r\u00e9ment besoin de soutien. En fait, le soutien leur est venu de toutes parts, et ils ont tout investi dans leur v\u00e9ritable terre, qu\u2019ils savaient vraiment \u00eatre la leur, le sud. \u00bb <\/p>\n\n\n\n<p class=\"\">\u00ab Quant \u00e0 l\u2019Azawad qui leur a \u00e9t\u00e9 donn\u00e9 sur un plateau d\u2019or, ils ne se sont souci\u00e9s ni de lui ni de ses habitants, et ne leur ont offert que la marginalisation et l\u2019ignorance syst\u00e9matique, le vol et la confiscation des biens, l\u2019empoisonnement des puits, la violation des lieux saints et l\u2019encouragement de l\u2019injustice\u2026 et cela a \u00e9t\u00e9 et est toujours le cas de tous les gouvernements maliens successifs. \u00bb<\/p>\n\n\n\n<p class=\"\">Ben Khayya Kalthoum <em>\u2013 Extrait du livre \u00ab Azawad \u2013 le tourment\u00e9 du d\u00e9sert \u00bb.<\/em><\/p>\n\n\n\n<hr class=\"is-style-wide wp-block-separator alignfull has-alpha-channel-opacity\"\/>\n\n\n\n<p class=\"\">\u00ab Mais ils sont venus pour entrer en collision avec la fin des \u00e8res de silence et l\u2019\u00e9mergence d\u2019une nouvelle \u00e8re dans laquelle les propri\u00e9taires de la terre r\u00e9clameraient leur droit et laisseraient les goules adorer qui ils veulent apr\u00e8s l\u2019ind\u00e9pendance de l\u2019Azawad, car le peuple de cette terre n\u2019accepte pas et n\u2019acceptera pas l\u2019esclavage. \u00bb<\/p>\n\n\n\n<p class=\"\">Suleiman Dado (Extrait du livre PDF \"Azawad : The Tormented of the Deseert\")<\/p>\n\n\n\n<hr class=\"is-style-wide wp-block-separator has-alpha-channel-opacity\"\/>\n\n\n\n<p class=\"\">Les Tourment\u00e9s du D\u00e9sert est un livre PDF \u00e9crit par des Touaregs vivant \u00e0 Tinzawatine, du c\u00f4t\u00e9 alg\u00e9rien de la fronti\u00e8re, ce sont des Azawadiens vivant \u00e0 quelques m\u00e8tres de l'autre c\u00f4t\u00e9 de Tinzawatine, o\u00f9 tous les r\u00e9fugi\u00e9s sont le long de la fronti\u00e8re \u00e0 divers endroits, constamment sous la menace de Wagner, Fama et des groupes terroristes. <\/p>\n\n\n\n<p class=\"\">Parce que Tinzawatine \u00e9tait divis\u00e9e en deux \u2013 une partie du c\u00f4t\u00e9 alg\u00e9rien de la fronti\u00e8re, et l\u2019autre du c\u00f4t\u00e9 de l\u2019Azawad (anciennement c\u00f4t\u00e9 malien puisque l\u2019Azawad est occup\u00e9 par le Mali)<\/p>\n\n\n\n<p class=\"\">Ce livre contient de nombreuses histoires douloureuses et est une image de douleur et de confusion, de perte, de courage et d'un esprit combatif qui n'abandonne jamais, un livre de nostalgie et de nostalgie de leur patrie envahie et occup\u00e9e par les forces du mal.<\/p>\n\n\n\n<p class=\"has-link-color wp-elements-a13e00f0de9638aafda65a63b48bf3b1\">La couverture du livre montre un p\u00e8re portant son enfant bless\u00e9 \u00e0 Tinzawatine, c\u00f4t\u00e9 Azawad, apr\u00e8s que l'arm\u00e9e malienne et Wagner ont cibl\u00e9 des civils innocents avec des drones \u00e0 quelques m\u00e8tres de la fronti\u00e8re avec l'Alg\u00e9rie en repr\u00e9sailles \u00e0 la d\u00e9faite du 25 au 27 juillet lors de la <a href=\"https:\/\/freeazawad.com\/fr\/?page_id=707\" target=\"_blank\" rel=\"noreferrer noopener\">Bataille de Tinzawatine<\/a> o\u00f9 Wagner a subi sa plus grande d\u00e9faite sur le sol africain (qu'ils sont venus piller). Cette gr\u00e8ve l\u00e2che a caus\u00e9 la mort de plusieurs enfants et la destruction de la seule pharmacie de la ville.<\/p>\n\n\n\n<p class=\"\">Ce livre PDF n'est pas \u00e0 vendre, il est destin\u00e9 \u00e0 \u00eatre partag\u00e9 et lu par le monde entier gratuitement. C'est un m\u00e9lange d'histoires, de po\u00e8mes, de nostalgie et de pens\u00e9es. Le livre original a \u00e9t\u00e9 \u00e9crit en arabe, mais nous travaillons \u00e0 le faire traduire en fran\u00e7ais et en anglais.<\/p>\n\n\n\n<hr class=\"is-style-wide wp-block-separator has-alpha-channel-opacity\"\/>\n\n\n\n<p class=\"\">N'h\u00e9sitez pas \u00e0 t\u00e9l\u00e9charger une copie ici, les versions fran\u00e7aise et anglaise sont \u00e0 la fois automatiques et traduites manuellement \u00e0 partir de l'arabe. Vous pouvez \u00e9galement t\u00e9l\u00e9charger la version originale en arabe \u00e0 partir du lien sur Telegram :<\/p>\n\n\n\n<p class=\"has-link-color wp-elements-fee53a1081601704361478dfdd61e946\">Arabe \u2013 <a href=\"https:\/\/t.me\/LahcenAgTouhami\/186\" target=\"_blank\" rel=\"noreferrer noopener\">https:\/\/t.me\/LahcenAgTouhami\/186<\/a><\/p>\n\n\n\n<div data-wp-interactive=\"core\/file\" class=\"wp-block-file\"><object data-wp-bind--hidden=\"!state.hasPdfPreview\" hidden class=\"wp-block-file__embed\" data=\"https:\/\/freeazawad.com\/wp-content\/uploads\/2025\/03\/AZAWAD-THE-TORMENTED-OF-THE-DESERT-ENG.pdf\" type=\"application\/pdf\" style=\"width:100%;height:600px\" aria-label=\"Contenu embarqu\u00e9 AZAWAD - THE TORMENTED OF THE DESERT ENG.\"><\/object><a id=\"wp-block-file--media-dd9acd78-8f60-4752-826d-4a7bdf698b4e\" href=\"https:\/\/freeazawad.com\/wp-content\/uploads\/2025\/03\/AZAWAD-THE-TORMENTED-OF-THE-DESERT-ENG.pdf\">AZAWAD - LES TOURMENT\u00c9S DU D\u00c9SERT ENG<\/a><a href=\"https:\/\/freeazawad.com\/wp-content\/uploads\/2025\/03\/AZAWAD-THE-TORMENTED-OF-THE-DESERT-ENG.pdf\" class=\"wp-block-file__button wp-element-button\" download aria-describedby=\"wp-block-file--media-dd9acd78-8f60-4752-826d-4a7bdf698b4e\">T\u00e9l\u00e9charger<\/a><\/div>\n\n\n\n<div data-wp-interactive=\"core\/file\" class=\"wp-block-file\"><object data-wp-bind--hidden=\"!state.hasPdfPreview\" hidden class=\"wp-block-file__embed\" data=\"https:\/\/freeazawad.com\/wp-content\/uploads\/2025\/03\/AZAWAD-LES-TOURMENTES-DU-DESERT-FR.pdf\" type=\"application\/pdf\" style=\"width:100%;height:600px\" aria-label=\"Contenu embarqu\u00e9 AZAWAD - LES TOURMENT\u00c9S DU D\u00c9SERT FR.\"><\/object><a id=\"wp-block-file--media-8635cf7e-24bf-4c3b-8df8-48eef3447c97\" href=\"https:\/\/freeazawad.com\/wp-content\/uploads\/2025\/03\/AZAWAD-LES-TOURMENTES-DU-DESERT-FR.pdf\">AZAWAD - LES TOURMENT\u00c9S DU D\u00c9SERT FR<\/a><a href=\"https:\/\/freeazawad.com\/wp-content\/uploads\/2025\/03\/AZAWAD-LES-TOURMENTES-DU-DESERT-FR.pdf\" class=\"wp-block-file__button wp-element-button\" download aria-describedby=\"wp-block-file--media-8635cf7e-24bf-4c3b-8df8-48eef3447c97\">T\u00e9l\u00e9charger<\/a><\/div>\n\n\n\n<div style=\"height:5px\" aria-hidden=\"true\" class=\"wp-block-spacer\"><\/div>\n\n\n\n<div data-wp-interactive=\"core\/file\" class=\"wp-block-file\"><object data-wp-bind--hidden=\"!state.hasPdfPreview\" hidden class=\"wp-block-file__embed\" data=\"https:\/\/freeazawad.com\/wp-content\/uploads\/2025\/01\/Original-Version-in-Arabic-\u0623\u0632\u0648\u0627\u062f-.-\u0645\u0639\u0630\u0628\u0648-\u0627\u0644\u0635\u062d\u0631\u0627\u0621.pdf\" type=\"application\/pdf\" style=\"width:100%;height:600px\" aria-label=\"Contenu embarqu\u00e9 Version originale en arabe \u0623\u0632\u0648\u0627\u062f ... \u0645\u0639\u0630\u0628\u0648 \u0627\u0644\u0635\u062d\u0631\u0627\u0621.\"><\/object><a id=\"wp-block-file--media-c56bcc27-06fa-4f0c-82bc-b7f60b61cba5\" href=\"https:\/\/freeazawad.com\/wp-content\/uploads\/2025\/01\/Original-Version-in-Arabic-\u0623\u0632\u0648\u0627\u062f-.-\u0645\u0639\u0630\u0628\u0648-\u0627\u0644\u0635\u062d\u0631\u0627\u0621.pdf\">Version originale en arabe \u0623\u0632\u0648\u0627\u062f .. \u0645\u0639\u0630\u0628\u0648 \u0627\u0644\u0635\u062d\u0631\u0627\u0621<\/a><a href=\"https:\/\/freeazawad.com\/wp-content\/uploads\/2025\/01\/Original-Version-in-Arabic-\u0623\u0632\u0648\u0627\u062f-.-\u0645\u0639\u0630\u0628\u0648-\u0627\u0644\u0635\u062d\u0631\u0627\u0621.pdf\" class=\"wp-block-file__button wp-element-button\" download aria-describedby=\"wp-block-file--media-c56bcc27-06fa-4f0c-82bc-b7f60b61cba5\">T\u00e9l\u00e9charger<\/a><\/div>\n\n\n\n<p class=\"\"><\/p>\n\n\n\n<p class=\"\"><\/p>\n\n\n\n<p class=\"has-text-align-center\"><a href=\"https:\/\/freeazawad.com\/fr\/\">PAGE  D\u00b4ACCUEIL<\/a><\/p>","protected":false},"excerpt":{"rendered":"<p>AZAWAD - Les tourment\u00e9s du d\u00e9sert est un livre \u00e9crit par des Touaregs vivant \u00e0 Tinzawatine.<\/p>","protected":false},"author":1,"featured_media":0,"parent":0,"menu_order":0,"comment_status":"closed","ping_status":"closed","template":"","meta":{"nf_dc_page":"","_monsterinsights_skip_tracking":false,"_monsterinsights_sitenote_active":false,"_monsterinsights_sitenote_note":"","_monsterinsights_sitenote_category":0,"advanced_seo_description":"","jetpack_seo_html_title":"","jetpack_seo_noindex":false,"footnotes":""},"class_list":["post-793","page","type-page","status-publish","hentry"],"jetpack_sharing_enabled":true,"_links":{"self":[{"href":"https:\/\/freeazawad.com\/fr\/wp-json\/wp\/v2\/pages\/793","targetHints":{"allow":["GET"]}}],"collection":[{"href":"https:\/\/freeazawad.com\/fr\/wp-json\/wp\/v2\/pages"}],"about":[{"href":"https:\/\/freeazawad.com\/fr\/wp-json\/wp\/v2\/types\/page"}],"author":[{"embeddable":true,"href":"https:\/\/freeazawad.com\/fr\/wp-json\/wp\/v2\/users\/1"}],"replies":[{"embeddable":true,"href":"https:\/\/freeazawad.com\/fr\/wp-json\/wp\/v2\/comments?post=793"}],"version-history":[{"count":20,"href":"https:\/\/freeazawad.com\/fr\/wp-json\/wp\/v2\/pages\/793\/revisions"}],"predecessor-version":[{"id":4855,"href":"https:\/\/freeazawad.com\/fr\/wp-json\/wp\/v2\/pages\/793\/revisions\/4855"}],"wp:attachment":[{"href":"https:\/\/freeazawad.com\/fr\/wp-json\/wp\/v2\/media?parent=793"}],"curies":[{"name":"wp","href":"https:\/\/api.w.org\/{rel}","templated":true}]}}