{"id":8206,"date":"2025-08-17T03:37:30","date_gmt":"2025-08-17T03:37:30","guid":{"rendered":"https:\/\/freeazawad.com\/?page_id=8206"},"modified":"2026-03-28T17:29:01","modified_gmt":"2026-03-28T17:29:01","slug":"lazawad-nest-pas-une-invention-politique","status":"publish","type":"page","link":"https:\/\/freeazawad.com\/fr\/lazawad-nest-pas-une-invention-politique\/","title":{"rendered":"L'AZAWAD N'EST PAS UNE INVENTION POLITIQUE"},"content":{"rendered":"<figure class=\"wp-block-image size-full is-resized\"><img data-recalc-dims=\"1\" loading=\"lazy\" decoding=\"async\" width=\"454\" height=\"391\" src=\"https:\/\/i0.wp.com\/freeazawad.com\/wp-content\/uploads\/2025\/08\/404902271_122124588854062992_2454354333487647467_n-new-flag-1.jpg?resize=454%2C391&#038;ssl=1\" alt=\"\" class=\"wp-image-8390\" style=\"aspect-ratio:1.1611317587819205;width:582px;height:auto\" srcset=\"https:\/\/i0.wp.com\/freeazawad.com\/wp-content\/uploads\/2025\/08\/404902271_122124588854062992_2454354333487647467_n-new-flag-1.jpg?w=454&amp;ssl=1 454w, https:\/\/i0.wp.com\/freeazawad.com\/wp-content\/uploads\/2025\/08\/404902271_122124588854062992_2454354333487647467_n-new-flag-1.jpg?resize=300%2C258&amp;ssl=1 300w, https:\/\/i0.wp.com\/freeazawad.com\/wp-content\/uploads\/2025\/08\/404902271_122124588854062992_2454354333487647467_n-new-flag-1.jpg?resize=14%2C12&amp;ssl=1 14w\" sizes=\"auto, (max-width: 454px) 100vw, 454px\" \/><\/figure>\n\n\n\n<p class=\"\">L'AZAWAD N'EST PAS UNE INVENTION POLITIQUE - L'AZAWAD EST LE V\u00c9RITABLE NOM D'UNE VASTE R\u00c9GION QUI REMONTE \u00c0 L'\u00c9POQUE PR\u00c9COLONIALE.<\/p>\n\n\n\n<p class=\"has-link-color wp-elements-e4e39531cff1c5816e2f1e6166c0484a\"><strong>Par <a href=\"https:\/\/www.tiktok.com\/@akal.vision.sahel\/video\/7502129772143676678\">Akal Vision<\/a>:<\/strong><\/p>\n\n\n\n<p class=\"has-link-color wp-elements-24f05ce414c103825c4a1bb6556978ac\">Certains pr\u00e9tendent que l\u201c\u201dAzawad\" est un concept r\u00e9cent. <a href=\"https:\/\/freeazawad.com\/fr\/lazawad-nest-pas-une-invention-politique\/\" target=\"_blank\" rel=\"noreferrer noopener\">invention politique<\/a> La r\u00e9gion de Tombouctou, Gao, Kidal et Taoudeni n'a jamais port\u00e9 ce nom auparavant.<\/p>\n\n\n\n<p class=\"\">Il s'agit d'une interpr\u00e9tation erron\u00e9e et d\u00e9lib\u00e9r\u00e9ment r\u00e9ductrice de l'histoire.<\/p>\n\n\n\n<p class=\"\"><strong>La v\u00e9rit\u00e9 est simple :<\/strong><\/p>\n\n\n\n<p class=\"\">Le terme Azawad est bien plus ancien que les \u00c9tats modernes d'Afrique de l'Ouest. <\/p>\n\n\n\n<p class=\"\">Il appartient \u00e0 la langue tamasheq (berb\u00e8re touareg) et d\u00e9signe historiquement une vaste r\u00e9gion de p\u00e2turages, de plaines et de transhumance qui s'\u00e9tend bien au-del\u00e0 des fronti\u00e8res administratives actuelles.<\/p>\n\n\n\n<p class=\"has-link-color wp-elements-bac99f0b29c3e0e59b6e5ce15e1e27da\">L'Azawad existait bien avant 1990, avant m\u00eame la colonisation fran\u00e7aise, et il y a des centaines de milliers d'habitants de l'Azawad. <a href=\"https:\/\/freeazawad.com\/fr\/jetons-un-coup-doeil-aux-anciennes-cartes-de-lazawad-datant-de-lepoque-pre-coloniale\/\">cartes pr\u00e9coloniales et coloniales <\/a>et des livres anciens, tous \u00e9crits en anglais, arabe et fran\u00e7ais, ce qui prouve que l'Azawad existait avant l'\u00e9poque de la colonisation. Il est aussi fermement ancr\u00e9 dans la m\u00e9moire collective des peuples nomades (Touaregs, Arabes (Maures), etc.) qui ont habit\u00e9 le Sahara et le Sahel pendant des si\u00e8cles.<\/p>\n\n\n\n<p class=\"\">Ces peuples ont toujours appel\u00e9 leur vaste territoire par son vrai nom : Azawad.<\/p>\n\n\n\n<p class=\"\">Par ailleurs, ceux qui veulent nier l'existence historique de l'Azawad oublient un fait essentiel :<br>Le nom \"Mali\" lui-m\u00eame n'\u00e9tait pas le nom d'un lieu g\u00e9ographique avant 1960.<\/p>\n\n\n\n<p class=\"\">Le terme \"Mali\" ne d\u00e9signe ni une ville, ni un village, ni une r\u00e9gion sp\u00e9cifique du Sahel. Il a \u00e9t\u00e9 choisi politiquement pour rappeler l'ancien empire du Mali, centr\u00e9 beaucoup plus au sud-ouest (dans l'actuelle Guin\u00e9e et le sud du Mali), et non dans les r\u00e9gions de Tombouctou, Gao, Kidal ou Taoudeni.<\/p>\n\n\n\n<p class=\"\">De plus, \"Mali\" est un mot mandingue li\u00e9 \u00e0 l'animal hippopotame, et aucun village traditionnel du Sahel ou du nord du Mali ne porte naturellement ce nom.<\/p>\n\n\n\n<p class=\"\"><strong>En r\u00e9sum\u00e9 :<\/strong><\/p>\n\n\n\n<p class=\"\">L'Azawad est une r\u00e9alit\u00e9 g\u00e9ographique, culturelle et historique ancienne.<\/p>\n\n\n\n<p class=\"\">Le Mali est un choix politique moderne datant de 1960, sans lien direct avec une quelconque r\u00e9gion du Nord ou du Sahel. <\/p>\n\n\n\n<p class=\"\">Les populations de l'Azawad n'ont pas attendu les ann\u00e9es 1990 pour donner un nom \u00e0 leurs terres. Nier l'existence de l'Azawad, c'est nier l'histoire mill\u00e9naire des nomades sahariens, leur culture, leur langue et leur m\u00e9moire.<\/p>\n\n\n\n<p class=\"\">Azawagh ou Azawad, ce mot d\u00e9signe un espace ou un p\u00e2turage, ou tout simplement une plan\u00e8te. (Maures, Arabes, Berb\u00e8res)<\/p>\n\n\n\n<p class=\"\">Mali, le mot est un nom pour les hippopotames, ou signifie le pays des hippopotames.<\/p>\n\n\n\n<hr class=\"is-style-wide wp-block-separator has-alpha-channel-opacity\"\/>\n\n\n\n<p class=\"\"><strong>Note du groupe de soutien de l'Azawad<\/strong>:<\/p>\n\n\n\n<p class=\"\">A la Turquie : ARR\u00caTEZ de vendre des drones au Mali qui utilise l'Africa Corps pour tuer des civils, en particulier des femmes, des personnes \u00e2g\u00e9es et des enfants dans l'Azawad (occup\u00e9 par le Mali).<\/p>\n\n\n\n<p class=\"has-link-color wp-elements-b7d2b7812e43b7996921369b2899533b\">MISE \u00c0 JOUR 09-08-25 : <a href=\"https:\/\/x.com\/ag_attarikhe\/status\/1893658127095967921\">Voici une vid\u00e9o<\/a> post\u00e9 par Ag Attarikhe sur X : Le message est clair - Sans les Azawadiens, il n'y aura pas de paix durable au Mali. C'est une r\u00e9alit\u00e9 que personne ne peut ignorer. Le peuple azawadien, dans sa lutte pour la dignit\u00e9 et la reconnaissance de ses droits, porte en lui la cl\u00e9 de la r\u00e9conciliation et de la stabilit\u00e9 au Sahel. <\/p>\n\n\n\n<p class=\"\"> L'Azawad existe bel et bien ! <\/p>\n\n\n\n<hr class=\"is-style-wide wp-block-separator has-alpha-channel-opacity\"\/>\n\n\n\n<p class=\"\"><\/p>\n\n\n\n<p class=\"has-text-align-center has-link-color wp-elements-bbc451ac11c6172b04f7e896fe0623f8\"><a href=\"https:\/\/freeazawad.com\/fr\/\">PAGE  D\u00b4ACCUEIL<\/a><\/p>","protected":false},"excerpt":{"rendered":"<p>AZAWAD IS NOT A POLITICAL INVENTION &#8211; AZAWAD IS THE TRUE NAME OF A VAST REGION DATING BACK TO PRE-COLONIAL TIMES By Akal Vision: Some claim that &#8220;Azawad&#8221; is a recent political invention dating back to the 1990s, and that the region of Timbuktu, Gao, Kidal, and Taoudeni never bore that name before. This is [&hellip;]<\/p>\n","protected":false},"author":1,"featured_media":0,"parent":0,"menu_order":0,"comment_status":"closed","ping_status":"closed","template":"","meta":{"nf_dc_page":"","_monsterinsights_skip_tracking":false,"_monsterinsights_sitenote_active":false,"_monsterinsights_sitenote_note":"","_monsterinsights_sitenote_category":0,"advanced_seo_description":"","jetpack_seo_html_title":"","jetpack_seo_noindex":false,"footnotes":""},"class_list":["post-8206","page","type-page","status-publish","hentry"],"jetpack_sharing_enabled":true,"_links":{"self":[{"href":"https:\/\/freeazawad.com\/fr\/wp-json\/wp\/v2\/pages\/8206","targetHints":{"allow":["GET"]}}],"collection":[{"href":"https:\/\/freeazawad.com\/fr\/wp-json\/wp\/v2\/pages"}],"about":[{"href":"https:\/\/freeazawad.com\/fr\/wp-json\/wp\/v2\/types\/page"}],"author":[{"embeddable":true,"href":"https:\/\/freeazawad.com\/fr\/wp-json\/wp\/v2\/users\/1"}],"replies":[{"embeddable":true,"href":"https:\/\/freeazawad.com\/fr\/wp-json\/wp\/v2\/comments?post=8206"}],"version-history":[{"count":12,"href":"https:\/\/freeazawad.com\/fr\/wp-json\/wp\/v2\/pages\/8206\/revisions"}],"predecessor-version":[{"id":10401,"href":"https:\/\/freeazawad.com\/fr\/wp-json\/wp\/v2\/pages\/8206\/revisions\/10401"}],"wp:attachment":[{"href":"https:\/\/freeazawad.com\/fr\/wp-json\/wp\/v2\/media?parent=8206"}],"curies":[{"name":"wp","href":"https:\/\/api.w.org\/{rel}","templated":true}]}}