{"id":920,"date":"2025-01-26T22:57:42","date_gmt":"2025-01-26T22:57:42","guid":{"rendered":"https:\/\/freeazawad.com\/?page_id=920"},"modified":"2025-06-08T20:53:00","modified_gmt":"2025-06-08T20:53:00","slug":"mano-dayak-%e2%b5%8e%e2%b4%b0%e2%b5%8f-%e2%b4%b7%e2%b4%b0%e2%b5%a2%e2%b4%be","status":"publish","type":"page","link":"https:\/\/freeazawad.com\/fr\/mano-dayak-%e2%b5%8e%e2%b4%b0%e2%b5%8f-%e2%b4%b7%e2%b4%b0%e2%b5%a2%e2%b4%be\/","title":{"rendered":"MANO DAYAK \u2d4e\u2d30\u2d4f- \u2d37\u2d30\u2d62\u2d3e"},"content":{"rendered":"<figure class=\"wp-block-image alignfull size-large\"><img data-recalc-dims=\"1\" loading=\"lazy\" decoding=\"async\" width=\"936\" height=\"1024\" src=\"https:\/\/i0.wp.com\/freeazawad.com\/wp-content\/uploads\/2025\/01\/IMG_4062.jpg?resize=936%2C1024&#038;ssl=1\" alt=\"\" class=\"wp-image-1006\" srcset=\"https:\/\/i0.wp.com\/freeazawad.com\/wp-content\/uploads\/2025\/01\/IMG_4062.jpg?resize=936%2C1024&amp;ssl=1 936w, https:\/\/i0.wp.com\/freeazawad.com\/wp-content\/uploads\/2025\/01\/IMG_4062.jpg?resize=274%2C300&amp;ssl=1 274w, https:\/\/i0.wp.com\/freeazawad.com\/wp-content\/uploads\/2025\/01\/IMG_4062.jpg?resize=768%2C840&amp;ssl=1 768w, https:\/\/i0.wp.com\/freeazawad.com\/wp-content\/uploads\/2025\/01\/IMG_4062.jpg?w=1072&amp;ssl=1 1072w\" sizes=\"auto, (max-width: 936px) 100vw, 936px\" \/><\/figure>\n\n\n\n<blockquote class=\"wp-block-quote is-layout-flow wp-block-quote-is-layout-flow\">\n<p class=\"\">\u00ab FAUT-IL QU\u2019UN PEUPLE DISPARA\u00ceT POUR QUE NOUS SACHIONS QU\u2019IL EXISTE ? \u00bb<\/p>\n\n\n\n<p class=\"\">Mano Dayak<\/p>\n<\/blockquote>\n\n\n\n<p class=\"has-superbfont-xlarge-font-size\">Qui est Mano Dyak ?<\/p>\n\n\n\n<p class=\"\">Il \u00e9tait le leader de la premi\u00e8re r\u00e9volution dans le Sahara, avec le r\u00eave d'un grand pays g\u00e9ographique. Un pays o\u00f9 l'on se concentrait sur l'Azawad et l'Azawagh, l'Azawad au nord du Mali et l'Azawagh au nord du Niger. Sans la fronti\u00e8re coloniale artificielle qui les s\u00e9pare. Il a \u00e9t\u00e9 assassin\u00e9 dans un accident d'avion alors qu'il \u00e9tait en route pour n\u00e9gocier avec le Niger.<\/p>\n\n\n\n<p class=\"\">Le nom de Mano Dayak et son souvenir sont familiers dans le d\u00e9sert du Sahara parmi les Touaregs et son souvenir est pr\u00e9sent dans l\u2019esprit des d\u00e9fenseurs de la libert\u00e9.<\/p>\n\n\n\n<p class=\"\">Mano Dayak - un combattant de la libert\u00e9 nig\u00e9rien qui a lutt\u00e9 pour les droits du peuple touareg du Niger et qui est devenu le symbole de la lutte pour la libert\u00e9 de tous les Touaregs, aujourd'hui perdus et dispers\u00e9s dans le monde et dans le Sahel, s\u00e9par\u00e9s par des fronti\u00e8res trac\u00e9es par les colonialistes. Autrefois, ils vivaient en libert\u00e9 en tant que nomades dans le grand Sahara sans fronti\u00e8res.<\/p>\n\n\n\n<hr class=\"is-style-wide wp-block-separator has-alpha-channel-opacity\"\/>\n\n\n\n<p class=\"\">C'\u00e9tait un homme d'affaires, un syndicaliste et un homme politique, et il avait le v\u00e9ritable esprit d'un r\u00e9volutionnaire et d'un rebelle pour la libert\u00e9 de son peuple et de sa terre.<\/p>\n\n\n\n<p class=\"\">Il a publi\u00e9 deux livres c\u00e9l\u00e8bres, en fran\u00e7ais :<\/p>\n\n\n\n<p class=\"\">\u00ab Touareg, la trag\u00e9die \u00bb et \u00ab Je suis n\u00e9 avec du sable dans les yeux \u00bb <\/p>\n\n\n\n<p class=\"\">Je suis n\u00e9 avec du sable dans les yeux, alors pourquoi ne devrais-je pas lutter contre cela ?<\/p>\n\n\n\n<p class=\"\">Mano Mohamed Ag Dayak \u00abMano Dayak\u00bb<\/p>\n\n\n\n<hr class=\"is-style-wide wp-block-separator has-alpha-channel-opacity\"\/>\n\n\n\n<p class=\"\">Mano Dayak, devenu l\u2019embl\u00e8me m\u00eame de la lutte pour la libert\u00e9 du peuple Kel Tamacheq ou Touareg, est n\u00e9 et a grandi dans un milieu nomade \u00e0 Tidene, dans le centre-sud des montagnes de l\u2019A\u00efr, dans l\u2019actuel Niger. Il est d\u00e9c\u00e9d\u00e9 tragiquement dans un accident d\u2019avion dans la r\u00e9gion d\u2019Adrar Chirouet, dans le nord-est des montagnes de l\u2019A\u00efr au Niger, le vendredi 15 d\u00e9cembre 1995. Beaucoup pensent qu\u2019il ne s\u2019agit pas d\u2019un accident.<\/p>\n\n\n\n<hr class=\"is-style-wide wp-block-separator has-alpha-channel-opacity\"\/>\n\n\n\n<p class=\"\">Le c\u00e9l\u00e8bre groupe de blues du d\u00e9sert Tinariwen a \u00e9galement compos\u00e9 une chanson intitul\u00e9e \u00ab Mano Dayak \u00bb. Un classique aujourd\u2019hui, l\u2019un des nombreux morceaux de ce groupe qui sont les pionniers de la musique blues du d\u00e9sert et de la lutte pour l\u2019Azawad, dont parlent leurs chansons, pleines de douleur et de nostalgie.<\/p>\n\n\n\n<p class=\"\">LISEZ L'HISTOIRE DE MANO DAYAK :<\/p>\n\n\n\n<p class=\"has-link-color wp-elements-d6e4e272f886413870ea6c4adf4ba388\"><a href=\"https:\/\/amazighworldnews.com\/25th-anniversary-of-death-of-tuareg-legend-mano-dayak\/\" target=\"_blank\" rel=\"noreferrer noopener\">ACTUALIT\u00c9S DU MONDE AMAZIGH<\/a> \u2013 25\u00e8me anniversaire de la mort de la l\u00e9gende touar\u00e8gue Mano Dayak<\/p>\n\n\n\n<p class=\"\">CITATIONS DE MANO DAYAK<\/p>\n\n\n\n<figure class=\"wp-block-image alignfull size-large\"><img data-recalc-dims=\"1\" loading=\"lazy\" decoding=\"async\" width=\"1024\" height=\"977\" src=\"https:\/\/i0.wp.com\/freeazawad.com\/wp-content\/uploads\/2025\/01\/IMG_4612.jpg?resize=1024%2C977&#038;ssl=1\" alt=\"\" class=\"wp-image-1437\" srcset=\"https:\/\/i0.wp.com\/freeazawad.com\/wp-content\/uploads\/2025\/01\/IMG_4612.jpg?resize=1024%2C977&amp;ssl=1 1024w, https:\/\/i0.wp.com\/freeazawad.com\/wp-content\/uploads\/2025\/01\/IMG_4612.jpg?resize=300%2C286&amp;ssl=1 300w, https:\/\/i0.wp.com\/freeazawad.com\/wp-content\/uploads\/2025\/01\/IMG_4612.jpg?resize=768%2C733&amp;ssl=1 768w, https:\/\/i0.wp.com\/freeazawad.com\/wp-content\/uploads\/2025\/01\/IMG_4612.jpg?w=1242&amp;ssl=1 1242w\" sizes=\"auto, (max-width: 1000px) 100vw, 1000px\" \/><\/figure>\n\n\n\n<p class=\"\">Il a fait de nombreuses citations et voici quelques-unes de ses citations les plus c\u00e9l\u00e8bres, en dehors de celle du titre, c'est probablement sa citation la plus c\u00e9l\u00e8bre de toutes. L'expression et le titre de l'un de ses livres \u00ab Je suis n\u00e9 avec du sable dans les yeux \u00bb font r\u00e9f\u00e9rence au fait de na\u00eetre sous l'oppression.<\/p>\n\n\n\n<hr class=\"is-style-wide wp-block-separator has-alpha-channel-opacity\"\/>\n\n\n\n<p class=\"\">\u00ab \u00c0 cause de leur diff\u00e9rence irr\u00e9ductible, pour n\u2019avoir pas respect\u00e9 les fronti\u00e8res artificielles issues de la colonisation, pour s\u2019\u00eatre r\u00e9volt\u00e9s contre une politique de marginalisation, d\u2019assimilation forc\u00e9e, les voil\u00e0 condamn\u00e9s \u00e0 dispara\u00eetre dans le silence. \u00bb \u00ab Et avec eux, une civilisation unique, part essentielle de la m\u00e9moire de l\u2019humanit\u00e9 \u00bb<\/p>\n\n\n\n<p class=\"\">Mano Dayak 1995<\/p>\n\n\n\n<figure class=\"wp-block-image alignfull size-large\"><img data-recalc-dims=\"1\" loading=\"lazy\" decoding=\"async\" width=\"518\" height=\"1024\" src=\"https:\/\/i0.wp.com\/freeazawad.com\/wp-content\/uploads\/2025\/01\/IMG_4613.jpg?resize=518%2C1024&#038;ssl=1\" alt=\"\" class=\"wp-image-1438\" srcset=\"https:\/\/i0.wp.com\/freeazawad.com\/wp-content\/uploads\/2025\/01\/IMG_4613.jpg?resize=518%2C1024&amp;ssl=1 518w, https:\/\/i0.wp.com\/freeazawad.com\/wp-content\/uploads\/2025\/01\/IMG_4613.jpg?resize=152%2C300&amp;ssl=1 152w, https:\/\/i0.wp.com\/freeazawad.com\/wp-content\/uploads\/2025\/01\/IMG_4613.jpg?resize=768%2C1518&amp;ssl=1 768w, https:\/\/i0.wp.com\/freeazawad.com\/wp-content\/uploads\/2025\/01\/IMG_4613.jpg?resize=777%2C1536&amp;ssl=1 777w, https:\/\/i0.wp.com\/freeazawad.com\/wp-content\/uploads\/2025\/01\/IMG_4613.jpg?resize=1036%2C2048&amp;ssl=1 1036w, https:\/\/i0.wp.com\/freeazawad.com\/wp-content\/uploads\/2025\/01\/IMG_4613.jpg?w=1048&amp;ssl=1 1048w\" sizes=\"auto, (max-width: 518px) 100vw, 518px\" \/><\/figure>\n\n\n\n<p class=\"\">Touareg la Trag\u00e9die..p96:<\/p>\n\n\n\n<p class=\"\">\u00ab Ils ont trac\u00e9 des fronti\u00e8res en Afrique qui ne correspondent absolument \u00e0 rien du tout, qui ont \u00e9t\u00e9 faites de mani\u00e8re arbitraire et compl\u00e8tement illogique. Et \u00e0 l\u2019int\u00e9rieur de ces fronti\u00e8res, ils veulent essayer d\u2019\u00e9craser toutes les diff\u00e9rences, toutes les identit\u00e9s culturelles de chacun des peuples et essayer de cr\u00e9er un \u00c9tat unitaire, cette unit\u00e9 ne peut pas exister si nous voulons pi\u00e9tiner ces identit\u00e9s et ces particularit\u00e9s culturelles de chacune des communaut\u00e9s. \u00bb<\/p>\n\n\n\n<hr class=\"is-style-wide wp-block-separator has-alpha-channel-opacity\"\/>\n\n\n\n<p class=\"\">\u00ab La culture touar\u00e8gue est une culture du d\u00e9sert, c\u2019est une culture tr\u00e8s forte, ce sont des traditions tr\u00e8s anciennes auxquelles les Touaregs sont tr\u00e8s attach\u00e9s. Le peuple touareg qui vit aujourd\u2019hui dans le d\u00e9sert a besoin d\u2019\u00eatre aid\u00e9 \u00e0 se d\u00e9velopper, il a besoin d\u2019\u00eatre aid\u00e9 \u00e0 d\u00e9velopper les moyens dont il dispose, certes d\u2019avoir une \u00e9ducation, mais tout cela doit se faire dans une certaine douceur culturelle et sociale, que les Touaregs ont toujours connue. \u00bb<\/p>\n\n\n\n<hr class=\"is-style-wide wp-block-separator has-alpha-channel-opacity\"\/>\n\n\n\n<p class=\"\">\u00ab Nous sommes favorables au changement, mais nous ne voulons pas d\u2019un changement qui tuerait compl\u00e8tement notre mentalit\u00e9 et notre culture. \u00bb<\/p>\n\n\n\n<p class=\"\">\u00ab Un Touareg ne montre pas ses larmes. La souffrance la plus terrible, celle que l\u2019on \u00e9prouve dans sa solitude pour l\u2019honneur et la dignit\u00e9\u2026 \u00bb<\/p>\n\n\n\n<p class=\"\">\u00ab Je suis fier de ce sang de sable qui coule dans mes veines aussi chaud que le soleil br\u00fblant du T\u00e9n\u00e9r\u00e9 pour \u00e9touffer l\u2019injustice sociale. \u00bb<\/p>\n\n\n\n<hr class=\"is-style-wide wp-block-separator has-alpha-channel-opacity\"\/>\n\n\n\n<p class=\"\">\u00ab Le d\u00e9sert ne s\u2019apprend pas, brave homme. Il se vit\u2026 Il se vit et il tue ceux qui ne le respectent pas. \u00bb<\/p>\n\n\n\n<p class=\"\">\u00ab Mais rien ni personne ne peut vaincre ceux qui d\u00e9fendent une cause juste. \u00bb<\/p>\n\n\n\n<p class=\"\">\u00ab Le d\u00e9sert ne se raconte pas. Il se vit. A l\u2019image de la terre qu\u2019il habite, le Touareg a su se faire humble pour survivre mais aussi aust\u00e8re et fort pour se d\u00e9fendre. \u00bb<\/p>\n\n\n\n<hr class=\"is-style-wide wp-block-separator has-alpha-channel-opacity\"\/>\n\n\n\n<p class=\"\">\"Avec des gestes graves, elle (ma m\u00e8re) m'a appris \u00e0 lire les 38 lettres de l'alphabet tifinagh qui composent la langue tamasheq.<\/p>\n\n\n\n<p class=\"\">Je vois encore ses doigts s'agiter pour tracer des signes g\u00e9om\u00e9triques dans le sable : le cercle qui d\u00e9signe le \"R\", le trait horizontal qui indique le \"N\", les quatre points pour la consonne \"KH\", le cercle pr\u00e9c\u00e9d\u00e9 de deux points et d'une parenth\u00e8se invers\u00e9e qui constitue le mot \"chat\".<\/p>\n\n\n\n<p class=\"\">Elle s'arr\u00eatait, effa\u00e7ait de la main ce qu'elle avait \u00e9crit et me demandait de r\u00e9p\u00e9ter ses gestes. Je faisais de mon mieux. En r\u00e9compense, ses ongles dessinaient des po\u00e8mes, elle grattait le sable avec ses doigts jouant de l'imzad.<\/p>\n\n\n\n<p class=\"\">J'avais \u00e0 peine le temps de m'\u00e9tonner qu'elle effa\u00e7ait ce qu'elle avait \u00e9crit pour composer de nouveaux personnages. Combien de fables et de ballades se sont ainsi envol\u00e9es sous l'aile de sa main ou au vent des dunes ?<\/p>\n\n\n\n<p class=\"\">(Mano Dayak)<\/p>\n\n\n\n<p class=\"\">Que Dieu ait piti\u00e9 de son \u00e2me et qu'il repose en paix.<\/p>\n\n\n\n<hr class=\"is-style-wide wp-block-separator has-alpha-channel-opacity\"\/>\n\n\n\n<p class=\"\">LA \"CROIX\" OU CL\u00c9 MANO DAYAK.<\/p>\n\n\n\n<figure class=\"wp-block-image alignfull size-large\"><img data-recalc-dims=\"1\" loading=\"lazy\" decoding=\"async\" width=\"628\" height=\"1024\" src=\"https:\/\/i0.wp.com\/freeazawad.com\/wp-content\/uploads\/2025\/01\/IMG_3933.jpg?resize=628%2C1024&#038;ssl=1\" alt=\"\" class=\"wp-image-932\" srcset=\"https:\/\/i0.wp.com\/freeazawad.com\/wp-content\/uploads\/2025\/01\/IMG_3933.jpg?resize=628%2C1024&amp;ssl=1 628w, https:\/\/i0.wp.com\/freeazawad.com\/wp-content\/uploads\/2025\/01\/IMG_3933.jpg?resize=184%2C300&amp;ssl=1 184w, https:\/\/i0.wp.com\/freeazawad.com\/wp-content\/uploads\/2025\/01\/IMG_3933.jpg?resize=768%2C1252&amp;ssl=1 768w, https:\/\/i0.wp.com\/freeazawad.com\/wp-content\/uploads\/2025\/01\/IMG_3933.jpg?resize=943%2C1536&amp;ssl=1 943w, https:\/\/i0.wp.com\/freeazawad.com\/wp-content\/uploads\/2025\/01\/IMG_3933.jpg?w=1242&amp;ssl=1 1242w\" sizes=\"auto, (max-width: 628px) 100vw, 628px\" \/><\/figure>\n\n\n\n<p class=\"\">Les croix d'Agadez sont connues dans le monde entier et sont appel\u00e9es \u00ab croix \u00bb, mais ce ne sont pas des croix, ce sont plut\u00f4t des \u00ab cl\u00e9s \u00bb symboliques de diff\u00e9rents lieux et une fa\u00e7on pour ceux qui les portent de montrer \u00e0 quel endroit ils appartiennent et d'o\u00f9 ils viennent. Lorsque Mano Dayak est d\u00e9c\u00e9d\u00e9, une croix a \u00e9t\u00e9 r\u00e9alis\u00e9e en son honneur (elle a \u00e9t\u00e9 r\u00e9alis\u00e9e en 1996), et elle est devenue la 22e croix ou cl\u00e9 sur les 21 existantes.<\/p>\n\n\n\n<p class=\"\">Ces cl\u00e9s ont de nombreuses gravures symboliques. D'apr\u00e8s ce que nous avons entendu, les deux boucles repr\u00e9sentent la boucle de l'infini, le point d'infini au milieu repr\u00e9sente les cinq \u00e9l\u00e9ments eau, air, feu, terre et le cinqui\u00e8me \u00e9tant l'amour, avec une pointe au milieu et un cercle autour de la pointe (le cercle \u00e9quivaut au collectif) et l'\u00e9p\u00e9e symbolise la protection.<\/p>\n\n\n\n<p class=\"\">Mais la croix\/cl\u00e9 de Mano Dayak est aussi un symbole de la lutte pour la libert\u00e9 de tous les Touaregs qui sont aujourd'hui devenus un peuple d\u00e9plac\u00e9 souffrant d'une terrible oppression et pers\u00e9cution.<\/p>\n\n\n\n<hr class=\"is-style-wide wp-block-separator has-alpha-channel-opacity\"\/>\n\n\n\n<p class=\"\">Les Touaregs ou Kel Tamacheq (les gens qui parlent Tamacheq) sont une branche du peuple amazigh qui vit au Sahara depuis des milliers d\u2019ann\u00e9es. \u00ab Amazigh \u00bb signifie homme libre. Mais ils ne sont plus libres, et le peuple de l\u2019Azawad qui subit de terribles pers\u00e9cutions ne le sera pas tant que l\u2019Azawad n\u2019aura pas obtenu son ind\u00e9pendance du Mali qui ne veut rien d\u2019autre que de prendre le nord, l\u2019Azawad et d\u2019exterminer les gens qui y vivent pour les remplacer par leur propre peuple du sud.<\/p>\n\n\n\n<p class=\"\">Le Mali n'a jamais appartenu \u00e0 cette partie nord, cette terre d\u00e9sertique.... L'Azawad est pour les Azawadiens ! Le Mali est pour les Maliens. Ce sont deux pays diff\u00e9rents, r\u00e9unis par la force par la France. Comprenez-le et la paix suivra.<\/p>\n\n\n\n<p class=\"\">La lutte pour la libert\u00e9 continue\u2026<\/p>\n\n\n\n<div style=\"height:8px\" aria-hidden=\"true\" class=\"wp-block-spacer\"><\/div>\n\n\n\n<figure class=\"wp-block-image aligncenter size-full is-resized\"><img data-recalc-dims=\"1\" loading=\"lazy\" decoding=\"async\" width=\"400\" height=\"400\" src=\"https:\/\/i0.wp.com\/freeazawad.com\/wp-content\/uploads\/2025\/01\/IMG_0345-TRANSP.png?resize=400%2C400&#038;ssl=1\" alt=\"\" class=\"wp-image-731\" style=\"width:206px;height:auto\" srcset=\"https:\/\/i0.wp.com\/freeazawad.com\/wp-content\/uploads\/2025\/01\/IMG_0345-TRANSP.png?w=400&amp;ssl=1 400w, https:\/\/i0.wp.com\/freeazawad.com\/wp-content\/uploads\/2025\/01\/IMG_0345-TRANSP.png?resize=300%2C300&amp;ssl=1 300w, https:\/\/i0.wp.com\/freeazawad.com\/wp-content\/uploads\/2025\/01\/IMG_0345-TRANSP.png?resize=150%2C150&amp;ssl=1 150w\" sizes=\"auto, (max-width: 400px) 100vw, 400px\" \/><\/figure>\n\n\n\n<p class=\"\"><\/p>\n\n\n\n<p class=\"has-text-align-center\">Groupe de Soutien l`Azawad<\/p>\n\n\n\n<hr class=\"is-style-wide wp-block-separator has-alpha-channel-opacity\"\/>\n\n\n\n<p class=\"\"><\/p>\n\n\n\n<p class=\"has-text-align-center has-link-color wp-elements-bbc451ac11c6172b04f7e896fe0623f8\"><a href=\"https:\/\/freeazawad.com\/fr\/\">PAGE  D\u00b4ACCUEIL<\/a><\/p>","protected":false},"excerpt":{"rendered":"<p>Mano Dayak \u2013 un combattant de la libert\u00e9 du Niger qui s\u2019est battu pour les droits du peuple touareg du Niger et qui est devenu le symbole de la lutte pour la libert\u00e9 de tous les Touaregs, aujourd\u2019hui perdus et dispers\u00e9s dans le monde entier et au Sahel, s\u00e9par\u00e9s par des fronti\u00e8res artificielles trac\u00e9es par les colonialistes. Ils vivaient autrefois en libert\u00e9 comme des nomades dans le grand Sahara sans fronti\u00e8res.<\/p>","protected":false},"author":1,"featured_media":0,"parent":0,"menu_order":0,"comment_status":"closed","ping_status":"closed","template":"","meta":{"nf_dc_page":"","_monsterinsights_skip_tracking":false,"_monsterinsights_sitenote_active":false,"_monsterinsights_sitenote_note":"","_monsterinsights_sitenote_category":0,"advanced_seo_description":"","jetpack_seo_html_title":"","jetpack_seo_noindex":false,"footnotes":""},"class_list":["post-920","page","type-page","status-publish","hentry"],"jetpack_sharing_enabled":true,"_links":{"self":[{"href":"https:\/\/freeazawad.com\/fr\/wp-json\/wp\/v2\/pages\/920","targetHints":{"allow":["GET"]}}],"collection":[{"href":"https:\/\/freeazawad.com\/fr\/wp-json\/wp\/v2\/pages"}],"about":[{"href":"https:\/\/freeazawad.com\/fr\/wp-json\/wp\/v2\/types\/page"}],"author":[{"embeddable":true,"href":"https:\/\/freeazawad.com\/fr\/wp-json\/wp\/v2\/users\/1"}],"replies":[{"embeddable":true,"href":"https:\/\/freeazawad.com\/fr\/wp-json\/wp\/v2\/comments?post=920"}],"version-history":[{"count":20,"href":"https:\/\/freeazawad.com\/fr\/wp-json\/wp\/v2\/pages\/920\/revisions"}],"predecessor-version":[{"id":6384,"href":"https:\/\/freeazawad.com\/fr\/wp-json\/wp\/v2\/pages\/920\/revisions\/6384"}],"wp:attachment":[{"href":"https:\/\/freeazawad.com\/fr\/wp-json\/wp\/v2\/media?parent=920"}],"curies":[{"name":"wp","href":"https:\/\/api.w.org\/{rel}","templated":true}]}}