{"id":967,"date":"2025-01-26T23:43:30","date_gmt":"2025-01-26T23:43:30","guid":{"rendered":"https:\/\/freeazawad.com\/?page_id=967"},"modified":"2025-12-26T10:11:59","modified_gmt":"2025-12-26T10:11:59","slug":"front-de-liberation-de-lazawad-fla","status":"publish","type":"page","link":"https:\/\/freeazawad.com\/fr\/front-de-liberation-de-lazawad-fla\/","title":{"rendered":"FRONT DE LIB\u00c9RATION DE L'AZAWAD"},"content":{"rendered":"<figure class=\"wp-block-image alignfull size-large\"><img data-recalc-dims=\"1\" loading=\"lazy\" decoding=\"async\" width=\"1024\" height=\"435\" src=\"https:\/\/i0.wp.com\/freeazawad.com\/wp-content\/uploads\/2025\/01\/le-Front-pour-la-Liberation-de-lAzawad-2-kopiera.jpg?resize=1024%2C435&#038;ssl=1\" alt=\"\" class=\"wp-image-975\" srcset=\"https:\/\/i0.wp.com\/freeazawad.com\/wp-content\/uploads\/2025\/01\/le-Front-pour-la-Liberation-de-lAzawad-2-kopiera.jpg?resize=1024%2C435&amp;ssl=1 1024w, https:\/\/i0.wp.com\/freeazawad.com\/wp-content\/uploads\/2025\/01\/le-Front-pour-la-Liberation-de-lAzawad-2-kopiera.jpg?resize=300%2C128&amp;ssl=1 300w, https:\/\/i0.wp.com\/freeazawad.com\/wp-content\/uploads\/2025\/01\/le-Front-pour-la-Liberation-de-lAzawad-2-kopiera.jpg?resize=768%2C326&amp;ssl=1 768w, https:\/\/i0.wp.com\/freeazawad.com\/wp-content\/uploads\/2025\/01\/le-Front-pour-la-Liberation-de-lAzawad-2-kopiera.jpg?w=1080&amp;ssl=1 1080w\" sizes=\"auto, (max-width: 1000px) 100vw, 1000px\" \/><\/figure>\n\n\n\n<p class=\"\">Le Front de lib\u00e9ration de l\u2019Azawad \u2013 \u00ab vise \u00e0 conduire \u00e0 la lib\u00e9ration totale de l\u2019Azawad et \u00e0 l\u2019instauration de l\u2019autorit\u00e9 de l\u2019Azawad \u00bb<\/p>\n\n\n\n<p class=\"\">Un nouveau mouvement est n\u00e9 le 30 novembre 2024 dans l\u2019Azawad (nord du Mali). Les r\u00e9volutionnaires unifient leurs mouvements sous le nom de Front de Lib\u00e9ration de l\u2019Azawad (FLA).<\/p>\n\n\n\n<p class=\"\">30-11-24<\/p>\n\n\n\n<figure class=\"wp-block-image alignfull size-full\"><img data-recalc-dims=\"1\" loading=\"lazy\" decoding=\"async\" width=\"1024\" height=\"768\" src=\"https:\/\/i0.wp.com\/freeazawad.com\/wp-content\/uploads\/2025\/01\/7e6ff4d4-f810-4972-87f0-011394b38f74.jpeg?resize=1024%2C768&#038;ssl=1\" alt=\"\" class=\"wp-image-818\" srcset=\"https:\/\/i0.wp.com\/freeazawad.com\/wp-content\/uploads\/2025\/01\/7e6ff4d4-f810-4972-87f0-011394b38f74.jpeg?w=1024&amp;ssl=1 1024w, https:\/\/i0.wp.com\/freeazawad.com\/wp-content\/uploads\/2025\/01\/7e6ff4d4-f810-4972-87f0-011394b38f74.jpeg?resize=300%2C225&amp;ssl=1 300w, https:\/\/i0.wp.com\/freeazawad.com\/wp-content\/uploads\/2025\/01\/7e6ff4d4-f810-4972-87f0-011394b38f74.jpeg?resize=768%2C576&amp;ssl=1 768w\" sizes=\"auto, (max-width: 1000px) 100vw, 1000px\" \/><\/figure>\n\n\n\n<p class=\"\">LE FRONT DE LIB\u00c9RATION DE L'AZAWAD (FLA) A \u00c9T\u00c9 FORM\u00c9 DANS LA VILLE INCASSABLE DE TINZAWATINE LE 30 NOVEMBRE 2024.<\/p>\n\n\n\n<p class=\"\">Et la nouvelle unit\u00e9, le Front de Lib\u00e9ration de l'Azawad, FLA, form\u00e9e le 30 novembre 2024, inqui\u00e8te la junte malienne. C'est pourquoi elle a attaqu\u00e9 avec des drones, avec l'aide de Wagner, et avec une rapidit\u00e9 inhabituelle, le 1er d\u00e9cembre, d\u00e8s le lendemain de la formation du Front de lib\u00e9ration, et a tu\u00e9 huit dirigeants de l'Azawad, dont des notables et des dignitaires de la communaut\u00e9 civile touar\u00e8gue.<\/p>\n\n\n\n<p class=\"\">Paix \u00e0 leurs \u00e2mes. Que Dieu ait piti\u00e9 de nos martyrs.<\/p>\n\n\n\n<p class=\"\">Ils peuvent tuer les r\u00e9volutionnaires mais ils ne peuvent pas tuer la r\u00e9volution !<\/p>\n\n\n\n<p class=\"\">Les mouvements regroup\u00e9s sous le nom de Cadre strat\u00e9gique de d\u00e9fense du peuple de l'Azawad (CSP-DPA) annoncent la dissolution du cadre et la dissolution de tous les mouvements. Et fusionnent en un front unifi\u00e9 d\u00e9nomm\u00e9 Front de Lib\u00e9ration de l'Azawad, avec une arm\u00e9e unifi\u00e9e et un drapeau unique.<\/p>\n\n\n\n<p class=\"\">Et avec la cr\u00e9ation du Front de Lib\u00e9ration de l'Azawad, la lutte pour la libert\u00e9 de l'Azawad est entr\u00e9e dans une nouvelle phase. Avec cette cr\u00e9ation du FLA, qui est l'unit\u00e9 des groupes r\u00e9volutionnaires en une seule unit\u00e9, un nouveau drapeau a \u00e9galement \u00e9t\u00e9 cr\u00e9\u00e9, qui est bleu, rouge, jaune et blanc. Ce drapeau, qui a d\u00e9j\u00e0 ses martyrs, repr\u00e9sente l'unit\u00e9.<\/p>\n\n\n\n<p class=\"\">Le Front vise la lib\u00e9ration totale des terres de l\u2019Azawad et les autorit\u00e9s de l\u2019Azawad appellent le monde \u00e0 le reconna\u00eetre comme le seul repr\u00e9sentant l\u00e9gitime du peuple de l\u2019Azawad.<\/p>\n\n\n\n<p class=\"\">La revendication du Front de lib\u00e9ration de l\u2019Azawad n\u2019est pas de revenir \u00e0 l\u2019accord d\u2019Alger, mais d\u2019obtenir davantage, c\u2019est-\u00e0-dire l\u2019ind\u00e9pendance totale de l\u2019Azawad.<\/p>\n\n\n\n<figure class=\"wp-block-gallery has-nested-images columns-default is-cropped wp-block-gallery-1 is-layout-flex wp-block-gallery-is-layout-flex\">\n<figure class=\"wp-block-image size-large\"><img data-recalc-dims=\"1\" loading=\"lazy\" decoding=\"async\" width=\"740\" height=\"960\" data-id=\"984\" src=\"https:\/\/i0.wp.com\/freeazawad.com\/wp-content\/uploads\/2025\/01\/FLA-1-kopiera-1.jpg?resize=740%2C960&#038;ssl=1\" alt=\"\" class=\"wp-image-984\" srcset=\"https:\/\/i0.wp.com\/freeazawad.com\/wp-content\/uploads\/2025\/01\/FLA-1-kopiera-1.jpg?w=740&amp;ssl=1 740w, https:\/\/i0.wp.com\/freeazawad.com\/wp-content\/uploads\/2025\/01\/FLA-1-kopiera-1.jpg?resize=231%2C300&amp;ssl=1 231w\" sizes=\"auto, (max-width: 740px) 100vw, 740px\" \/><\/figure>\n\n\n\n<figure class=\"wp-block-image size-large\"><img data-recalc-dims=\"1\" loading=\"lazy\" decoding=\"async\" width=\"729\" height=\"948\" data-id=\"983\" src=\"https:\/\/i0.wp.com\/freeazawad.com\/wp-content\/uploads\/2025\/01\/FLA-2-kopiera-2.jpg?resize=729%2C948&#038;ssl=1\" alt=\"\" class=\"wp-image-983\" srcset=\"https:\/\/i0.wp.com\/freeazawad.com\/wp-content\/uploads\/2025\/01\/FLA-2-kopiera-2.jpg?w=729&amp;ssl=1 729w, https:\/\/i0.wp.com\/freeazawad.com\/wp-content\/uploads\/2025\/01\/FLA-2-kopiera-2.jpg?resize=231%2C300&amp;ssl=1 231w\" sizes=\"auto, (max-width: 729px) 100vw, 729px\" \/><\/figure>\n<\/figure>\n\n\n\n<figure class=\"wp-block-image alignfull size-large\"><img data-recalc-dims=\"1\" loading=\"lazy\" decoding=\"async\" width=\"1024\" height=\"672\" src=\"https:\/\/i0.wp.com\/freeazawad.com\/wp-content\/uploads\/2025\/01\/IMG_9821.jpg?resize=1024%2C672&#038;ssl=1\" alt=\"\" class=\"wp-image-491\" srcset=\"https:\/\/i0.wp.com\/freeazawad.com\/wp-content\/uploads\/2025\/01\/IMG_9821.jpg?resize=1024%2C672&amp;ssl=1 1024w, https:\/\/i0.wp.com\/freeazawad.com\/wp-content\/uploads\/2025\/01\/IMG_9821.jpg?resize=300%2C197&amp;ssl=1 300w, https:\/\/i0.wp.com\/freeazawad.com\/wp-content\/uploads\/2025\/01\/IMG_9821.jpg?resize=768%2C504&amp;ssl=1 768w, https:\/\/i0.wp.com\/freeazawad.com\/wp-content\/uploads\/2025\/01\/IMG_9821.jpg?w=1241&amp;ssl=1 1241w\" sizes=\"auto, (max-width: 1000px) 100vw, 1000px\" \/><\/figure>\n\n\n\n<p class=\"\">FRONT DE LIB\u00c9RATION DE L'AZAWAD (FLA) Communiqu\u00e9 de presse n\u00b0 001-CC\/FLA-2024<\/p>\n\n\n\n<p class=\"\">Le Front de Lib\u00e9ration de l'Azawad, issu de la fusion des mouvements CSP-DPA, informe l'opinion nationale et internationale que ce matin du dimanche 1er d\u00e9cembre 2024, \u00e0 quelques centaines de m\u00e8tres de la fronti\u00e8re alg\u00e9rienne \u00e0 Tinzawatene, faisant des martyrs de la cause azawadienne apr\u00e8s plusieurs frappes de drones synchronis\u00e9es.<\/p>\n\n\n\n<p class=\"\">Au fronton du m\u00e9morial de sa lutte l\u00e9gitime, le Front de lib\u00e9ration de l'Azawad ajoute avec \u00e9motion \u00e0 la longue liste des martyrs tomb\u00e9s au champ d'honneur :<\/p>\n\n\n\n<blockquote class=\"wp-block-quote is-layout-flow wp-block-quote-is-layout-flow\">\n<p class=\"\">Fahad AG ALMAHMOUD, chef du Mouvement.<\/p>\n\n\n\n<p class=\"\">Chogheib AG ATTAHER Idnane, chef de tribu.<\/p>\n\n\n\n<p class=\"\">Albaraka AG ALFAQI, notable de la communaut\u00e9 Idnane.<\/p>\n\n\n\n<p class=\"\">Sidi AG BAYE, cadre politique du Mouvement.<\/p>\n\n\n\n<p class=\"\">Bachar AG AKHMAD, responsable administratif du Mouvement.<\/p>\n\n\n\n<p class=\"\">Mohamed AG ACHERIF, cadre politique du Mouvement.<\/p>\n\n\n\n<p class=\"\">Mossa AG BAY, Notable de la communaut\u00e9 d'Idnane.<\/p>\n<\/blockquote>\n\n\n\n<p class=\"\">Le Front de Lib\u00e9ration de l\u2019Azawad rend un vibrant hommage \u00e0 la m\u00e9moire de ces victimes tomb\u00e9es pour la r\u00e9alisation d\u2019un id\u00e9al, celui de rendre toute sa dignit\u00e9 au peuple azawadien. Gloire donc \u00e0 nos martyrs.<\/p>\n\n\n\n<p class=\"\">Ina l'Illahi wa ina illayhi Rajighoun.<\/p>\n\n\n\n<hr class=\"is-style-wide wp-block-separator has-alpha-channel-opacity\"\/>\n\n\n\n<p class=\"\">Le Front de Lib\u00e9ration de l'Azawad est plus que jamais d\u00e9termin\u00e9 \u00e0 faire aboutir par tous les moyens l\u00e9gaux et l\u00e9gitimes les m\u00e9rites de la cause pour laquelle le sang de nos martyrs est vers\u00e9 quotidiennement.<\/p>\n\n\n\n<p class=\"\">Les r\u00e9volutionnaires tombent et tomberont encore, mais la r\u00e9volution n\u2019en sera que plus forte, plus r\u00e9sistante et encore plus ancr\u00e9e.<\/p>\n\n\n\n<p class=\"\">Le Front de Lib\u00e9ration de l\u2019Azawad pr\u00e9sente ses sinc\u00e8res condol\u00e9ances \u00e0 tous les Azawadiens et particuli\u00e8rement aux familles et aux proches endeuill\u00e9s par cette \u00e9ni\u00e8me tentative de briser la dynamique qui est d\u00e9sormais notre plus vive raison d\u2019\u00eatre : la lib\u00e9ration totale de l\u2019Azawad.<\/p>\n\n\n\n<p class=\"\">Tinzawaten, 1er d\u00e9cembre 2024<\/p>\n\n\n\n<hr class=\"is-style-wide wp-block-separator has-alpha-channel-opacity\"\/>\n\n\n\n<p class=\"\">Porte-parole : Mohamed Elmaouloud Ramadane<\/p>\n\n\n\n<div style=\"height:5px\" aria-hidden=\"true\" class=\"wp-block-spacer\"><\/div>\n\n\n\n<figure class=\"wp-block-image size-large\"><img loading=\"lazy\" decoding=\"async\" width=\"1284\" height=\"566\" src=\"https:\/\/i0.wp.com\/freeazawad.com\/wp-content\/uploads\/2025\/12\/Azawad-Liberation-Front.png?fit=1024%2C451&amp;ssl=1\" alt=\"Front de lib\u00e9ration de l&#039;Azawad\" class=\"wp-image-9937\" srcset=\"https:\/\/i0.wp.com\/freeazawad.com\/wp-content\/uploads\/2025\/12\/Azawad-Liberation-Front.png?w=1284&amp;ssl=1 1284w, https:\/\/i0.wp.com\/freeazawad.com\/wp-content\/uploads\/2025\/12\/Azawad-Liberation-Front.png?resize=300%2C132&amp;ssl=1 300w, https:\/\/i0.wp.com\/freeazawad.com\/wp-content\/uploads\/2025\/12\/Azawad-Liberation-Front.png?resize=1024%2C451&amp;ssl=1 1024w, https:\/\/i0.wp.com\/freeazawad.com\/wp-content\/uploads\/2025\/12\/Azawad-Liberation-Front.png?resize=768%2C339&amp;ssl=1 768w, https:\/\/i0.wp.com\/freeazawad.com\/wp-content\/uploads\/2025\/12\/Azawad-Liberation-Front.png?resize=18%2C8&amp;ssl=1 18w\" sizes=\"auto, (max-width: 1000px) 100vw, 1000px\" \/><figcaption class=\"wp-element-caption\">Front de lib\u00e9ration de l'Azawad<\/figcaption><\/figure>\n\n\n\n<h2 class=\"wp-block-heading has-text-align-center has-superbfont-large-font-size\">POUR UN AZAWAD LIBRE ET IND\u00c9PENDANT !<\/h2>\n\n\n\n<hr class=\"is-style-wide wp-block-separator has-alpha-channel-opacity\"\/>\n\n\n\n<figure class=\"wp-block-image aligncenter size-full\"><img data-recalc-dims=\"1\" loading=\"lazy\" decoding=\"async\" width=\"400\" height=\"400\" src=\"https:\/\/i0.wp.com\/freeazawad.com\/wp-content\/uploads\/2025\/01\/IMG_0345-TRANSP.png?resize=400%2C400&#038;ssl=1\" alt=\"\" class=\"wp-image-731\" srcset=\"https:\/\/i0.wp.com\/freeazawad.com\/wp-content\/uploads\/2025\/01\/IMG_0345-TRANSP.png?w=400&amp;ssl=1 400w, https:\/\/i0.wp.com\/freeazawad.com\/wp-content\/uploads\/2025\/01\/IMG_0345-TRANSP.png?resize=300%2C300&amp;ssl=1 300w, https:\/\/i0.wp.com\/freeazawad.com\/wp-content\/uploads\/2025\/01\/IMG_0345-TRANSP.png?resize=150%2C150&amp;ssl=1 150w\" sizes=\"auto, (max-width: 400px) 100vw, 400px\" \/><\/figure>\n\n\n\n<hr class=\"is-style-wide wp-block-separator has-alpha-channel-opacity\"\/>\n\n\n\n<p class=\"\">Le porte-parole du Front de lib\u00e9ration de l'Azawad s'exprime et plaide pour l'ind\u00e9pendance totale du #Azawad : \"Nous ne voulons de mal \u00e0 aucun peuple dans le monde et \u00e0 aucun \u00eatre humain, nous voulons simplement la paix, la justice, la libert\u00e9 et la dignit\u00e9 comme tous les peuples du monde\".<\/p>\n\n\n\n<hr class=\"is-style-wide wp-block-separator has-alpha-channel-opacity\"\/>\n\n\n\n<p class=\"has-link-color has-superbfont-large-font-size wp-elements-e1206ec527603b89e8b2cc61f2e625e8\">MISE \u00c0 JOUR : R\u00e9sum\u00e9 de la d\u00e9claration du Front de lib\u00e9ration de l'Azawad \u00e0 l'occasion du premier anniversaire de sa cr\u00e9ation :<\/p>\n\n\n\n<figure class=\"wp-block-image size-large is-resized\"><img loading=\"lazy\" decoding=\"async\" width=\"1228\" height=\"1742\" src=\"https:\/\/i0.wp.com\/freeazawad.com\/wp-content\/uploads\/2025\/12\/FLA-1-AN-ANNIV.jpeg?fit=722%2C1024&amp;ssl=1\" alt=\"\" class=\"wp-image-9695\" style=\"width:1008px;height:auto\" srcset=\"https:\/\/i0.wp.com\/freeazawad.com\/wp-content\/uploads\/2025\/12\/FLA-1-AN-ANNIV.jpeg?w=1228&amp;ssl=1 1228w, https:\/\/i0.wp.com\/freeazawad.com\/wp-content\/uploads\/2025\/12\/FLA-1-AN-ANNIV.jpeg?resize=211%2C300&amp;ssl=1 211w, https:\/\/i0.wp.com\/freeazawad.com\/wp-content\/uploads\/2025\/12\/FLA-1-AN-ANNIV.jpeg?resize=722%2C1024&amp;ssl=1 722w, https:\/\/i0.wp.com\/freeazawad.com\/wp-content\/uploads\/2025\/12\/FLA-1-AN-ANNIV.jpeg?resize=768%2C1089&amp;ssl=1 768w, https:\/\/i0.wp.com\/freeazawad.com\/wp-content\/uploads\/2025\/12\/FLA-1-AN-ANNIV.jpeg?resize=1083%2C1536&amp;ssl=1 1083w, https:\/\/i0.wp.com\/freeazawad.com\/wp-content\/uploads\/2025\/12\/FLA-1-AN-ANNIV.jpeg?resize=8%2C12&amp;ssl=1 8w\" sizes=\"auto, (max-width: 1000px) 100vw, 1000px\" \/><\/figure>\n\n\n\n<figure class=\"wp-block-image size-large is-resized\"><img loading=\"lazy\" decoding=\"async\" width=\"1284\" height=\"1829\" src=\"https:\/\/i0.wp.com\/freeazawad.com\/wp-content\/uploads\/2025\/12\/FLA-1-AN-ANNIV-2.jpeg?fit=719%2C1024&amp;ssl=1\" alt=\"\" class=\"wp-image-9696\" style=\"width:992px;height:auto\" srcset=\"https:\/\/i0.wp.com\/freeazawad.com\/wp-content\/uploads\/2025\/12\/FLA-1-AN-ANNIV-2.jpeg?w=1284&amp;ssl=1 1284w, https:\/\/i0.wp.com\/freeazawad.com\/wp-content\/uploads\/2025\/12\/FLA-1-AN-ANNIV-2.jpeg?resize=211%2C300&amp;ssl=1 211w, https:\/\/i0.wp.com\/freeazawad.com\/wp-content\/uploads\/2025\/12\/FLA-1-AN-ANNIV-2.jpeg?resize=719%2C1024&amp;ssl=1 719w, https:\/\/i0.wp.com\/freeazawad.com\/wp-content\/uploads\/2025\/12\/FLA-1-AN-ANNIV-2.jpeg?resize=768%2C1094&amp;ssl=1 768w, https:\/\/i0.wp.com\/freeazawad.com\/wp-content\/uploads\/2025\/12\/FLA-1-AN-ANNIV-2.jpeg?resize=1078%2C1536&amp;ssl=1 1078w, https:\/\/i0.wp.com\/freeazawad.com\/wp-content\/uploads\/2025\/12\/FLA-1-AN-ANNIV-2.jpeg?resize=8%2C12&amp;ssl=1 8w\" sizes=\"auto, (max-width: 1000px) 100vw, 1000px\" \/><\/figure>\n\n\n\n<p class=\"has-link-color wp-elements-daf00edf1fb9e533962c6f1e2d379db6\">30-11-25<\/p>\n\n\n\n<hr class=\"is-style-wide wp-block-separator has-alpha-channel-opacity\"\/>\n\n\n\n<p style=\"font-size:clamp(25.5px, 1.594rem + ((1vw - 3.2px) * 1.989), 43px);\" class=\"\">Front de lib\u00e9ration de l'Azawad : Nous ne sommes pas des terroristes. Nous revendiquons le droit \u00e0 l'autod\u00e9termination du peuple Azawadi ! <\/p>\n\n\n\n<p style=\"font-size:clamp(25.5px, 1.594rem + ((1vw - 3.2px) * 1.989), 43px);\" class=\"\">\"L'ind\u00e9pendance de l'Azawad est la seule solution\".<\/p>\n\n\n\n<hr class=\"is-style-wide wp-block-separator has-alpha-channel-opacity\"\/>\n\n\n\n<div style=\"height:6px\" aria-hidden=\"true\" class=\"wp-block-spacer\"><\/div>\n\n\n\n<p class=\"has-text-align-center has-link-color wp-elements-342eb6994315bae3ae77383b0ac8a22b\" style=\"font-size:clamp(21.027px, 1.314rem + ((1vw - 3.2px) * 1.474), 34px);\"><a href=\"https:\/\/freeazawad.com\/fr\/hommage-aux-grands-hommes-tombes-a-tinzawatene-le-1er-dec-2024\/\" target=\"_blank\" rel=\"noreferrer noopener\">Hommage aux grands hommes tomb\u00e9s \u00e0 Tinzawatene le 1er d\u00e9cembre 2024.<\/a><\/p>\n\n\n\n<div style=\"height:2px\" aria-hidden=\"true\" class=\"wp-block-spacer\"><\/div>\n\n\n\n<hr class=\"is-style-wide wp-block-separator has-alpha-channel-opacity\"\/>\n\n\n\n<figure class=\"wp-block-image aligncenter size-large is-resized\"><img loading=\"lazy\" decoding=\"async\" width=\"1080\" height=\"1081\" src=\"https:\/\/i0.wp.com\/freeazawad.com\/wp-content\/uploads\/2025\/09\/G1pAjQFWQAATomY.jpeg?fit=1024%2C1024&amp;ssl=1\" alt=\"\" class=\"wp-image-8840\" style=\"width:1139px;height:auto\" srcset=\"https:\/\/i0.wp.com\/freeazawad.com\/wp-content\/uploads\/2025\/09\/G1pAjQFWQAATomY.jpeg?w=1080&amp;ssl=1 1080w, https:\/\/i0.wp.com\/freeazawad.com\/wp-content\/uploads\/2025\/09\/G1pAjQFWQAATomY.jpeg?resize=300%2C300&amp;ssl=1 300w, https:\/\/i0.wp.com\/freeazawad.com\/wp-content\/uploads\/2025\/09\/G1pAjQFWQAATomY.jpeg?resize=1024%2C1024&amp;ssl=1 1024w, https:\/\/i0.wp.com\/freeazawad.com\/wp-content\/uploads\/2025\/09\/G1pAjQFWQAATomY.jpeg?resize=150%2C150&amp;ssl=1 150w, https:\/\/i0.wp.com\/freeazawad.com\/wp-content\/uploads\/2025\/09\/G1pAjQFWQAATomY.jpeg?resize=768%2C769&amp;ssl=1 768w, https:\/\/i0.wp.com\/freeazawad.com\/wp-content\/uploads\/2025\/09\/G1pAjQFWQAATomY.jpeg?resize=12%2C12&amp;ssl=1 12w\" sizes=\"auto, (max-width: 1000px) 100vw, 1000px\" \/><\/figure>\n\n\n\n<p class=\"\"><\/p>\n\n\n\n<p class=\"has-text-align-center has-link-color wp-elements-68c6978358efa10d46814b11d391888e\"><a href=\"https:\/\/freeazawad.com\/fr\/\"> PAGE  D\u00b4ACCUEIL<\/a><\/p>\n\n\n\n<p class=\"\"><\/p>","protected":false},"excerpt":{"rendered":"<p>The Azawad Liberation Front &#8211; FLA &#8211; &#8220;aims to lead to the total liberation of Azawad and the establishment of the authority of Azawad&#8221;<\/p>","protected":false},"author":1,"featured_media":0,"parent":0,"menu_order":0,"comment_status":"closed","ping_status":"closed","template":"","meta":{"nf_dc_page":"","_monsterinsights_skip_tracking":false,"_monsterinsights_sitenote_active":false,"_monsterinsights_sitenote_note":"","_monsterinsights_sitenote_category":0,"advanced_seo_description":"","jetpack_seo_html_title":"","jetpack_seo_noindex":false,"footnotes":""},"class_list":["post-967","page","type-page","status-publish","hentry"],"jetpack_sharing_enabled":true,"_links":{"self":[{"href":"https:\/\/freeazawad.com\/fr\/wp-json\/wp\/v2\/pages\/967","targetHints":{"allow":["GET"]}}],"collection":[{"href":"https:\/\/freeazawad.com\/fr\/wp-json\/wp\/v2\/pages"}],"about":[{"href":"https:\/\/freeazawad.com\/fr\/wp-json\/wp\/v2\/types\/page"}],"author":[{"embeddable":true,"href":"https:\/\/freeazawad.com\/fr\/wp-json\/wp\/v2\/users\/1"}],"replies":[{"embeddable":true,"href":"https:\/\/freeazawad.com\/fr\/wp-json\/wp\/v2\/comments?post=967"}],"version-history":[{"count":20,"href":"https:\/\/freeazawad.com\/fr\/wp-json\/wp\/v2\/pages\/967\/revisions"}],"predecessor-version":[{"id":9938,"href":"https:\/\/freeazawad.com\/fr\/wp-json\/wp\/v2\/pages\/967\/revisions\/9938"}],"wp:attachment":[{"href":"https:\/\/freeazawad.com\/fr\/wp-json\/wp\/v2\/media?parent=967"}],"curies":[{"name":"wp","href":"https:\/\/api.w.org\/{rel}","templated":true}]}}